{"id":6773,"date":"2025-08-30T07:10:16","date_gmt":"2025-08-30T05:10:16","guid":{"rendered":"https:\/\/kusmitea.re\/?post_type=product&#038;p=6773"},"modified":"2025-12-30T05:57:30","modified_gmt":"2025-12-30T04:57:30","slug":"coffret-fouet-a-matcha-en-bambou-et-spatule","status":"publish","type":"product","link":"https:\/\/kusmitea.re\/index.php\/product\/coffret-fouet-a-matcha-en-bambou-et-spatule\/","title":{"rendered":"Coffret \u2013 Fouet \u00e0 matcha en bambou et spatule"},"content":{"rendered":"<div id=\"description-tab\" class=\"col-sm-6 col-xs-12\" data-bind=\"visibile: gshpProductCardManager.effectiveIntroduction() || gshpProductCardManager.effectiveDescription() || gshpProductCardManager.effectiveBody()\">\n<div class=\"description\" data-bind=\"visible: gshpProductCardManager.effectiveDescription() || gshpProductCardManager.effectiveBody()\">\n<div class=\"directHtml\" data-bind=\"visible: gshpProductCardManager.effectiveBody, html: gshpProductCardManager.effectiveBody, class: 'directHtml'\">\n<p>Ce coffret d\u2019accessoires \u00e0 matcha contient deux accessoires essentiels pour la pr\u00e9paration de votre matcha :<\/p>\n<ul>\n<li><b>\u2022\u00a0<\/b>Un fouet en bambou, aussi appel\u00e9 \u201cchasen\u201d, qui vous permettra d\u2019obtenir un matcha \u00e0 la texture soyeuse et onctueuse sans grumeaux<\/li>\n<li><b>\u2022\u00a0<\/b>Une spatule en bambou, qui vous permettra de pr\u00e9lever la quantit\u00e9 exacte de matcha<\/li>\n<\/ul>\n<p>Pour une pr\u00e9paration compl\u00e8te de votre matcha, n\u2019h\u00e9sitez pas \u00e0 jeter un coup d&rsquo;\u0153il \u00e0 notre autre coffret d\u2019accessoires \u00e0 matcha constitu\u00e9 d\u2019un bol et d\u2019un repose fouet qui existe en deux coloris.<\/p>\n<\/div>\n<\/div>\n<\/div>\n<div id=\"leftInset-tab\" class=\"col-sm-6 col-xs-12\">\n<h4>Composition<\/h4>\n<div class=\"gshpLeftInset\">\n<div class=\"gshpProductLeftInset\">\n<div class=\"directHtml\">\n<ul>\n<li>Mat\u00e9riau : bambou<\/li>\n<li>Conditions : ne pas mettre au micro-ondes ni au lave-vaisselle<\/li>\n<\/ul>\n<\/div>\n<\/div>\n<\/div>\n<\/div>\n","protected":false},"excerpt":{"rendered":"<p>Ce coffret d\u2019accessoires \u00e0 matcha contient deux accessoires essentiels pour la pr\u00e9paration de votre matcha<\/p>\n","protected":false},"featured_media":6794,"comment_status":"open","ping_status":"closed","template":"","meta":[],"product_cat":[350],"product_tag":[328],"class_list":{"0":"post-6773","1":"product","2":"type-product","3":"status-publish","4":"has-post-thumbnail","6":"product_cat-accessoires","7":"product_tag-new","9":"first","10":"instock","11":"shipping-taxable","12":"purchasable","13":"product-type-simple"},"yoast_head":"<!-- This site is optimized with the Yoast SEO plugin v26.6 - https:\/\/yoast.com\/wordpress\/plugins\/seo\/ -->\n<title>Coffret \u2013 Fouet \u00e0 matcha en bambou et spatule - Kusmi Tea R\u00e9union<\/title>\n<meta name=\"robots\" content=\"index, follow, max-snippet:-1, max-image-preview:large, max-video-preview:-1\" \/>\n<link rel=\"canonical\" href=\"https:\/\/kusmitea.re\/index.php\/product\/coffret-fouet-a-matcha-en-bambou-et-spatule\/\" \/>\n<meta property=\"og:locale\" content=\"fr_FR\" \/>\n<meta property=\"og:type\" content=\"article\" \/>\n<meta property=\"og:title\" content=\"Coffret \u2013 Fouet \u00e0 matcha en bambou et spatule - Kusmi Tea R\u00e9union\" \/>\n<meta property=\"og:description\" content=\"Ce coffret d\u2019accessoires \u00e0 matcha contient deux accessoires essentiels pour la pr\u00e9paration de votre matcha\" \/>\n<meta property=\"og:url\" content=\"https:\/\/kusmitea.re\/index.php\/product\/coffret-fouet-a-matcha-en-bambou-et-spatule\/\" \/>\n<meta property=\"og:site_name\" content=\"Kusmi Tea R\u00e9union\" \/>\n<meta property=\"article:publisher\" content=\"https:\/\/www.facebook.com\/p\/Kusmi-Tea-Runion-61571670075100\/\" \/>\n<meta property=\"article:modified_time\" content=\"2025-12-30T04:57:30+00:00\" \/>\n<meta property=\"og:image\" content=\"https:\/\/kusmitea.re\/wp-content\/uploads\/2025\/08\/MATCHAFOUETTOTEM-1.jpg\" \/>\n\t<meta property=\"og:image:width\" content=\"800\" \/>\n\t<meta property=\"og:image:height\" content=\"800\" \/>\n\t<meta property=\"og:image:type\" content=\"image\/jpeg\" \/>\n<meta name=\"twitter:card\" content=\"summary_large_image\" \/>\n<meta name=\"twitter:label1\" content=\"Dur\u00e9e de lecture estim\u00e9e\" \/>\n\t<meta name=\"twitter:data1\" content=\"1 minute\" \/>\n<script type=\"application\/ld+json\" class=\"yoast-schema-graph\">{\"@context\":\"https:\/\/schema.org\",\"@graph\":[{\"@type\":\"WebPage\",\"@id\":\"https:\/\/kusmitea.re\/index.php\/product\/coffret-fouet-a-matcha-en-bambou-et-spatule\/\",\"url\":\"https:\/\/kusmitea.re\/index.php\/product\/coffret-fouet-a-matcha-en-bambou-et-spatule\/\",\"name\":\"Coffret \u2013 Fouet \u00e0 matcha en bambou et spatule - Kusmi Tea R\u00e9union\",\"isPartOf\":{\"@id\":\"https:\/\/kusmitea.re\/#website\"},\"primaryImageOfPage\":{\"@id\":\"https:\/\/kusmitea.re\/index.php\/product\/coffret-fouet-a-matcha-en-bambou-et-spatule\/#primaryimage\"},\"image\":{\"@id\":\"https:\/\/kusmitea.re\/index.php\/product\/coffret-fouet-a-matcha-en-bambou-et-spatule\/#primaryimage\"},\"thumbnailUrl\":\"https:\/\/kusmitea.re\/wp-content\/uploads\/2025\/08\/MATCHAFOUETTOTEM-1.jpg\",\"datePublished\":\"2025-08-30T05:10:16+00:00\",\"dateModified\":\"2025-12-30T04:57:30+00:00\",\"breadcrumb\":{\"@id\":\"https:\/\/kusmitea.re\/index.php\/product\/coffret-fouet-a-matcha-en-bambou-et-spatule\/#breadcrumb\"},\"inLanguage\":\"fr-FR\",\"potentialAction\":[{\"@type\":\"ReadAction\",\"target\":[\"https:\/\/kusmitea.re\/index.php\/product\/coffret-fouet-a-matcha-en-bambou-et-spatule\/\"]}]},{\"@type\":\"ImageObject\",\"inLanguage\":\"fr-FR\",\"@id\":\"https:\/\/kusmitea.re\/index.php\/product\/coffret-fouet-a-matcha-en-bambou-et-spatule\/#primaryimage\",\"url\":\"https:\/\/kusmitea.re\/wp-content\/uploads\/2025\/08\/MATCHAFOUETTOTEM-1.jpg\",\"contentUrl\":\"https:\/\/kusmitea.re\/wp-content\/uploads\/2025\/08\/MATCHAFOUETTOTEM-1.jpg\",\"width\":800,\"height\":800},{\"@type\":\"BreadcrumbList\",\"@id\":\"https:\/\/kusmitea.re\/index.php\/product\/coffret-fouet-a-matcha-en-bambou-et-spatule\/#breadcrumb\",\"itemListElement\":[{\"@type\":\"ListItem\",\"position\":1,\"name\":\"Accueil\",\"item\":\"https:\/\/kusmitea.re\/\"},{\"@type\":\"ListItem\",\"position\":2,\"name\":\"Boutique\",\"item\":\"https:\/\/kusmitea.re\/index.php\/shop\/\"},{\"@type\":\"ListItem\",\"position\":3,\"name\":\"Coffret \u2013 Fouet \u00e0 matcha en bambou et spatule\"}]},{\"@type\":\"WebSite\",\"@id\":\"https:\/\/kusmitea.re\/#website\",\"url\":\"https:\/\/kusmitea.re\/\",\"name\":\"Kusmi Tea R\u00e9union\",\"description\":\"\",\"publisher\":{\"@id\":\"https:\/\/kusmitea.re\/#organization\"},\"potentialAction\":[{\"@type\":\"SearchAction\",\"target\":{\"@type\":\"EntryPoint\",\"urlTemplate\":\"https:\/\/kusmitea.re\/?s={search_term_string}\"},\"query-input\":{\"@type\":\"PropertyValueSpecification\",\"valueRequired\":true,\"valueName\":\"search_term_string\"}}],\"inLanguage\":\"fr-FR\"},{\"@type\":\"Organization\",\"@id\":\"https:\/\/kusmitea.re\/#organization\",\"name\":\"Kusmi Tea R\u00e9union\",\"url\":\"https:\/\/kusmitea.re\/\",\"logo\":{\"@type\":\"ImageObject\",\"inLanguage\":\"fr-FR\",\"@id\":\"https:\/\/kusmitea.re\/#\/schema\/logo\/image\/\",\"url\":\"https:\/\/kusmitea.re\/wp-content\/uploads\/2023\/05\/cropped-logo.webp\",\"contentUrl\":\"https:\/\/kusmitea.re\/wp-content\/uploads\/2023\/05\/cropped-logo.webp\",\"width\":469,\"height\":141,\"caption\":\"Kusmi Tea R\u00e9union\"},\"image\":{\"@id\":\"https:\/\/kusmitea.re\/#\/schema\/logo\/image\/\"},\"sameAs\":[\"https:\/\/www.facebook.com\/p\/Kusmi-Tea-Runion-61571670075100\/\",\"https:\/\/www.instagram.com\/kusmiteare\/\"]}]}<\/script>\n<!-- \/ Yoast SEO plugin. -->","yoast_head_json":{"title":"Coffret \u2013 Fouet \u00e0 matcha en bambou et spatule - Kusmi Tea R\u00e9union","robots":{"index":"index","follow":"follow","max-snippet":"max-snippet:-1","max-image-preview":"max-image-preview:large","max-video-preview":"max-video-preview:-1"},"canonical":"https:\/\/kusmitea.re\/index.php\/product\/coffret-fouet-a-matcha-en-bambou-et-spatule\/","og_locale":"fr_FR","og_type":"article","og_title":"Coffret \u2013 Fouet \u00e0 matcha en bambou et spatule - Kusmi Tea R\u00e9union","og_description":"Ce coffret d\u2019accessoires \u00e0 matcha contient deux accessoires essentiels pour la pr\u00e9paration de votre matcha","og_url":"https:\/\/kusmitea.re\/index.php\/product\/coffret-fouet-a-matcha-en-bambou-et-spatule\/","og_site_name":"Kusmi Tea R\u00e9union","article_publisher":"https:\/\/www.facebook.com\/p\/Kusmi-Tea-Runion-61571670075100\/","article_modified_time":"2025-12-30T04:57:30+00:00","og_image":[{"width":800,"height":800,"url":"https:\/\/kusmitea.re\/wp-content\/uploads\/2025\/08\/MATCHAFOUETTOTEM-1.jpg","type":"image\/jpeg"}],"twitter_card":"summary_large_image","twitter_misc":{"Dur\u00e9e de lecture estim\u00e9e":"1 minute"},"schema":{"@context":"https:\/\/schema.org","@graph":[{"@type":"WebPage","@id":"https:\/\/kusmitea.re\/index.php\/product\/coffret-fouet-a-matcha-en-bambou-et-spatule\/","url":"https:\/\/kusmitea.re\/index.php\/product\/coffret-fouet-a-matcha-en-bambou-et-spatule\/","name":"Coffret \u2013 Fouet \u00e0 matcha en bambou et spatule - Kusmi Tea R\u00e9union","isPartOf":{"@id":"https:\/\/kusmitea.re\/#website"},"primaryImageOfPage":{"@id":"https:\/\/kusmitea.re\/index.php\/product\/coffret-fouet-a-matcha-en-bambou-et-spatule\/#primaryimage"},"image":{"@id":"https:\/\/kusmitea.re\/index.php\/product\/coffret-fouet-a-matcha-en-bambou-et-spatule\/#primaryimage"},"thumbnailUrl":"https:\/\/kusmitea.re\/wp-content\/uploads\/2025\/08\/MATCHAFOUETTOTEM-1.jpg","datePublished":"2025-08-30T05:10:16+00:00","dateModified":"2025-12-30T04:57:30+00:00","breadcrumb":{"@id":"https:\/\/kusmitea.re\/index.php\/product\/coffret-fouet-a-matcha-en-bambou-et-spatule\/#breadcrumb"},"inLanguage":"fr-FR","potentialAction":[{"@type":"ReadAction","target":["https:\/\/kusmitea.re\/index.php\/product\/coffret-fouet-a-matcha-en-bambou-et-spatule\/"]}]},{"@type":"ImageObject","inLanguage":"fr-FR","@id":"https:\/\/kusmitea.re\/index.php\/product\/coffret-fouet-a-matcha-en-bambou-et-spatule\/#primaryimage","url":"https:\/\/kusmitea.re\/wp-content\/uploads\/2025\/08\/MATCHAFOUETTOTEM-1.jpg","contentUrl":"https:\/\/kusmitea.re\/wp-content\/uploads\/2025\/08\/MATCHAFOUETTOTEM-1.jpg","width":800,"height":800},{"@type":"BreadcrumbList","@id":"https:\/\/kusmitea.re\/index.php\/product\/coffret-fouet-a-matcha-en-bambou-et-spatule\/#breadcrumb","itemListElement":[{"@type":"ListItem","position":1,"name":"Accueil","item":"https:\/\/kusmitea.re\/"},{"@type":"ListItem","position":2,"name":"Boutique","item":"https:\/\/kusmitea.re\/index.php\/shop\/"},{"@type":"ListItem","position":3,"name":"Coffret \u2013 Fouet \u00e0 matcha en bambou et spatule"}]},{"@type":"WebSite","@id":"https:\/\/kusmitea.re\/#website","url":"https:\/\/kusmitea.re\/","name":"Kusmi Tea R\u00e9union","description":"","publisher":{"@id":"https:\/\/kusmitea.re\/#organization"},"potentialAction":[{"@type":"SearchAction","target":{"@type":"EntryPoint","urlTemplate":"https:\/\/kusmitea.re\/?s={search_term_string}"},"query-input":{"@type":"PropertyValueSpecification","valueRequired":true,"valueName":"search_term_string"}}],"inLanguage":"fr-FR"},{"@type":"Organization","@id":"https:\/\/kusmitea.re\/#organization","name":"Kusmi Tea R\u00e9union","url":"https:\/\/kusmitea.re\/","logo":{"@type":"ImageObject","inLanguage":"fr-FR","@id":"https:\/\/kusmitea.re\/#\/schema\/logo\/image\/","url":"https:\/\/kusmitea.re\/wp-content\/uploads\/2023\/05\/cropped-logo.webp","contentUrl":"https:\/\/kusmitea.re\/wp-content\/uploads\/2023\/05\/cropped-logo.webp","width":469,"height":141,"caption":"Kusmi Tea R\u00e9union"},"image":{"@id":"https:\/\/kusmitea.re\/#\/schema\/logo\/image\/"},"sameAs":["https:\/\/www.facebook.com\/p\/Kusmi-Tea-Runion-61571670075100\/","https:\/\/www.instagram.com\/kusmiteare\/"]}]}},"jetpack_sharing_enabled":true,"_links":{"self":[{"href":"https:\/\/kusmitea.re\/index.php\/wp-json\/wp\/v2\/product\/6773","targetHints":{"allow":["GET"]}}],"collection":[{"href":"https:\/\/kusmitea.re\/index.php\/wp-json\/wp\/v2\/product"}],"about":[{"href":"https:\/\/kusmitea.re\/index.php\/wp-json\/wp\/v2\/types\/product"}],"replies":[{"embeddable":true,"href":"https:\/\/kusmitea.re\/index.php\/wp-json\/wp\/v2\/comments?post=6773"}],"version-history":[{"count":1,"href":"https:\/\/kusmitea.re\/index.php\/wp-json\/wp\/v2\/product\/6773\/revisions"}],"predecessor-version":[{"id":12105,"href":"https:\/\/kusmitea.re\/index.php\/wp-json\/wp\/v2\/product\/6773\/revisions\/12105"}],"wp:featuredmedia":[{"embeddable":true,"href":"https:\/\/kusmitea.re\/index.php\/wp-json\/wp\/v2\/media\/6794"}],"wp:attachment":[{"href":"https:\/\/kusmitea.re\/index.php\/wp-json\/wp\/v2\/media?parent=6773"}],"wp:term":[{"taxonomy":"product_cat","embeddable":true,"href":"https:\/\/kusmitea.re\/index.php\/wp-json\/wp\/v2\/product_cat?post=6773"},{"taxonomy":"product_tag","embeddable":true,"href":"https:\/\/kusmitea.re\/index.php\/wp-json\/wp\/v2\/product_tag?post=6773"}],"curies":[{"name":"wp","href":"https:\/\/api.w.org\/{rel}","templated":true}]}}