{"id":6761,"date":"2025-08-30T07:09:55","date_gmt":"2025-08-30T05:09:55","guid":{"rendered":"https:\/\/kusmitea.re\/?post_type=product&#038;p=6761"},"modified":"2025-10-06T04:20:30","modified_gmt":"2025-10-06T02:20:30","slug":"tisane-bio-gourmande-pomme-cannelle-detente-a-la-reunion-kusmi-tea","status":"publish","type":"product","link":"https:\/\/kusmitea.re\/index.php\/product\/tisane-bio-gourmande-pomme-cannelle-detente-a-la-reunion-kusmi-tea\/","title":{"rendered":"Tisane Bio Gourmande Pomme &#038; Cannelle \u2013 D\u00e9tente \u00e0 La R\u00e9union | Kusmi Tea"},"content":{"rendered":"<h2 style=\"font-weight: 300;\">M\u00e9lange de pomme et de cannelle<\/h2>\n<p>Une infusion de rooibos m\u00ealant le go\u00fbt acidul\u00e9 de la pomme aux notes \u00e9pic\u00e9es de la cannelle, pour un tisane-time des plus gourmands.<\/p>\n<p>Tisane ou dessert\u00a0? Plus besoin de choisir, avec cette d\u00e9licieuse infusion bio Pomme-Cannelle, propos\u00e9e sur une douce base de rooibos, et donc naturellement d\u00e9pourvue de th\u00e9ine. Une fois dans votre tasse, sa liqueur orange cuivr\u00e9 \u00e0 la texture poudr\u00e9e vous r\u00e9serve bien des \u00e9merveillements gustatifs. De premi\u00e8res notes acidul\u00e9es d\u2019abord, gr\u00e2ce \u00e0 la pomme, que l\u2019on distingue de plus en plus nettement au fil de la d\u00e9gustation. Puis la cannelle se d\u00e9voile lentement, accompagn\u00e9e de ses accents gourmands, ronds et \u00e9pic\u00e9s. En fin de bouche, vous accueillez le go\u00fbt l\u00e9g\u00e8rement grill\u00e9 de la chicor\u00e9e, venue renforcer la saveur de la liqueur et lui donner comme un air de pomme caram\u00e9lis\u00e9e.<\/p>\n<p>Si gourmande, un brin malicieuse, un tantinet festive\u2026 L\u2019infusion bio Pomme-Cannelle de Kusmi offre comme un clin d\u2019\u0153il \u00e0 l\u2019enfance, \u00e0 d\u00e9guster comme un go\u00fbter au coin du feu.<\/p>\n<p>Infusion bio disponible en vrac parce que c\u2019est bon pour la plan\u00e8te.<\/p>\n<h2>L&rsquo;info qu&rsquo;il vous faut<\/h2>\n<p>Le cannelier est un arbre \u00e0 feuillage persistant qui requiert beaucoup de soleil. Ses racines et ses feuilles sont comestibles, mais c\u2019est son \u00e9corce qui est la plus recherch\u00e9e\u00a0: on la pr\u00e9l\u00e8ve sur ses branches ou ses jeunes pousses \u00e0 la saison des pluies, pour ensuite en \u00f4ter la couche sup\u00e9rieure avant de la faire s\u00e9cher. Ce faisant, l\u2019\u00e9corce s\u2019enroule naturellement sur elle-m\u00eame pour former de petits tubes, les b\u00e2tonnets de cannelle.<\/p>\n<h2>Ingr\u00e9dients<\/h2>\n<p>Pomme* (42%), cannelle* (28%), rooibos*, chicor\u00e9e*, cynorhodon* *Produits issus de l\u2019agriculture biologique<\/p>\n<p><b>Temps d&rsquo;infusion : <\/b><b>7-10 min<\/b><\/p>\n<p><b>Temp\u00e9rature d&rsquo;infusion: <\/b><b>100 \u00b0C<\/b><\/p>\n","protected":false},"excerpt":{"rendered":"<p>M\u00e9lange de pomme et de cannelle Une infusion de rooibos m\u00ealant le go\u00fbt acidul\u00e9 de la pomme aux notes \u00e9pic\u00e9es de la cannelle, pour un tisane-time des plus gourmands. Tisane ou dessert\u00a0? Plus besoin de choisir, avec cette d\u00e9licieuse infusion bio Pomme-Cannelle, propos\u00e9e sur une douce base de rooibos, et donc naturellement d\u00e9pourvue de th\u00e9ine. [&hellip;]<\/p>\n","protected":false},"featured_media":6791,"comment_status":"open","ping_status":"closed","template":"","meta":[],"product_cat":[297,323,327],"product_tag":[61,69,329,328],"class_list":{"0":"post-6761","1":"product","2":"type-product","3":"status-publish","4":"has-post-thumbnail","6":"product_cat-fruitees","7":"product_cat-herboristerie","8":"product_cat-offre-du-moment","9":"product_tag-eau-de-fruits-tisane","10":"product_tag-florale","11":"product_tag-herboriste","12":"product_tag-new","14":"first","15":"outofstock","16":"shipping-taxable","17":"purchasable","18":"product-type-simple"},"yoast_head":"<!-- This site is optimized with the Yoast SEO plugin v26.6 - https:\/\/yoast.com\/wordpress\/plugins\/seo\/ -->\n<title>Infusion Bio Pomme-Cannelle \u2013 Tisane Gourmande Sans Th\u00e9ine | Kusmi Tea R\u00e9union<\/title>\n<meta name=\"description\" content=\"Savourez notre infusion bio alliant pomme acidul\u00e9e et cannelle \u00e9pic\u00e9e sur une base de rooibos. Une tisane gourmande et relaxante, id\u00e9ale pour vos moments de d\u00e9tente \u00e0 La R\u00e9union.\" \/>\n<meta name=\"robots\" content=\"index, follow, max-snippet:-1, max-image-preview:large, max-video-preview:-1\" \/>\n<link rel=\"canonical\" href=\"https:\/\/kusmitea.re\/index.php\/product\/tisane-bio-gourmande-pomme-cannelle-detente-a-la-reunion-kusmi-tea\/\" \/>\n<meta property=\"og:locale\" content=\"fr_FR\" \/>\n<meta property=\"og:type\" content=\"article\" \/>\n<meta property=\"og:title\" content=\"Infusion Bio Pomme-Cannelle \u2013 Tisane Gourmande Sans Th\u00e9ine | Kusmi Tea R\u00e9union\" \/>\n<meta property=\"og:description\" content=\"Savourez notre infusion bio alliant pomme acidul\u00e9e et cannelle \u00e9pic\u00e9e sur une base de rooibos. Une tisane gourmande et relaxante, id\u00e9ale pour vos moments de d\u00e9tente \u00e0 La R\u00e9union.\" \/>\n<meta property=\"og:url\" content=\"https:\/\/kusmitea.re\/index.php\/product\/tisane-bio-gourmande-pomme-cannelle-detente-a-la-reunion-kusmi-tea\/\" \/>\n<meta property=\"og:site_name\" content=\"Kusmi Tea R\u00e9union\" \/>\n<meta property=\"article:publisher\" content=\"https:\/\/www.facebook.com\/p\/Kusmi-Tea-Runion-61571670075100\/\" \/>\n<meta property=\"article:modified_time\" content=\"2025-10-06T02:20:30+00:00\" \/>\n<meta property=\"og:image\" content=\"https:\/\/kusmitea.re\/wp-content\/uploads\/2025\/08\/INPC20SBIO-Pomme-Cannelle.jpg\" \/>\n\t<meta property=\"og:image:width\" content=\"800\" \/>\n\t<meta property=\"og:image:height\" content=\"800\" \/>\n\t<meta property=\"og:image:type\" content=\"image\/jpeg\" \/>\n<meta name=\"twitter:card\" content=\"summary_large_image\" \/>\n<meta name=\"twitter:label1\" content=\"Dur\u00e9e de lecture estim\u00e9e\" \/>\n\t<meta name=\"twitter:data1\" content=\"4 minutes\" \/>\n<script type=\"application\/ld+json\" class=\"yoast-schema-graph\">{\"@context\":\"https:\/\/schema.org\",\"@graph\":[{\"@type\":\"WebPage\",\"@id\":\"https:\/\/kusmitea.re\/index.php\/product\/tisane-bio-gourmande-pomme-cannelle-detente-a-la-reunion-kusmi-tea\/\",\"url\":\"https:\/\/kusmitea.re\/index.php\/product\/tisane-bio-gourmande-pomme-cannelle-detente-a-la-reunion-kusmi-tea\/\",\"name\":\"Infusion Bio Pomme-Cannelle \u2013 Tisane Gourmande Sans Th\u00e9ine | Kusmi Tea R\u00e9union\",\"isPartOf\":{\"@id\":\"https:\/\/kusmitea.re\/#website\"},\"primaryImageOfPage\":{\"@id\":\"https:\/\/kusmitea.re\/index.php\/product\/tisane-bio-gourmande-pomme-cannelle-detente-a-la-reunion-kusmi-tea\/#primaryimage\"},\"image\":{\"@id\":\"https:\/\/kusmitea.re\/index.php\/product\/tisane-bio-gourmande-pomme-cannelle-detente-a-la-reunion-kusmi-tea\/#primaryimage\"},\"thumbnailUrl\":\"https:\/\/kusmitea.re\/wp-content\/uploads\/2025\/08\/INPC20SBIO-Pomme-Cannelle.jpg\",\"datePublished\":\"2025-08-30T05:09:55+00:00\",\"dateModified\":\"2025-10-06T02:20:30+00:00\",\"description\":\"Savourez notre infusion bio alliant pomme acidul\u00e9e et cannelle \u00e9pic\u00e9e sur une base de rooibos. Une tisane gourmande et relaxante, id\u00e9ale pour vos moments de d\u00e9tente \u00e0 La R\u00e9union.\",\"breadcrumb\":{\"@id\":\"https:\/\/kusmitea.re\/index.php\/product\/tisane-bio-gourmande-pomme-cannelle-detente-a-la-reunion-kusmi-tea\/#breadcrumb\"},\"inLanguage\":\"fr-FR\",\"potentialAction\":[{\"@type\":\"ReadAction\",\"target\":[\"https:\/\/kusmitea.re\/index.php\/product\/tisane-bio-gourmande-pomme-cannelle-detente-a-la-reunion-kusmi-tea\/\"]}]},{\"@type\":\"ImageObject\",\"inLanguage\":\"fr-FR\",\"@id\":\"https:\/\/kusmitea.re\/index.php\/product\/tisane-bio-gourmande-pomme-cannelle-detente-a-la-reunion-kusmi-tea\/#primaryimage\",\"url\":\"https:\/\/kusmitea.re\/wp-content\/uploads\/2025\/08\/INPC20SBIO-Pomme-Cannelle.jpg\",\"contentUrl\":\"https:\/\/kusmitea.re\/wp-content\/uploads\/2025\/08\/INPC20SBIO-Pomme-Cannelle.jpg\",\"width\":800,\"height\":800},{\"@type\":\"BreadcrumbList\",\"@id\":\"https:\/\/kusmitea.re\/index.php\/product\/tisane-bio-gourmande-pomme-cannelle-detente-a-la-reunion-kusmi-tea\/#breadcrumb\",\"itemListElement\":[{\"@type\":\"ListItem\",\"position\":1,\"name\":\"Accueil\",\"item\":\"https:\/\/kusmitea.re\/\"},{\"@type\":\"ListItem\",\"position\":2,\"name\":\"Boutique\",\"item\":\"https:\/\/kusmitea.re\/index.php\/shop\/\"},{\"@type\":\"ListItem\",\"position\":3,\"name\":\"Tisane Bio Gourmande Pomme &#038; Cannelle \u2013 D\u00e9tente \u00e0 La R\u00e9union | Kusmi Tea\"}]},{\"@type\":\"WebSite\",\"@id\":\"https:\/\/kusmitea.re\/#website\",\"url\":\"https:\/\/kusmitea.re\/\",\"name\":\"Kusmi Tea R\u00e9union\",\"description\":\"\",\"publisher\":{\"@id\":\"https:\/\/kusmitea.re\/#organization\"},\"potentialAction\":[{\"@type\":\"SearchAction\",\"target\":{\"@type\":\"EntryPoint\",\"urlTemplate\":\"https:\/\/kusmitea.re\/?s={search_term_string}\"},\"query-input\":{\"@type\":\"PropertyValueSpecification\",\"valueRequired\":true,\"valueName\":\"search_term_string\"}}],\"inLanguage\":\"fr-FR\"},{\"@type\":\"Organization\",\"@id\":\"https:\/\/kusmitea.re\/#organization\",\"name\":\"Kusmi Tea R\u00e9union\",\"url\":\"https:\/\/kusmitea.re\/\",\"logo\":{\"@type\":\"ImageObject\",\"inLanguage\":\"fr-FR\",\"@id\":\"https:\/\/kusmitea.re\/#\/schema\/logo\/image\/\",\"url\":\"https:\/\/kusmitea.re\/wp-content\/uploads\/2023\/05\/cropped-logo.webp\",\"contentUrl\":\"https:\/\/kusmitea.re\/wp-content\/uploads\/2023\/05\/cropped-logo.webp\",\"width\":469,\"height\":141,\"caption\":\"Kusmi Tea R\u00e9union\"},\"image\":{\"@id\":\"https:\/\/kusmitea.re\/#\/schema\/logo\/image\/\"},\"sameAs\":[\"https:\/\/www.facebook.com\/p\/Kusmi-Tea-Runion-61571670075100\/\",\"https:\/\/www.instagram.com\/kusmiteare\/\"]}]}<\/script>\n<!-- \/ Yoast SEO plugin. -->","yoast_head_json":{"title":"Infusion Bio Pomme-Cannelle \u2013 Tisane Gourmande Sans Th\u00e9ine | Kusmi Tea R\u00e9union","description":"Savourez notre infusion bio alliant pomme acidul\u00e9e et cannelle \u00e9pic\u00e9e sur une base de rooibos. Une tisane gourmande et relaxante, id\u00e9ale pour vos moments de d\u00e9tente \u00e0 La R\u00e9union.","robots":{"index":"index","follow":"follow","max-snippet":"max-snippet:-1","max-image-preview":"max-image-preview:large","max-video-preview":"max-video-preview:-1"},"canonical":"https:\/\/kusmitea.re\/index.php\/product\/tisane-bio-gourmande-pomme-cannelle-detente-a-la-reunion-kusmi-tea\/","og_locale":"fr_FR","og_type":"article","og_title":"Infusion Bio Pomme-Cannelle \u2013 Tisane Gourmande Sans Th\u00e9ine | Kusmi Tea R\u00e9union","og_description":"Savourez notre infusion bio alliant pomme acidul\u00e9e et cannelle \u00e9pic\u00e9e sur une base de rooibos. Une tisane gourmande et relaxante, id\u00e9ale pour vos moments de d\u00e9tente \u00e0 La R\u00e9union.","og_url":"https:\/\/kusmitea.re\/index.php\/product\/tisane-bio-gourmande-pomme-cannelle-detente-a-la-reunion-kusmi-tea\/","og_site_name":"Kusmi Tea R\u00e9union","article_publisher":"https:\/\/www.facebook.com\/p\/Kusmi-Tea-Runion-61571670075100\/","article_modified_time":"2025-10-06T02:20:30+00:00","og_image":[{"width":800,"height":800,"url":"https:\/\/kusmitea.re\/wp-content\/uploads\/2025\/08\/INPC20SBIO-Pomme-Cannelle.jpg","type":"image\/jpeg"}],"twitter_card":"summary_large_image","twitter_misc":{"Dur\u00e9e de lecture estim\u00e9e":"4 minutes"},"schema":{"@context":"https:\/\/schema.org","@graph":[{"@type":"WebPage","@id":"https:\/\/kusmitea.re\/index.php\/product\/tisane-bio-gourmande-pomme-cannelle-detente-a-la-reunion-kusmi-tea\/","url":"https:\/\/kusmitea.re\/index.php\/product\/tisane-bio-gourmande-pomme-cannelle-detente-a-la-reunion-kusmi-tea\/","name":"Infusion Bio Pomme-Cannelle \u2013 Tisane Gourmande Sans Th\u00e9ine | Kusmi Tea R\u00e9union","isPartOf":{"@id":"https:\/\/kusmitea.re\/#website"},"primaryImageOfPage":{"@id":"https:\/\/kusmitea.re\/index.php\/product\/tisane-bio-gourmande-pomme-cannelle-detente-a-la-reunion-kusmi-tea\/#primaryimage"},"image":{"@id":"https:\/\/kusmitea.re\/index.php\/product\/tisane-bio-gourmande-pomme-cannelle-detente-a-la-reunion-kusmi-tea\/#primaryimage"},"thumbnailUrl":"https:\/\/kusmitea.re\/wp-content\/uploads\/2025\/08\/INPC20SBIO-Pomme-Cannelle.jpg","datePublished":"2025-08-30T05:09:55+00:00","dateModified":"2025-10-06T02:20:30+00:00","description":"Savourez notre infusion bio alliant pomme acidul\u00e9e et cannelle \u00e9pic\u00e9e sur une base de rooibos. Une tisane gourmande et relaxante, id\u00e9ale pour vos moments de d\u00e9tente \u00e0 La R\u00e9union.","breadcrumb":{"@id":"https:\/\/kusmitea.re\/index.php\/product\/tisane-bio-gourmande-pomme-cannelle-detente-a-la-reunion-kusmi-tea\/#breadcrumb"},"inLanguage":"fr-FR","potentialAction":[{"@type":"ReadAction","target":["https:\/\/kusmitea.re\/index.php\/product\/tisane-bio-gourmande-pomme-cannelle-detente-a-la-reunion-kusmi-tea\/"]}]},{"@type":"ImageObject","inLanguage":"fr-FR","@id":"https:\/\/kusmitea.re\/index.php\/product\/tisane-bio-gourmande-pomme-cannelle-detente-a-la-reunion-kusmi-tea\/#primaryimage","url":"https:\/\/kusmitea.re\/wp-content\/uploads\/2025\/08\/INPC20SBIO-Pomme-Cannelle.jpg","contentUrl":"https:\/\/kusmitea.re\/wp-content\/uploads\/2025\/08\/INPC20SBIO-Pomme-Cannelle.jpg","width":800,"height":800},{"@type":"BreadcrumbList","@id":"https:\/\/kusmitea.re\/index.php\/product\/tisane-bio-gourmande-pomme-cannelle-detente-a-la-reunion-kusmi-tea\/#breadcrumb","itemListElement":[{"@type":"ListItem","position":1,"name":"Accueil","item":"https:\/\/kusmitea.re\/"},{"@type":"ListItem","position":2,"name":"Boutique","item":"https:\/\/kusmitea.re\/index.php\/shop\/"},{"@type":"ListItem","position":3,"name":"Tisane Bio Gourmande Pomme &#038; Cannelle \u2013 D\u00e9tente \u00e0 La R\u00e9union | Kusmi Tea"}]},{"@type":"WebSite","@id":"https:\/\/kusmitea.re\/#website","url":"https:\/\/kusmitea.re\/","name":"Kusmi Tea R\u00e9union","description":"","publisher":{"@id":"https:\/\/kusmitea.re\/#organization"},"potentialAction":[{"@type":"SearchAction","target":{"@type":"EntryPoint","urlTemplate":"https:\/\/kusmitea.re\/?s={search_term_string}"},"query-input":{"@type":"PropertyValueSpecification","valueRequired":true,"valueName":"search_term_string"}}],"inLanguage":"fr-FR"},{"@type":"Organization","@id":"https:\/\/kusmitea.re\/#organization","name":"Kusmi Tea R\u00e9union","url":"https:\/\/kusmitea.re\/","logo":{"@type":"ImageObject","inLanguage":"fr-FR","@id":"https:\/\/kusmitea.re\/#\/schema\/logo\/image\/","url":"https:\/\/kusmitea.re\/wp-content\/uploads\/2023\/05\/cropped-logo.webp","contentUrl":"https:\/\/kusmitea.re\/wp-content\/uploads\/2023\/05\/cropped-logo.webp","width":469,"height":141,"caption":"Kusmi Tea R\u00e9union"},"image":{"@id":"https:\/\/kusmitea.re\/#\/schema\/logo\/image\/"},"sameAs":["https:\/\/www.facebook.com\/p\/Kusmi-Tea-Runion-61571670075100\/","https:\/\/www.instagram.com\/kusmiteare\/"]}]}},"jetpack_sharing_enabled":true,"_links":{"self":[{"href":"https:\/\/kusmitea.re\/index.php\/wp-json\/wp\/v2\/product\/6761","targetHints":{"allow":["GET"]}}],"collection":[{"href":"https:\/\/kusmitea.re\/index.php\/wp-json\/wp\/v2\/product"}],"about":[{"href":"https:\/\/kusmitea.re\/index.php\/wp-json\/wp\/v2\/types\/product"}],"replies":[{"embeddable":true,"href":"https:\/\/kusmitea.re\/index.php\/wp-json\/wp\/v2\/comments?post=6761"}],"version-history":[{"count":4,"href":"https:\/\/kusmitea.re\/index.php\/wp-json\/wp\/v2\/product\/6761\/revisions"}],"predecessor-version":[{"id":12245,"href":"https:\/\/kusmitea.re\/index.php\/wp-json\/wp\/v2\/product\/6761\/revisions\/12245"}],"wp:featuredmedia":[{"embeddable":true,"href":"https:\/\/kusmitea.re\/index.php\/wp-json\/wp\/v2\/media\/6791"}],"wp:attachment":[{"href":"https:\/\/kusmitea.re\/index.php\/wp-json\/wp\/v2\/media?parent=6761"}],"wp:term":[{"taxonomy":"product_cat","embeddable":true,"href":"https:\/\/kusmitea.re\/index.php\/wp-json\/wp\/v2\/product_cat?post=6761"},{"taxonomy":"product_tag","embeddable":true,"href":"https:\/\/kusmitea.re\/index.php\/wp-json\/wp\/v2\/product_tag?post=6761"}],"curies":[{"name":"wp","href":"https:\/\/api.w.org\/{rel}","templated":true}]}}