{"id":6756,"date":"2025-08-30T07:09:53","date_gmt":"2025-08-30T05:09:53","guid":{"rendered":"https:\/\/kusmitea.re\/?post_type=product&#038;p=6756"},"modified":"2025-08-30T07:10:42","modified_gmt":"2025-08-30T05:10:42","slug":"specialite-de-the-anastasia-a-tartiner","status":"publish","type":"product","link":"https:\/\/kusmitea.re\/index.php\/product\/specialite-de-the-anastasia-a-tartiner\/","title":{"rendered":"Sp\u00e9cialit\u00e9 de th\u00e9 &#8211; Anastasia &#8211; A tartiner"},"content":{"rendered":"<h2 class=\"c-section-divider\">Sp\u00e9cialit\u00e9 de th\u00e9 noir aromatis\u00e9 bergamote, fleur d&rsquo;oranger \u00e0 d\u00e9guster<\/h2>\n<div class=\"col-xs-12 value content c-read-more c-read-more--inline m-pdp__expandable-section\" data-initialized=\"true\" data-expanded=\"true\">\n<p>Vous l\u2019avez ador\u00e9e en miniature l\u2019an dernier, nous vous la proposons donc en grand format cette ann\u00e9e ! Une gourmandise bio \u00e0 tartiner, parfum\u00e9e au th\u00e9 Anastasia de Kusmi, vous promet des petits d\u00e9jeuners et des tea times divinement gourmands.<\/p>\n<p>Anastasia est l\u2019Earl Grey historique de la maison. Aromatis\u00e9 \u00e0 la bergamote et ponctu\u00e9 d\u2019une pointe de citron et de fleur d\u2019oranger, il offre \u00e0 cette sp\u00e9cialit\u00e9 de th\u00e9 des notes fruit\u00e9es et acidul\u00e9es. Une savoureuse douceur \u00e0 d\u00e9guster comme bon vous semble \u2013 m\u00eame si nous vous sugg\u00e9rons de l\u2019\u00e9taler sur une belle tranche de pain, \u00e0 la fa\u00e7on d\u2019une confiture, pour vous r\u00e9galer.<\/p>\n<p>Ce d\u00e9licieux cadeau ravira petits et grands pour les f\u00eates, dans son pot in\u00e9dit aux couleurs de No\u00ebl !<\/p>\n<h3 class=\"c-section-divider\">Ingr\u00e9dients<\/h3>\n<p>Sucre de canne*, infusion de th\u00e9 noir (eau, th\u00e9 noir Anastasia* (th\u00e9 noir*(99%), huiles essentielles de bergamote, de citron, de citron vert, ar\u00f4me naturel de fleur d\u2019oranger)), g\u00e9lifiant : pectines, acidifiant : acide citrique.<\/p>\n<p>*Produits issus de l&rsquo;agriculture biologique<\/p>\n<p>Peut contenir des traces de lait<\/p>\n<p>Pour 100 g de produit fini : pr\u00e9par\u00e9e avec 3,4 g de th\u00e9 et 34 g d\u2019eau<\/p>\n<p>Valeurs nutritionnelles pour 100g de produit fini : Energie 969 kJ \u2013 228 kcal\/ Glucides 57 g\/ dont sucres 57 g\/ Sel 0,02 g<\/p>\n<p>Contient des quantit\u00e9s n\u00e9gligeables de mati\u00e8res grasses, acides gras satur\u00e9s et prot\u00e9ines<\/p>\n<\/div>\n","protected":false},"excerpt":{"rendered":"<p>Sp\u00e9cialit\u00e9 de th\u00e9 noir aromatis\u00e9 bergamote, fleur d&rsquo;oranger \u00e0 d\u00e9guster Vous l\u2019avez ador\u00e9e en miniature l\u2019an dernier, nous vous la proposons donc en grand format cette ann\u00e9e ! Une gourmandise bio \u00e0 tartiner, parfum\u00e9e au th\u00e9 Anastasia de Kusmi, vous promet des petits d\u00e9jeuners et des tea times divinement gourmands. Anastasia est l\u2019Earl Grey historique [&hellip;]<\/p>\n","protected":false},"featured_media":6786,"comment_status":"open","ping_status":"closed","template":"","meta":[],"product_cat":[71,60],"product_tag":[],"class_list":{"0":"post-6756","1":"product","2":"type-product","3":"status-publish","4":"has-post-thumbnail","6":"product_cat-noel","7":"product_cat-promotions","9":"first","10":"outofstock","11":"sale","12":"shipping-taxable","13":"purchasable","14":"product-type-simple"},"yoast_head":"<!-- This site is optimized with the Yoast SEO plugin v26.6 - https:\/\/yoast.com\/wordpress\/plugins\/seo\/ -->\n<title>Sp\u00e9cialit\u00e9 de th\u00e9 - Anastasia - A tartiner - Kusmi Tea R\u00e9union<\/title>\n<meta name=\"robots\" content=\"index, follow, max-snippet:-1, max-image-preview:large, max-video-preview:-1\" \/>\n<link rel=\"canonical\" href=\"https:\/\/kusmitea.re\/index.php\/product\/specialite-de-the-anastasia-a-tartiner\/\" \/>\n<meta property=\"og:locale\" content=\"fr_FR\" \/>\n<meta property=\"og:type\" content=\"article\" \/>\n<meta property=\"og:title\" content=\"Sp\u00e9cialit\u00e9 de th\u00e9 - Anastasia - A tartiner - Kusmi Tea R\u00e9union\" \/>\n<meta property=\"og:description\" content=\"Sp\u00e9cialit\u00e9 de th\u00e9 noir aromatis\u00e9 bergamote, fleur d&rsquo;oranger \u00e0 d\u00e9guster Vous l\u2019avez ador\u00e9e en miniature l\u2019an dernier, nous vous la proposons donc en grand format cette ann\u00e9e ! Une gourmandise bio \u00e0 tartiner, parfum\u00e9e au th\u00e9 Anastasia de Kusmi, vous promet des petits d\u00e9jeuners et des tea times divinement gourmands. Anastasia est l\u2019Earl Grey historique [&hellip;]\" \/>\n<meta property=\"og:url\" content=\"https:\/\/kusmitea.re\/index.php\/product\/specialite-de-the-anastasia-a-tartiner\/\" \/>\n<meta property=\"og:site_name\" content=\"Kusmi Tea R\u00e9union\" \/>\n<meta property=\"article:publisher\" content=\"https:\/\/www.facebook.com\/p\/Kusmi-Tea-Runion-61571670075100\/\" \/>\n<meta property=\"article:modified_time\" content=\"2025-08-30T05:10:42+00:00\" \/>\n<meta property=\"og:image\" content=\"https:\/\/kusmitea.re\/wp-content\/uploads\/2025\/08\/f611f7652036499d99c82e318f88a3ff56ab4b67_GELEEANAS250GBIO__1_.png\" \/>\n\t<meta property=\"og:image:width\" content=\"400\" \/>\n\t<meta property=\"og:image:height\" content=\"297\" \/>\n\t<meta property=\"og:image:type\" content=\"image\/png\" \/>\n<meta name=\"twitter:card\" content=\"summary_large_image\" \/>\n<meta name=\"twitter:label1\" content=\"Dur\u00e9e de lecture estim\u00e9e\" \/>\n\t<meta name=\"twitter:data1\" content=\"1 minute\" \/>\n<script type=\"application\/ld+json\" class=\"yoast-schema-graph\">{\"@context\":\"https:\/\/schema.org\",\"@graph\":[{\"@type\":\"WebPage\",\"@id\":\"https:\/\/kusmitea.re\/index.php\/product\/specialite-de-the-anastasia-a-tartiner\/\",\"url\":\"https:\/\/kusmitea.re\/index.php\/product\/specialite-de-the-anastasia-a-tartiner\/\",\"name\":\"Sp\u00e9cialit\u00e9 de th\u00e9 - Anastasia - A tartiner - Kusmi Tea R\u00e9union\",\"isPartOf\":{\"@id\":\"https:\/\/kusmitea.re\/#website\"},\"primaryImageOfPage\":{\"@id\":\"https:\/\/kusmitea.re\/index.php\/product\/specialite-de-the-anastasia-a-tartiner\/#primaryimage\"},\"image\":{\"@id\":\"https:\/\/kusmitea.re\/index.php\/product\/specialite-de-the-anastasia-a-tartiner\/#primaryimage\"},\"thumbnailUrl\":\"https:\/\/kusmitea.re\/wp-content\/uploads\/2025\/08\/f611f7652036499d99c82e318f88a3ff56ab4b67_GELEEANAS250GBIO__1_.png\",\"datePublished\":\"2025-08-30T05:09:53+00:00\",\"dateModified\":\"2025-08-30T05:10:42+00:00\",\"breadcrumb\":{\"@id\":\"https:\/\/kusmitea.re\/index.php\/product\/specialite-de-the-anastasia-a-tartiner\/#breadcrumb\"},\"inLanguage\":\"fr-FR\",\"potentialAction\":[{\"@type\":\"ReadAction\",\"target\":[\"https:\/\/kusmitea.re\/index.php\/product\/specialite-de-the-anastasia-a-tartiner\/\"]}]},{\"@type\":\"ImageObject\",\"inLanguage\":\"fr-FR\",\"@id\":\"https:\/\/kusmitea.re\/index.php\/product\/specialite-de-the-anastasia-a-tartiner\/#primaryimage\",\"url\":\"https:\/\/kusmitea.re\/wp-content\/uploads\/2025\/08\/f611f7652036499d99c82e318f88a3ff56ab4b67_GELEEANAS250GBIO__1_.png\",\"contentUrl\":\"https:\/\/kusmitea.re\/wp-content\/uploads\/2025\/08\/f611f7652036499d99c82e318f88a3ff56ab4b67_GELEEANAS250GBIO__1_.png\",\"width\":400,\"height\":297},{\"@type\":\"BreadcrumbList\",\"@id\":\"https:\/\/kusmitea.re\/index.php\/product\/specialite-de-the-anastasia-a-tartiner\/#breadcrumb\",\"itemListElement\":[{\"@type\":\"ListItem\",\"position\":1,\"name\":\"Accueil\",\"item\":\"https:\/\/kusmitea.re\/\"},{\"@type\":\"ListItem\",\"position\":2,\"name\":\"Boutique\",\"item\":\"https:\/\/kusmitea.re\/index.php\/shop\/\"},{\"@type\":\"ListItem\",\"position\":3,\"name\":\"Sp\u00e9cialit\u00e9 de th\u00e9 &#8211; Anastasia &#8211; A tartiner\"}]},{\"@type\":\"WebSite\",\"@id\":\"https:\/\/kusmitea.re\/#website\",\"url\":\"https:\/\/kusmitea.re\/\",\"name\":\"Kusmi Tea R\u00e9union\",\"description\":\"\",\"publisher\":{\"@id\":\"https:\/\/kusmitea.re\/#organization\"},\"potentialAction\":[{\"@type\":\"SearchAction\",\"target\":{\"@type\":\"EntryPoint\",\"urlTemplate\":\"https:\/\/kusmitea.re\/?s={search_term_string}\"},\"query-input\":{\"@type\":\"PropertyValueSpecification\",\"valueRequired\":true,\"valueName\":\"search_term_string\"}}],\"inLanguage\":\"fr-FR\"},{\"@type\":\"Organization\",\"@id\":\"https:\/\/kusmitea.re\/#organization\",\"name\":\"Kusmi Tea R\u00e9union\",\"url\":\"https:\/\/kusmitea.re\/\",\"logo\":{\"@type\":\"ImageObject\",\"inLanguage\":\"fr-FR\",\"@id\":\"https:\/\/kusmitea.re\/#\/schema\/logo\/image\/\",\"url\":\"https:\/\/kusmitea.re\/wp-content\/uploads\/2023\/05\/cropped-logo.webp\",\"contentUrl\":\"https:\/\/kusmitea.re\/wp-content\/uploads\/2023\/05\/cropped-logo.webp\",\"width\":469,\"height\":141,\"caption\":\"Kusmi Tea R\u00e9union\"},\"image\":{\"@id\":\"https:\/\/kusmitea.re\/#\/schema\/logo\/image\/\"},\"sameAs\":[\"https:\/\/www.facebook.com\/p\/Kusmi-Tea-Runion-61571670075100\/\",\"https:\/\/www.instagram.com\/kusmiteare\/\"]}]}<\/script>\n<!-- \/ Yoast SEO plugin. -->","yoast_head_json":{"title":"Sp\u00e9cialit\u00e9 de th\u00e9 - Anastasia - A tartiner - Kusmi Tea R\u00e9union","robots":{"index":"index","follow":"follow","max-snippet":"max-snippet:-1","max-image-preview":"max-image-preview:large","max-video-preview":"max-video-preview:-1"},"canonical":"https:\/\/kusmitea.re\/index.php\/product\/specialite-de-the-anastasia-a-tartiner\/","og_locale":"fr_FR","og_type":"article","og_title":"Sp\u00e9cialit\u00e9 de th\u00e9 - Anastasia - A tartiner - Kusmi Tea R\u00e9union","og_description":"Sp\u00e9cialit\u00e9 de th\u00e9 noir aromatis\u00e9 bergamote, fleur d&rsquo;oranger \u00e0 d\u00e9guster Vous l\u2019avez ador\u00e9e en miniature l\u2019an dernier, nous vous la proposons donc en grand format cette ann\u00e9e ! Une gourmandise bio \u00e0 tartiner, parfum\u00e9e au th\u00e9 Anastasia de Kusmi, vous promet des petits d\u00e9jeuners et des tea times divinement gourmands. Anastasia est l\u2019Earl Grey historique [&hellip;]","og_url":"https:\/\/kusmitea.re\/index.php\/product\/specialite-de-the-anastasia-a-tartiner\/","og_site_name":"Kusmi Tea R\u00e9union","article_publisher":"https:\/\/www.facebook.com\/p\/Kusmi-Tea-Runion-61571670075100\/","article_modified_time":"2025-08-30T05:10:42+00:00","og_image":[{"width":400,"height":297,"url":"https:\/\/kusmitea.re\/wp-content\/uploads\/2025\/08\/f611f7652036499d99c82e318f88a3ff56ab4b67_GELEEANAS250GBIO__1_.png","type":"image\/png"}],"twitter_card":"summary_large_image","twitter_misc":{"Dur\u00e9e de lecture estim\u00e9e":"1 minute"},"schema":{"@context":"https:\/\/schema.org","@graph":[{"@type":"WebPage","@id":"https:\/\/kusmitea.re\/index.php\/product\/specialite-de-the-anastasia-a-tartiner\/","url":"https:\/\/kusmitea.re\/index.php\/product\/specialite-de-the-anastasia-a-tartiner\/","name":"Sp\u00e9cialit\u00e9 de th\u00e9 - Anastasia - A tartiner - Kusmi Tea R\u00e9union","isPartOf":{"@id":"https:\/\/kusmitea.re\/#website"},"primaryImageOfPage":{"@id":"https:\/\/kusmitea.re\/index.php\/product\/specialite-de-the-anastasia-a-tartiner\/#primaryimage"},"image":{"@id":"https:\/\/kusmitea.re\/index.php\/product\/specialite-de-the-anastasia-a-tartiner\/#primaryimage"},"thumbnailUrl":"https:\/\/kusmitea.re\/wp-content\/uploads\/2025\/08\/f611f7652036499d99c82e318f88a3ff56ab4b67_GELEEANAS250GBIO__1_.png","datePublished":"2025-08-30T05:09:53+00:00","dateModified":"2025-08-30T05:10:42+00:00","breadcrumb":{"@id":"https:\/\/kusmitea.re\/index.php\/product\/specialite-de-the-anastasia-a-tartiner\/#breadcrumb"},"inLanguage":"fr-FR","potentialAction":[{"@type":"ReadAction","target":["https:\/\/kusmitea.re\/index.php\/product\/specialite-de-the-anastasia-a-tartiner\/"]}]},{"@type":"ImageObject","inLanguage":"fr-FR","@id":"https:\/\/kusmitea.re\/index.php\/product\/specialite-de-the-anastasia-a-tartiner\/#primaryimage","url":"https:\/\/kusmitea.re\/wp-content\/uploads\/2025\/08\/f611f7652036499d99c82e318f88a3ff56ab4b67_GELEEANAS250GBIO__1_.png","contentUrl":"https:\/\/kusmitea.re\/wp-content\/uploads\/2025\/08\/f611f7652036499d99c82e318f88a3ff56ab4b67_GELEEANAS250GBIO__1_.png","width":400,"height":297},{"@type":"BreadcrumbList","@id":"https:\/\/kusmitea.re\/index.php\/product\/specialite-de-the-anastasia-a-tartiner\/#breadcrumb","itemListElement":[{"@type":"ListItem","position":1,"name":"Accueil","item":"https:\/\/kusmitea.re\/"},{"@type":"ListItem","position":2,"name":"Boutique","item":"https:\/\/kusmitea.re\/index.php\/shop\/"},{"@type":"ListItem","position":3,"name":"Sp\u00e9cialit\u00e9 de th\u00e9 &#8211; Anastasia &#8211; A tartiner"}]},{"@type":"WebSite","@id":"https:\/\/kusmitea.re\/#website","url":"https:\/\/kusmitea.re\/","name":"Kusmi Tea R\u00e9union","description":"","publisher":{"@id":"https:\/\/kusmitea.re\/#organization"},"potentialAction":[{"@type":"SearchAction","target":{"@type":"EntryPoint","urlTemplate":"https:\/\/kusmitea.re\/?s={search_term_string}"},"query-input":{"@type":"PropertyValueSpecification","valueRequired":true,"valueName":"search_term_string"}}],"inLanguage":"fr-FR"},{"@type":"Organization","@id":"https:\/\/kusmitea.re\/#organization","name":"Kusmi Tea R\u00e9union","url":"https:\/\/kusmitea.re\/","logo":{"@type":"ImageObject","inLanguage":"fr-FR","@id":"https:\/\/kusmitea.re\/#\/schema\/logo\/image\/","url":"https:\/\/kusmitea.re\/wp-content\/uploads\/2023\/05\/cropped-logo.webp","contentUrl":"https:\/\/kusmitea.re\/wp-content\/uploads\/2023\/05\/cropped-logo.webp","width":469,"height":141,"caption":"Kusmi Tea R\u00e9union"},"image":{"@id":"https:\/\/kusmitea.re\/#\/schema\/logo\/image\/"},"sameAs":["https:\/\/www.facebook.com\/p\/Kusmi-Tea-Runion-61571670075100\/","https:\/\/www.instagram.com\/kusmiteare\/"]}]}},"jetpack_sharing_enabled":true,"_links":{"self":[{"href":"https:\/\/kusmitea.re\/index.php\/wp-json\/wp\/v2\/product\/6756","targetHints":{"allow":["GET"]}}],"collection":[{"href":"https:\/\/kusmitea.re\/index.php\/wp-json\/wp\/v2\/product"}],"about":[{"href":"https:\/\/kusmitea.re\/index.php\/wp-json\/wp\/v2\/types\/product"}],"replies":[{"embeddable":true,"href":"https:\/\/kusmitea.re\/index.php\/wp-json\/wp\/v2\/comments?post=6756"}],"version-history":[{"count":0,"href":"https:\/\/kusmitea.re\/index.php\/wp-json\/wp\/v2\/product\/6756\/revisions"}],"wp:featuredmedia":[{"embeddable":true,"href":"https:\/\/kusmitea.re\/index.php\/wp-json\/wp\/v2\/media\/6786"}],"wp:attachment":[{"href":"https:\/\/kusmitea.re\/index.php\/wp-json\/wp\/v2\/media?parent=6756"}],"wp:term":[{"taxonomy":"product_cat","embeddable":true,"href":"https:\/\/kusmitea.re\/index.php\/wp-json\/wp\/v2\/product_cat?post=6756"},{"taxonomy":"product_tag","embeddable":true,"href":"https:\/\/kusmitea.re\/index.php\/wp-json\/wp\/v2\/product_tag?post=6756"}],"curies":[{"name":"wp","href":"https:\/\/api.w.org\/{rel}","templated":true}]}}