{"id":6755,"date":"2025-08-30T07:09:53","date_gmt":"2025-08-30T05:09:53","guid":{"rendered":"https:\/\/kusmitea.re\/?post_type=product&#038;p=6755"},"modified":"2025-12-01T02:31:51","modified_gmt":"2025-12-01T01:31:51","slug":"coffret-tchai-of-the-tiger-coffret-de-the-noir-gourmandise-et-gourde","status":"publish","type":"product","link":"https:\/\/kusmitea.re\/index.php\/product\/coffret-tchai-of-the-tiger-coffret-de-the-noir-gourmandise-et-gourde\/","title":{"rendered":"Coffret Tcha\u00ef of the Tiger &#8211; Coffret de th\u00e9 noir, gourmandise et gourde"},"content":{"rendered":"<h2 class=\"c-section-divider\">Coffret d&rsquo;une bo\u00eete de th\u00e9 noir aux \u00e9pices, d&rsquo;une sp\u00e9cialit\u00e9 de th\u00e9 noir \u00e0 d\u00e9guster et d&rsquo;une bouteille isotherme<\/h2>\n<div class=\"col-xs-12 value content c-read-more c-read-more--inline m-pdp__expandable-section\" data-initialized=\"true\" data-expanded=\"true\">\n<p>D\u00e9couvrez notre coffret cadeau Tcha\u00ef of the Tiger, inspir\u00e9 par le roi de la jungle. Ce coffret th\u00e9 bio associe une bo\u00eete de th\u00e9 noir \u00e9pic\u00e9 Kusmi Tea, une gourmandise \u00e0 tartiner et un accessoire au d\u00e9cor assorti.<\/p>\n<p>&#8211; Une bo\u00eete Tchai of the Tiger (100g)\u00a0: un m\u00e9lange bio puissant inspir\u00e9 du cha\u00ef dans la tradition indienne. Il allie un th\u00e9 noir bio du jardin de <em>Tiashola<\/em> en Inde \u00e0 un m\u00e9lange d\u2019\u00e9pices parfum\u00e9es allant du gingembre \u00e0 la cannelle en passant par la cardamome et le poivre.<\/p>\n<p>&#8211;\u00a0Une sp\u00e9cialit\u00e9 de th\u00e9 noir \u00e0 d\u00e9guster (250g)\u00a0: une cr\u00e9ation bio exclusive pour ce coffret et infus\u00e9e au th\u00e9 Tchai of the Tiger. Elle est parfaite \u00e0 d\u00e9guster sur une tranche de pain grill\u00e9 en accompagnement de votre tasse de th\u00e9.<\/p>\n<p>&#8211;\u00a0Une bouteille isotherme 50cl :\u00a0un accessoire qui associe modernit\u00e9 et praticit\u00e9 avec son joli d\u00e9cor assorti au reste du coffret th\u00e9. Elle conserve votre th\u00e9 au chaud pendant 12h ou glac\u00e9 pendant 24h gr\u00e2ce \u00e0 sa double paroi en acier inoxydable.<\/p>\n<p>Un coffret cadeau au design raffin\u00e9 \u00e0 offrir ou \u00e0 s\u2019offrir pour une belle exp\u00e9rience de d\u00e9gustation !<\/p>\n<p>Bouteille non vendue s\u00e9par\u00e9ment.<\/p>\n<h3 class=\"c-section-divider\">Ingr\u00e9dients<\/h3>\n<div class=\"c-read-more c-read-more--inline m-pdp__expandable-section\" data-initialized=\"true\" data-expanded=\"true\">\n<p><span class=\"c-read-more__content\">Sp\u00e9cialit\u00e9 de th\u00e9 noir aux \u00e9pices \u00e0 d\u00e9guster<\/span><\/p>\n<p>Ingr\u00e9dients: Sucre de canne*, infusion de th\u00e9 noir (eau, th\u00e9 noir Tcha\u00ef of the Tiger* (th\u00e9 noir d\u2019Inde*(32%), gingembre*, cardamome*, cannelle*, poivre noir*, r\u00e9glisse*, chicor\u00e9e*, poivre rose*, ar\u00f4me naturel de gingembre, ar\u00f4me naturel de cannelle), g\u00e9lifiant : pectines, acidifiant : acide citrique.<\/p>\n<p>Contient de la r\u00e9glisse &#8211; les personnes souffrant d&rsquo;hypertension doivent \u00e9viter toute consommation excessive<\/p>\n<p>Peut contenir des traces de lait<\/p>\n<p>Pour 100 g de produit fini : pr\u00e9par\u00e9e avec 4,0 g de th\u00e9 et 33 g d\u2019eau, teneur totale en sucres : 61 g<\/p>\n<p>Valeurs nutritionnelles pour 100g de produit fini : Energie 1004 kJ \u2013 240 kcal\/ Glucides 60 g\/ dont sucres 60 g<\/p>\n<p>Contient des quantit\u00e9s n\u00e9gligeables de mati\u00e8res grasses, acides gras satur\u00e9s, prot\u00e9ines et sel<\/p>\n<p>Th\u00e9 noir d\u2019Inde aux \u00e9pices et ar\u00f4mes naturels.<\/p>\n<p>Ingr\u00e9dients: Th\u00e9 noir d\u2019Inde* (32%), gingembre*, cardamome*, cannelle*, poivre noir*, r\u00e9glisse*, chicor\u00e9e*, poivre rose*, ar\u00f4me naturel de gingembre, ar\u00f4me naturel de cannelle.<\/p>\n<p>Contient de la r\u00e9glisse &#8211; les personnes souffrant d&rsquo;hypertension doivent \u00e9viter toute consommation excessive<\/p>\n<p>*Produits issus de l&rsquo;agriculture biologique<\/p>\n<\/div>\n<\/div>\n","protected":false},"excerpt":{"rendered":"<p>Coffret d&rsquo;une bo\u00eete de th\u00e9 noir aux \u00e9pices, d&rsquo;une sp\u00e9cialit\u00e9 de th\u00e9 noir \u00e0 d\u00e9guster et d&rsquo;une bouteille isotherme D\u00e9couvrez notre coffret cadeau Tcha\u00ef of the Tiger, inspir\u00e9 par le roi de la jungle. Ce coffret th\u00e9 bio associe une bo\u00eete de th\u00e9 noir \u00e9pic\u00e9 Kusmi Tea, une gourmandise \u00e0 tartiner et un accessoire au [&hellip;]<\/p>\n","protected":false},"featured_media":6785,"comment_status":"open","ping_status":"closed","template":"","meta":[],"product_cat":[112,113,66,114,67],"product_tag":[],"class_list":{"0":"post-6755","1":"product","2":"type-product","3":"status-publish","4":"has-post-thumbnail","6":"product_cat-coffrets-cadeaux","7":"product_cat-coffrets-de-the-en-vrac","8":"product_cat-epicees","9":"product_cat-idees-cadeaux","10":"product_cat-thes-noirs","12":"first","13":"outofstock","14":"shipping-taxable","15":"purchasable","16":"product-type-simple"},"yoast_head":"<!-- This site is optimized with the Yoast SEO plugin v26.6 - https:\/\/yoast.com\/wordpress\/plugins\/seo\/ -->\n<title>Coffret Tcha\u00ef of the Tiger - Coffret de th\u00e9 noir, gourmandise et gourde - Kusmi Tea R\u00e9union<\/title>\n<meta name=\"description\" content=\"Coffret Tchai of the Tiger bio - Bo\u00eete 100g + bouteille 50cl + gel\u00e9e 974\" \/>\n<meta name=\"robots\" content=\"index, follow, max-snippet:-1, max-image-preview:large, max-video-preview:-1\" \/>\n<link rel=\"canonical\" href=\"https:\/\/kusmitea.re\/index.php\/product\/coffret-tchai-of-the-tiger-coffret-de-the-noir-gourmandise-et-gourde\/\" \/>\n<meta property=\"og:locale\" content=\"fr_FR\" \/>\n<meta property=\"og:type\" content=\"article\" \/>\n<meta property=\"og:title\" content=\"Coffret Tcha\u00ef of the Tiger - Coffret de th\u00e9 noir, gourmandise et gourde - Kusmi Tea R\u00e9union\" \/>\n<meta property=\"og:description\" content=\"Coffret Tchai of the Tiger bio - Bo\u00eete 100g + bouteille 50cl + gel\u00e9e 974\" \/>\n<meta property=\"og:url\" content=\"https:\/\/kusmitea.re\/index.php\/product\/coffret-tchai-of-the-tiger-coffret-de-the-noir-gourmandise-et-gourde\/\" \/>\n<meta property=\"og:site_name\" content=\"Kusmi Tea R\u00e9union\" \/>\n<meta property=\"article:publisher\" content=\"https:\/\/www.facebook.com\/p\/Kusmi-Tea-Runion-61571670075100\/\" \/>\n<meta property=\"article:modified_time\" content=\"2025-12-01T01:31:51+00:00\" \/>\n<meta property=\"og:image\" content=\"https:\/\/kusmitea.re\/wp-content\/uploads\/2025\/08\/734865d2ae63bdf11c60ffa12c0af726f9b9fb19_COTIGRBIO_FERME.png\" \/>\n\t<meta property=\"og:image:width\" content=\"400\" \/>\n\t<meta property=\"og:image:height\" content=\"448\" \/>\n\t<meta property=\"og:image:type\" content=\"image\/png\" \/>\n<meta name=\"twitter:card\" content=\"summary_large_image\" \/>\n<meta name=\"twitter:label1\" content=\"Dur\u00e9e de lecture estim\u00e9e\" \/>\n\t<meta name=\"twitter:data1\" content=\"3 minutes\" \/>\n<script type=\"application\/ld+json\" class=\"yoast-schema-graph\">{\"@context\":\"https:\/\/schema.org\",\"@graph\":[{\"@type\":\"WebPage\",\"@id\":\"https:\/\/kusmitea.re\/index.php\/product\/coffret-tchai-of-the-tiger-coffret-de-the-noir-gourmandise-et-gourde\/\",\"url\":\"https:\/\/kusmitea.re\/index.php\/product\/coffret-tchai-of-the-tiger-coffret-de-the-noir-gourmandise-et-gourde\/\",\"name\":\"Coffret Tcha\u00ef of the Tiger - Coffret de th\u00e9 noir, gourmandise et gourde - Kusmi Tea R\u00e9union\",\"isPartOf\":{\"@id\":\"https:\/\/kusmitea.re\/#website\"},\"primaryImageOfPage\":{\"@id\":\"https:\/\/kusmitea.re\/index.php\/product\/coffret-tchai-of-the-tiger-coffret-de-the-noir-gourmandise-et-gourde\/#primaryimage\"},\"image\":{\"@id\":\"https:\/\/kusmitea.re\/index.php\/product\/coffret-tchai-of-the-tiger-coffret-de-the-noir-gourmandise-et-gourde\/#primaryimage\"},\"thumbnailUrl\":\"https:\/\/kusmitea.re\/wp-content\/uploads\/2025\/08\/734865d2ae63bdf11c60ffa12c0af726f9b9fb19_COTIGRBIO_FERME.png\",\"datePublished\":\"2025-08-30T05:09:53+00:00\",\"dateModified\":\"2025-12-01T01:31:51+00:00\",\"description\":\"Coffret Tchai of the Tiger bio - Bo\u00eete 100g + bouteille 50cl + gel\u00e9e 974\",\"breadcrumb\":{\"@id\":\"https:\/\/kusmitea.re\/index.php\/product\/coffret-tchai-of-the-tiger-coffret-de-the-noir-gourmandise-et-gourde\/#breadcrumb\"},\"inLanguage\":\"fr-FR\",\"potentialAction\":[{\"@type\":\"ReadAction\",\"target\":[\"https:\/\/kusmitea.re\/index.php\/product\/coffret-tchai-of-the-tiger-coffret-de-the-noir-gourmandise-et-gourde\/\"]}]},{\"@type\":\"ImageObject\",\"inLanguage\":\"fr-FR\",\"@id\":\"https:\/\/kusmitea.re\/index.php\/product\/coffret-tchai-of-the-tiger-coffret-de-the-noir-gourmandise-et-gourde\/#primaryimage\",\"url\":\"https:\/\/kusmitea.re\/wp-content\/uploads\/2025\/08\/734865d2ae63bdf11c60ffa12c0af726f9b9fb19_COTIGRBIO_FERME.png\",\"contentUrl\":\"https:\/\/kusmitea.re\/wp-content\/uploads\/2025\/08\/734865d2ae63bdf11c60ffa12c0af726f9b9fb19_COTIGRBIO_FERME.png\",\"width\":400,\"height\":448},{\"@type\":\"BreadcrumbList\",\"@id\":\"https:\/\/kusmitea.re\/index.php\/product\/coffret-tchai-of-the-tiger-coffret-de-the-noir-gourmandise-et-gourde\/#breadcrumb\",\"itemListElement\":[{\"@type\":\"ListItem\",\"position\":1,\"name\":\"Accueil\",\"item\":\"https:\/\/kusmitea.re\/\"},{\"@type\":\"ListItem\",\"position\":2,\"name\":\"Boutique\",\"item\":\"https:\/\/kusmitea.re\/index.php\/shop\/\"},{\"@type\":\"ListItem\",\"position\":3,\"name\":\"Coffret Tcha\u00ef of the Tiger &#8211; Coffret de th\u00e9 noir, gourmandise et gourde\"}]},{\"@type\":\"WebSite\",\"@id\":\"https:\/\/kusmitea.re\/#website\",\"url\":\"https:\/\/kusmitea.re\/\",\"name\":\"Kusmi Tea R\u00e9union\",\"description\":\"\",\"publisher\":{\"@id\":\"https:\/\/kusmitea.re\/#organization\"},\"potentialAction\":[{\"@type\":\"SearchAction\",\"target\":{\"@type\":\"EntryPoint\",\"urlTemplate\":\"https:\/\/kusmitea.re\/?s={search_term_string}\"},\"query-input\":{\"@type\":\"PropertyValueSpecification\",\"valueRequired\":true,\"valueName\":\"search_term_string\"}}],\"inLanguage\":\"fr-FR\"},{\"@type\":\"Organization\",\"@id\":\"https:\/\/kusmitea.re\/#organization\",\"name\":\"Kusmi Tea R\u00e9union\",\"url\":\"https:\/\/kusmitea.re\/\",\"logo\":{\"@type\":\"ImageObject\",\"inLanguage\":\"fr-FR\",\"@id\":\"https:\/\/kusmitea.re\/#\/schema\/logo\/image\/\",\"url\":\"https:\/\/kusmitea.re\/wp-content\/uploads\/2023\/05\/cropped-logo.webp\",\"contentUrl\":\"https:\/\/kusmitea.re\/wp-content\/uploads\/2023\/05\/cropped-logo.webp\",\"width\":469,\"height\":141,\"caption\":\"Kusmi Tea R\u00e9union\"},\"image\":{\"@id\":\"https:\/\/kusmitea.re\/#\/schema\/logo\/image\/\"},\"sameAs\":[\"https:\/\/www.facebook.com\/p\/Kusmi-Tea-Runion-61571670075100\/\",\"https:\/\/www.instagram.com\/kusmiteare\/\"]}]}<\/script>\n<!-- \/ Yoast SEO plugin. -->","yoast_head_json":{"title":"Coffret Tcha\u00ef of the Tiger - Coffret de th\u00e9 noir, gourmandise et gourde - Kusmi Tea R\u00e9union","description":"Coffret Tchai of the Tiger bio - Bo\u00eete 100g + bouteille 50cl + gel\u00e9e 974","robots":{"index":"index","follow":"follow","max-snippet":"max-snippet:-1","max-image-preview":"max-image-preview:large","max-video-preview":"max-video-preview:-1"},"canonical":"https:\/\/kusmitea.re\/index.php\/product\/coffret-tchai-of-the-tiger-coffret-de-the-noir-gourmandise-et-gourde\/","og_locale":"fr_FR","og_type":"article","og_title":"Coffret Tcha\u00ef of the Tiger - Coffret de th\u00e9 noir, gourmandise et gourde - Kusmi Tea R\u00e9union","og_description":"Coffret Tchai of the Tiger bio - Bo\u00eete 100g + bouteille 50cl + gel\u00e9e 974","og_url":"https:\/\/kusmitea.re\/index.php\/product\/coffret-tchai-of-the-tiger-coffret-de-the-noir-gourmandise-et-gourde\/","og_site_name":"Kusmi Tea R\u00e9union","article_publisher":"https:\/\/www.facebook.com\/p\/Kusmi-Tea-Runion-61571670075100\/","article_modified_time":"2025-12-01T01:31:51+00:00","og_image":[{"width":400,"height":448,"url":"https:\/\/kusmitea.re\/wp-content\/uploads\/2025\/08\/734865d2ae63bdf11c60ffa12c0af726f9b9fb19_COTIGRBIO_FERME.png","type":"image\/png"}],"twitter_card":"summary_large_image","twitter_misc":{"Dur\u00e9e de lecture estim\u00e9e":"3 minutes"},"schema":{"@context":"https:\/\/schema.org","@graph":[{"@type":"WebPage","@id":"https:\/\/kusmitea.re\/index.php\/product\/coffret-tchai-of-the-tiger-coffret-de-the-noir-gourmandise-et-gourde\/","url":"https:\/\/kusmitea.re\/index.php\/product\/coffret-tchai-of-the-tiger-coffret-de-the-noir-gourmandise-et-gourde\/","name":"Coffret Tcha\u00ef of the Tiger - Coffret de th\u00e9 noir, gourmandise et gourde - Kusmi Tea R\u00e9union","isPartOf":{"@id":"https:\/\/kusmitea.re\/#website"},"primaryImageOfPage":{"@id":"https:\/\/kusmitea.re\/index.php\/product\/coffret-tchai-of-the-tiger-coffret-de-the-noir-gourmandise-et-gourde\/#primaryimage"},"image":{"@id":"https:\/\/kusmitea.re\/index.php\/product\/coffret-tchai-of-the-tiger-coffret-de-the-noir-gourmandise-et-gourde\/#primaryimage"},"thumbnailUrl":"https:\/\/kusmitea.re\/wp-content\/uploads\/2025\/08\/734865d2ae63bdf11c60ffa12c0af726f9b9fb19_COTIGRBIO_FERME.png","datePublished":"2025-08-30T05:09:53+00:00","dateModified":"2025-12-01T01:31:51+00:00","description":"Coffret Tchai of the Tiger bio - Bo\u00eete 100g + bouteille 50cl + gel\u00e9e 974","breadcrumb":{"@id":"https:\/\/kusmitea.re\/index.php\/product\/coffret-tchai-of-the-tiger-coffret-de-the-noir-gourmandise-et-gourde\/#breadcrumb"},"inLanguage":"fr-FR","potentialAction":[{"@type":"ReadAction","target":["https:\/\/kusmitea.re\/index.php\/product\/coffret-tchai-of-the-tiger-coffret-de-the-noir-gourmandise-et-gourde\/"]}]},{"@type":"ImageObject","inLanguage":"fr-FR","@id":"https:\/\/kusmitea.re\/index.php\/product\/coffret-tchai-of-the-tiger-coffret-de-the-noir-gourmandise-et-gourde\/#primaryimage","url":"https:\/\/kusmitea.re\/wp-content\/uploads\/2025\/08\/734865d2ae63bdf11c60ffa12c0af726f9b9fb19_COTIGRBIO_FERME.png","contentUrl":"https:\/\/kusmitea.re\/wp-content\/uploads\/2025\/08\/734865d2ae63bdf11c60ffa12c0af726f9b9fb19_COTIGRBIO_FERME.png","width":400,"height":448},{"@type":"BreadcrumbList","@id":"https:\/\/kusmitea.re\/index.php\/product\/coffret-tchai-of-the-tiger-coffret-de-the-noir-gourmandise-et-gourde\/#breadcrumb","itemListElement":[{"@type":"ListItem","position":1,"name":"Accueil","item":"https:\/\/kusmitea.re\/"},{"@type":"ListItem","position":2,"name":"Boutique","item":"https:\/\/kusmitea.re\/index.php\/shop\/"},{"@type":"ListItem","position":3,"name":"Coffret Tcha\u00ef of the Tiger &#8211; Coffret de th\u00e9 noir, gourmandise et gourde"}]},{"@type":"WebSite","@id":"https:\/\/kusmitea.re\/#website","url":"https:\/\/kusmitea.re\/","name":"Kusmi Tea R\u00e9union","description":"","publisher":{"@id":"https:\/\/kusmitea.re\/#organization"},"potentialAction":[{"@type":"SearchAction","target":{"@type":"EntryPoint","urlTemplate":"https:\/\/kusmitea.re\/?s={search_term_string}"},"query-input":{"@type":"PropertyValueSpecification","valueRequired":true,"valueName":"search_term_string"}}],"inLanguage":"fr-FR"},{"@type":"Organization","@id":"https:\/\/kusmitea.re\/#organization","name":"Kusmi Tea R\u00e9union","url":"https:\/\/kusmitea.re\/","logo":{"@type":"ImageObject","inLanguage":"fr-FR","@id":"https:\/\/kusmitea.re\/#\/schema\/logo\/image\/","url":"https:\/\/kusmitea.re\/wp-content\/uploads\/2023\/05\/cropped-logo.webp","contentUrl":"https:\/\/kusmitea.re\/wp-content\/uploads\/2023\/05\/cropped-logo.webp","width":469,"height":141,"caption":"Kusmi Tea R\u00e9union"},"image":{"@id":"https:\/\/kusmitea.re\/#\/schema\/logo\/image\/"},"sameAs":["https:\/\/www.facebook.com\/p\/Kusmi-Tea-Runion-61571670075100\/","https:\/\/www.instagram.com\/kusmiteare\/"]}]}},"jetpack_sharing_enabled":true,"_links":{"self":[{"href":"https:\/\/kusmitea.re\/index.php\/wp-json\/wp\/v2\/product\/6755","targetHints":{"allow":["GET"]}}],"collection":[{"href":"https:\/\/kusmitea.re\/index.php\/wp-json\/wp\/v2\/product"}],"about":[{"href":"https:\/\/kusmitea.re\/index.php\/wp-json\/wp\/v2\/types\/product"}],"replies":[{"embeddable":true,"href":"https:\/\/kusmitea.re\/index.php\/wp-json\/wp\/v2\/comments?post=6755"}],"version-history":[{"count":1,"href":"https:\/\/kusmitea.re\/index.php\/wp-json\/wp\/v2\/product\/6755\/revisions"}],"predecessor-version":[{"id":12785,"href":"https:\/\/kusmitea.re\/index.php\/wp-json\/wp\/v2\/product\/6755\/revisions\/12785"}],"wp:featuredmedia":[{"embeddable":true,"href":"https:\/\/kusmitea.re\/index.php\/wp-json\/wp\/v2\/media\/6785"}],"wp:attachment":[{"href":"https:\/\/kusmitea.re\/index.php\/wp-json\/wp\/v2\/media?parent=6755"}],"wp:term":[{"taxonomy":"product_cat","embeddable":true,"href":"https:\/\/kusmitea.re\/index.php\/wp-json\/wp\/v2\/product_cat?post=6755"},{"taxonomy":"product_tag","embeddable":true,"href":"https:\/\/kusmitea.re\/index.php\/wp-json\/wp\/v2\/product_tag?post=6755"}],"curies":[{"name":"wp","href":"https:\/\/api.w.org\/{rel}","templated":true}]}}