{"id":6754,"date":"2025-08-30T07:09:53","date_gmt":"2025-08-30T05:09:53","guid":{"rendered":"https:\/\/kusmitea.re\/?post_type=product&#038;p=6754"},"modified":"2025-08-30T07:10:41","modified_gmt":"2025-08-30T05:10:41","slug":"coffret-de-noel-assortiment-de-thes-infusions-en-sachets","status":"publish","type":"product","link":"https:\/\/kusmitea.re\/index.php\/product\/coffret-de-noel-assortiment-de-thes-infusions-en-sachets\/","title":{"rendered":"Coffret de No\u00ebl &#8211; Assortiment de th\u00e9s &#038; infusions en sachets"},"content":{"rendered":"<h2 class=\"c-section-divider\">Assortiment de 48 sachets mousseline de th\u00e9s et infusions aromatis\u00e9s<\/h2>\n<div class=\"col-xs-12 value content c-read-more c-read-more--inline m-pdp__expandable-section\" data-initialized=\"true\" data-expanded=\"true\">\n<p>Cet hiver, vous ne craindrez pas le froid en haut des pistes avec ce chaleureux coffret aux allures de pull de No\u00ebl !<\/p>\n<p>Eclatant au pied du sapin, il fera fondre comme neige au soleil tous ceux que vous aimez, avec ses 8 d\u00e9licieuses recettes et ses 48 sachets. Et pompon sur le coffret, il contient m\u00eame en exclusivit\u00e9 deux des derni\u00e8res nouveaut\u00e9s Kusmi : Rituel Sommeil et Rituel D\u00e9fenses Immunitaires, une infusion et un th\u00e9 sant\u00e9 parfaits pour l\u2019hiver.<\/p>\n<p>&nbsp;<\/p>\n<p>&#8211;\u00a0Tsarevna\u00a0: notre th\u00e9 noir bio iconique de No\u00ebl, aux notes ensorcelantes d\u2019orange, de vanille et d\u2019\u00e9pices<\/p>\n<p>&nbsp;<\/p>\n<p>&#8211;\u00a0<a href=\"https:\/\/kusmitea.re\/produit\/glogg-bio-2\/\">Gl\u00f6gg\u00a0<\/a>: notre infusion bio de No\u00ebl aux \u00e9pices, \u00e0 l\u2019hibiscus et au cassis, inspir\u00e9e du traditionnel vin chaud nordique.<\/p>\n<p>&#8211;\u00a0<a href=\"https:\/\/kusmitea.re\/produit\/anastasia\/\">Anastasia\u00a0<\/a>: notre c\u00e9l\u00e8bre Earl Grey offrant des notes de bergamote, de citron et de fleur d\u2019oranger<\/p>\n<p>&#8211;\u00a0Vert gingembre-citron\u00a0: un th\u00e9 vert bio intens\u00e9ment rafra\u00eechissant m\u00ealant la spontan\u00e9it\u00e9 du citron \u00e0 l\u2019audace du gingembre<\/p>\n<p>&#8211;\u00a0<a href=\"https:\/\/kusmitea.re\/produit\/aquarosa-125g\/\">AquaRosa\u00a0<\/a>: notre infusion bio d\u2019hibiscus et de fruits rouges<\/p>\n<p>&#8211;\u00a0<a href=\"https:\/\/kusmitea.re\/produit\/aquasummer-bio\/\">AquaSummer\u00a0<\/a>: une eau de fruit sans th\u00e9ine aux notes estivales d\u2019hibiscus, de p\u00eache et d\u2019abricot<\/p>\n<p>&#8211;\u00a0<a href=\"https:\/\/kusmitea.re\/produit\/rituel-defenses-immunitaires-bio\/\">Rituel D\u00e9fenses Immunitaires<\/a>\u00a0: notre m\u00e9lange de mat\u00e9 et de th\u00e9 vert bio vitamin\u00e9 \u00e0 l\u2019extrait d\u2019ac\u00e9rola, naturellement source de vitamine C, pour booster vos d\u00e9fenses immunitaires<\/p>\n<p>&#8211;\u00a0<a href=\"https:\/\/kusmitea.re\/produit\/rituel-sommeil\/\">Rituel Sommeil\u00a0<\/a>: notre rooibos bio aromatis\u00e9 \u00e0 la mangue et au pr\u00e9cieux extrait de m\u00e9lisse pour retrouver un sommeil calme et r\u00e9parateur<\/p>\n<\/div>\n<table style=\"border-collapse: collapse; width: 100%;\">\n<tbody>\n<tr>\n<td style=\"width: 12.5%;\"><img decoding=\"async\" class=\"alignnone\" src=\"https:\/\/edge.disstg.commercecloud.salesforce.com\/dw\/image\/v2\/BDHT_PRD\/on\/demandware.static\/-\/Library-Sites-Kusmi_Shared\/default\/dwf1c22c73\/mediatags\/corondxmas24\/TSAR.jpg\" alt=\"Ingr\u00e9dients S\u00e9lection coffretinfusion24Ebio\" \/><\/td>\n<td style=\"width: 12.5%;\"><img decoding=\"async\" src=\"https:\/\/edge.disstg.commercecloud.salesforce.com\/dw\/image\/v2\/BDHT_PRD\/on\/demandware.static\/-\/Library-Sites-Kusmi_Shared\/default\/dw52277a7a\/mediatags\/corondxmas24\/GLOG.jpg\" alt=\"Ingr\u00e9dients S\u00e9lection coffretinfusion24Ebio\" \/><\/td>\n<td style=\"width: 12.5%;\"><img decoding=\"async\" src=\"https:\/\/edge.disstg.commercecloud.salesforce.com\/dw\/image\/v2\/BDHT_PRD\/on\/demandware.static\/-\/Library-Sites-Kusmi_Shared\/default\/dw415f27af\/mediatags\/corondxmas24\/ANAS.jpg\" alt=\"Ingr\u00e9dients S\u00e9lection coffretinfusion24Ebio\" \/><\/td>\n<td style=\"width: 12.5%;\"><img decoding=\"async\" src=\"https:\/\/edge.disstg.commercecloud.salesforce.com\/dw\/image\/v2\/BDHT_PRD\/on\/demandware.static\/-\/Library-Sites-Kusmi_Shared\/default\/dwf2c828b7\/mediatags\/corondxmas24\/VGIC.jpg\" alt=\"Ingr\u00e9dients S\u00e9lection coffretinfusion24Ebio\" \/><\/td>\n<td style=\"width: 12.5%;\"><img decoding=\"async\" src=\"https:\/\/edge.disstg.commercecloud.salesforce.com\/dw\/image\/v2\/BDHT_PRD\/on\/demandware.static\/-\/Library-Sites-Kusmi_Shared\/default\/dw97b06ec5\/mediatags\/corondxmas24\/AQUA.jpg\" alt=\"Ingr\u00e9dients S\u00e9lection coffretinfusion24Ebio\" \/><\/td>\n<td style=\"width: 12.5%;\"><img decoding=\"async\" src=\"https:\/\/edge.disstg.commercecloud.salesforce.com\/dw\/image\/v2\/BDHT_PRD\/on\/demandware.static\/-\/Library-Sites-Kusmi_Shared\/default\/dwa0b1dbcf\/mediatags\/corondxmas24\/AQSU.jpg\" alt=\"Ingr\u00e9dients S\u00e9lection coffretinfusion24Ebio\" \/><\/td>\n<td style=\"width: 12.5%;\"><img decoding=\"async\" src=\"https:\/\/edge.disstg.commercecloud.salesforce.com\/dw\/image\/v2\/BDHT_PRD\/on\/demandware.static\/-\/Library-Sites-Kusmi_Shared\/default\/dw7ac3436c\/mediatags\/corondxmas24\/IMMU.jpg\" alt=\"Ingr\u00e9dients S\u00e9lection coffretinfusion24Ebio\" \/><\/td>\n<td style=\"width: 12.5%;\"><img decoding=\"async\" src=\"https:\/\/edge.disstg.commercecloud.salesforce.com\/dw\/image\/v2\/BDHT_PRD\/on\/demandware.static\/-\/Library-Sites-Kusmi_Shared\/default\/dw8464b4f6\/mediatags\/corondxmas24\/SOMM.jpg\" alt=\"Ingr\u00e9dients S\u00e9lection coffretinfusion24Ebio\" \/><\/td>\n<\/tr>\n<tr>\n<td style=\"width: 12.5%; text-align: center;\">\n<h3><strong>Tsarevna<\/strong><\/h3>\n<h4>Th\u00e9 noir bio, \u00e9pices de No\u00ebl<\/h4>\n<\/td>\n<td style=\"width: 12.5%; text-align: center;\">\n<h3><strong>Gl\u00f6gg<\/strong><\/h3>\n<h4>Tisane de No\u00ebl, hibiscus et \u00e9pices<\/h4>\n<\/td>\n<td style=\"width: 12.5%; text-align: center;\">\n<h3><strong>Anastasia<\/strong><\/h3>\n<h4>Th\u00e9 noir earl grey bio, citron<\/h4>\n<\/td>\n<td style=\"width: 12.5%; text-align: center;\">\n<div class=\"col-xs-6 col-sm-3 col-md ingredient text-center\">\n<h3><strong>Vert gingembre-citron<\/strong><\/h3>\n<h4>Th\u00e9 vert bio, gingembre, citron<\/h4>\n<p>&nbsp;<\/p>\n<\/div>\n<\/td>\n<td style=\"width: 12.5%; text-align: center;\">\n<h3><strong>AquaRosa<\/strong><\/h3>\n<h4>Tisane hibiscus, fruits rouges<\/h4>\n<\/td>\n<td style=\"width: 12.5%; text-align: center;\">\n<h3><strong>AquaSummer<\/strong><\/h3>\n<h4>Tisane hibiscus, p\u00eache, abricot<\/h4>\n<\/td>\n<td style=\"width: 12.5%; text-align: center;\">\n<div class=\"col-xs-6 col-sm-3 col-md ingredient text-center\">\n<h3><strong>Rituel D\u00e9fenses Immunitaires<\/strong><\/h3>\n<h4>Th\u00e9 vert, mat\u00e9 bio enrichis en vitamine C<\/h4>\n<p>&nbsp;<\/p>\n<\/div>\n<\/td>\n<td style=\"width: 12.5%; text-align: center;\">\n<h3><strong>Rituel Sommeil<\/strong><\/h3>\n<h4>Tisane pour dormir, d\u00e9licieuse et bio<\/h4>\n<\/td>\n<\/tr>\n<\/tbody>\n<\/table>\n","protected":false},"excerpt":{"rendered":"<p>Assortiment de 48 sachets mousseline de th\u00e9s et infusions aromatis\u00e9s Cet hiver, vous ne craindrez pas le froid en haut des pistes avec ce chaleureux coffret aux allures de pull de No\u00ebl ! Eclatant au pied du sapin, il fera fondre comme neige au soleil tous ceux que vous aimez, avec ses 8 d\u00e9licieuses recettes [&hellip;]<\/p>\n","protected":false},"featured_media":6784,"comment_status":"open","ping_status":"closed","template":"","meta":[],"product_cat":[321,112,113,71,60,226,67,64],"product_tag":[],"class_list":{"0":"post-6754","1":"product","2":"type-product","3":"status-publish","4":"has-post-thumbnail","6":"product_cat-boite-a-the","7":"product_cat-coffrets-cadeaux","8":"product_cat-coffrets-de-the-en-vrac","9":"product_cat-noel","10":"product_cat-promotions","11":"product_cat-rooibos","12":"product_cat-thes-noirs","13":"product_cat-thes-verts","15":"first","16":"outofstock","17":"sale","18":"shipping-taxable","19":"purchasable","20":"product-type-simple"},"yoast_head":"<!-- This site is optimized with the Yoast SEO plugin v26.6 - https:\/\/yoast.com\/wordpress\/plugins\/seo\/ -->\n<title>Coffret de No\u00ebl - Assortiment de th\u00e9s &amp; infusions en sachets - Kusmi Tea R\u00e9union<\/title>\n<meta name=\"robots\" content=\"index, follow, max-snippet:-1, max-image-preview:large, max-video-preview:-1\" \/>\n<link rel=\"canonical\" href=\"https:\/\/kusmitea.re\/index.php\/product\/coffret-de-noel-assortiment-de-thes-infusions-en-sachets\/\" \/>\n<meta property=\"og:locale\" content=\"fr_FR\" \/>\n<meta property=\"og:type\" content=\"article\" \/>\n<meta property=\"og:title\" content=\"Coffret de No\u00ebl - Assortiment de th\u00e9s &amp; infusions en sachets - Kusmi Tea R\u00e9union\" \/>\n<meta property=\"og:description\" content=\"Assortiment de 48 sachets mousseline de th\u00e9s et infusions aromatis\u00e9s Cet hiver, vous ne craindrez pas le froid en haut des pistes avec ce chaleureux coffret aux allures de pull de No\u00ebl ! Eclatant au pied du sapin, il fera fondre comme neige au soleil tous ceux que vous aimez, avec ses 8 d\u00e9licieuses recettes [&hellip;]\" \/>\n<meta property=\"og:url\" content=\"https:\/\/kusmitea.re\/index.php\/product\/coffret-de-noel-assortiment-de-thes-infusions-en-sachets\/\" \/>\n<meta property=\"og:site_name\" content=\"Kusmi Tea R\u00e9union\" \/>\n<meta property=\"article:publisher\" content=\"https:\/\/www.facebook.com\/p\/Kusmi-Tea-Runion-61571670075100\/\" \/>\n<meta property=\"article:modified_time\" content=\"2025-08-30T05:10:41+00:00\" \/>\n<meta property=\"og:image\" content=\"https:\/\/kusmitea.re\/wp-content\/uploads\/2025\/08\/186f9a79b8757e18cf6f53322c996f6bf0e9340a_CORONDXMAS2448EBIO_OUVERT.png\" \/>\n\t<meta property=\"og:image:width\" content=\"400\" \/>\n\t<meta property=\"og:image:height\" content=\"321\" \/>\n\t<meta property=\"og:image:type\" content=\"image\/png\" \/>\n<meta name=\"twitter:card\" content=\"summary_large_image\" \/>\n<meta name=\"twitter:label1\" content=\"Dur\u00e9e de lecture estim\u00e9e\" \/>\n\t<meta name=\"twitter:data1\" content=\"2 minutes\" \/>\n<script type=\"application\/ld+json\" class=\"yoast-schema-graph\">{\"@context\":\"https:\/\/schema.org\",\"@graph\":[{\"@type\":\"WebPage\",\"@id\":\"https:\/\/kusmitea.re\/index.php\/product\/coffret-de-noel-assortiment-de-thes-infusions-en-sachets\/\",\"url\":\"https:\/\/kusmitea.re\/index.php\/product\/coffret-de-noel-assortiment-de-thes-infusions-en-sachets\/\",\"name\":\"Coffret de No\u00ebl - Assortiment de th\u00e9s & infusions en sachets - Kusmi Tea R\u00e9union\",\"isPartOf\":{\"@id\":\"https:\/\/kusmitea.re\/#website\"},\"primaryImageOfPage\":{\"@id\":\"https:\/\/kusmitea.re\/index.php\/product\/coffret-de-noel-assortiment-de-thes-infusions-en-sachets\/#primaryimage\"},\"image\":{\"@id\":\"https:\/\/kusmitea.re\/index.php\/product\/coffret-de-noel-assortiment-de-thes-infusions-en-sachets\/#primaryimage\"},\"thumbnailUrl\":\"https:\/\/kusmitea.re\/wp-content\/uploads\/2025\/08\/186f9a79b8757e18cf6f53322c996f6bf0e9340a_CORONDXMAS2448EBIO_OUVERT.png\",\"datePublished\":\"2025-08-30T05:09:53+00:00\",\"dateModified\":\"2025-08-30T05:10:41+00:00\",\"breadcrumb\":{\"@id\":\"https:\/\/kusmitea.re\/index.php\/product\/coffret-de-noel-assortiment-de-thes-infusions-en-sachets\/#breadcrumb\"},\"inLanguage\":\"fr-FR\",\"potentialAction\":[{\"@type\":\"ReadAction\",\"target\":[\"https:\/\/kusmitea.re\/index.php\/product\/coffret-de-noel-assortiment-de-thes-infusions-en-sachets\/\"]}]},{\"@type\":\"ImageObject\",\"inLanguage\":\"fr-FR\",\"@id\":\"https:\/\/kusmitea.re\/index.php\/product\/coffret-de-noel-assortiment-de-thes-infusions-en-sachets\/#primaryimage\",\"url\":\"https:\/\/kusmitea.re\/wp-content\/uploads\/2025\/08\/186f9a79b8757e18cf6f53322c996f6bf0e9340a_CORONDXMAS2448EBIO_OUVERT.png\",\"contentUrl\":\"https:\/\/kusmitea.re\/wp-content\/uploads\/2025\/08\/186f9a79b8757e18cf6f53322c996f6bf0e9340a_CORONDXMAS2448EBIO_OUVERT.png\",\"width\":400,\"height\":321},{\"@type\":\"BreadcrumbList\",\"@id\":\"https:\/\/kusmitea.re\/index.php\/product\/coffret-de-noel-assortiment-de-thes-infusions-en-sachets\/#breadcrumb\",\"itemListElement\":[{\"@type\":\"ListItem\",\"position\":1,\"name\":\"Accueil\",\"item\":\"https:\/\/kusmitea.re\/\"},{\"@type\":\"ListItem\",\"position\":2,\"name\":\"Boutique\",\"item\":\"https:\/\/kusmitea.re\/index.php\/shop\/\"},{\"@type\":\"ListItem\",\"position\":3,\"name\":\"Coffret de No\u00ebl &#8211; Assortiment de th\u00e9s &#038; infusions en sachets\"}]},{\"@type\":\"WebSite\",\"@id\":\"https:\/\/kusmitea.re\/#website\",\"url\":\"https:\/\/kusmitea.re\/\",\"name\":\"Kusmi Tea R\u00e9union\",\"description\":\"\",\"publisher\":{\"@id\":\"https:\/\/kusmitea.re\/#organization\"},\"potentialAction\":[{\"@type\":\"SearchAction\",\"target\":{\"@type\":\"EntryPoint\",\"urlTemplate\":\"https:\/\/kusmitea.re\/?s={search_term_string}\"},\"query-input\":{\"@type\":\"PropertyValueSpecification\",\"valueRequired\":true,\"valueName\":\"search_term_string\"}}],\"inLanguage\":\"fr-FR\"},{\"@type\":\"Organization\",\"@id\":\"https:\/\/kusmitea.re\/#organization\",\"name\":\"Kusmi Tea R\u00e9union\",\"url\":\"https:\/\/kusmitea.re\/\",\"logo\":{\"@type\":\"ImageObject\",\"inLanguage\":\"fr-FR\",\"@id\":\"https:\/\/kusmitea.re\/#\/schema\/logo\/image\/\",\"url\":\"https:\/\/kusmitea.re\/wp-content\/uploads\/2023\/05\/cropped-logo.webp\",\"contentUrl\":\"https:\/\/kusmitea.re\/wp-content\/uploads\/2023\/05\/cropped-logo.webp\",\"width\":469,\"height\":141,\"caption\":\"Kusmi Tea R\u00e9union\"},\"image\":{\"@id\":\"https:\/\/kusmitea.re\/#\/schema\/logo\/image\/\"},\"sameAs\":[\"https:\/\/www.facebook.com\/p\/Kusmi-Tea-Runion-61571670075100\/\",\"https:\/\/www.instagram.com\/kusmiteare\/\"]}]}<\/script>\n<!-- \/ Yoast SEO plugin. -->","yoast_head_json":{"title":"Coffret de No\u00ebl - Assortiment de th\u00e9s & infusions en sachets - Kusmi Tea R\u00e9union","robots":{"index":"index","follow":"follow","max-snippet":"max-snippet:-1","max-image-preview":"max-image-preview:large","max-video-preview":"max-video-preview:-1"},"canonical":"https:\/\/kusmitea.re\/index.php\/product\/coffret-de-noel-assortiment-de-thes-infusions-en-sachets\/","og_locale":"fr_FR","og_type":"article","og_title":"Coffret de No\u00ebl - Assortiment de th\u00e9s & infusions en sachets - Kusmi Tea R\u00e9union","og_description":"Assortiment de 48 sachets mousseline de th\u00e9s et infusions aromatis\u00e9s Cet hiver, vous ne craindrez pas le froid en haut des pistes avec ce chaleureux coffret aux allures de pull de No\u00ebl ! Eclatant au pied du sapin, il fera fondre comme neige au soleil tous ceux que vous aimez, avec ses 8 d\u00e9licieuses recettes [&hellip;]","og_url":"https:\/\/kusmitea.re\/index.php\/product\/coffret-de-noel-assortiment-de-thes-infusions-en-sachets\/","og_site_name":"Kusmi Tea R\u00e9union","article_publisher":"https:\/\/www.facebook.com\/p\/Kusmi-Tea-Runion-61571670075100\/","article_modified_time":"2025-08-30T05:10:41+00:00","og_image":[{"width":400,"height":321,"url":"https:\/\/kusmitea.re\/wp-content\/uploads\/2025\/08\/186f9a79b8757e18cf6f53322c996f6bf0e9340a_CORONDXMAS2448EBIO_OUVERT.png","type":"image\/png"}],"twitter_card":"summary_large_image","twitter_misc":{"Dur\u00e9e de lecture estim\u00e9e":"2 minutes"},"schema":{"@context":"https:\/\/schema.org","@graph":[{"@type":"WebPage","@id":"https:\/\/kusmitea.re\/index.php\/product\/coffret-de-noel-assortiment-de-thes-infusions-en-sachets\/","url":"https:\/\/kusmitea.re\/index.php\/product\/coffret-de-noel-assortiment-de-thes-infusions-en-sachets\/","name":"Coffret de No\u00ebl - Assortiment de th\u00e9s & infusions en sachets - Kusmi Tea R\u00e9union","isPartOf":{"@id":"https:\/\/kusmitea.re\/#website"},"primaryImageOfPage":{"@id":"https:\/\/kusmitea.re\/index.php\/product\/coffret-de-noel-assortiment-de-thes-infusions-en-sachets\/#primaryimage"},"image":{"@id":"https:\/\/kusmitea.re\/index.php\/product\/coffret-de-noel-assortiment-de-thes-infusions-en-sachets\/#primaryimage"},"thumbnailUrl":"https:\/\/kusmitea.re\/wp-content\/uploads\/2025\/08\/186f9a79b8757e18cf6f53322c996f6bf0e9340a_CORONDXMAS2448EBIO_OUVERT.png","datePublished":"2025-08-30T05:09:53+00:00","dateModified":"2025-08-30T05:10:41+00:00","breadcrumb":{"@id":"https:\/\/kusmitea.re\/index.php\/product\/coffret-de-noel-assortiment-de-thes-infusions-en-sachets\/#breadcrumb"},"inLanguage":"fr-FR","potentialAction":[{"@type":"ReadAction","target":["https:\/\/kusmitea.re\/index.php\/product\/coffret-de-noel-assortiment-de-thes-infusions-en-sachets\/"]}]},{"@type":"ImageObject","inLanguage":"fr-FR","@id":"https:\/\/kusmitea.re\/index.php\/product\/coffret-de-noel-assortiment-de-thes-infusions-en-sachets\/#primaryimage","url":"https:\/\/kusmitea.re\/wp-content\/uploads\/2025\/08\/186f9a79b8757e18cf6f53322c996f6bf0e9340a_CORONDXMAS2448EBIO_OUVERT.png","contentUrl":"https:\/\/kusmitea.re\/wp-content\/uploads\/2025\/08\/186f9a79b8757e18cf6f53322c996f6bf0e9340a_CORONDXMAS2448EBIO_OUVERT.png","width":400,"height":321},{"@type":"BreadcrumbList","@id":"https:\/\/kusmitea.re\/index.php\/product\/coffret-de-noel-assortiment-de-thes-infusions-en-sachets\/#breadcrumb","itemListElement":[{"@type":"ListItem","position":1,"name":"Accueil","item":"https:\/\/kusmitea.re\/"},{"@type":"ListItem","position":2,"name":"Boutique","item":"https:\/\/kusmitea.re\/index.php\/shop\/"},{"@type":"ListItem","position":3,"name":"Coffret de No\u00ebl &#8211; Assortiment de th\u00e9s &#038; infusions en sachets"}]},{"@type":"WebSite","@id":"https:\/\/kusmitea.re\/#website","url":"https:\/\/kusmitea.re\/","name":"Kusmi Tea R\u00e9union","description":"","publisher":{"@id":"https:\/\/kusmitea.re\/#organization"},"potentialAction":[{"@type":"SearchAction","target":{"@type":"EntryPoint","urlTemplate":"https:\/\/kusmitea.re\/?s={search_term_string}"},"query-input":{"@type":"PropertyValueSpecification","valueRequired":true,"valueName":"search_term_string"}}],"inLanguage":"fr-FR"},{"@type":"Organization","@id":"https:\/\/kusmitea.re\/#organization","name":"Kusmi Tea R\u00e9union","url":"https:\/\/kusmitea.re\/","logo":{"@type":"ImageObject","inLanguage":"fr-FR","@id":"https:\/\/kusmitea.re\/#\/schema\/logo\/image\/","url":"https:\/\/kusmitea.re\/wp-content\/uploads\/2023\/05\/cropped-logo.webp","contentUrl":"https:\/\/kusmitea.re\/wp-content\/uploads\/2023\/05\/cropped-logo.webp","width":469,"height":141,"caption":"Kusmi Tea R\u00e9union"},"image":{"@id":"https:\/\/kusmitea.re\/#\/schema\/logo\/image\/"},"sameAs":["https:\/\/www.facebook.com\/p\/Kusmi-Tea-Runion-61571670075100\/","https:\/\/www.instagram.com\/kusmiteare\/"]}]}},"jetpack_sharing_enabled":true,"_links":{"self":[{"href":"https:\/\/kusmitea.re\/index.php\/wp-json\/wp\/v2\/product\/6754","targetHints":{"allow":["GET"]}}],"collection":[{"href":"https:\/\/kusmitea.re\/index.php\/wp-json\/wp\/v2\/product"}],"about":[{"href":"https:\/\/kusmitea.re\/index.php\/wp-json\/wp\/v2\/types\/product"}],"replies":[{"embeddable":true,"href":"https:\/\/kusmitea.re\/index.php\/wp-json\/wp\/v2\/comments?post=6754"}],"version-history":[{"count":0,"href":"https:\/\/kusmitea.re\/index.php\/wp-json\/wp\/v2\/product\/6754\/revisions"}],"wp:featuredmedia":[{"embeddable":true,"href":"https:\/\/kusmitea.re\/index.php\/wp-json\/wp\/v2\/media\/6784"}],"wp:attachment":[{"href":"https:\/\/kusmitea.re\/index.php\/wp-json\/wp\/v2\/media?parent=6754"}],"wp:term":[{"taxonomy":"product_cat","embeddable":true,"href":"https:\/\/kusmitea.re\/index.php\/wp-json\/wp\/v2\/product_cat?post=6754"},{"taxonomy":"product_tag","embeddable":true,"href":"https:\/\/kusmitea.re\/index.php\/wp-json\/wp\/v2\/product_tag?post=6754"}],"curies":[{"name":"wp","href":"https:\/\/api.w.org\/{rel}","templated":true}]}}