{"id":6753,"date":"2025-08-30T07:09:53","date_gmt":"2025-08-30T05:09:53","guid":{"rendered":"https:\/\/kusmitea.re\/?post_type=product&#038;p=6753"},"modified":"2025-11-19T06:59:25","modified_gmt":"2025-11-19T05:59:25","slug":"selection-alain-ducasse-the-vert-et-noir-rose-framboise","status":"publish","type":"product","link":"https:\/\/kusmitea.re\/index.php\/product\/selection-alain-ducasse-the-vert-et-noir-rose-framboise\/","title":{"rendered":"S\u00e9lection Alain Ducasse &#8211; Th\u00e9 vert et noir rose-framboise"},"content":{"rendered":"<h2 class=\"c-section-divider\">M\u00e9lange de th\u00e9 vert et de th\u00e9 noir aux ar\u00f4mes naturels de framboise et rose<\/h2>\n<div class=\"col-xs-12 value content c-read-more c-read-more--inline m-pdp__expandable-section\" data-initialized=\"true\" data-expanded=\"true\">\n<p>Un th\u00e9 de No\u00ebl bio en \u00e9dition limit\u00e9e sign\u00e9 Kusmi Tea et Alain Ducasse, aux notes fruit\u00e9es et fleuries de rose et de framboise.<\/p>\n<p>Pour c\u00e9l\u00e9brer les festivit\u00e9s de fin d\u2019ann\u00e9e, Kusmi Tea et Alain Ducasse s\u2019unissent pour d\u00e9voiler leur th\u00e9 de No\u00ebl en \u00e9dition limit\u00e9e et vous offrir une exp\u00e9rience de d\u00e9gustation unique. Dans cette jolie bo\u00eete rouge, vous d\u00e9couvrirez une d\u00e9clinaison de la recette iconique Kusmi Tea x Alain Ducasse. Les notes d\u00e9licates de rose et de framboise fusionnent avec un assemblage exclusif de th\u00e9 vert bio Long Jing et de th\u00e9 noir bio Assam Chardwar, cr\u00e9ant ainsi un cadeau d\u2019exception.<\/p>\n<p>Originaire de la province du Zhejiang en Chine, le th\u00e9 vert Long Jing est cultiv\u00e9 sur un sol aux caract\u00e9ristiques uniques qui lui conf\u00e8rent son go\u00fbt raffin\u00e9. Le th\u00e9 noir Assam Chardwar, originaire d\u2019Inde, apporte une profondeur et une richesse au m\u00e9lange gr\u00e2ce \u00e0 ses d\u00e9licates notes malt\u00e9es.<\/p>\n<p>Fruit de notre collaboration avec Alain Ducasse, ce th\u00e9 de No\u00ebl \u00e0 la rose et \u00e0 la framboise ajoutera une touche d\u2019\u00e9l\u00e9gance \u00e0 vos f\u00eates de fin d&rsquo;ann\u00e9e !<\/p>\n<\/div>\n<div class=\"m-pdp__details description col-xs-12 value content\">\n<h3 class=\"c-section-divider\">Ingr\u00e9dients<\/h3>\n<div class=\"c-read-more c-read-more--inline m-pdp__expandable-section\"><span class=\"c-read-more__content\">Th\u00e9 vert* (52%), th\u00e9 noir* (40%), ar\u00f4me naturel de framboise*(7%), ar\u00f4me naturel de rose *Produit issu de l&rsquo;agriculture biologique<\/span><\/div>\n<div>\n<table style=\"border-collapse: collapse; width: 100%;\">\n<tbody>\n<tr>\n<td style=\"width: 25%;\"><img decoding=\"async\" class=\"lazyloaded aligncenter\" src=\"https:\/\/edge.disstg.commercecloud.salesforce.com\/dw\/image\/v2\/BDHT_PRD\/on\/demandware.static\/-\/Library-Sites-Kusmi_Shared\/default\/dw6bfd511c\/images\/ingredients\/ING026.jpg?sw=120\" srcset=\"https:\/\/edge.disstg.commercecloud.salesforce.com\/dw\/image\/v2\/BDHT_PRD\/on\/demandware.static\/-\/Library-Sites-Kusmi_Shared\/default\/dw6bfd511c\/images\/ingredients\/ING026.jpg?sw=120 1x,https:\/\/edge.disstg.commercecloud.salesforce.com\/dw\/image\/v2\/BDHT_PRD\/on\/demandware.static\/-\/Library-Sites-Kusmi_Shared\/default\/dw6bfd511c\/images\/ingredients\/ING026.jpg?sw=240 2x,https:\/\/edge.disstg.commercecloud.salesforce.com\/dw\/image\/v2\/BDHT_PRD\/on\/demandware.static\/-\/Library-Sites-Kusmi_Shared\/default\/dw6bfd511c\/images\/ingredients\/ING026.jpg?sw=360 3x\" alt=\"Framboise (ar\u00f4me naturel)\" data-src=\"https:\/\/edge.disstg.commercecloud.salesforce.com\/dw\/image\/v2\/BDHT_PRD\/on\/demandware.static\/-\/Library-Sites-Kusmi_Shared\/default\/dw6bfd511c\/images\/ingredients\/ING026.jpg?sw=120\" data-srcset=\"https:\/\/edge.disstg.commercecloud.salesforce.com\/dw\/image\/v2\/BDHT_PRD\/on\/demandware.static\/-\/Library-Sites-Kusmi_Shared\/default\/dw6bfd511c\/images\/ingredients\/ING026.jpg?sw=120 1x,https:\/\/edge.disstg.commercecloud.salesforce.com\/dw\/image\/v2\/BDHT_PRD\/on\/demandware.static\/-\/Library-Sites-Kusmi_Shared\/default\/dw6bfd511c\/images\/ingredients\/ING026.jpg?sw=240 2x,https:\/\/edge.disstg.commercecloud.salesforce.com\/dw\/image\/v2\/BDHT_PRD\/on\/demandware.static\/-\/Library-Sites-Kusmi_Shared\/default\/dw6bfd511c\/images\/ingredients\/ING026.jpg?sw=360 3x\" \/><\/td>\n<td style=\"width: 25%;\"><img decoding=\"async\" class=\"lazyloaded aligncenter\" src=\"https:\/\/edge.disstg.commercecloud.salesforce.com\/dw\/image\/v2\/BDHT_PRD\/on\/demandware.static\/-\/Library-Sites-Kusmi_Shared\/default\/dwcc862b6e\/images\/ingredients\/ING068.jpg?sw=120\" srcset=\"https:\/\/edge.disstg.commercecloud.salesforce.com\/dw\/image\/v2\/BDHT_PRD\/on\/demandware.static\/-\/Library-Sites-Kusmi_Shared\/default\/dwcc862b6e\/images\/ingredients\/ING068.jpg?sw=120 1x,https:\/\/edge.disstg.commercecloud.salesforce.com\/dw\/image\/v2\/BDHT_PRD\/on\/demandware.static\/-\/Library-Sites-Kusmi_Shared\/default\/dwcc862b6e\/images\/ingredients\/ING068.jpg?sw=240 2x,https:\/\/edge.disstg.commercecloud.salesforce.com\/dw\/image\/v2\/BDHT_PRD\/on\/demandware.static\/-\/Library-Sites-Kusmi_Shared\/default\/dwcc862b6e\/images\/ingredients\/ING068.jpg?sw=360 3x\" alt=\"Rose (ar\u00f4me naturel)\" data-src=\"https:\/\/edge.disstg.commercecloud.salesforce.com\/dw\/image\/v2\/BDHT_PRD\/on\/demandware.static\/-\/Library-Sites-Kusmi_Shared\/default\/dwcc862b6e\/images\/ingredients\/ING068.jpg?sw=120\" data-srcset=\"https:\/\/edge.disstg.commercecloud.salesforce.com\/dw\/image\/v2\/BDHT_PRD\/on\/demandware.static\/-\/Library-Sites-Kusmi_Shared\/default\/dwcc862b6e\/images\/ingredients\/ING068.jpg?sw=120 1x,https:\/\/edge.disstg.commercecloud.salesforce.com\/dw\/image\/v2\/BDHT_PRD\/on\/demandware.static\/-\/Library-Sites-Kusmi_Shared\/default\/dwcc862b6e\/images\/ingredients\/ING068.jpg?sw=240 2x,https:\/\/edge.disstg.commercecloud.salesforce.com\/dw\/image\/v2\/BDHT_PRD\/on\/demandware.static\/-\/Library-Sites-Kusmi_Shared\/default\/dwcc862b6e\/images\/ingredients\/ING068.jpg?sw=360 3x\" \/><\/td>\n<td style=\"width: 25%;\"><img decoding=\"async\" class=\"lazyloaded aligncenter\" src=\"https:\/\/edge.disstg.commercecloud.salesforce.com\/dw\/image\/v2\/BDHT_PRD\/on\/demandware.static\/-\/Library-Sites-Kusmi_Shared\/default\/dwe4f53b0f\/images\/ingredients\/ING080.jpg?sw=120\" srcset=\"https:\/\/edge.disstg.commercecloud.salesforce.com\/dw\/image\/v2\/BDHT_PRD\/on\/demandware.static\/-\/Library-Sites-Kusmi_Shared\/default\/dwe4f53b0f\/images\/ingredients\/ING080.jpg?sw=120 1x,https:\/\/edge.disstg.commercecloud.salesforce.com\/dw\/image\/v2\/BDHT_PRD\/on\/demandware.static\/-\/Library-Sites-Kusmi_Shared\/default\/dwe4f53b0f\/images\/ingredients\/ING080.jpg?sw=240 2x,https:\/\/edge.disstg.commercecloud.salesforce.com\/dw\/image\/v2\/BDHT_PRD\/on\/demandware.static\/-\/Library-Sites-Kusmi_Shared\/default\/dwe4f53b0f\/images\/ingredients\/ING080.jpg?sw=360 3x\" alt=\"Th\u00e9 noir\" data-src=\"https:\/\/edge.disstg.commercecloud.salesforce.com\/dw\/image\/v2\/BDHT_PRD\/on\/demandware.static\/-\/Library-Sites-Kusmi_Shared\/default\/dwe4f53b0f\/images\/ingredients\/ING080.jpg?sw=120\" data-srcset=\"https:\/\/edge.disstg.commercecloud.salesforce.com\/dw\/image\/v2\/BDHT_PRD\/on\/demandware.static\/-\/Library-Sites-Kusmi_Shared\/default\/dwe4f53b0f\/images\/ingredients\/ING080.jpg?sw=120 1x,https:\/\/edge.disstg.commercecloud.salesforce.com\/dw\/image\/v2\/BDHT_PRD\/on\/demandware.static\/-\/Library-Sites-Kusmi_Shared\/default\/dwe4f53b0f\/images\/ingredients\/ING080.jpg?sw=240 2x,https:\/\/edge.disstg.commercecloud.salesforce.com\/dw\/image\/v2\/BDHT_PRD\/on\/demandware.static\/-\/Library-Sites-Kusmi_Shared\/default\/dwe4f53b0f\/images\/ingredients\/ING080.jpg?sw=360 3x\" \/><\/td>\n<td style=\"width: 25%;\"><img decoding=\"async\" class=\"lazyloaded aligncenter\" src=\"https:\/\/edge.disstg.commercecloud.salesforce.com\/dw\/image\/v2\/BDHT_PRD\/on\/demandware.static\/-\/Library-Sites-Kusmi_Shared\/default\/dw99977fab\/images\/ingredients\/PIC502.jpg?sw=120\" srcset=\"https:\/\/edge.disstg.commercecloud.salesforce.com\/dw\/image\/v2\/BDHT_PRD\/on\/demandware.static\/-\/Library-Sites-Kusmi_Shared\/default\/dw99977fab\/images\/ingredients\/PIC502.jpg?sw=120 1x,https:\/\/edge.disstg.commercecloud.salesforce.com\/dw\/image\/v2\/BDHT_PRD\/on\/demandware.static\/-\/Library-Sites-Kusmi_Shared\/default\/dw99977fab\/images\/ingredients\/PIC502.jpg?sw=240 2x,https:\/\/edge.disstg.commercecloud.salesforce.com\/dw\/image\/v2\/BDHT_PRD\/on\/demandware.static\/-\/Library-Sites-Kusmi_Shared\/default\/dw99977fab\/images\/ingredients\/PIC502.jpg?sw=360 3x\" alt=\"Th\u00e9 vert\" data-src=\"https:\/\/edge.disstg.commercecloud.salesforce.com\/dw\/image\/v2\/BDHT_PRD\/on\/demandware.static\/-\/Library-Sites-Kusmi_Shared\/default\/dw99977fab\/images\/ingredients\/PIC502.jpg?sw=120\" data-srcset=\"https:\/\/edge.disstg.commercecloud.salesforce.com\/dw\/image\/v2\/BDHT_PRD\/on\/demandware.static\/-\/Library-Sites-Kusmi_Shared\/default\/dw99977fab\/images\/ingredients\/PIC502.jpg?sw=120 1x,https:\/\/edge.disstg.commercecloud.salesforce.com\/dw\/image\/v2\/BDHT_PRD\/on\/demandware.static\/-\/Library-Sites-Kusmi_Shared\/default\/dw99977fab\/images\/ingredients\/PIC502.jpg?sw=240 2x,https:\/\/edge.disstg.commercecloud.salesforce.com\/dw\/image\/v2\/BDHT_PRD\/on\/demandware.static\/-\/Library-Sites-Kusmi_Shared\/default\/dw99977fab\/images\/ingredients\/PIC502.jpg?sw=360 3x\" \/><\/td>\n<\/tr>\n<tr>\n<td style=\"width: 25%; text-align: center;\"><strong>Framboise (ar\u00f4me naturel)<\/strong><\/td>\n<td style=\"width: 25%; text-align: center;\"><strong>Rose (ar\u00f4me naturel)<\/strong><\/td>\n<td style=\"width: 25%; text-align: center;\"><strong>Th\u00e9 noir<\/strong><\/td>\n<td style=\"width: 25%; text-align: center;\"><strong>Th\u00e9 vert<\/strong><\/td>\n<\/tr>\n<\/tbody>\n<\/table>\n<\/div>\n<p>&nbsp;<\/p>\n<\/div>\n<div class=\"m-pdp__informative-icons ms-row center-xs\">\n<div>\n<table style=\"border-collapse: collapse; width: 100%;\">\n<tbody>\n<tr>\n<td style=\"width: 50%;\"><img decoding=\"async\" class=\"svg-icon icon-time-compass aligncenter\" src=\"https:\/\/www.kusmitea.com\/on\/demandware.static\/Sites-Kusmi_FR-Site\/-\/default\/dwdb3af26a\/images\/svg\/icon-time-compass.svg\" alt=\"Temps d'infusion\" width=\"70\" height=\"78\" \/><\/td>\n<td style=\"width: 50%;\"><img decoding=\"async\" class=\"svg-icon icon-temp aligncenter\" src=\"https:\/\/www.kusmitea.com\/on\/demandware.static\/Sites-Kusmi_FR-Site\/-\/default\/dw8b3ff15a\/images\/svg\/icon-temp.svg\" alt=\"Temp\u00e9rature d'infusion\" width=\"70\" height=\"70\" \/><\/td>\n<\/tr>\n<tr>\n<td style=\"width: 50%;\">\n<p style=\"text-align: center;\"><span class=\"m-pdp__informative-title color--dark-grey\">Temps d&rsquo;infusion<\/span><\/p>\n<p style=\"text-align: center;\"><span class=\"m-pdp__informative-value color--dark-grey font--lato-bold\">3- 4&prime;<\/span><\/p>\n<\/td>\n<td style=\"width: 50%;\">\n<p style=\"text-align: center;\"><span class=\"m-pdp__informative-title color--dark-grey\">Temp\u00e9rature d&rsquo;infusion<\/span><\/p>\n<p style=\"text-align: center;\"><span class=\"m-pdp__informative-value color--dark-grey font--lato-bold\">75 \u00b0C<\/span><\/p>\n<\/td>\n<\/tr>\n<\/tbody>\n<\/table>\n<\/div>\n<\/div>\n","protected":false},"excerpt":{"rendered":"<p>M\u00e9lange de th\u00e9 vert et de th\u00e9 noir aux ar\u00f4mes naturels de framboise et rose Un th\u00e9 de No\u00ebl bio en \u00e9dition limit\u00e9e sign\u00e9 Kusmi Tea et Alain Ducasse, aux notes fruit\u00e9es et fleuries de rose et de framboise. Pour c\u00e9l\u00e9brer les festivit\u00e9s de fin d\u2019ann\u00e9e, Kusmi Tea et Alain Ducasse s\u2019unissent pour d\u00e9voiler leur [&hellip;]<\/p>\n","protected":false},"featured_media":6783,"comment_status":"open","ping_status":"closed","template":"","meta":[],"product_cat":[113,60,67,64],"product_tag":[],"class_list":{"0":"post-6753","1":"product","2":"type-product","3":"status-publish","4":"has-post-thumbnail","6":"product_cat-coffrets-de-the-en-vrac","7":"product_cat-promotions","8":"product_cat-thes-noirs","9":"product_cat-thes-verts","11":"first","12":"instock","13":"sale","14":"shipping-taxable","15":"purchasable","16":"product-type-simple"},"yoast_head":"<!-- This site is optimized with the Yoast SEO plugin v26.6 - https:\/\/yoast.com\/wordpress\/plugins\/seo\/ -->\n<title>S\u00e9lection Alain Ducasse - Th\u00e9 vert et noir rose-framboise - Kusmi Tea R\u00e9union<\/title>\n<meta name=\"robots\" content=\"index, follow, max-snippet:-1, max-image-preview:large, max-video-preview:-1\" \/>\n<link rel=\"canonical\" href=\"https:\/\/kusmitea.re\/index.php\/product\/selection-alain-ducasse-the-vert-et-noir-rose-framboise\/\" \/>\n<meta property=\"og:locale\" content=\"fr_FR\" \/>\n<meta property=\"og:type\" content=\"article\" \/>\n<meta property=\"og:title\" content=\"S\u00e9lection Alain Ducasse - Th\u00e9 vert et noir rose-framboise - Kusmi Tea R\u00e9union\" \/>\n<meta property=\"og:description\" content=\"M\u00e9lange de th\u00e9 vert et de th\u00e9 noir aux ar\u00f4mes naturels de framboise et rose Un th\u00e9 de No\u00ebl bio en \u00e9dition limit\u00e9e sign\u00e9 Kusmi Tea et Alain Ducasse, aux notes fruit\u00e9es et fleuries de rose et de framboise. Pour c\u00e9l\u00e9brer les festivit\u00e9s de fin d\u2019ann\u00e9e, Kusmi Tea et Alain Ducasse s\u2019unissent pour d\u00e9voiler leur [&hellip;]\" \/>\n<meta property=\"og:url\" content=\"https:\/\/kusmitea.re\/index.php\/product\/selection-alain-ducasse-the-vert-et-noir-rose-framboise\/\" \/>\n<meta property=\"og:site_name\" content=\"Kusmi Tea R\u00e9union\" \/>\n<meta property=\"article:publisher\" content=\"https:\/\/www.facebook.com\/p\/Kusmi-Tea-Runion-61571670075100\/\" \/>\n<meta property=\"article:modified_time\" content=\"2025-11-19T05:59:25+00:00\" \/>\n<meta property=\"og:image\" content=\"https:\/\/kusmitea.re\/wp-content\/uploads\/2025\/08\/a26a3bcd8f2ff6e06758deeeb1359fbaa5fe7fe0_DUCASSEXMAS24120BIO__1_.png\" \/>\n\t<meta property=\"og:image:width\" content=\"400\" \/>\n\t<meta property=\"og:image:height\" content=\"482\" \/>\n\t<meta property=\"og:image:type\" content=\"image\/png\" \/>\n<meta name=\"twitter:card\" content=\"summary_large_image\" \/>\n<meta name=\"twitter:label1\" content=\"Dur\u00e9e de lecture estim\u00e9e\" \/>\n\t<meta name=\"twitter:data1\" content=\"3 minutes\" \/>\n<script type=\"application\/ld+json\" class=\"yoast-schema-graph\">{\"@context\":\"https:\/\/schema.org\",\"@graph\":[{\"@type\":\"WebPage\",\"@id\":\"https:\/\/kusmitea.re\/index.php\/product\/selection-alain-ducasse-the-vert-et-noir-rose-framboise\/\",\"url\":\"https:\/\/kusmitea.re\/index.php\/product\/selection-alain-ducasse-the-vert-et-noir-rose-framboise\/\",\"name\":\"S\u00e9lection Alain Ducasse - Th\u00e9 vert et noir rose-framboise - Kusmi Tea R\u00e9union\",\"isPartOf\":{\"@id\":\"https:\/\/kusmitea.re\/#website\"},\"primaryImageOfPage\":{\"@id\":\"https:\/\/kusmitea.re\/index.php\/product\/selection-alain-ducasse-the-vert-et-noir-rose-framboise\/#primaryimage\"},\"image\":{\"@id\":\"https:\/\/kusmitea.re\/index.php\/product\/selection-alain-ducasse-the-vert-et-noir-rose-framboise\/#primaryimage\"},\"thumbnailUrl\":\"https:\/\/kusmitea.re\/wp-content\/uploads\/2025\/08\/a26a3bcd8f2ff6e06758deeeb1359fbaa5fe7fe0_DUCASSEXMAS24120BIO__1_.png\",\"datePublished\":\"2025-08-30T05:09:53+00:00\",\"dateModified\":\"2025-11-19T05:59:25+00:00\",\"breadcrumb\":{\"@id\":\"https:\/\/kusmitea.re\/index.php\/product\/selection-alain-ducasse-the-vert-et-noir-rose-framboise\/#breadcrumb\"},\"inLanguage\":\"fr-FR\",\"potentialAction\":[{\"@type\":\"ReadAction\",\"target\":[\"https:\/\/kusmitea.re\/index.php\/product\/selection-alain-ducasse-the-vert-et-noir-rose-framboise\/\"]}]},{\"@type\":\"ImageObject\",\"inLanguage\":\"fr-FR\",\"@id\":\"https:\/\/kusmitea.re\/index.php\/product\/selection-alain-ducasse-the-vert-et-noir-rose-framboise\/#primaryimage\",\"url\":\"https:\/\/kusmitea.re\/wp-content\/uploads\/2025\/08\/a26a3bcd8f2ff6e06758deeeb1359fbaa5fe7fe0_DUCASSEXMAS24120BIO__1_.png\",\"contentUrl\":\"https:\/\/kusmitea.re\/wp-content\/uploads\/2025\/08\/a26a3bcd8f2ff6e06758deeeb1359fbaa5fe7fe0_DUCASSEXMAS24120BIO__1_.png\",\"width\":400,\"height\":482},{\"@type\":\"BreadcrumbList\",\"@id\":\"https:\/\/kusmitea.re\/index.php\/product\/selection-alain-ducasse-the-vert-et-noir-rose-framboise\/#breadcrumb\",\"itemListElement\":[{\"@type\":\"ListItem\",\"position\":1,\"name\":\"Accueil\",\"item\":\"https:\/\/kusmitea.re\/\"},{\"@type\":\"ListItem\",\"position\":2,\"name\":\"Boutique\",\"item\":\"https:\/\/kusmitea.re\/index.php\/shop\/\"},{\"@type\":\"ListItem\",\"position\":3,\"name\":\"S\u00e9lection Alain Ducasse &#8211; Th\u00e9 vert et noir rose-framboise\"}]},{\"@type\":\"WebSite\",\"@id\":\"https:\/\/kusmitea.re\/#website\",\"url\":\"https:\/\/kusmitea.re\/\",\"name\":\"Kusmi Tea R\u00e9union\",\"description\":\"\",\"publisher\":{\"@id\":\"https:\/\/kusmitea.re\/#organization\"},\"potentialAction\":[{\"@type\":\"SearchAction\",\"target\":{\"@type\":\"EntryPoint\",\"urlTemplate\":\"https:\/\/kusmitea.re\/?s={search_term_string}\"},\"query-input\":{\"@type\":\"PropertyValueSpecification\",\"valueRequired\":true,\"valueName\":\"search_term_string\"}}],\"inLanguage\":\"fr-FR\"},{\"@type\":\"Organization\",\"@id\":\"https:\/\/kusmitea.re\/#organization\",\"name\":\"Kusmi Tea R\u00e9union\",\"url\":\"https:\/\/kusmitea.re\/\",\"logo\":{\"@type\":\"ImageObject\",\"inLanguage\":\"fr-FR\",\"@id\":\"https:\/\/kusmitea.re\/#\/schema\/logo\/image\/\",\"url\":\"https:\/\/kusmitea.re\/wp-content\/uploads\/2023\/05\/cropped-logo.webp\",\"contentUrl\":\"https:\/\/kusmitea.re\/wp-content\/uploads\/2023\/05\/cropped-logo.webp\",\"width\":469,\"height\":141,\"caption\":\"Kusmi Tea R\u00e9union\"},\"image\":{\"@id\":\"https:\/\/kusmitea.re\/#\/schema\/logo\/image\/\"},\"sameAs\":[\"https:\/\/www.facebook.com\/p\/Kusmi-Tea-Runion-61571670075100\/\",\"https:\/\/www.instagram.com\/kusmiteare\/\"]}]}<\/script>\n<!-- \/ Yoast SEO plugin. -->","yoast_head_json":{"title":"S\u00e9lection Alain Ducasse - Th\u00e9 vert et noir rose-framboise - Kusmi Tea R\u00e9union","robots":{"index":"index","follow":"follow","max-snippet":"max-snippet:-1","max-image-preview":"max-image-preview:large","max-video-preview":"max-video-preview:-1"},"canonical":"https:\/\/kusmitea.re\/index.php\/product\/selection-alain-ducasse-the-vert-et-noir-rose-framboise\/","og_locale":"fr_FR","og_type":"article","og_title":"S\u00e9lection Alain Ducasse - Th\u00e9 vert et noir rose-framboise - Kusmi Tea R\u00e9union","og_description":"M\u00e9lange de th\u00e9 vert et de th\u00e9 noir aux ar\u00f4mes naturels de framboise et rose Un th\u00e9 de No\u00ebl bio en \u00e9dition limit\u00e9e sign\u00e9 Kusmi Tea et Alain Ducasse, aux notes fruit\u00e9es et fleuries de rose et de framboise. Pour c\u00e9l\u00e9brer les festivit\u00e9s de fin d\u2019ann\u00e9e, Kusmi Tea et Alain Ducasse s\u2019unissent pour d\u00e9voiler leur [&hellip;]","og_url":"https:\/\/kusmitea.re\/index.php\/product\/selection-alain-ducasse-the-vert-et-noir-rose-framboise\/","og_site_name":"Kusmi Tea R\u00e9union","article_publisher":"https:\/\/www.facebook.com\/p\/Kusmi-Tea-Runion-61571670075100\/","article_modified_time":"2025-11-19T05:59:25+00:00","og_image":[{"width":400,"height":482,"url":"https:\/\/kusmitea.re\/wp-content\/uploads\/2025\/08\/a26a3bcd8f2ff6e06758deeeb1359fbaa5fe7fe0_DUCASSEXMAS24120BIO__1_.png","type":"image\/png"}],"twitter_card":"summary_large_image","twitter_misc":{"Dur\u00e9e de lecture estim\u00e9e":"3 minutes"},"schema":{"@context":"https:\/\/schema.org","@graph":[{"@type":"WebPage","@id":"https:\/\/kusmitea.re\/index.php\/product\/selection-alain-ducasse-the-vert-et-noir-rose-framboise\/","url":"https:\/\/kusmitea.re\/index.php\/product\/selection-alain-ducasse-the-vert-et-noir-rose-framboise\/","name":"S\u00e9lection Alain Ducasse - Th\u00e9 vert et noir rose-framboise - Kusmi Tea R\u00e9union","isPartOf":{"@id":"https:\/\/kusmitea.re\/#website"},"primaryImageOfPage":{"@id":"https:\/\/kusmitea.re\/index.php\/product\/selection-alain-ducasse-the-vert-et-noir-rose-framboise\/#primaryimage"},"image":{"@id":"https:\/\/kusmitea.re\/index.php\/product\/selection-alain-ducasse-the-vert-et-noir-rose-framboise\/#primaryimage"},"thumbnailUrl":"https:\/\/kusmitea.re\/wp-content\/uploads\/2025\/08\/a26a3bcd8f2ff6e06758deeeb1359fbaa5fe7fe0_DUCASSEXMAS24120BIO__1_.png","datePublished":"2025-08-30T05:09:53+00:00","dateModified":"2025-11-19T05:59:25+00:00","breadcrumb":{"@id":"https:\/\/kusmitea.re\/index.php\/product\/selection-alain-ducasse-the-vert-et-noir-rose-framboise\/#breadcrumb"},"inLanguage":"fr-FR","potentialAction":[{"@type":"ReadAction","target":["https:\/\/kusmitea.re\/index.php\/product\/selection-alain-ducasse-the-vert-et-noir-rose-framboise\/"]}]},{"@type":"ImageObject","inLanguage":"fr-FR","@id":"https:\/\/kusmitea.re\/index.php\/product\/selection-alain-ducasse-the-vert-et-noir-rose-framboise\/#primaryimage","url":"https:\/\/kusmitea.re\/wp-content\/uploads\/2025\/08\/a26a3bcd8f2ff6e06758deeeb1359fbaa5fe7fe0_DUCASSEXMAS24120BIO__1_.png","contentUrl":"https:\/\/kusmitea.re\/wp-content\/uploads\/2025\/08\/a26a3bcd8f2ff6e06758deeeb1359fbaa5fe7fe0_DUCASSEXMAS24120BIO__1_.png","width":400,"height":482},{"@type":"BreadcrumbList","@id":"https:\/\/kusmitea.re\/index.php\/product\/selection-alain-ducasse-the-vert-et-noir-rose-framboise\/#breadcrumb","itemListElement":[{"@type":"ListItem","position":1,"name":"Accueil","item":"https:\/\/kusmitea.re\/"},{"@type":"ListItem","position":2,"name":"Boutique","item":"https:\/\/kusmitea.re\/index.php\/shop\/"},{"@type":"ListItem","position":3,"name":"S\u00e9lection Alain Ducasse &#8211; Th\u00e9 vert et noir rose-framboise"}]},{"@type":"WebSite","@id":"https:\/\/kusmitea.re\/#website","url":"https:\/\/kusmitea.re\/","name":"Kusmi Tea R\u00e9union","description":"","publisher":{"@id":"https:\/\/kusmitea.re\/#organization"},"potentialAction":[{"@type":"SearchAction","target":{"@type":"EntryPoint","urlTemplate":"https:\/\/kusmitea.re\/?s={search_term_string}"},"query-input":{"@type":"PropertyValueSpecification","valueRequired":true,"valueName":"search_term_string"}}],"inLanguage":"fr-FR"},{"@type":"Organization","@id":"https:\/\/kusmitea.re\/#organization","name":"Kusmi Tea R\u00e9union","url":"https:\/\/kusmitea.re\/","logo":{"@type":"ImageObject","inLanguage":"fr-FR","@id":"https:\/\/kusmitea.re\/#\/schema\/logo\/image\/","url":"https:\/\/kusmitea.re\/wp-content\/uploads\/2023\/05\/cropped-logo.webp","contentUrl":"https:\/\/kusmitea.re\/wp-content\/uploads\/2023\/05\/cropped-logo.webp","width":469,"height":141,"caption":"Kusmi Tea R\u00e9union"},"image":{"@id":"https:\/\/kusmitea.re\/#\/schema\/logo\/image\/"},"sameAs":["https:\/\/www.facebook.com\/p\/Kusmi-Tea-Runion-61571670075100\/","https:\/\/www.instagram.com\/kusmiteare\/"]}]}},"jetpack_sharing_enabled":true,"_links":{"self":[{"href":"https:\/\/kusmitea.re\/index.php\/wp-json\/wp\/v2\/product\/6753","targetHints":{"allow":["GET"]}}],"collection":[{"href":"https:\/\/kusmitea.re\/index.php\/wp-json\/wp\/v2\/product"}],"about":[{"href":"https:\/\/kusmitea.re\/index.php\/wp-json\/wp\/v2\/types\/product"}],"replies":[{"embeddable":true,"href":"https:\/\/kusmitea.re\/index.php\/wp-json\/wp\/v2\/comments?post=6753"}],"version-history":[{"count":1,"href":"https:\/\/kusmitea.re\/index.php\/wp-json\/wp\/v2\/product\/6753\/revisions"}],"predecessor-version":[{"id":12806,"href":"https:\/\/kusmitea.re\/index.php\/wp-json\/wp\/v2\/product\/6753\/revisions\/12806"}],"wp:featuredmedia":[{"embeddable":true,"href":"https:\/\/kusmitea.re\/index.php\/wp-json\/wp\/v2\/media\/6783"}],"wp:attachment":[{"href":"https:\/\/kusmitea.re\/index.php\/wp-json\/wp\/v2\/media?parent=6753"}],"wp:term":[{"taxonomy":"product_cat","embeddable":true,"href":"https:\/\/kusmitea.re\/index.php\/wp-json\/wp\/v2\/product_cat?post=6753"},{"taxonomy":"product_tag","embeddable":true,"href":"https:\/\/kusmitea.re\/index.php\/wp-json\/wp\/v2\/product_tag?post=6753"}],"curies":[{"name":"wp","href":"https:\/\/api.w.org\/{rel}","templated":true}]}}