{"id":6751,"date":"2025-08-30T07:09:52","date_gmt":"2025-08-30T05:09:52","guid":{"rendered":"https:\/\/kusmitea.re\/?post_type=product&#038;p=6751"},"modified":"2025-12-01T02:31:51","modified_gmt":"2025-12-01T01:31:51","slug":"calendrier-de-lavent-2024-kusmi-tea-the-noir-vert-blanc-tisane-infuseur","status":"publish","type":"product","link":"https:\/\/kusmitea.re\/index.php\/product\/calendrier-de-lavent-2024-kusmi-tea-the-noir-vert-blanc-tisane-infuseur\/","title":{"rendered":"Calendrier de l&rsquo;Avent 2024 Kusmi Tea Th\u00e9 noir, vert, blanc, tisane, infuseur\u2026"},"content":{"rendered":"<p class=\"x_MsoNormal\">\u00c7a y est, la saison est lanc\u00e9e ! Avec ce calendrier de l\u2019Avent de th\u00e9s au d\u00e9cor \u00e9poustouflant, partez \u00e0 la montagne avec Kusmi. De case en case et de sapin en sommet givr\u00e9, d\u00e9couvrez sous un magnifique ciel \u00e9toil\u00e9 une avalanche de surprises \u00e0 savourer pour patienter jusqu\u2019aux f\u00eates.<\/p>\n<p class=\"x_MsoNormal\">Ce qui vous attend derri\u00e8re ces fen\u00eatres enneig\u00e9es ? Des sachets de d\u00e9licieux th\u00e9s noirs, verts et blancs &#8211; floraux, fruit\u00e9s ou \u00e9pic\u00e9s. Des tisanes bio sans th\u00e9ine pour se d\u00e9tendre au coin du feu. Nos nouvelles recettes enrichies pour votre bien-\u00eatre. Deux miniatures embl\u00e9matiques de No\u00ebl, dans leurs bo\u00eetes en \u00e9dition limit\u00e9e. Un accessoire pratique qui vous mettra des \u00e9toiles plein les yeux. Et m\u00eame une savoureuse sp\u00e9cialit\u00e9 de th\u00e9 \u00e0 tartiner pour accompagner vos petits d\u00e9jeuners.<\/p>\n<p class=\"x_MsoNormal\">Avec le Calendrier de l\u2019Avent de th\u00e9s Kusmi Tea et ses 24 surprises, No\u00ebl sera encore plus beau vu d\u2019en haut !<\/p>\n<p class=\"x_MsoNormal\">Contenu de notre calendrier de l&rsquo;Avent de th\u00e9s :<\/p>\n<p class=\"x_MsoNormal\">&#8211;\u00a0<b>Th\u00e9s noirs bio (en sachets)\u00a0<\/b>: Anastasia, Prince Vladimir, St-P\u00e9tersbourg, Earl Grey, English Breakfast, Sweet Love, Quatre fruits rouges<\/p>\n<p class=\"x_MsoNormal\">&#8211;\u00a0<b>Th\u00e9s verts bio (en sachets)<\/b>\u00a0: Boost, Vert jasmin, Vert gingembre-citron, Th\u00e9 vert \u00e0 la menthe, Lovely Morning, Rituel D\u00e9fenses Immunitaires<\/p>\n<p class=\"x_MsoNormal\">&#8211;\u00a0<b>Th\u00e9s blancs bio (en sachets)<\/b>\u00a0: Tropical White, White Anastasia<\/p>\n<p class=\"x_MsoNormal\">&#8211;\u00a0<b>Infusions bio sans th\u00e9ine<\/b>\u00a0: AquaRosa, AquaSummer, Be Cool, Only Spices, Rituel Sommeil<\/p>\n<p class=\"x_MsoNormal\">&#8211;\u00a0<b>Bo\u00eetes de th\u00e9 bio en vrac miniatures<\/b>\u00a0: Tsarevna (20g) et Gl\u00f6gg (25g), le th\u00e9 de No\u00ebl et l\u2019infusion de No\u00ebl<\/p>\n<p class=\"x_MsoNormal\">&#8211;\u00a0<b>Un infuseur \u00e0 th\u00e9 en forme d\u2019\u00e9toile<\/b><\/p>\n<p class=\"x_MsoNormal\">&#8211;\u00a0<b>Une sp\u00e9cialit\u00e9 de th\u00e9 \u00e0 tartiner infus\u00e9e avec notre th\u00e9 noir embl\u00e9matique Anastasia<\/b><\/p>\n<p class=\"x_MsoNormal\">\n","protected":false},"excerpt":{"rendered":"<p>\u00c7a y est, la saison est lanc\u00e9e ! Avec ce calendrier de l\u2019Avent de th\u00e9s au d\u00e9cor \u00e9poustouflant, partez \u00e0 la montagne avec Kusmi. De case en case et de sapin en sommet givr\u00e9, d\u00e9couvrez sous un magnifique ciel \u00e9toil\u00e9 une avalanche de surprises \u00e0 savourer pour patienter jusqu\u2019aux f\u00eates. Ce qui vous attend derri\u00e8re [&hellip;]<\/p>\n","protected":false},"featured_media":6777,"comment_status":"open","ping_status":"closed","template":"","meta":[],"product_cat":[112,114,71,60],"product_tag":[],"class_list":{"0":"post-6751","1":"product","2":"type-product","3":"status-publish","4":"has-post-thumbnail","6":"product_cat-coffrets-cadeaux","7":"product_cat-idees-cadeaux","8":"product_cat-noel","9":"product_cat-promotions","11":"first","12":"outofstock","13":"shipping-taxable","14":"purchasable","15":"product-type-simple"},"yoast_head":"<!-- This site is optimized with the Yoast SEO plugin v26.6 - https:\/\/yoast.com\/wordpress\/plugins\/seo\/ -->\n<title>Calendrier de l&#039;Avent 2024 Kusmi Tea Th\u00e9 noir, vert, blanc, tisane, infuseur\u2026 - Kusmi Tea R\u00e9union<\/title>\n<meta name=\"description\" content=\"Un calendrier de l&#039;avent Kusmi Tea R\u00e9union pour d\u00e9couvrir tous les th\u00e9s de la gamme. Une id\u00e9e de cadeau parfaite pour les amateurs de th\u00e9s.\" \/>\n<meta name=\"robots\" content=\"index, follow, max-snippet:-1, max-image-preview:large, max-video-preview:-1\" \/>\n<link rel=\"canonical\" href=\"https:\/\/kusmitea.re\/index.php\/product\/calendrier-de-lavent-2024-kusmi-tea-the-noir-vert-blanc-tisane-infuseur\/\" \/>\n<meta property=\"og:locale\" content=\"fr_FR\" \/>\n<meta property=\"og:type\" content=\"article\" \/>\n<meta property=\"og:title\" content=\"Calendrier de l&#039;Avent 2024 Kusmi Tea Th\u00e9 noir, vert, blanc, tisane, infuseur\u2026 - Kusmi Tea R\u00e9union\" \/>\n<meta property=\"og:description\" content=\"Un calendrier de l&#039;avent Kusmi Tea R\u00e9union pour d\u00e9couvrir tous les th\u00e9s de la gamme. Une id\u00e9e de cadeau parfaite pour les amateurs de th\u00e9s.\" \/>\n<meta property=\"og:url\" content=\"https:\/\/kusmitea.re\/index.php\/product\/calendrier-de-lavent-2024-kusmi-tea-the-noir-vert-blanc-tisane-infuseur\/\" \/>\n<meta property=\"og:site_name\" content=\"Kusmi Tea R\u00e9union\" \/>\n<meta property=\"article:publisher\" content=\"https:\/\/www.facebook.com\/p\/Kusmi-Tea-Runion-61571670075100\/\" \/>\n<meta property=\"article:modified_time\" content=\"2025-12-01T01:31:51+00:00\" \/>\n<meta property=\"og:image\" content=\"https:\/\/kusmitea.re\/wp-content\/uploads\/2025\/08\/image001.png\" \/>\n\t<meta property=\"og:image:width\" content=\"662\" \/>\n\t<meta property=\"og:image:height\" content=\"499\" \/>\n\t<meta property=\"og:image:type\" content=\"image\/png\" \/>\n<meta name=\"twitter:card\" content=\"summary_large_image\" \/>\n<meta name=\"twitter:label1\" content=\"Dur\u00e9e de lecture estim\u00e9e\" \/>\n\t<meta name=\"twitter:data1\" content=\"2 minutes\" \/>\n<script type=\"application\/ld+json\" class=\"yoast-schema-graph\">{\"@context\":\"https:\/\/schema.org\",\"@graph\":[{\"@type\":\"WebPage\",\"@id\":\"https:\/\/kusmitea.re\/index.php\/product\/calendrier-de-lavent-2024-kusmi-tea-the-noir-vert-blanc-tisane-infuseur\/\",\"url\":\"https:\/\/kusmitea.re\/index.php\/product\/calendrier-de-lavent-2024-kusmi-tea-the-noir-vert-blanc-tisane-infuseur\/\",\"name\":\"Calendrier de l'Avent 2024 Kusmi Tea Th\u00e9 noir, vert, blanc, tisane, infuseur\u2026 - Kusmi Tea R\u00e9union\",\"isPartOf\":{\"@id\":\"https:\/\/kusmitea.re\/#website\"},\"primaryImageOfPage\":{\"@id\":\"https:\/\/kusmitea.re\/index.php\/product\/calendrier-de-lavent-2024-kusmi-tea-the-noir-vert-blanc-tisane-infuseur\/#primaryimage\"},\"image\":{\"@id\":\"https:\/\/kusmitea.re\/index.php\/product\/calendrier-de-lavent-2024-kusmi-tea-the-noir-vert-blanc-tisane-infuseur\/#primaryimage\"},\"thumbnailUrl\":\"https:\/\/kusmitea.re\/wp-content\/uploads\/2025\/08\/image001.png\",\"datePublished\":\"2025-08-30T05:09:52+00:00\",\"dateModified\":\"2025-12-01T01:31:51+00:00\",\"description\":\"Un calendrier de l'avent Kusmi Tea R\u00e9union pour d\u00e9couvrir tous les th\u00e9s de la gamme. Une id\u00e9e de cadeau parfaite pour les amateurs de th\u00e9s.\",\"breadcrumb\":{\"@id\":\"https:\/\/kusmitea.re\/index.php\/product\/calendrier-de-lavent-2024-kusmi-tea-the-noir-vert-blanc-tisane-infuseur\/#breadcrumb\"},\"inLanguage\":\"fr-FR\",\"potentialAction\":[{\"@type\":\"ReadAction\",\"target\":[\"https:\/\/kusmitea.re\/index.php\/product\/calendrier-de-lavent-2024-kusmi-tea-the-noir-vert-blanc-tisane-infuseur\/\"]}]},{\"@type\":\"ImageObject\",\"inLanguage\":\"fr-FR\",\"@id\":\"https:\/\/kusmitea.re\/index.php\/product\/calendrier-de-lavent-2024-kusmi-tea-the-noir-vert-blanc-tisane-infuseur\/#primaryimage\",\"url\":\"https:\/\/kusmitea.re\/wp-content\/uploads\/2025\/08\/image001.png\",\"contentUrl\":\"https:\/\/kusmitea.re\/wp-content\/uploads\/2025\/08\/image001.png\",\"width\":662,\"height\":499},{\"@type\":\"BreadcrumbList\",\"@id\":\"https:\/\/kusmitea.re\/index.php\/product\/calendrier-de-lavent-2024-kusmi-tea-the-noir-vert-blanc-tisane-infuseur\/#breadcrumb\",\"itemListElement\":[{\"@type\":\"ListItem\",\"position\":1,\"name\":\"Accueil\",\"item\":\"https:\/\/kusmitea.re\/\"},{\"@type\":\"ListItem\",\"position\":2,\"name\":\"Boutique\",\"item\":\"https:\/\/kusmitea.re\/index.php\/shop\/\"},{\"@type\":\"ListItem\",\"position\":3,\"name\":\"Calendrier de l&rsquo;Avent 2024 Kusmi Tea Th\u00e9 noir, vert, blanc, tisane, infuseur\u2026\"}]},{\"@type\":\"WebSite\",\"@id\":\"https:\/\/kusmitea.re\/#website\",\"url\":\"https:\/\/kusmitea.re\/\",\"name\":\"Kusmi Tea R\u00e9union\",\"description\":\"\",\"publisher\":{\"@id\":\"https:\/\/kusmitea.re\/#organization\"},\"potentialAction\":[{\"@type\":\"SearchAction\",\"target\":{\"@type\":\"EntryPoint\",\"urlTemplate\":\"https:\/\/kusmitea.re\/?s={search_term_string}\"},\"query-input\":{\"@type\":\"PropertyValueSpecification\",\"valueRequired\":true,\"valueName\":\"search_term_string\"}}],\"inLanguage\":\"fr-FR\"},{\"@type\":\"Organization\",\"@id\":\"https:\/\/kusmitea.re\/#organization\",\"name\":\"Kusmi Tea R\u00e9union\",\"url\":\"https:\/\/kusmitea.re\/\",\"logo\":{\"@type\":\"ImageObject\",\"inLanguage\":\"fr-FR\",\"@id\":\"https:\/\/kusmitea.re\/#\/schema\/logo\/image\/\",\"url\":\"https:\/\/kusmitea.re\/wp-content\/uploads\/2023\/05\/cropped-logo.webp\",\"contentUrl\":\"https:\/\/kusmitea.re\/wp-content\/uploads\/2023\/05\/cropped-logo.webp\",\"width\":469,\"height\":141,\"caption\":\"Kusmi Tea R\u00e9union\"},\"image\":{\"@id\":\"https:\/\/kusmitea.re\/#\/schema\/logo\/image\/\"},\"sameAs\":[\"https:\/\/www.facebook.com\/p\/Kusmi-Tea-Runion-61571670075100\/\",\"https:\/\/www.instagram.com\/kusmiteare\/\"]}]}<\/script>\n<!-- \/ Yoast SEO plugin. -->","yoast_head_json":{"title":"Calendrier de l'Avent 2024 Kusmi Tea Th\u00e9 noir, vert, blanc, tisane, infuseur\u2026 - Kusmi Tea R\u00e9union","description":"Un calendrier de l'avent Kusmi Tea R\u00e9union pour d\u00e9couvrir tous les th\u00e9s de la gamme. Une id\u00e9e de cadeau parfaite pour les amateurs de th\u00e9s.","robots":{"index":"index","follow":"follow","max-snippet":"max-snippet:-1","max-image-preview":"max-image-preview:large","max-video-preview":"max-video-preview:-1"},"canonical":"https:\/\/kusmitea.re\/index.php\/product\/calendrier-de-lavent-2024-kusmi-tea-the-noir-vert-blanc-tisane-infuseur\/","og_locale":"fr_FR","og_type":"article","og_title":"Calendrier de l'Avent 2024 Kusmi Tea Th\u00e9 noir, vert, blanc, tisane, infuseur\u2026 - Kusmi Tea R\u00e9union","og_description":"Un calendrier de l'avent Kusmi Tea R\u00e9union pour d\u00e9couvrir tous les th\u00e9s de la gamme. Une id\u00e9e de cadeau parfaite pour les amateurs de th\u00e9s.","og_url":"https:\/\/kusmitea.re\/index.php\/product\/calendrier-de-lavent-2024-kusmi-tea-the-noir-vert-blanc-tisane-infuseur\/","og_site_name":"Kusmi Tea R\u00e9union","article_publisher":"https:\/\/www.facebook.com\/p\/Kusmi-Tea-Runion-61571670075100\/","article_modified_time":"2025-12-01T01:31:51+00:00","og_image":[{"width":662,"height":499,"url":"https:\/\/kusmitea.re\/wp-content\/uploads\/2025\/08\/image001.png","type":"image\/png"}],"twitter_card":"summary_large_image","twitter_misc":{"Dur\u00e9e de lecture estim\u00e9e":"2 minutes"},"schema":{"@context":"https:\/\/schema.org","@graph":[{"@type":"WebPage","@id":"https:\/\/kusmitea.re\/index.php\/product\/calendrier-de-lavent-2024-kusmi-tea-the-noir-vert-blanc-tisane-infuseur\/","url":"https:\/\/kusmitea.re\/index.php\/product\/calendrier-de-lavent-2024-kusmi-tea-the-noir-vert-blanc-tisane-infuseur\/","name":"Calendrier de l'Avent 2024 Kusmi Tea Th\u00e9 noir, vert, blanc, tisane, infuseur\u2026 - Kusmi Tea R\u00e9union","isPartOf":{"@id":"https:\/\/kusmitea.re\/#website"},"primaryImageOfPage":{"@id":"https:\/\/kusmitea.re\/index.php\/product\/calendrier-de-lavent-2024-kusmi-tea-the-noir-vert-blanc-tisane-infuseur\/#primaryimage"},"image":{"@id":"https:\/\/kusmitea.re\/index.php\/product\/calendrier-de-lavent-2024-kusmi-tea-the-noir-vert-blanc-tisane-infuseur\/#primaryimage"},"thumbnailUrl":"https:\/\/kusmitea.re\/wp-content\/uploads\/2025\/08\/image001.png","datePublished":"2025-08-30T05:09:52+00:00","dateModified":"2025-12-01T01:31:51+00:00","description":"Un calendrier de l'avent Kusmi Tea R\u00e9union pour d\u00e9couvrir tous les th\u00e9s de la gamme. Une id\u00e9e de cadeau parfaite pour les amateurs de th\u00e9s.","breadcrumb":{"@id":"https:\/\/kusmitea.re\/index.php\/product\/calendrier-de-lavent-2024-kusmi-tea-the-noir-vert-blanc-tisane-infuseur\/#breadcrumb"},"inLanguage":"fr-FR","potentialAction":[{"@type":"ReadAction","target":["https:\/\/kusmitea.re\/index.php\/product\/calendrier-de-lavent-2024-kusmi-tea-the-noir-vert-blanc-tisane-infuseur\/"]}]},{"@type":"ImageObject","inLanguage":"fr-FR","@id":"https:\/\/kusmitea.re\/index.php\/product\/calendrier-de-lavent-2024-kusmi-tea-the-noir-vert-blanc-tisane-infuseur\/#primaryimage","url":"https:\/\/kusmitea.re\/wp-content\/uploads\/2025\/08\/image001.png","contentUrl":"https:\/\/kusmitea.re\/wp-content\/uploads\/2025\/08\/image001.png","width":662,"height":499},{"@type":"BreadcrumbList","@id":"https:\/\/kusmitea.re\/index.php\/product\/calendrier-de-lavent-2024-kusmi-tea-the-noir-vert-blanc-tisane-infuseur\/#breadcrumb","itemListElement":[{"@type":"ListItem","position":1,"name":"Accueil","item":"https:\/\/kusmitea.re\/"},{"@type":"ListItem","position":2,"name":"Boutique","item":"https:\/\/kusmitea.re\/index.php\/shop\/"},{"@type":"ListItem","position":3,"name":"Calendrier de l&rsquo;Avent 2024 Kusmi Tea Th\u00e9 noir, vert, blanc, tisane, infuseur\u2026"}]},{"@type":"WebSite","@id":"https:\/\/kusmitea.re\/#website","url":"https:\/\/kusmitea.re\/","name":"Kusmi Tea R\u00e9union","description":"","publisher":{"@id":"https:\/\/kusmitea.re\/#organization"},"potentialAction":[{"@type":"SearchAction","target":{"@type":"EntryPoint","urlTemplate":"https:\/\/kusmitea.re\/?s={search_term_string}"},"query-input":{"@type":"PropertyValueSpecification","valueRequired":true,"valueName":"search_term_string"}}],"inLanguage":"fr-FR"},{"@type":"Organization","@id":"https:\/\/kusmitea.re\/#organization","name":"Kusmi Tea R\u00e9union","url":"https:\/\/kusmitea.re\/","logo":{"@type":"ImageObject","inLanguage":"fr-FR","@id":"https:\/\/kusmitea.re\/#\/schema\/logo\/image\/","url":"https:\/\/kusmitea.re\/wp-content\/uploads\/2023\/05\/cropped-logo.webp","contentUrl":"https:\/\/kusmitea.re\/wp-content\/uploads\/2023\/05\/cropped-logo.webp","width":469,"height":141,"caption":"Kusmi Tea R\u00e9union"},"image":{"@id":"https:\/\/kusmitea.re\/#\/schema\/logo\/image\/"},"sameAs":["https:\/\/www.facebook.com\/p\/Kusmi-Tea-Runion-61571670075100\/","https:\/\/www.instagram.com\/kusmiteare\/"]}]}},"jetpack_sharing_enabled":true,"_links":{"self":[{"href":"https:\/\/kusmitea.re\/index.php\/wp-json\/wp\/v2\/product\/6751","targetHints":{"allow":["GET"]}}],"collection":[{"href":"https:\/\/kusmitea.re\/index.php\/wp-json\/wp\/v2\/product"}],"about":[{"href":"https:\/\/kusmitea.re\/index.php\/wp-json\/wp\/v2\/types\/product"}],"replies":[{"embeddable":true,"href":"https:\/\/kusmitea.re\/index.php\/wp-json\/wp\/v2\/comments?post=6751"}],"version-history":[{"count":1,"href":"https:\/\/kusmitea.re\/index.php\/wp-json\/wp\/v2\/product\/6751\/revisions"}],"predecessor-version":[{"id":12750,"href":"https:\/\/kusmitea.re\/index.php\/wp-json\/wp\/v2\/product\/6751\/revisions\/12750"}],"wp:featuredmedia":[{"embeddable":true,"href":"https:\/\/kusmitea.re\/index.php\/wp-json\/wp\/v2\/media\/6777"}],"wp:attachment":[{"href":"https:\/\/kusmitea.re\/index.php\/wp-json\/wp\/v2\/media?parent=6751"}],"wp:term":[{"taxonomy":"product_cat","embeddable":true,"href":"https:\/\/kusmitea.re\/index.php\/wp-json\/wp\/v2\/product_cat?post=6751"},{"taxonomy":"product_tag","embeddable":true,"href":"https:\/\/kusmitea.re\/index.php\/wp-json\/wp\/v2\/product_tag?post=6751"}],"curies":[{"name":"wp","href":"https:\/\/api.w.org\/{rel}","templated":true}]}}