{"id":6742,"date":"2025-08-30T07:09:30","date_gmt":"2025-08-30T05:09:30","guid":{"rendered":"https:\/\/kusmitea.re\/?post_type=product&#038;p=6742"},"modified":"2025-09-06T21:12:39","modified_gmt":"2025-09-06T19:12:39","slug":"coffret-les-thes-noirs-bio-boite-de-20g","status":"publish","type":"product","link":"https:\/\/kusmitea.re\/index.php\/product\/coffret-les-thes-noirs-bio-boite-de-20g\/","title":{"rendered":"Coffret Les Th\u00e9s noirs bio &#8211; Bo\u00eete de 20g"},"content":{"rendered":"<p style=\"font-weight: 400;\">D\u00e9couvrez le coffret Les Th\u00e9s Noirs, un coffret de th\u00e9s noirs bio en vrac accompagn\u00e9s d&rsquo;une pince \u00e0 th\u00e9 :<\/p>\n<ul style=\"font-weight: 400;\">\n<li><b><strong>\u2022\u00a0<\/strong>Bouquet de Fleurs N\u00b0108<\/b>, un th\u00e9 noir aux saveurs fruit\u00e9es et fleuries de bergamote, citron, orange, mandarine et ylang !<\/li>\n<li><b><strong>\u2022\u00a0<\/strong><\/b><b>Anastasia<\/b>, un Earl Grey avec une pointe de citron et de fleur d&rsquo;oranger, aussi audacieux et \u00e9nigmatique que la princesse Anastasia<\/li>\n<li><b><strong>\u2022\u00a0<\/strong><\/b><b>Prince Vladimir<\/b>, un th\u00e9 noir tr\u00e8s s\u00e9duisant avec ses notes acidul\u00e9es de pamplemousse, orange et citron vert<\/li>\n<li><b><strong>\u2022\u00a0<\/strong><\/b><b>St-P\u00e9tersbourg<\/b>, une recette de th\u00e9 noir \u00e0 la bergamote aromatis\u00e9 fruits rouges et caramel, qui rend hommage aux tr\u00e9sors de St-P\u00e9tersbourg<\/li>\n<li><b><strong>\u2022\u00a0<\/strong><\/b><b>Th\u00e9 du Matin N\u00b024<\/b>, un savant m\u00e9lange de trois th\u00e9s noirs d&rsquo;origine : Grand Yunnan, un th\u00e9 noir de Chine aux notes subtiles, un th\u00e9 noir de Ceylan au go\u00fbt rond et chocolat\u00e9 et un th\u00e9 noir d&rsquo;Assam \u00e0 la saveur cors\u00e9e<\/li>\n<\/ul>\n<p style=\"font-weight: 400;\">Ce coffret de th\u00e9s bio en vrac ravira les amateurs de th\u00e9s noirs\u00a0!<\/p>\n","protected":false},"excerpt":{"rendered":"<p>D\u00e9couvrez le coffret Les Th\u00e9s Noirs, un coffret de th\u00e9s noirs bio en vrac accompagn\u00e9s d&rsquo;une pince \u00e0 th\u00e9 : \u2022\u00a0Bouquet de Fleurs N\u00b0108, un th\u00e9 noir aux saveurs fruit\u00e9es et fleuries de bergamote, citron, orange, mandarine et ylang ! \u2022\u00a0Anastasia, un Earl Grey avec une pointe de citron et de fleur d&rsquo;oranger, aussi audacieux [&hellip;]<\/p>\n","protected":false},"featured_media":6775,"comment_status":"open","ping_status":"closed","template":"","meta":[],"product_cat":[112,113,114,327,67],"product_tag":[],"class_list":{"0":"post-6742","1":"product","2":"type-product","3":"status-publish","4":"has-post-thumbnail","6":"product_cat-coffrets-cadeaux","7":"product_cat-coffrets-de-the-en-vrac","8":"product_cat-idees-cadeaux","9":"product_cat-offre-du-moment","10":"product_cat-thes-noirs","12":"first","13":"outofstock","14":"shipping-taxable","15":"purchasable","16":"product-type-variable"},"yoast_head":"<!-- This site is optimized with the Yoast SEO plugin v26.6 - https:\/\/yoast.com\/wordpress\/plugins\/seo\/ -->\n<title>Coffret Les Th\u00e9s noirs bio - Bo\u00eete de 20g - Kusmi Tea R\u00e9union<\/title>\n<meta name=\"robots\" content=\"index, follow, max-snippet:-1, max-image-preview:large, max-video-preview:-1\" \/>\n<link rel=\"canonical\" href=\"https:\/\/kusmitea.re\/index.php\/product\/coffret-les-thes-noirs-bio-boite-de-20g\/\" \/>\n<meta property=\"og:locale\" content=\"fr_FR\" \/>\n<meta property=\"og:type\" content=\"article\" \/>\n<meta property=\"og:title\" content=\"Coffret Les Th\u00e9s noirs bio - Bo\u00eete de 20g - Kusmi Tea R\u00e9union\" \/>\n<meta property=\"og:description\" content=\"D\u00e9couvrez le coffret Les Th\u00e9s Noirs, un coffret de th\u00e9s noirs bio en vrac accompagn\u00e9s d&rsquo;une pince \u00e0 th\u00e9 : \u2022\u00a0Bouquet de Fleurs N\u00b0108, un th\u00e9 noir aux saveurs fruit\u00e9es et fleuries de bergamote, citron, orange, mandarine et ylang ! \u2022\u00a0Anastasia, un Earl Grey avec une pointe de citron et de fleur d&rsquo;oranger, aussi audacieux [&hellip;]\" \/>\n<meta property=\"og:url\" content=\"https:\/\/kusmitea.re\/index.php\/product\/coffret-les-thes-noirs-bio-boite-de-20g\/\" \/>\n<meta property=\"og:site_name\" content=\"Kusmi Tea R\u00e9union\" \/>\n<meta property=\"article:publisher\" content=\"https:\/\/www.facebook.com\/p\/Kusmi-Tea-Runion-61571670075100\/\" \/>\n<meta property=\"article:modified_time\" content=\"2025-09-06T19:12:39+00:00\" \/>\n<meta property=\"og:image\" content=\"https:\/\/kusmitea.re\/wp-content\/uploads\/2025\/08\/7fbb9cbda09950a9bdad0327a522000fa9b9a83d_21186A1150.png\" \/>\n\t<meta property=\"og:image:width\" content=\"400\" \/>\n\t<meta property=\"og:image:height\" content=\"556\" \/>\n\t<meta property=\"og:image:type\" content=\"image\/png\" \/>\n<meta name=\"twitter:card\" content=\"summary_large_image\" \/>\n<meta name=\"twitter:label1\" content=\"Dur\u00e9e de lecture estim\u00e9e\" \/>\n\t<meta name=\"twitter:data1\" content=\"1 minute\" \/>\n<script type=\"application\/ld+json\" class=\"yoast-schema-graph\">{\"@context\":\"https:\/\/schema.org\",\"@graph\":[{\"@type\":\"WebPage\",\"@id\":\"https:\/\/kusmitea.re\/index.php\/product\/coffret-les-thes-noirs-bio-boite-de-20g\/\",\"url\":\"https:\/\/kusmitea.re\/index.php\/product\/coffret-les-thes-noirs-bio-boite-de-20g\/\",\"name\":\"Coffret Les Th\u00e9s noirs bio - Bo\u00eete de 20g - Kusmi Tea R\u00e9union\",\"isPartOf\":{\"@id\":\"https:\/\/kusmitea.re\/#website\"},\"primaryImageOfPage\":{\"@id\":\"https:\/\/kusmitea.re\/index.php\/product\/coffret-les-thes-noirs-bio-boite-de-20g\/#primaryimage\"},\"image\":{\"@id\":\"https:\/\/kusmitea.re\/index.php\/product\/coffret-les-thes-noirs-bio-boite-de-20g\/#primaryimage\"},\"thumbnailUrl\":\"https:\/\/kusmitea.re\/wp-content\/uploads\/2025\/08\/7fbb9cbda09950a9bdad0327a522000fa9b9a83d_21186A1150.png\",\"datePublished\":\"2025-08-30T05:09:30+00:00\",\"dateModified\":\"2025-09-06T19:12:39+00:00\",\"breadcrumb\":{\"@id\":\"https:\/\/kusmitea.re\/index.php\/product\/coffret-les-thes-noirs-bio-boite-de-20g\/#breadcrumb\"},\"inLanguage\":\"fr-FR\",\"potentialAction\":[{\"@type\":\"ReadAction\",\"target\":[\"https:\/\/kusmitea.re\/index.php\/product\/coffret-les-thes-noirs-bio-boite-de-20g\/\"]}]},{\"@type\":\"ImageObject\",\"inLanguage\":\"fr-FR\",\"@id\":\"https:\/\/kusmitea.re\/index.php\/product\/coffret-les-thes-noirs-bio-boite-de-20g\/#primaryimage\",\"url\":\"https:\/\/kusmitea.re\/wp-content\/uploads\/2025\/08\/7fbb9cbda09950a9bdad0327a522000fa9b9a83d_21186A1150.png\",\"contentUrl\":\"https:\/\/kusmitea.re\/wp-content\/uploads\/2025\/08\/7fbb9cbda09950a9bdad0327a522000fa9b9a83d_21186A1150.png\",\"width\":400,\"height\":556},{\"@type\":\"BreadcrumbList\",\"@id\":\"https:\/\/kusmitea.re\/index.php\/product\/coffret-les-thes-noirs-bio-boite-de-20g\/#breadcrumb\",\"itemListElement\":[{\"@type\":\"ListItem\",\"position\":1,\"name\":\"Accueil\",\"item\":\"https:\/\/kusmitea.re\/\"},{\"@type\":\"ListItem\",\"position\":2,\"name\":\"Boutique\",\"item\":\"https:\/\/kusmitea.re\/index.php\/shop\/\"},{\"@type\":\"ListItem\",\"position\":3,\"name\":\"Coffret Les Th\u00e9s noirs bio &#8211; Bo\u00eete de 20g\"}]},{\"@type\":\"WebSite\",\"@id\":\"https:\/\/kusmitea.re\/#website\",\"url\":\"https:\/\/kusmitea.re\/\",\"name\":\"Kusmi Tea R\u00e9union\",\"description\":\"\",\"publisher\":{\"@id\":\"https:\/\/kusmitea.re\/#organization\"},\"potentialAction\":[{\"@type\":\"SearchAction\",\"target\":{\"@type\":\"EntryPoint\",\"urlTemplate\":\"https:\/\/kusmitea.re\/?s={search_term_string}\"},\"query-input\":{\"@type\":\"PropertyValueSpecification\",\"valueRequired\":true,\"valueName\":\"search_term_string\"}}],\"inLanguage\":\"fr-FR\"},{\"@type\":\"Organization\",\"@id\":\"https:\/\/kusmitea.re\/#organization\",\"name\":\"Kusmi Tea R\u00e9union\",\"url\":\"https:\/\/kusmitea.re\/\",\"logo\":{\"@type\":\"ImageObject\",\"inLanguage\":\"fr-FR\",\"@id\":\"https:\/\/kusmitea.re\/#\/schema\/logo\/image\/\",\"url\":\"https:\/\/kusmitea.re\/wp-content\/uploads\/2023\/05\/cropped-logo.webp\",\"contentUrl\":\"https:\/\/kusmitea.re\/wp-content\/uploads\/2023\/05\/cropped-logo.webp\",\"width\":469,\"height\":141,\"caption\":\"Kusmi Tea R\u00e9union\"},\"image\":{\"@id\":\"https:\/\/kusmitea.re\/#\/schema\/logo\/image\/\"},\"sameAs\":[\"https:\/\/www.facebook.com\/p\/Kusmi-Tea-Runion-61571670075100\/\",\"https:\/\/www.instagram.com\/kusmiteare\/\"]}]}<\/script>\n<!-- \/ Yoast SEO plugin. -->","yoast_head_json":{"title":"Coffret Les Th\u00e9s noirs bio - Bo\u00eete de 20g - Kusmi Tea R\u00e9union","robots":{"index":"index","follow":"follow","max-snippet":"max-snippet:-1","max-image-preview":"max-image-preview:large","max-video-preview":"max-video-preview:-1"},"canonical":"https:\/\/kusmitea.re\/index.php\/product\/coffret-les-thes-noirs-bio-boite-de-20g\/","og_locale":"fr_FR","og_type":"article","og_title":"Coffret Les Th\u00e9s noirs bio - Bo\u00eete de 20g - Kusmi Tea R\u00e9union","og_description":"D\u00e9couvrez le coffret Les Th\u00e9s Noirs, un coffret de th\u00e9s noirs bio en vrac accompagn\u00e9s d&rsquo;une pince \u00e0 th\u00e9 : \u2022\u00a0Bouquet de Fleurs N\u00b0108, un th\u00e9 noir aux saveurs fruit\u00e9es et fleuries de bergamote, citron, orange, mandarine et ylang ! \u2022\u00a0Anastasia, un Earl Grey avec une pointe de citron et de fleur d&rsquo;oranger, aussi audacieux [&hellip;]","og_url":"https:\/\/kusmitea.re\/index.php\/product\/coffret-les-thes-noirs-bio-boite-de-20g\/","og_site_name":"Kusmi Tea R\u00e9union","article_publisher":"https:\/\/www.facebook.com\/p\/Kusmi-Tea-Runion-61571670075100\/","article_modified_time":"2025-09-06T19:12:39+00:00","og_image":[{"width":400,"height":556,"url":"https:\/\/kusmitea.re\/wp-content\/uploads\/2025\/08\/7fbb9cbda09950a9bdad0327a522000fa9b9a83d_21186A1150.png","type":"image\/png"}],"twitter_card":"summary_large_image","twitter_misc":{"Dur\u00e9e de lecture estim\u00e9e":"1 minute"},"schema":{"@context":"https:\/\/schema.org","@graph":[{"@type":"WebPage","@id":"https:\/\/kusmitea.re\/index.php\/product\/coffret-les-thes-noirs-bio-boite-de-20g\/","url":"https:\/\/kusmitea.re\/index.php\/product\/coffret-les-thes-noirs-bio-boite-de-20g\/","name":"Coffret Les Th\u00e9s noirs bio - Bo\u00eete de 20g - Kusmi Tea R\u00e9union","isPartOf":{"@id":"https:\/\/kusmitea.re\/#website"},"primaryImageOfPage":{"@id":"https:\/\/kusmitea.re\/index.php\/product\/coffret-les-thes-noirs-bio-boite-de-20g\/#primaryimage"},"image":{"@id":"https:\/\/kusmitea.re\/index.php\/product\/coffret-les-thes-noirs-bio-boite-de-20g\/#primaryimage"},"thumbnailUrl":"https:\/\/kusmitea.re\/wp-content\/uploads\/2025\/08\/7fbb9cbda09950a9bdad0327a522000fa9b9a83d_21186A1150.png","datePublished":"2025-08-30T05:09:30+00:00","dateModified":"2025-09-06T19:12:39+00:00","breadcrumb":{"@id":"https:\/\/kusmitea.re\/index.php\/product\/coffret-les-thes-noirs-bio-boite-de-20g\/#breadcrumb"},"inLanguage":"fr-FR","potentialAction":[{"@type":"ReadAction","target":["https:\/\/kusmitea.re\/index.php\/product\/coffret-les-thes-noirs-bio-boite-de-20g\/"]}]},{"@type":"ImageObject","inLanguage":"fr-FR","@id":"https:\/\/kusmitea.re\/index.php\/product\/coffret-les-thes-noirs-bio-boite-de-20g\/#primaryimage","url":"https:\/\/kusmitea.re\/wp-content\/uploads\/2025\/08\/7fbb9cbda09950a9bdad0327a522000fa9b9a83d_21186A1150.png","contentUrl":"https:\/\/kusmitea.re\/wp-content\/uploads\/2025\/08\/7fbb9cbda09950a9bdad0327a522000fa9b9a83d_21186A1150.png","width":400,"height":556},{"@type":"BreadcrumbList","@id":"https:\/\/kusmitea.re\/index.php\/product\/coffret-les-thes-noirs-bio-boite-de-20g\/#breadcrumb","itemListElement":[{"@type":"ListItem","position":1,"name":"Accueil","item":"https:\/\/kusmitea.re\/"},{"@type":"ListItem","position":2,"name":"Boutique","item":"https:\/\/kusmitea.re\/index.php\/shop\/"},{"@type":"ListItem","position":3,"name":"Coffret Les Th\u00e9s noirs bio &#8211; Bo\u00eete de 20g"}]},{"@type":"WebSite","@id":"https:\/\/kusmitea.re\/#website","url":"https:\/\/kusmitea.re\/","name":"Kusmi Tea R\u00e9union","description":"","publisher":{"@id":"https:\/\/kusmitea.re\/#organization"},"potentialAction":[{"@type":"SearchAction","target":{"@type":"EntryPoint","urlTemplate":"https:\/\/kusmitea.re\/?s={search_term_string}"},"query-input":{"@type":"PropertyValueSpecification","valueRequired":true,"valueName":"search_term_string"}}],"inLanguage":"fr-FR"},{"@type":"Organization","@id":"https:\/\/kusmitea.re\/#organization","name":"Kusmi Tea R\u00e9union","url":"https:\/\/kusmitea.re\/","logo":{"@type":"ImageObject","inLanguage":"fr-FR","@id":"https:\/\/kusmitea.re\/#\/schema\/logo\/image\/","url":"https:\/\/kusmitea.re\/wp-content\/uploads\/2023\/05\/cropped-logo.webp","contentUrl":"https:\/\/kusmitea.re\/wp-content\/uploads\/2023\/05\/cropped-logo.webp","width":469,"height":141,"caption":"Kusmi Tea R\u00e9union"},"image":{"@id":"https:\/\/kusmitea.re\/#\/schema\/logo\/image\/"},"sameAs":["https:\/\/www.facebook.com\/p\/Kusmi-Tea-Runion-61571670075100\/","https:\/\/www.instagram.com\/kusmiteare\/"]}]}},"jetpack_sharing_enabled":true,"_links":{"self":[{"href":"https:\/\/kusmitea.re\/index.php\/wp-json\/wp\/v2\/product\/6742","targetHints":{"allow":["GET"]}}],"collection":[{"href":"https:\/\/kusmitea.re\/index.php\/wp-json\/wp\/v2\/product"}],"about":[{"href":"https:\/\/kusmitea.re\/index.php\/wp-json\/wp\/v2\/types\/product"}],"replies":[{"embeddable":true,"href":"https:\/\/kusmitea.re\/index.php\/wp-json\/wp\/v2\/comments?post=6742"}],"version-history":[{"count":1,"href":"https:\/\/kusmitea.re\/index.php\/wp-json\/wp\/v2\/product\/6742\/revisions"}],"predecessor-version":[{"id":12091,"href":"https:\/\/kusmitea.re\/index.php\/wp-json\/wp\/v2\/product\/6742\/revisions\/12091"}],"wp:featuredmedia":[{"embeddable":true,"href":"https:\/\/kusmitea.re\/index.php\/wp-json\/wp\/v2\/media\/6775"}],"wp:attachment":[{"href":"https:\/\/kusmitea.re\/index.php\/wp-json\/wp\/v2\/media?parent=6742"}],"wp:term":[{"taxonomy":"product_cat","embeddable":true,"href":"https:\/\/kusmitea.re\/index.php\/wp-json\/wp\/v2\/product_cat?post=6742"},{"taxonomy":"product_tag","embeddable":true,"href":"https:\/\/kusmitea.re\/index.php\/wp-json\/wp\/v2\/product_tag?post=6742"}],"curies":[{"name":"wp","href":"https:\/\/api.w.org\/{rel}","templated":true}]}}