{"id":6739,"date":"2025-08-30T07:07:49","date_gmt":"2025-08-30T05:07:49","guid":{"rendered":"https:\/\/kusmitea.re\/?post_type=product&#038;p=6739"},"modified":"2026-04-02T07:20:42","modified_gmt":"2026-04-02T05:20:42","slug":"rituel-minceur-bio","status":"publish","type":"product","link":"https:\/\/kusmitea.re\/index.php\/product\/rituel-minceur-bio\/","title":{"rendered":"Rituel Minceur : Th\u00e9 vert minceur &#8211; Kusmi Tea R\u00e9union"},"content":{"rendered":"\t\t<div data-elementor-type=\"wp-post\" data-elementor-id=\"6739\" class=\"elementor elementor-6739\">\n\t\t\t\t<div class=\"elementor-element elementor-element-1fe54f0 e-flex e-con-boxed e-con e-parent\" data-id=\"1fe54f0\" data-element_type=\"container\">\n\t\t\t\t\t<div class=\"e-con-inner\">\n\t\t\t\t<div class=\"elementor-element elementor-element-42242e9 elementor-widget elementor-widget-text-editor\" data-id=\"42242e9\" data-element_type=\"widget\" data-widget_type=\"text-editor.default\">\n\t\t\t\t\t\t\t\t\t<h2>Th\u00e9 vert, ar\u00f4mes naturels de fraise et de cerise<\/h2><p>Atteignez vos objectifs avec Rituel Minceur : un m\u00e9lange fruit\u00e9 de mat\u00e9 et de th\u00e9 vert bio aux bienfaits cliniquement prouv\u00e9s !<\/p><p>Kusmi Tea continue d\u2019innover en associant naturalit\u00e9 et efficacit\u00e9 dans ce th\u00e9 minceur. Son objectif ? Vous aider \u00e0 ma\u00eetriser votre poids en d\u00e9gustant chaque jour ce d\u00e9licieux m\u00e9lange de th\u00e9 vert et mat\u00e9 aux ar\u00f4mes naturels de fruits rouges. Son secret ? Le th\u00e9 vert, naturellement riche en EGCG un principe actif reconnu pour ses effets sur l\u2019oxydation des graisses. Gr\u00e2ce \u00e0 un proc\u00e9d\u00e9 scientifique innovant, notre th\u00e9 minceur a \u00e9t\u00e9 enrichi avec un extrait de th\u00e9 vert qui concentre ses bienfaits et apporte la juste dose de principe actif.<\/p><p>Aujourd\u2019hui, 38% de la population mondiale souffrirait de surpoids li\u00e9 \u00e0 un d\u00e9s\u00e9quilibre entre calories consomm\u00e9es et calories d\u00e9pens\u00e9es [1]. Dans 80% des cas, un r\u00e9gime conduit \u00e0 une reprise de poids d\u00e8s l\u2019ann\u00e9e suivante [2]. Avec Rituel Minceur, Kusmi Tea propose une solution naturelle et efficace pour stimuler votre m\u00e9tabolisme et br\u00fbler des calories tout en savourant une bonne tasse de th\u00e9.<\/p><p>Nous recommandons d&rsquo;inscrire notre th\u00e9 amincissant, partenaire id\u00e9al \u00e0 int\u00e9grer dans votre routine quotidienne, dans un mode de vie sain avec une activit\u00e9 physique r\u00e9guli\u00e8re. L\u2019important est de se sentir bien dans son corps et bien dans sa t\u00eate !<\/p><p>Th\u00e9 minceur disponible en vrac ou en sachets.<\/p><p>Afin d\u2019atteindre vos objectifs, on vous recommande de consommer 3 tasses par jour de ce th\u00e9 minceur sur une dur\u00e9e minimum de trois mois.<\/p><h2>L&rsquo;info qu&rsquo;il vous faut<\/h2><p>Chez Kusmi Tea, nous avons fait le choix d\u2019int\u00e9grer \u00e0 la formulation de notre th\u00e9 minceur un extrait de th\u00e9 vert afin de concentrer tous les bienfaits de cette plante.<\/p><p>On retrouve dans le th\u00e9 vert un principe actif appel\u00e9 EGCG qui se voit octroyer par de nombreuses \u00e9tudes scientifiques des effets b\u00e9n\u00e9fiques sur l&rsquo;oxydation des graisses. Trois \u00e9tudes men\u00e9es sur plus de 230 personnes d\u00e9montrent les effets b\u00e9n\u00e9fiques de l\u2019extrait de th\u00e9 vert sur l\u2019indice de masse corporelle (IMC), le tour de taille et la r\u00e9duction de la graisse corporelle [3] [4] [5].<\/p><p>Afin de nous assurer de la qualit\u00e9 de la formulation de notre th\u00e9 pour maigrir, nous avons fait appel \u00e0 un laboratoire sp\u00e9cialis\u00e9 dans l\u2019analyse de plantes dirig\u00e9 par un pharmacien expert en pharmacologie. Les analyses r\u00e9currentes r\u00e9alis\u00e9es permettent de contr\u00f4ler que la quantit\u00e9 d\u2019EGCG apport\u00e9e par notre Rituel Minceur est pr\u00e9sente \u00e0 la juste dose et ainsi de garantir la pleine efficacit\u00e9 de notre th\u00e9 pour maigrir.<\/p><p>Cliquez sur ce lien pour acc\u00e9der \u00e0 nos sources.<\/p><h3>Ingr\u00e9dients<\/h3><p>Th\u00e9 vert* et extrait de th\u00e9 vert* (94%), mat\u00e9*, ar\u00f4mes naturels de cerise et de fraise, agent d\u2019enrobage : carragh\u00e9nanes d&rsquo;origine v\u00e9g\u00e9tale ; prot\u00e9ine de pois.<\/p><p>*Produits issus de l&rsquo;agriculture biologique<\/p><p>L\u2019extrait de th\u00e9 vert aide \u00e0 contr\u00f4ler le poids<\/p><p>Kusmi Tea vous recommande de boire 3 tasses (3 x 200ml) soit 3 x 2g de m\u00e9lange infus\u00e9 par jour dans le cadre d\u2019un mode de vie sain et d\u2019une alimentation vari\u00e9e et \u00e9quilibr\u00e9e<\/p><p>Valeurs nutritionnelles moyennes pour 100ml de th\u00e9 ** : Valeur \u00e9nerg\u00e9tique : 0 kJ \/ 0 kcal. Contient des quantit\u00e9s n\u00e9gligeables de mati\u00e8res grasses, acides gras satur\u00e9s, glucides, sucres, prot\u00e9ines et sel. Extrait de th\u00e9 et feuille de th\u00e9 : 5,83g d\u2019\u00e9quivalent feuille pour 3&#215;2 g de m\u00e9lange. Dont EGCG pour 2g de m\u00e9lange: 64mg. **Pour 2g de m\u00e9lange infus\u00e9 3 minutes dans 200 ml d\u2019eau \u00e0 80\u00b0C.<\/p><p>Ne doit pas \u00eatre consomm\u00e9 par les femmes enceintes ou allaitantes et par les enfants de moins de 18 ans. Ne pas consommer plus de 800 mg d\u2019EGCG par jour. Ne pas consommer plus de 6 tasses par jour.<\/p>\t\t\t\t\t\t\t\t<\/div>\n\t\t\t\t\t<\/div>\n\t\t\t\t<\/div>\n\t\t\t\t<\/div>\n\t\t","protected":false},"excerpt":{"rendered":"<p>Th\u00e9 vert, ar\u00f4mes naturels de fraise et de cerise Atteignez vos objectifs avec Rituel Minceur : un m\u00e9lange fruit\u00e9 de mat\u00e9 et de th\u00e9 vert bio aux bienfaits cliniquement prouv\u00e9s ! Kusmi Tea continue d\u2019innover en associant naturalit\u00e9 et efficacit\u00e9 dans ce th\u00e9 minceur. Son objectif ? Vous aider \u00e0 ma\u00eetriser votre poids en d\u00e9gustant [&hellip;]<\/p>\n","protected":false},"featured_media":6774,"comment_status":"open","ping_status":"closed","template":"","meta":[],"product_cat":[62],"product_tag":[],"class_list":{"0":"post-6739","1":"product","2":"type-product","3":"status-publish","4":"has-post-thumbnail","6":"product_cat-bien-etre","8":"first","9":"instock","10":"shipping-taxable","11":"purchasable","12":"product-type-variable"},"yoast_head":"<!-- This site is optimized with the Yoast SEO plugin v26.6 - https:\/\/yoast.com\/wordpress\/plugins\/seo\/ -->\n<title>Rituel Minceur : Th\u00e9 vert minceur - Kusmi Tea R\u00e9union - Kusmi Tea R\u00e9union<\/title>\n<meta name=\"description\" content=\"Th\u00e9 vert, ar\u00f4mes naturels de fraise et de cerise\" \/>\n<meta name=\"robots\" content=\"index, follow, max-snippet:-1, max-image-preview:large, max-video-preview:-1\" \/>\n<link rel=\"canonical\" href=\"https:\/\/kusmitea.re\/index.php\/product\/rituel-minceur-bio\/\" \/>\n<meta property=\"og:locale\" content=\"fr_FR\" \/>\n<meta property=\"og:type\" content=\"article\" \/>\n<meta property=\"og:title\" content=\"Rituel Minceur : Th\u00e9 vert minceur - Kusmi Tea R\u00e9union - Kusmi Tea R\u00e9union\" \/>\n<meta property=\"og:description\" content=\"Th\u00e9 vert, ar\u00f4mes naturels de fraise et de cerise\" \/>\n<meta property=\"og:url\" content=\"https:\/\/kusmitea.re\/index.php\/product\/rituel-minceur-bio\/\" \/>\n<meta property=\"og:site_name\" content=\"Kusmi Tea R\u00e9union\" \/>\n<meta property=\"article:publisher\" content=\"https:\/\/www.facebook.com\/p\/Kusmi-Tea-Runion-61571670075100\/\" \/>\n<meta property=\"article:modified_time\" content=\"2026-04-02T05:20:42+00:00\" \/>\n<meta property=\"og:image\" content=\"https:\/\/kusmitea.re\/wp-content\/uploads\/2025\/08\/MINC18SBIO.jpg\" \/>\n\t<meta property=\"og:image:width\" content=\"800\" \/>\n\t<meta property=\"og:image:height\" content=\"800\" \/>\n\t<meta property=\"og:image:type\" content=\"image\/jpeg\" \/>\n<meta name=\"twitter:card\" content=\"summary_large_image\" \/>\n<meta name=\"twitter:label1\" content=\"Dur\u00e9e de lecture estim\u00e9e\" \/>\n\t<meta name=\"twitter:data1\" content=\"4 minutes\" \/>\n<script type=\"application\/ld+json\" class=\"yoast-schema-graph\">{\"@context\":\"https:\/\/schema.org\",\"@graph\":[{\"@type\":\"WebPage\",\"@id\":\"https:\/\/kusmitea.re\/index.php\/product\/rituel-minceur-bio\/\",\"url\":\"https:\/\/kusmitea.re\/index.php\/product\/rituel-minceur-bio\/\",\"name\":\"Rituel Minceur : Th\u00e9 vert minceur - Kusmi Tea R\u00e9union - Kusmi Tea R\u00e9union\",\"isPartOf\":{\"@id\":\"https:\/\/kusmitea.re\/#website\"},\"primaryImageOfPage\":{\"@id\":\"https:\/\/kusmitea.re\/index.php\/product\/rituel-minceur-bio\/#primaryimage\"},\"image\":{\"@id\":\"https:\/\/kusmitea.re\/index.php\/product\/rituel-minceur-bio\/#primaryimage\"},\"thumbnailUrl\":\"https:\/\/kusmitea.re\/wp-content\/uploads\/2025\/08\/MINC18SBIO.jpg\",\"datePublished\":\"2025-08-30T05:07:49+00:00\",\"dateModified\":\"2026-04-02T05:20:42+00:00\",\"description\":\"Th\u00e9 vert, ar\u00f4mes naturels de fraise et de cerise\",\"breadcrumb\":{\"@id\":\"https:\/\/kusmitea.re\/index.php\/product\/rituel-minceur-bio\/#breadcrumb\"},\"inLanguage\":\"fr-FR\",\"potentialAction\":[{\"@type\":\"ReadAction\",\"target\":[\"https:\/\/kusmitea.re\/index.php\/product\/rituel-minceur-bio\/\"]}]},{\"@type\":\"ImageObject\",\"inLanguage\":\"fr-FR\",\"@id\":\"https:\/\/kusmitea.re\/index.php\/product\/rituel-minceur-bio\/#primaryimage\",\"url\":\"https:\/\/kusmitea.re\/wp-content\/uploads\/2025\/08\/MINC18SBIO.jpg\",\"contentUrl\":\"https:\/\/kusmitea.re\/wp-content\/uploads\/2025\/08\/MINC18SBIO.jpg\",\"width\":800,\"height\":800},{\"@type\":\"BreadcrumbList\",\"@id\":\"https:\/\/kusmitea.re\/index.php\/product\/rituel-minceur-bio\/#breadcrumb\",\"itemListElement\":[{\"@type\":\"ListItem\",\"position\":1,\"name\":\"Accueil\",\"item\":\"https:\/\/kusmitea.re\/\"},{\"@type\":\"ListItem\",\"position\":2,\"name\":\"Boutique\",\"item\":\"https:\/\/kusmitea.re\/index.php\/shop\/\"},{\"@type\":\"ListItem\",\"position\":3,\"name\":\"Rituel Minceur : Th\u00e9 vert minceur &#8211; Kusmi Tea R\u00e9union\"}]},{\"@type\":\"WebSite\",\"@id\":\"https:\/\/kusmitea.re\/#website\",\"url\":\"https:\/\/kusmitea.re\/\",\"name\":\"Kusmi Tea R\u00e9union\",\"description\":\"\",\"publisher\":{\"@id\":\"https:\/\/kusmitea.re\/#organization\"},\"potentialAction\":[{\"@type\":\"SearchAction\",\"target\":{\"@type\":\"EntryPoint\",\"urlTemplate\":\"https:\/\/kusmitea.re\/?s={search_term_string}\"},\"query-input\":{\"@type\":\"PropertyValueSpecification\",\"valueRequired\":true,\"valueName\":\"search_term_string\"}}],\"inLanguage\":\"fr-FR\"},{\"@type\":\"Organization\",\"@id\":\"https:\/\/kusmitea.re\/#organization\",\"name\":\"Kusmi Tea R\u00e9union\",\"url\":\"https:\/\/kusmitea.re\/\",\"logo\":{\"@type\":\"ImageObject\",\"inLanguage\":\"fr-FR\",\"@id\":\"https:\/\/kusmitea.re\/#\/schema\/logo\/image\/\",\"url\":\"https:\/\/kusmitea.re\/wp-content\/uploads\/2023\/05\/cropped-logo.webp\",\"contentUrl\":\"https:\/\/kusmitea.re\/wp-content\/uploads\/2023\/05\/cropped-logo.webp\",\"width\":469,\"height\":141,\"caption\":\"Kusmi Tea R\u00e9union\"},\"image\":{\"@id\":\"https:\/\/kusmitea.re\/#\/schema\/logo\/image\/\"},\"sameAs\":[\"https:\/\/www.facebook.com\/p\/Kusmi-Tea-Runion-61571670075100\/\",\"https:\/\/www.instagram.com\/kusmiteare\/\"]}]}<\/script>\n<!-- \/ Yoast SEO plugin. -->","yoast_head_json":{"title":"Rituel Minceur : Th\u00e9 vert minceur - Kusmi Tea R\u00e9union - Kusmi Tea R\u00e9union","description":"Th\u00e9 vert, ar\u00f4mes naturels de fraise et de cerise","robots":{"index":"index","follow":"follow","max-snippet":"max-snippet:-1","max-image-preview":"max-image-preview:large","max-video-preview":"max-video-preview:-1"},"canonical":"https:\/\/kusmitea.re\/index.php\/product\/rituel-minceur-bio\/","og_locale":"fr_FR","og_type":"article","og_title":"Rituel Minceur : Th\u00e9 vert minceur - Kusmi Tea R\u00e9union - Kusmi Tea R\u00e9union","og_description":"Th\u00e9 vert, ar\u00f4mes naturels de fraise et de cerise","og_url":"https:\/\/kusmitea.re\/index.php\/product\/rituel-minceur-bio\/","og_site_name":"Kusmi Tea R\u00e9union","article_publisher":"https:\/\/www.facebook.com\/p\/Kusmi-Tea-Runion-61571670075100\/","article_modified_time":"2026-04-02T05:20:42+00:00","og_image":[{"width":800,"height":800,"url":"https:\/\/kusmitea.re\/wp-content\/uploads\/2025\/08\/MINC18SBIO.jpg","type":"image\/jpeg"}],"twitter_card":"summary_large_image","twitter_misc":{"Dur\u00e9e de lecture estim\u00e9e":"4 minutes"},"schema":{"@context":"https:\/\/schema.org","@graph":[{"@type":"WebPage","@id":"https:\/\/kusmitea.re\/index.php\/product\/rituel-minceur-bio\/","url":"https:\/\/kusmitea.re\/index.php\/product\/rituel-minceur-bio\/","name":"Rituel Minceur : Th\u00e9 vert minceur - Kusmi Tea R\u00e9union - Kusmi Tea R\u00e9union","isPartOf":{"@id":"https:\/\/kusmitea.re\/#website"},"primaryImageOfPage":{"@id":"https:\/\/kusmitea.re\/index.php\/product\/rituel-minceur-bio\/#primaryimage"},"image":{"@id":"https:\/\/kusmitea.re\/index.php\/product\/rituel-minceur-bio\/#primaryimage"},"thumbnailUrl":"https:\/\/kusmitea.re\/wp-content\/uploads\/2025\/08\/MINC18SBIO.jpg","datePublished":"2025-08-30T05:07:49+00:00","dateModified":"2026-04-02T05:20:42+00:00","description":"Th\u00e9 vert, ar\u00f4mes naturels de fraise et de cerise","breadcrumb":{"@id":"https:\/\/kusmitea.re\/index.php\/product\/rituel-minceur-bio\/#breadcrumb"},"inLanguage":"fr-FR","potentialAction":[{"@type":"ReadAction","target":["https:\/\/kusmitea.re\/index.php\/product\/rituel-minceur-bio\/"]}]},{"@type":"ImageObject","inLanguage":"fr-FR","@id":"https:\/\/kusmitea.re\/index.php\/product\/rituel-minceur-bio\/#primaryimage","url":"https:\/\/kusmitea.re\/wp-content\/uploads\/2025\/08\/MINC18SBIO.jpg","contentUrl":"https:\/\/kusmitea.re\/wp-content\/uploads\/2025\/08\/MINC18SBIO.jpg","width":800,"height":800},{"@type":"BreadcrumbList","@id":"https:\/\/kusmitea.re\/index.php\/product\/rituel-minceur-bio\/#breadcrumb","itemListElement":[{"@type":"ListItem","position":1,"name":"Accueil","item":"https:\/\/kusmitea.re\/"},{"@type":"ListItem","position":2,"name":"Boutique","item":"https:\/\/kusmitea.re\/index.php\/shop\/"},{"@type":"ListItem","position":3,"name":"Rituel Minceur : Th\u00e9 vert minceur &#8211; Kusmi Tea R\u00e9union"}]},{"@type":"WebSite","@id":"https:\/\/kusmitea.re\/#website","url":"https:\/\/kusmitea.re\/","name":"Kusmi Tea R\u00e9union","description":"","publisher":{"@id":"https:\/\/kusmitea.re\/#organization"},"potentialAction":[{"@type":"SearchAction","target":{"@type":"EntryPoint","urlTemplate":"https:\/\/kusmitea.re\/?s={search_term_string}"},"query-input":{"@type":"PropertyValueSpecification","valueRequired":true,"valueName":"search_term_string"}}],"inLanguage":"fr-FR"},{"@type":"Organization","@id":"https:\/\/kusmitea.re\/#organization","name":"Kusmi Tea R\u00e9union","url":"https:\/\/kusmitea.re\/","logo":{"@type":"ImageObject","inLanguage":"fr-FR","@id":"https:\/\/kusmitea.re\/#\/schema\/logo\/image\/","url":"https:\/\/kusmitea.re\/wp-content\/uploads\/2023\/05\/cropped-logo.webp","contentUrl":"https:\/\/kusmitea.re\/wp-content\/uploads\/2023\/05\/cropped-logo.webp","width":469,"height":141,"caption":"Kusmi Tea R\u00e9union"},"image":{"@id":"https:\/\/kusmitea.re\/#\/schema\/logo\/image\/"},"sameAs":["https:\/\/www.facebook.com\/p\/Kusmi-Tea-Runion-61571670075100\/","https:\/\/www.instagram.com\/kusmiteare\/"]}]}},"jetpack_sharing_enabled":true,"_links":{"self":[{"href":"https:\/\/kusmitea.re\/index.php\/wp-json\/wp\/v2\/product\/6739","targetHints":{"allow":["GET"]}}],"collection":[{"href":"https:\/\/kusmitea.re\/index.php\/wp-json\/wp\/v2\/product"}],"about":[{"href":"https:\/\/kusmitea.re\/index.php\/wp-json\/wp\/v2\/types\/product"}],"replies":[{"embeddable":true,"href":"https:\/\/kusmitea.re\/index.php\/wp-json\/wp\/v2\/comments?post=6739"}],"version-history":[{"count":7,"href":"https:\/\/kusmitea.re\/index.php\/wp-json\/wp\/v2\/product\/6739\/revisions"}],"predecessor-version":[{"id":12958,"href":"https:\/\/kusmitea.re\/index.php\/wp-json\/wp\/v2\/product\/6739\/revisions\/12958"}],"wp:featuredmedia":[{"embeddable":true,"href":"https:\/\/kusmitea.re\/index.php\/wp-json\/wp\/v2\/media\/6774"}],"wp:attachment":[{"href":"https:\/\/kusmitea.re\/index.php\/wp-json\/wp\/v2\/media?parent=6739"}],"wp:term":[{"taxonomy":"product_cat","embeddable":true,"href":"https:\/\/kusmitea.re\/index.php\/wp-json\/wp\/v2\/product_cat?post=6739"},{"taxonomy":"product_tag","embeddable":true,"href":"https:\/\/kusmitea.re\/index.php\/wp-json\/wp\/v2\/product_tag?post=6739"}],"curies":[{"name":"wp","href":"https:\/\/api.w.org\/{rel}","templated":true}]}}