{"id":6738,"date":"2025-08-30T07:07:49","date_gmt":"2025-08-30T05:07:49","guid":{"rendered":"https:\/\/kusmitea.re\/?post_type=product&#038;p=6738"},"modified":"2025-12-30T06:08:43","modified_gmt":"2025-12-30T05:08:43","slug":"pince-pour-filtre-a-the-en-inox-finum","status":"publish","type":"product","link":"https:\/\/kusmitea.re\/index.php\/product\/pince-pour-filtre-a-the-en-inox-finum\/","title":{"rendered":"Pince pour filtre \u00e0 th\u00e9 En inox &#8211; FINUM"},"content":{"rendered":"<h2>Pince inox FINUM pour filtre \u00e0 th\u00e9 papier<\/h2>\n<p>Les filtres \u00e0 th\u00e9 de Finum\u00ae sont fabriqu\u00e9s en cellulose biod\u00e9gradable et en pulpe d&rsquo;abaca. Certifi\u00e9s FSC, ils sont renomm\u00e9s pour leurs qualit\u00e9s uniques de filtration sans perte d&rsquo;ar\u00f4me.<\/p>\n<p>La pince \u00e0 th\u00e9 Tea Click est sp\u00e9cialement con\u00e7ue pour fermer vos\u00a0filtres \u00e0 th\u00e9 papier Finum\u00ae<\/p>\n<p>1) Appuyez sur le click des 2 doigts jusqu\u2019\u00e0 ce qu\u2019il s\u2019ouvre.<\/p>\n<p>2) Mettez le filtre dans le click et appuyez pour fermer. Placez le filtre dans la th\u00e9i\u00e8re, pendre le click au bord.<\/p>\n<p>Astucieux, le crochet en bout de cha\u00eene permet de tenir en place la pince.<\/p>\n<h2>L&rsquo;info qu&rsquo;il vous faut<\/h2>\n<p>Les filtres de Finum\u00ae ont un double pli au fond, qui se d\u00e9plie quand le th\u00e9 rel\u00e2che son ar\u00f4me extraordinaire. Vous pouvez les utiliser sans ou avec portes-filtres. N\u00e9anmoins, avec un des supports optionnels: Click, Clip, Top et\/ou Stick, l&rsquo;utilisation sera facilit\u00e9e.<\/p>\n<h3>CARACT\u00c9RISTIQUES<\/h3>\n<p>\u2022\u00a0 \u00a0 Mat\u00e9riaux : acier inoxydable\u2022\u00a0 \u00a0 Dimensions : L 138 mm<\/p>\n<p><img fetchpriority=\"high\" decoding=\"async\" src=\"http:\/\/kusmitea.re\/wp-content\/uploads\/2024\/09\/ef2472910986902e57548dbb6c337aa5dc589ac0_9178fb5eb376cd084c1e7842cd004fa5dc95d0a3_40301.png\" alt=\"Pince inox FINUM pour filtre \u00e0 th\u00e9 papier\" width=\"400\" height=\"412\" \/><\/p>\n","protected":false},"excerpt":{"rendered":"<p>Les filtres \u00e0 th\u00e9 de Finum\u00ae sont fabriqu\u00e9s en cellulose biod\u00e9gradable et en pulpe d&rsquo;abaca.<\/p>\n","protected":false},"featured_media":6771,"comment_status":"open","ping_status":"closed","template":"","meta":[],"product_cat":[350],"product_tag":[],"class_list":{"0":"post-6738","1":"product","2":"type-product","3":"status-publish","4":"has-post-thumbnail","6":"product_cat-accessoires","8":"first","9":"instock","10":"shipping-taxable","11":"purchasable","12":"product-type-simple"},"yoast_head":"<!-- This site is optimized with the Yoast SEO plugin v26.6 - https:\/\/yoast.com\/wordpress\/plugins\/seo\/ -->\n<title>Pince pour filtre \u00e0 th\u00e9 En inox - FINUM - Kusmi Tea R\u00e9union<\/title>\n<meta name=\"robots\" content=\"index, follow, max-snippet:-1, max-image-preview:large, max-video-preview:-1\" \/>\n<link rel=\"canonical\" href=\"https:\/\/kusmitea.re\/index.php\/product\/pince-pour-filtre-a-the-en-inox-finum\/\" \/>\n<meta property=\"og:locale\" content=\"fr_FR\" \/>\n<meta property=\"og:type\" content=\"article\" \/>\n<meta property=\"og:title\" content=\"Pince pour filtre \u00e0 th\u00e9 En inox - FINUM - Kusmi Tea R\u00e9union\" \/>\n<meta property=\"og:description\" content=\"Les filtres \u00e0 th\u00e9 de Finum\u00ae sont fabriqu\u00e9s en cellulose biod\u00e9gradable et en pulpe d&#039;abaca.\" \/>\n<meta property=\"og:url\" content=\"https:\/\/kusmitea.re\/index.php\/product\/pince-pour-filtre-a-the-en-inox-finum\/\" \/>\n<meta property=\"og:site_name\" content=\"Kusmi Tea R\u00e9union\" \/>\n<meta property=\"article:publisher\" content=\"https:\/\/www.facebook.com\/p\/Kusmi-Tea-Runion-61571670075100\/\" \/>\n<meta property=\"article:modified_time\" content=\"2025-12-30T05:08:43+00:00\" \/>\n<meta property=\"og:image\" content=\"https:\/\/kusmitea.re\/wp-content\/uploads\/2025\/08\/ef2472910986902e57548dbb6c337aa5dc589ac0_9178fb5eb376cd084c1e7842cd004fa5dc95d0a3_40301.png\" \/>\n\t<meta property=\"og:image:width\" content=\"400\" \/>\n\t<meta property=\"og:image:height\" content=\"412\" \/>\n\t<meta property=\"og:image:type\" content=\"image\/png\" \/>\n<meta name=\"twitter:card\" content=\"summary_large_image\" \/>\n<meta name=\"twitter:label1\" content=\"Dur\u00e9e de lecture estim\u00e9e\" \/>\n\t<meta name=\"twitter:data1\" content=\"2 minutes\" \/>\n<script type=\"application\/ld+json\" class=\"yoast-schema-graph\">{\"@context\":\"https:\/\/schema.org\",\"@graph\":[{\"@type\":\"WebPage\",\"@id\":\"https:\/\/kusmitea.re\/index.php\/product\/pince-pour-filtre-a-the-en-inox-finum\/\",\"url\":\"https:\/\/kusmitea.re\/index.php\/product\/pince-pour-filtre-a-the-en-inox-finum\/\",\"name\":\"Pince pour filtre \u00e0 th\u00e9 En inox - FINUM - Kusmi Tea R\u00e9union\",\"isPartOf\":{\"@id\":\"https:\/\/kusmitea.re\/#website\"},\"primaryImageOfPage\":{\"@id\":\"https:\/\/kusmitea.re\/index.php\/product\/pince-pour-filtre-a-the-en-inox-finum\/#primaryimage\"},\"image\":{\"@id\":\"https:\/\/kusmitea.re\/index.php\/product\/pince-pour-filtre-a-the-en-inox-finum\/#primaryimage\"},\"thumbnailUrl\":\"https:\/\/kusmitea.re\/wp-content\/uploads\/2025\/08\/ef2472910986902e57548dbb6c337aa5dc589ac0_9178fb5eb376cd084c1e7842cd004fa5dc95d0a3_40301.png\",\"datePublished\":\"2025-08-30T05:07:49+00:00\",\"dateModified\":\"2025-12-30T05:08:43+00:00\",\"breadcrumb\":{\"@id\":\"https:\/\/kusmitea.re\/index.php\/product\/pince-pour-filtre-a-the-en-inox-finum\/#breadcrumb\"},\"inLanguage\":\"fr-FR\",\"potentialAction\":[{\"@type\":\"ReadAction\",\"target\":[\"https:\/\/kusmitea.re\/index.php\/product\/pince-pour-filtre-a-the-en-inox-finum\/\"]}]},{\"@type\":\"ImageObject\",\"inLanguage\":\"fr-FR\",\"@id\":\"https:\/\/kusmitea.re\/index.php\/product\/pince-pour-filtre-a-the-en-inox-finum\/#primaryimage\",\"url\":\"https:\/\/kusmitea.re\/wp-content\/uploads\/2025\/08\/ef2472910986902e57548dbb6c337aa5dc589ac0_9178fb5eb376cd084c1e7842cd004fa5dc95d0a3_40301.png\",\"contentUrl\":\"https:\/\/kusmitea.re\/wp-content\/uploads\/2025\/08\/ef2472910986902e57548dbb6c337aa5dc589ac0_9178fb5eb376cd084c1e7842cd004fa5dc95d0a3_40301.png\",\"width\":400,\"height\":412},{\"@type\":\"BreadcrumbList\",\"@id\":\"https:\/\/kusmitea.re\/index.php\/product\/pince-pour-filtre-a-the-en-inox-finum\/#breadcrumb\",\"itemListElement\":[{\"@type\":\"ListItem\",\"position\":1,\"name\":\"Accueil\",\"item\":\"https:\/\/kusmitea.re\/\"},{\"@type\":\"ListItem\",\"position\":2,\"name\":\"Boutique\",\"item\":\"https:\/\/kusmitea.re\/index.php\/shop\/\"},{\"@type\":\"ListItem\",\"position\":3,\"name\":\"Pince pour filtre \u00e0 th\u00e9 En inox &#8211; FINUM\"}]},{\"@type\":\"WebSite\",\"@id\":\"https:\/\/kusmitea.re\/#website\",\"url\":\"https:\/\/kusmitea.re\/\",\"name\":\"Kusmi Tea R\u00e9union\",\"description\":\"\",\"publisher\":{\"@id\":\"https:\/\/kusmitea.re\/#organization\"},\"potentialAction\":[{\"@type\":\"SearchAction\",\"target\":{\"@type\":\"EntryPoint\",\"urlTemplate\":\"https:\/\/kusmitea.re\/?s={search_term_string}\"},\"query-input\":{\"@type\":\"PropertyValueSpecification\",\"valueRequired\":true,\"valueName\":\"search_term_string\"}}],\"inLanguage\":\"fr-FR\"},{\"@type\":\"Organization\",\"@id\":\"https:\/\/kusmitea.re\/#organization\",\"name\":\"Kusmi Tea R\u00e9union\",\"url\":\"https:\/\/kusmitea.re\/\",\"logo\":{\"@type\":\"ImageObject\",\"inLanguage\":\"fr-FR\",\"@id\":\"https:\/\/kusmitea.re\/#\/schema\/logo\/image\/\",\"url\":\"https:\/\/kusmitea.re\/wp-content\/uploads\/2023\/05\/cropped-logo.webp\",\"contentUrl\":\"https:\/\/kusmitea.re\/wp-content\/uploads\/2023\/05\/cropped-logo.webp\",\"width\":469,\"height\":141,\"caption\":\"Kusmi Tea R\u00e9union\"},\"image\":{\"@id\":\"https:\/\/kusmitea.re\/#\/schema\/logo\/image\/\"},\"sameAs\":[\"https:\/\/www.facebook.com\/p\/Kusmi-Tea-Runion-61571670075100\/\",\"https:\/\/www.instagram.com\/kusmiteare\/\"]}]}<\/script>\n<!-- \/ Yoast SEO plugin. -->","yoast_head_json":{"title":"Pince pour filtre \u00e0 th\u00e9 En inox - FINUM - Kusmi Tea R\u00e9union","robots":{"index":"index","follow":"follow","max-snippet":"max-snippet:-1","max-image-preview":"max-image-preview:large","max-video-preview":"max-video-preview:-1"},"canonical":"https:\/\/kusmitea.re\/index.php\/product\/pince-pour-filtre-a-the-en-inox-finum\/","og_locale":"fr_FR","og_type":"article","og_title":"Pince pour filtre \u00e0 th\u00e9 En inox - FINUM - Kusmi Tea R\u00e9union","og_description":"Les filtres \u00e0 th\u00e9 de Finum\u00ae sont fabriqu\u00e9s en cellulose biod\u00e9gradable et en pulpe d'abaca.","og_url":"https:\/\/kusmitea.re\/index.php\/product\/pince-pour-filtre-a-the-en-inox-finum\/","og_site_name":"Kusmi Tea R\u00e9union","article_publisher":"https:\/\/www.facebook.com\/p\/Kusmi-Tea-Runion-61571670075100\/","article_modified_time":"2025-12-30T05:08:43+00:00","og_image":[{"width":400,"height":412,"url":"https:\/\/kusmitea.re\/wp-content\/uploads\/2025\/08\/ef2472910986902e57548dbb6c337aa5dc589ac0_9178fb5eb376cd084c1e7842cd004fa5dc95d0a3_40301.png","type":"image\/png"}],"twitter_card":"summary_large_image","twitter_misc":{"Dur\u00e9e de lecture estim\u00e9e":"2 minutes"},"schema":{"@context":"https:\/\/schema.org","@graph":[{"@type":"WebPage","@id":"https:\/\/kusmitea.re\/index.php\/product\/pince-pour-filtre-a-the-en-inox-finum\/","url":"https:\/\/kusmitea.re\/index.php\/product\/pince-pour-filtre-a-the-en-inox-finum\/","name":"Pince pour filtre \u00e0 th\u00e9 En inox - FINUM - Kusmi Tea R\u00e9union","isPartOf":{"@id":"https:\/\/kusmitea.re\/#website"},"primaryImageOfPage":{"@id":"https:\/\/kusmitea.re\/index.php\/product\/pince-pour-filtre-a-the-en-inox-finum\/#primaryimage"},"image":{"@id":"https:\/\/kusmitea.re\/index.php\/product\/pince-pour-filtre-a-the-en-inox-finum\/#primaryimage"},"thumbnailUrl":"https:\/\/kusmitea.re\/wp-content\/uploads\/2025\/08\/ef2472910986902e57548dbb6c337aa5dc589ac0_9178fb5eb376cd084c1e7842cd004fa5dc95d0a3_40301.png","datePublished":"2025-08-30T05:07:49+00:00","dateModified":"2025-12-30T05:08:43+00:00","breadcrumb":{"@id":"https:\/\/kusmitea.re\/index.php\/product\/pince-pour-filtre-a-the-en-inox-finum\/#breadcrumb"},"inLanguage":"fr-FR","potentialAction":[{"@type":"ReadAction","target":["https:\/\/kusmitea.re\/index.php\/product\/pince-pour-filtre-a-the-en-inox-finum\/"]}]},{"@type":"ImageObject","inLanguage":"fr-FR","@id":"https:\/\/kusmitea.re\/index.php\/product\/pince-pour-filtre-a-the-en-inox-finum\/#primaryimage","url":"https:\/\/kusmitea.re\/wp-content\/uploads\/2025\/08\/ef2472910986902e57548dbb6c337aa5dc589ac0_9178fb5eb376cd084c1e7842cd004fa5dc95d0a3_40301.png","contentUrl":"https:\/\/kusmitea.re\/wp-content\/uploads\/2025\/08\/ef2472910986902e57548dbb6c337aa5dc589ac0_9178fb5eb376cd084c1e7842cd004fa5dc95d0a3_40301.png","width":400,"height":412},{"@type":"BreadcrumbList","@id":"https:\/\/kusmitea.re\/index.php\/product\/pince-pour-filtre-a-the-en-inox-finum\/#breadcrumb","itemListElement":[{"@type":"ListItem","position":1,"name":"Accueil","item":"https:\/\/kusmitea.re\/"},{"@type":"ListItem","position":2,"name":"Boutique","item":"https:\/\/kusmitea.re\/index.php\/shop\/"},{"@type":"ListItem","position":3,"name":"Pince pour filtre \u00e0 th\u00e9 En inox &#8211; FINUM"}]},{"@type":"WebSite","@id":"https:\/\/kusmitea.re\/#website","url":"https:\/\/kusmitea.re\/","name":"Kusmi Tea R\u00e9union","description":"","publisher":{"@id":"https:\/\/kusmitea.re\/#organization"},"potentialAction":[{"@type":"SearchAction","target":{"@type":"EntryPoint","urlTemplate":"https:\/\/kusmitea.re\/?s={search_term_string}"},"query-input":{"@type":"PropertyValueSpecification","valueRequired":true,"valueName":"search_term_string"}}],"inLanguage":"fr-FR"},{"@type":"Organization","@id":"https:\/\/kusmitea.re\/#organization","name":"Kusmi Tea R\u00e9union","url":"https:\/\/kusmitea.re\/","logo":{"@type":"ImageObject","inLanguage":"fr-FR","@id":"https:\/\/kusmitea.re\/#\/schema\/logo\/image\/","url":"https:\/\/kusmitea.re\/wp-content\/uploads\/2023\/05\/cropped-logo.webp","contentUrl":"https:\/\/kusmitea.re\/wp-content\/uploads\/2023\/05\/cropped-logo.webp","width":469,"height":141,"caption":"Kusmi Tea R\u00e9union"},"image":{"@id":"https:\/\/kusmitea.re\/#\/schema\/logo\/image\/"},"sameAs":["https:\/\/www.facebook.com\/p\/Kusmi-Tea-Runion-61571670075100\/","https:\/\/www.instagram.com\/kusmiteare\/"]}]}},"jetpack_sharing_enabled":true,"_links":{"self":[{"href":"https:\/\/kusmitea.re\/index.php\/wp-json\/wp\/v2\/product\/6738","targetHints":{"allow":["GET"]}}],"collection":[{"href":"https:\/\/kusmitea.re\/index.php\/wp-json\/wp\/v2\/product"}],"about":[{"href":"https:\/\/kusmitea.re\/index.php\/wp-json\/wp\/v2\/types\/product"}],"replies":[{"embeddable":true,"href":"https:\/\/kusmitea.re\/index.php\/wp-json\/wp\/v2\/comments?post=6738"}],"version-history":[{"count":1,"href":"https:\/\/kusmitea.re\/index.php\/wp-json\/wp\/v2\/product\/6738\/revisions"}],"predecessor-version":[{"id":12882,"href":"https:\/\/kusmitea.re\/index.php\/wp-json\/wp\/v2\/product\/6738\/revisions\/12882"}],"wp:featuredmedia":[{"embeddable":true,"href":"https:\/\/kusmitea.re\/index.php\/wp-json\/wp\/v2\/media\/6771"}],"wp:attachment":[{"href":"https:\/\/kusmitea.re\/index.php\/wp-json\/wp\/v2\/media?parent=6738"}],"wp:term":[{"taxonomy":"product_cat","embeddable":true,"href":"https:\/\/kusmitea.re\/index.php\/wp-json\/wp\/v2\/product_cat?post=6738"},{"taxonomy":"product_tag","embeddable":true,"href":"https:\/\/kusmitea.re\/index.php\/wp-json\/wp\/v2\/product_tag?post=6738"}],"curies":[{"name":"wp","href":"https:\/\/api.w.org\/{rel}","templated":true}]}}