{"id":6737,"date":"2025-08-30T07:07:49","date_gmt":"2025-08-30T05:07:49","guid":{"rendered":"https:\/\/kusmitea.re\/?post_type=product&#038;p=6737"},"modified":"2025-12-30T06:08:35","modified_gmt":"2025-12-30T05:08:35","slug":"mesure-a-the","status":"publish","type":"product","link":"https:\/\/kusmitea.re\/index.php\/product\/mesure-a-the\/","title":{"rendered":"Mesure \u00e0 th\u00e9"},"content":{"rendered":"<h2>Mesure \u00e0 th\u00e9<\/h2>\n<p>La mesure \u00e0 th\u00e9 cuivre Kusmi Tea permet de doser parfaitement le th\u00e9 en vrac pour la pr\u00e9paration d&rsquo;une tasse. Son design et sa couleur en font un accessoire raffin\u00e9 qui allie l&rsquo;utile \u00e0 l&rsquo;agr\u00e9able.<\/p>\n<p>\u00a0\u00a0\u00a0\t\t<\/p>\n<h3>CARACT\u00c9RISTIQUES<\/h3>\n<p>\u2022\u00a0 \u00a0 Mat\u00e9riaux : acier inoxydable, rev\u00eatement en titane\u2022\u00a0 \u00a0 Dimensions : L 125 x \u00d8 30 mm\u2022\u00a0 \u00a0 Conditions d&rsquo;utilisation : compatible lave-vaisselle, pas de micro-ondes<br \/>\n\t\t\t\t\t\t\t\t\t\t\t\t\t<img fetchpriority=\"high\" decoding=\"async\" width=\"400\" height=\"410\" src=\"http:\/\/kusmitea.re\/wp-content\/uploads\/2024\/09\/c3b46fa96069c6c672a9e636d2b40ea2a1623a83_c632927b32c523fa5303b84b4261e5238556e785_MESCOP1.png\" alt=\"Mesure \u00e0 th\u00e9 cuivre\" \/><\/p>\n","protected":false},"excerpt":{"rendered":"<p>La mesure \u00e0 th\u00e9 cuivre Kusmi Tea permet de doser parfaitement le th\u00e9 en vrac pour la pr\u00e9paration d&rsquo;une tasse.<\/p>\n","protected":false},"featured_media":6770,"comment_status":"open","ping_status":"closed","template":"","meta":[],"product_cat":[350],"product_tag":[],"class_list":{"0":"post-6737","1":"product","2":"type-product","3":"status-publish","4":"has-post-thumbnail","6":"product_cat-accessoires","8":"first","9":"instock","10":"shipping-taxable","11":"purchasable","12":"product-type-simple"},"yoast_head":"<!-- This site is optimized with the Yoast SEO plugin v26.6 - https:\/\/yoast.com\/wordpress\/plugins\/seo\/ -->\n<title>Mesure \u00e0 th\u00e9 - Kusmi Tea R\u00e9union<\/title>\n<meta name=\"robots\" content=\"index, follow, max-snippet:-1, max-image-preview:large, max-video-preview:-1\" \/>\n<link rel=\"canonical\" href=\"https:\/\/kusmitea.re\/index.php\/product\/mesure-a-the\/\" \/>\n<meta property=\"og:locale\" content=\"fr_FR\" \/>\n<meta property=\"og:type\" content=\"article\" \/>\n<meta property=\"og:title\" content=\"Mesure \u00e0 th\u00e9 - Kusmi Tea R\u00e9union\" \/>\n<meta property=\"og:description\" content=\"La mesure \u00e0 th\u00e9 cuivre Kusmi Tea permet de doser parfaitement le th\u00e9 en vrac pour la pr\u00e9paration d&#039;une tasse.\" \/>\n<meta property=\"og:url\" content=\"https:\/\/kusmitea.re\/index.php\/product\/mesure-a-the\/\" \/>\n<meta property=\"og:site_name\" content=\"Kusmi Tea R\u00e9union\" \/>\n<meta property=\"article:publisher\" content=\"https:\/\/www.facebook.com\/p\/Kusmi-Tea-Runion-61571670075100\/\" \/>\n<meta property=\"article:modified_time\" content=\"2025-12-30T05:08:35+00:00\" \/>\n<meta property=\"og:image\" content=\"https:\/\/kusmitea.re\/wp-content\/uploads\/2025\/08\/c3b46fa96069c6c672a9e636d2b40ea2a1623a83_c632927b32c523fa5303b84b4261e5238556e785_MESCOP1.png\" \/>\n\t<meta property=\"og:image:width\" content=\"400\" \/>\n\t<meta property=\"og:image:height\" content=\"410\" \/>\n\t<meta property=\"og:image:type\" content=\"image\/png\" \/>\n<meta name=\"twitter:card\" content=\"summary_large_image\" \/>\n<meta name=\"twitter:label1\" content=\"Dur\u00e9e de lecture estim\u00e9e\" \/>\n\t<meta name=\"twitter:data1\" content=\"1 minute\" \/>\n<script type=\"application\/ld+json\" class=\"yoast-schema-graph\">{\"@context\":\"https:\/\/schema.org\",\"@graph\":[{\"@type\":\"WebPage\",\"@id\":\"https:\/\/kusmitea.re\/index.php\/product\/mesure-a-the\/\",\"url\":\"https:\/\/kusmitea.re\/index.php\/product\/mesure-a-the\/\",\"name\":\"Mesure \u00e0 th\u00e9 - Kusmi Tea R\u00e9union\",\"isPartOf\":{\"@id\":\"https:\/\/kusmitea.re\/#website\"},\"primaryImageOfPage\":{\"@id\":\"https:\/\/kusmitea.re\/index.php\/product\/mesure-a-the\/#primaryimage\"},\"image\":{\"@id\":\"https:\/\/kusmitea.re\/index.php\/product\/mesure-a-the\/#primaryimage\"},\"thumbnailUrl\":\"https:\/\/kusmitea.re\/wp-content\/uploads\/2025\/08\/c3b46fa96069c6c672a9e636d2b40ea2a1623a83_c632927b32c523fa5303b84b4261e5238556e785_MESCOP1.png\",\"datePublished\":\"2025-08-30T05:07:49+00:00\",\"dateModified\":\"2025-12-30T05:08:35+00:00\",\"breadcrumb\":{\"@id\":\"https:\/\/kusmitea.re\/index.php\/product\/mesure-a-the\/#breadcrumb\"},\"inLanguage\":\"fr-FR\",\"potentialAction\":[{\"@type\":\"ReadAction\",\"target\":[\"https:\/\/kusmitea.re\/index.php\/product\/mesure-a-the\/\"]}]},{\"@type\":\"ImageObject\",\"inLanguage\":\"fr-FR\",\"@id\":\"https:\/\/kusmitea.re\/index.php\/product\/mesure-a-the\/#primaryimage\",\"url\":\"https:\/\/kusmitea.re\/wp-content\/uploads\/2025\/08\/c3b46fa96069c6c672a9e636d2b40ea2a1623a83_c632927b32c523fa5303b84b4261e5238556e785_MESCOP1.png\",\"contentUrl\":\"https:\/\/kusmitea.re\/wp-content\/uploads\/2025\/08\/c3b46fa96069c6c672a9e636d2b40ea2a1623a83_c632927b32c523fa5303b84b4261e5238556e785_MESCOP1.png\",\"width\":400,\"height\":410},{\"@type\":\"BreadcrumbList\",\"@id\":\"https:\/\/kusmitea.re\/index.php\/product\/mesure-a-the\/#breadcrumb\",\"itemListElement\":[{\"@type\":\"ListItem\",\"position\":1,\"name\":\"Accueil\",\"item\":\"https:\/\/kusmitea.re\/\"},{\"@type\":\"ListItem\",\"position\":2,\"name\":\"Boutique\",\"item\":\"https:\/\/kusmitea.re\/index.php\/shop\/\"},{\"@type\":\"ListItem\",\"position\":3,\"name\":\"Mesure \u00e0 th\u00e9\"}]},{\"@type\":\"WebSite\",\"@id\":\"https:\/\/kusmitea.re\/#website\",\"url\":\"https:\/\/kusmitea.re\/\",\"name\":\"Kusmi Tea R\u00e9union\",\"description\":\"\",\"publisher\":{\"@id\":\"https:\/\/kusmitea.re\/#organization\"},\"potentialAction\":[{\"@type\":\"SearchAction\",\"target\":{\"@type\":\"EntryPoint\",\"urlTemplate\":\"https:\/\/kusmitea.re\/?s={search_term_string}\"},\"query-input\":{\"@type\":\"PropertyValueSpecification\",\"valueRequired\":true,\"valueName\":\"search_term_string\"}}],\"inLanguage\":\"fr-FR\"},{\"@type\":\"Organization\",\"@id\":\"https:\/\/kusmitea.re\/#organization\",\"name\":\"Kusmi Tea R\u00e9union\",\"url\":\"https:\/\/kusmitea.re\/\",\"logo\":{\"@type\":\"ImageObject\",\"inLanguage\":\"fr-FR\",\"@id\":\"https:\/\/kusmitea.re\/#\/schema\/logo\/image\/\",\"url\":\"https:\/\/kusmitea.re\/wp-content\/uploads\/2023\/05\/cropped-logo.webp\",\"contentUrl\":\"https:\/\/kusmitea.re\/wp-content\/uploads\/2023\/05\/cropped-logo.webp\",\"width\":469,\"height\":141,\"caption\":\"Kusmi Tea R\u00e9union\"},\"image\":{\"@id\":\"https:\/\/kusmitea.re\/#\/schema\/logo\/image\/\"},\"sameAs\":[\"https:\/\/www.facebook.com\/p\/Kusmi-Tea-Runion-61571670075100\/\",\"https:\/\/www.instagram.com\/kusmiteare\/\"]}]}<\/script>\n<!-- \/ Yoast SEO plugin. -->","yoast_head_json":{"title":"Mesure \u00e0 th\u00e9 - Kusmi Tea R\u00e9union","robots":{"index":"index","follow":"follow","max-snippet":"max-snippet:-1","max-image-preview":"max-image-preview:large","max-video-preview":"max-video-preview:-1"},"canonical":"https:\/\/kusmitea.re\/index.php\/product\/mesure-a-the\/","og_locale":"fr_FR","og_type":"article","og_title":"Mesure \u00e0 th\u00e9 - Kusmi Tea R\u00e9union","og_description":"La mesure \u00e0 th\u00e9 cuivre Kusmi Tea permet de doser parfaitement le th\u00e9 en vrac pour la pr\u00e9paration d'une tasse.","og_url":"https:\/\/kusmitea.re\/index.php\/product\/mesure-a-the\/","og_site_name":"Kusmi Tea R\u00e9union","article_publisher":"https:\/\/www.facebook.com\/p\/Kusmi-Tea-Runion-61571670075100\/","article_modified_time":"2025-12-30T05:08:35+00:00","og_image":[{"width":400,"height":410,"url":"https:\/\/kusmitea.re\/wp-content\/uploads\/2025\/08\/c3b46fa96069c6c672a9e636d2b40ea2a1623a83_c632927b32c523fa5303b84b4261e5238556e785_MESCOP1.png","type":"image\/png"}],"twitter_card":"summary_large_image","twitter_misc":{"Dur\u00e9e de lecture estim\u00e9e":"1 minute"},"schema":{"@context":"https:\/\/schema.org","@graph":[{"@type":"WebPage","@id":"https:\/\/kusmitea.re\/index.php\/product\/mesure-a-the\/","url":"https:\/\/kusmitea.re\/index.php\/product\/mesure-a-the\/","name":"Mesure \u00e0 th\u00e9 - Kusmi Tea R\u00e9union","isPartOf":{"@id":"https:\/\/kusmitea.re\/#website"},"primaryImageOfPage":{"@id":"https:\/\/kusmitea.re\/index.php\/product\/mesure-a-the\/#primaryimage"},"image":{"@id":"https:\/\/kusmitea.re\/index.php\/product\/mesure-a-the\/#primaryimage"},"thumbnailUrl":"https:\/\/kusmitea.re\/wp-content\/uploads\/2025\/08\/c3b46fa96069c6c672a9e636d2b40ea2a1623a83_c632927b32c523fa5303b84b4261e5238556e785_MESCOP1.png","datePublished":"2025-08-30T05:07:49+00:00","dateModified":"2025-12-30T05:08:35+00:00","breadcrumb":{"@id":"https:\/\/kusmitea.re\/index.php\/product\/mesure-a-the\/#breadcrumb"},"inLanguage":"fr-FR","potentialAction":[{"@type":"ReadAction","target":["https:\/\/kusmitea.re\/index.php\/product\/mesure-a-the\/"]}]},{"@type":"ImageObject","inLanguage":"fr-FR","@id":"https:\/\/kusmitea.re\/index.php\/product\/mesure-a-the\/#primaryimage","url":"https:\/\/kusmitea.re\/wp-content\/uploads\/2025\/08\/c3b46fa96069c6c672a9e636d2b40ea2a1623a83_c632927b32c523fa5303b84b4261e5238556e785_MESCOP1.png","contentUrl":"https:\/\/kusmitea.re\/wp-content\/uploads\/2025\/08\/c3b46fa96069c6c672a9e636d2b40ea2a1623a83_c632927b32c523fa5303b84b4261e5238556e785_MESCOP1.png","width":400,"height":410},{"@type":"BreadcrumbList","@id":"https:\/\/kusmitea.re\/index.php\/product\/mesure-a-the\/#breadcrumb","itemListElement":[{"@type":"ListItem","position":1,"name":"Accueil","item":"https:\/\/kusmitea.re\/"},{"@type":"ListItem","position":2,"name":"Boutique","item":"https:\/\/kusmitea.re\/index.php\/shop\/"},{"@type":"ListItem","position":3,"name":"Mesure \u00e0 th\u00e9"}]},{"@type":"WebSite","@id":"https:\/\/kusmitea.re\/#website","url":"https:\/\/kusmitea.re\/","name":"Kusmi Tea R\u00e9union","description":"","publisher":{"@id":"https:\/\/kusmitea.re\/#organization"},"potentialAction":[{"@type":"SearchAction","target":{"@type":"EntryPoint","urlTemplate":"https:\/\/kusmitea.re\/?s={search_term_string}"},"query-input":{"@type":"PropertyValueSpecification","valueRequired":true,"valueName":"search_term_string"}}],"inLanguage":"fr-FR"},{"@type":"Organization","@id":"https:\/\/kusmitea.re\/#organization","name":"Kusmi Tea R\u00e9union","url":"https:\/\/kusmitea.re\/","logo":{"@type":"ImageObject","inLanguage":"fr-FR","@id":"https:\/\/kusmitea.re\/#\/schema\/logo\/image\/","url":"https:\/\/kusmitea.re\/wp-content\/uploads\/2023\/05\/cropped-logo.webp","contentUrl":"https:\/\/kusmitea.re\/wp-content\/uploads\/2023\/05\/cropped-logo.webp","width":469,"height":141,"caption":"Kusmi Tea R\u00e9union"},"image":{"@id":"https:\/\/kusmitea.re\/#\/schema\/logo\/image\/"},"sameAs":["https:\/\/www.facebook.com\/p\/Kusmi-Tea-Runion-61571670075100\/","https:\/\/www.instagram.com\/kusmiteare\/"]}]}},"jetpack_sharing_enabled":true,"_links":{"self":[{"href":"https:\/\/kusmitea.re\/index.php\/wp-json\/wp\/v2\/product\/6737","targetHints":{"allow":["GET"]}}],"collection":[{"href":"https:\/\/kusmitea.re\/index.php\/wp-json\/wp\/v2\/product"}],"about":[{"href":"https:\/\/kusmitea.re\/index.php\/wp-json\/wp\/v2\/types\/product"}],"replies":[{"embeddable":true,"href":"https:\/\/kusmitea.re\/index.php\/wp-json\/wp\/v2\/comments?post=6737"}],"version-history":[{"count":1,"href":"https:\/\/kusmitea.re\/index.php\/wp-json\/wp\/v2\/product\/6737\/revisions"}],"predecessor-version":[{"id":12881,"href":"https:\/\/kusmitea.re\/index.php\/wp-json\/wp\/v2\/product\/6737\/revisions\/12881"}],"wp:featuredmedia":[{"embeddable":true,"href":"https:\/\/kusmitea.re\/index.php\/wp-json\/wp\/v2\/media\/6770"}],"wp:attachment":[{"href":"https:\/\/kusmitea.re\/index.php\/wp-json\/wp\/v2\/media?parent=6737"}],"wp:term":[{"taxonomy":"product_cat","embeddable":true,"href":"https:\/\/kusmitea.re\/index.php\/wp-json\/wp\/v2\/product_cat?post=6737"},{"taxonomy":"product_tag","embeddable":true,"href":"https:\/\/kusmitea.re\/index.php\/wp-json\/wp\/v2\/product_tag?post=6737"}],"curies":[{"name":"wp","href":"https:\/\/api.w.org\/{rel}","templated":true}]}}