{"id":6734,"date":"2025-08-30T07:07:22","date_gmt":"2025-08-30T05:07:22","guid":{"rendered":"https:\/\/kusmitea.re\/?post_type=product&#038;p=6734"},"modified":"2025-12-30T06:08:49","modified_gmt":"2025-12-30T05:08:49","slug":"infuseur-a-the-anytime-viva-scandinavia","status":"publish","type":"product","link":"https:\/\/kusmitea.re\/index.php\/product\/infuseur-a-the-anytime-viva-scandinavia\/","title":{"rendered":"Infuseur \u00e0 th\u00e9 Anytime VIVA SCANDINAVIA"},"content":{"rendered":"<h2>Infuseur \u00e0 th\u00e9 Anytime (couleur al\u00e9atoire)<\/h2>\n<p>R\u00e9haussez votre pause th\u00e9 d&rsquo;une touche de couleur !\u00a0<\/p>\n<p>Parsem\u00e9 de micro-perforations permettant l&rsquo;infusion des th\u00e9s les plus fins, cet infuseur color\u00e9 en acier inoxydable est dot\u00e9 d&rsquo;un couvercle en silicone, servant aussi de repose-filtre.<\/p>\n<p>1. Accrochez le filtre au bord de la tasse avec le crochet.<br \/>2. Laissez infuser le temps n\u00e9cessaire.<br \/>3. Stoppez l&rsquo;infusion en reposant l&rsquo;infuseur sur son repose-filtre.<\/p>\n<p>*Livraison d&rsquo;une couleur\u00a0al\u00e9atoire.<\/p>\n<h2>L&rsquo;info qu&rsquo;il vous faut<\/h2>\n<p>Cr\u00e9\u00e9e en 2010 au Danemark, la marque VIVA SCANDINAVIA s&rsquo;inspire de la tendance scandinave. La marque modernise la d\u00e9gustation de th\u00e9 en cr\u00e9ant des accessoires \u00e9l\u00e9gants, cr\u00e9atifs et fonctionnels.<\/p>\n<p>\u00a0\u00a0\u00a0\t\t<\/p>\n<h3>CARACT\u00c9RISTIQUES<\/h3>\n<p>\u2022\u00a0\u00a0\u00a0\u00a0Mat\u00e9riaux : acier inoxydable, silicone\u2022\u00a0\u00a0\u00a0\u00a0Dimensions : H90 x L 62mm\u2022\u00a0\u00a0\u00a0\u00a0Conditions d&rsquo;utilisation : compatible lave-vaisselle, pas de micro-ondes<br \/>\n\t\t\t\t\t\t\t\t\t\t\t\t\t<img fetchpriority=\"high\" decoding=\"async\" width=\"400\" height=\"206\" src=\"http:\/\/kusmitea.re\/wp-content\/uploads\/2024\/09\/1a9bbe2591f61e3fe3fe42f46b39a30caf5071b4_826a829e1e59bfe7c123dbf174078091a84b4d46_60355.png\" alt=\"Infuseur \u00e0 th\u00e9 Anytime VIVA SCANDINAVIA\" \/><\/p>\n","protected":false},"excerpt":{"rendered":"<p>Infuseur \u00e0 th\u00e9 Anytime (couleur al\u00e9atoire) R\u00e9haussez votre pause th\u00e9 d&rsquo;une touche de couleur !\u00a0 Parsem\u00e9 de micro-perforations permettant l&rsquo;infusion des th\u00e9s les plus fins, cet infuseur color\u00e9 en acier inoxydable est dot\u00e9 d&rsquo;un couvercle en silicone, servant aussi de repose-filtre. 1. Accrochez le filtre au bord de la tasse avec le crochet.2. Laissez infuser [&hellip;]<\/p>\n","protected":false},"featured_media":6769,"comment_status":"open","ping_status":"closed","template":"","meta":[],"product_cat":[350],"product_tag":[],"class_list":{"0":"post-6734","1":"product","2":"type-product","3":"status-publish","4":"has-post-thumbnail","6":"product_cat-accessoires","8":"first","9":"instock","10":"shipping-taxable","11":"purchasable","12":"product-type-simple"},"yoast_head":"<!-- This site is optimized with the Yoast SEO plugin v26.6 - https:\/\/yoast.com\/wordpress\/plugins\/seo\/ -->\n<title>Infuseur \u00e0 th\u00e9 Anytime VIVA SCANDINAVIA - Kusmi Tea R\u00e9union<\/title>\n<meta name=\"robots\" content=\"index, follow, max-snippet:-1, max-image-preview:large, max-video-preview:-1\" \/>\n<link rel=\"canonical\" href=\"https:\/\/kusmitea.re\/index.php\/product\/infuseur-a-the-anytime-viva-scandinavia\/\" \/>\n<meta property=\"og:locale\" content=\"fr_FR\" \/>\n<meta property=\"og:type\" content=\"article\" \/>\n<meta property=\"og:title\" content=\"Infuseur \u00e0 th\u00e9 Anytime VIVA SCANDINAVIA - Kusmi Tea R\u00e9union\" \/>\n<meta property=\"og:description\" content=\"Infuseur \u00e0 th\u00e9 Anytime (couleur al\u00e9atoire) R\u00e9haussez votre pause th\u00e9 d&rsquo;une touche de couleur !\u00a0 Parsem\u00e9 de micro-perforations permettant l&rsquo;infusion des th\u00e9s les plus fins, cet infuseur color\u00e9 en acier inoxydable est dot\u00e9 d&rsquo;un couvercle en silicone, servant aussi de repose-filtre. 1. Accrochez le filtre au bord de la tasse avec le crochet.2. Laissez infuser [&hellip;]\" \/>\n<meta property=\"og:url\" content=\"https:\/\/kusmitea.re\/index.php\/product\/infuseur-a-the-anytime-viva-scandinavia\/\" \/>\n<meta property=\"og:site_name\" content=\"Kusmi Tea R\u00e9union\" \/>\n<meta property=\"article:publisher\" content=\"https:\/\/www.facebook.com\/p\/Kusmi-Tea-Runion-61571670075100\/\" \/>\n<meta property=\"article:modified_time\" content=\"2025-12-30T05:08:49+00:00\" \/>\n<meta property=\"og:image\" content=\"https:\/\/kusmitea.re\/wp-content\/uploads\/2025\/08\/1a9bbe2591f61e3fe3fe42f46b39a30caf5071b4_826a829e1e59bfe7c123dbf174078091a84b4d46_60355.png\" \/>\n\t<meta property=\"og:image:width\" content=\"400\" \/>\n\t<meta property=\"og:image:height\" content=\"206\" \/>\n\t<meta property=\"og:image:type\" content=\"image\/png\" \/>\n<meta name=\"twitter:card\" content=\"summary_large_image\" \/>\n<meta name=\"twitter:label1\" content=\"Dur\u00e9e de lecture estim\u00e9e\" \/>\n\t<meta name=\"twitter:data1\" content=\"1 minute\" \/>\n<script type=\"application\/ld+json\" class=\"yoast-schema-graph\">{\"@context\":\"https:\/\/schema.org\",\"@graph\":[{\"@type\":\"WebPage\",\"@id\":\"https:\/\/kusmitea.re\/index.php\/product\/infuseur-a-the-anytime-viva-scandinavia\/\",\"url\":\"https:\/\/kusmitea.re\/index.php\/product\/infuseur-a-the-anytime-viva-scandinavia\/\",\"name\":\"Infuseur \u00e0 th\u00e9 Anytime VIVA SCANDINAVIA - Kusmi Tea R\u00e9union\",\"isPartOf\":{\"@id\":\"https:\/\/kusmitea.re\/#website\"},\"primaryImageOfPage\":{\"@id\":\"https:\/\/kusmitea.re\/index.php\/product\/infuseur-a-the-anytime-viva-scandinavia\/#primaryimage\"},\"image\":{\"@id\":\"https:\/\/kusmitea.re\/index.php\/product\/infuseur-a-the-anytime-viva-scandinavia\/#primaryimage\"},\"thumbnailUrl\":\"https:\/\/kusmitea.re\/wp-content\/uploads\/2025\/08\/1a9bbe2591f61e3fe3fe42f46b39a30caf5071b4_826a829e1e59bfe7c123dbf174078091a84b4d46_60355.png\",\"datePublished\":\"2025-08-30T05:07:22+00:00\",\"dateModified\":\"2025-12-30T05:08:49+00:00\",\"breadcrumb\":{\"@id\":\"https:\/\/kusmitea.re\/index.php\/product\/infuseur-a-the-anytime-viva-scandinavia\/#breadcrumb\"},\"inLanguage\":\"fr-FR\",\"potentialAction\":[{\"@type\":\"ReadAction\",\"target\":[\"https:\/\/kusmitea.re\/index.php\/product\/infuseur-a-the-anytime-viva-scandinavia\/\"]}]},{\"@type\":\"ImageObject\",\"inLanguage\":\"fr-FR\",\"@id\":\"https:\/\/kusmitea.re\/index.php\/product\/infuseur-a-the-anytime-viva-scandinavia\/#primaryimage\",\"url\":\"https:\/\/kusmitea.re\/wp-content\/uploads\/2025\/08\/1a9bbe2591f61e3fe3fe42f46b39a30caf5071b4_826a829e1e59bfe7c123dbf174078091a84b4d46_60355.png\",\"contentUrl\":\"https:\/\/kusmitea.re\/wp-content\/uploads\/2025\/08\/1a9bbe2591f61e3fe3fe42f46b39a30caf5071b4_826a829e1e59bfe7c123dbf174078091a84b4d46_60355.png\",\"width\":400,\"height\":206},{\"@type\":\"BreadcrumbList\",\"@id\":\"https:\/\/kusmitea.re\/index.php\/product\/infuseur-a-the-anytime-viva-scandinavia\/#breadcrumb\",\"itemListElement\":[{\"@type\":\"ListItem\",\"position\":1,\"name\":\"Accueil\",\"item\":\"https:\/\/kusmitea.re\/\"},{\"@type\":\"ListItem\",\"position\":2,\"name\":\"Boutique\",\"item\":\"https:\/\/kusmitea.re\/index.php\/shop\/\"},{\"@type\":\"ListItem\",\"position\":3,\"name\":\"Infuseur \u00e0 th\u00e9 Anytime VIVA SCANDINAVIA\"}]},{\"@type\":\"WebSite\",\"@id\":\"https:\/\/kusmitea.re\/#website\",\"url\":\"https:\/\/kusmitea.re\/\",\"name\":\"Kusmi Tea R\u00e9union\",\"description\":\"\",\"publisher\":{\"@id\":\"https:\/\/kusmitea.re\/#organization\"},\"potentialAction\":[{\"@type\":\"SearchAction\",\"target\":{\"@type\":\"EntryPoint\",\"urlTemplate\":\"https:\/\/kusmitea.re\/?s={search_term_string}\"},\"query-input\":{\"@type\":\"PropertyValueSpecification\",\"valueRequired\":true,\"valueName\":\"search_term_string\"}}],\"inLanguage\":\"fr-FR\"},{\"@type\":\"Organization\",\"@id\":\"https:\/\/kusmitea.re\/#organization\",\"name\":\"Kusmi Tea R\u00e9union\",\"url\":\"https:\/\/kusmitea.re\/\",\"logo\":{\"@type\":\"ImageObject\",\"inLanguage\":\"fr-FR\",\"@id\":\"https:\/\/kusmitea.re\/#\/schema\/logo\/image\/\",\"url\":\"https:\/\/kusmitea.re\/wp-content\/uploads\/2023\/05\/cropped-logo.webp\",\"contentUrl\":\"https:\/\/kusmitea.re\/wp-content\/uploads\/2023\/05\/cropped-logo.webp\",\"width\":469,\"height\":141,\"caption\":\"Kusmi Tea R\u00e9union\"},\"image\":{\"@id\":\"https:\/\/kusmitea.re\/#\/schema\/logo\/image\/\"},\"sameAs\":[\"https:\/\/www.facebook.com\/p\/Kusmi-Tea-Runion-61571670075100\/\",\"https:\/\/www.instagram.com\/kusmiteare\/\"]}]}<\/script>\n<!-- \/ Yoast SEO plugin. -->","yoast_head_json":{"title":"Infuseur \u00e0 th\u00e9 Anytime VIVA SCANDINAVIA - Kusmi Tea R\u00e9union","robots":{"index":"index","follow":"follow","max-snippet":"max-snippet:-1","max-image-preview":"max-image-preview:large","max-video-preview":"max-video-preview:-1"},"canonical":"https:\/\/kusmitea.re\/index.php\/product\/infuseur-a-the-anytime-viva-scandinavia\/","og_locale":"fr_FR","og_type":"article","og_title":"Infuseur \u00e0 th\u00e9 Anytime VIVA SCANDINAVIA - Kusmi Tea R\u00e9union","og_description":"Infuseur \u00e0 th\u00e9 Anytime (couleur al\u00e9atoire) R\u00e9haussez votre pause th\u00e9 d&rsquo;une touche de couleur !\u00a0 Parsem\u00e9 de micro-perforations permettant l&rsquo;infusion des th\u00e9s les plus fins, cet infuseur color\u00e9 en acier inoxydable est dot\u00e9 d&rsquo;un couvercle en silicone, servant aussi de repose-filtre. 1. Accrochez le filtre au bord de la tasse avec le crochet.2. Laissez infuser [&hellip;]","og_url":"https:\/\/kusmitea.re\/index.php\/product\/infuseur-a-the-anytime-viva-scandinavia\/","og_site_name":"Kusmi Tea R\u00e9union","article_publisher":"https:\/\/www.facebook.com\/p\/Kusmi-Tea-Runion-61571670075100\/","article_modified_time":"2025-12-30T05:08:49+00:00","og_image":[{"width":400,"height":206,"url":"https:\/\/kusmitea.re\/wp-content\/uploads\/2025\/08\/1a9bbe2591f61e3fe3fe42f46b39a30caf5071b4_826a829e1e59bfe7c123dbf174078091a84b4d46_60355.png","type":"image\/png"}],"twitter_card":"summary_large_image","twitter_misc":{"Dur\u00e9e de lecture estim\u00e9e":"1 minute"},"schema":{"@context":"https:\/\/schema.org","@graph":[{"@type":"WebPage","@id":"https:\/\/kusmitea.re\/index.php\/product\/infuseur-a-the-anytime-viva-scandinavia\/","url":"https:\/\/kusmitea.re\/index.php\/product\/infuseur-a-the-anytime-viva-scandinavia\/","name":"Infuseur \u00e0 th\u00e9 Anytime VIVA SCANDINAVIA - Kusmi Tea R\u00e9union","isPartOf":{"@id":"https:\/\/kusmitea.re\/#website"},"primaryImageOfPage":{"@id":"https:\/\/kusmitea.re\/index.php\/product\/infuseur-a-the-anytime-viva-scandinavia\/#primaryimage"},"image":{"@id":"https:\/\/kusmitea.re\/index.php\/product\/infuseur-a-the-anytime-viva-scandinavia\/#primaryimage"},"thumbnailUrl":"https:\/\/kusmitea.re\/wp-content\/uploads\/2025\/08\/1a9bbe2591f61e3fe3fe42f46b39a30caf5071b4_826a829e1e59bfe7c123dbf174078091a84b4d46_60355.png","datePublished":"2025-08-30T05:07:22+00:00","dateModified":"2025-12-30T05:08:49+00:00","breadcrumb":{"@id":"https:\/\/kusmitea.re\/index.php\/product\/infuseur-a-the-anytime-viva-scandinavia\/#breadcrumb"},"inLanguage":"fr-FR","potentialAction":[{"@type":"ReadAction","target":["https:\/\/kusmitea.re\/index.php\/product\/infuseur-a-the-anytime-viva-scandinavia\/"]}]},{"@type":"ImageObject","inLanguage":"fr-FR","@id":"https:\/\/kusmitea.re\/index.php\/product\/infuseur-a-the-anytime-viva-scandinavia\/#primaryimage","url":"https:\/\/kusmitea.re\/wp-content\/uploads\/2025\/08\/1a9bbe2591f61e3fe3fe42f46b39a30caf5071b4_826a829e1e59bfe7c123dbf174078091a84b4d46_60355.png","contentUrl":"https:\/\/kusmitea.re\/wp-content\/uploads\/2025\/08\/1a9bbe2591f61e3fe3fe42f46b39a30caf5071b4_826a829e1e59bfe7c123dbf174078091a84b4d46_60355.png","width":400,"height":206},{"@type":"BreadcrumbList","@id":"https:\/\/kusmitea.re\/index.php\/product\/infuseur-a-the-anytime-viva-scandinavia\/#breadcrumb","itemListElement":[{"@type":"ListItem","position":1,"name":"Accueil","item":"https:\/\/kusmitea.re\/"},{"@type":"ListItem","position":2,"name":"Boutique","item":"https:\/\/kusmitea.re\/index.php\/shop\/"},{"@type":"ListItem","position":3,"name":"Infuseur \u00e0 th\u00e9 Anytime VIVA SCANDINAVIA"}]},{"@type":"WebSite","@id":"https:\/\/kusmitea.re\/#website","url":"https:\/\/kusmitea.re\/","name":"Kusmi Tea R\u00e9union","description":"","publisher":{"@id":"https:\/\/kusmitea.re\/#organization"},"potentialAction":[{"@type":"SearchAction","target":{"@type":"EntryPoint","urlTemplate":"https:\/\/kusmitea.re\/?s={search_term_string}"},"query-input":{"@type":"PropertyValueSpecification","valueRequired":true,"valueName":"search_term_string"}}],"inLanguage":"fr-FR"},{"@type":"Organization","@id":"https:\/\/kusmitea.re\/#organization","name":"Kusmi Tea R\u00e9union","url":"https:\/\/kusmitea.re\/","logo":{"@type":"ImageObject","inLanguage":"fr-FR","@id":"https:\/\/kusmitea.re\/#\/schema\/logo\/image\/","url":"https:\/\/kusmitea.re\/wp-content\/uploads\/2023\/05\/cropped-logo.webp","contentUrl":"https:\/\/kusmitea.re\/wp-content\/uploads\/2023\/05\/cropped-logo.webp","width":469,"height":141,"caption":"Kusmi Tea R\u00e9union"},"image":{"@id":"https:\/\/kusmitea.re\/#\/schema\/logo\/image\/"},"sameAs":["https:\/\/www.facebook.com\/p\/Kusmi-Tea-Runion-61571670075100\/","https:\/\/www.instagram.com\/kusmiteare\/"]}]}},"jetpack_sharing_enabled":true,"_links":{"self":[{"href":"https:\/\/kusmitea.re\/index.php\/wp-json\/wp\/v2\/product\/6734","targetHints":{"allow":["GET"]}}],"collection":[{"href":"https:\/\/kusmitea.re\/index.php\/wp-json\/wp\/v2\/product"}],"about":[{"href":"https:\/\/kusmitea.re\/index.php\/wp-json\/wp\/v2\/types\/product"}],"replies":[{"embeddable":true,"href":"https:\/\/kusmitea.re\/index.php\/wp-json\/wp\/v2\/comments?post=6734"}],"version-history":[{"count":1,"href":"https:\/\/kusmitea.re\/index.php\/wp-json\/wp\/v2\/product\/6734\/revisions"}],"predecessor-version":[{"id":12883,"href":"https:\/\/kusmitea.re\/index.php\/wp-json\/wp\/v2\/product\/6734\/revisions\/12883"}],"wp:featuredmedia":[{"embeddable":true,"href":"https:\/\/kusmitea.re\/index.php\/wp-json\/wp\/v2\/media\/6769"}],"wp:attachment":[{"href":"https:\/\/kusmitea.re\/index.php\/wp-json\/wp\/v2\/media?parent=6734"}],"wp:term":[{"taxonomy":"product_cat","embeddable":true,"href":"https:\/\/kusmitea.re\/index.php\/wp-json\/wp\/v2\/product_cat?post=6734"},{"taxonomy":"product_tag","embeddable":true,"href":"https:\/\/kusmitea.re\/index.php\/wp-json\/wp\/v2\/product_tag?post=6734"}],"curies":[{"name":"wp","href":"https:\/\/api.w.org\/{rel}","templated":true}]}}