{"id":6721,"date":"2025-08-30T07:05:31","date_gmt":"2025-08-30T05:05:31","guid":{"rendered":"https:\/\/kusmitea.re\/?post_type=product&#038;p=6721"},"modified":"2026-04-18T09:37:59","modified_gmt":"2026-04-18T07:37:59","slug":"rituel-sommeil","status":"publish","type":"product","link":"https:\/\/kusmitea.re\/index.php\/product\/rituel-sommeil\/","title":{"rendered":"Rituel Sommeil Tisane rooibos bio, m\u00e9lisse, pour dormir"},"content":{"rendered":"<style> table tbody tr:nth-child(odd) { background : none !important;}<\/style>\n<p style=\"font-weight: 400;\">Retrouvez un sommeil calme et r\u00e9parateur avec Rituel Sommeil : une infusion bio fruit\u00e9e aux bienfaits cliniquement prouv\u00e9s !<\/p>\n<p>C\u2019est en associant la science \u00e0 la richesse de la nature que Kusmi Tea continue d\u2019innover avec cette tisane sant\u00e9. Sa promesse ? Une profonde relaxation et un sommeil r\u00e9parateur en d\u00e9gustant 2 tasses par jour de ce rooibos bio aromatis\u00e9 \u00e0 la mangue. Son secret ? La m\u00e9lisse, riche en acide rosmarinique un principe actif reconnu pour ses effets relaxants et apaisants. Et pour concentrer les bienfaits de cette plante, c\u2019est gr\u00e2ce \u00e0 un proc\u00e9d\u00e9 scientifique innovant que notre tisane pour dormir Rituel Sommeil a \u00e9t\u00e9 enrichie avec un extrait de m\u00e9lisse contenant la juste dose de principe actif.<\/p>\n<p>On devrait le crier sur tous les toits : le sommeil est un pilier de notre bien-\u00eatre. En France, 1 personne sur 3 est concern\u00e9e par un trouble du sommeil et pr\u00e8s de la moiti\u00e9 des 25-45 ans consid\u00e8rent qu\u2019ils dorment moins que ce dont ils ont besoin [1].\u00a0Avec notre tisane du soir Rituel Sommeil, prenez soin de vous tout en vous faisant plaisir gr\u00e2ce \u00e0 un rooibos gourmand, une verveine rafra\u00eechissante et des notes velout\u00e9es de mangue.<\/p>\n<p>Temps d\u2019endormissement raccourci et sommeil r\u00e9parateur\u2026\u00a0 \u00c0 vous les nuits apais\u00e9es et les r\u00e9veils en douceur avec le Rituel Sommeil de Kusmi Tea !<\/p>\n<p>Tisane pour dormir disponible en vrac ou en sachets, pour vous faciliter la vie autant que le sommeil.<\/p>\n<p><i>Pour am\u00e9liorer durablement votre sommeil, on vous recommande 2 tasses par jour en cure de quelques semaines. Et pour une relaxation ponctuelle, deux tasses dans la journ\u00e9e seront efficaces d\u00e8s le premier jour. Prouv\u00e9, jur\u00e9\u00a0<\/i><\/p>\n<p style=\"text-align: center;\"><em><strong>Ingr\u00e9dients<\/strong><\/em><\/p>\n<p style=\"text-align: justify;\">Rooibos* (70%), extrait de m\u00e9lisse (17%)*, m\u00e9lisse (4%)* , verveine (4%)*, ar\u00f4me naturel de mangue (4%), agents d&rsquo;enrobage : gomme d&rsquo;acacia d&rsquo;origine v\u00e9g\u00e9tale, ar\u00f4me naturel de verveine*.<\/p>\n<p style=\"text-align: left;\">*Produits issus de l&rsquo;agriculture biologique.<\/p>\n<table style=\"width: 100%; border-collapse: collapse; background-color: #ffffff;\">\n<tbody>\n<tr>\n<td style=\"width: 33.3333%;\"><img fetchpriority=\"high\" decoding=\"async\" class=\"aligncenter\" src=\"http:\/\/kusmitea.re\/wp-content\/uploads\/2024\/05\/PIC046.jpg\" alt=\"\" width=\"240\" height=\"240\" \/><\/td>\n<td style=\"width: 33.3333%;\"><img decoding=\"async\" class=\"aligncenter\" src=\"http:\/\/kusmitea.re\/wp-content\/uploads\/2024\/05\/PIC067.jpg\" alt=\"\" width=\"240\" height=\"240\" \/><\/td>\n<td style=\"width: 33.3333%;\"><img decoding=\"async\" class=\"aligncenter\" src=\"http:\/\/kusmitea.re\/wp-content\/uploads\/2024\/05\/PIC086.jpg\" alt=\"\" width=\"240\" height=\"240\" \/><\/td>\n<\/tr>\n<tr>\n<td style=\"width: 33.3333%; text-align: center;\">M\u00e9lisse<\/td>\n<td style=\"width: 33.3333%; text-align: center;\">Rooibos<\/td>\n<td style=\"width: 33.3333%; text-align: center;\">Verveine<\/td>\n<\/tr>\n<\/tbody>\n<\/table>\n<p style=\"text-align: center; flex-grow: 1; margin-bottom: 20px;\"><img loading=\"lazy\" decoding=\"async\" class=\"aligncenter\" src=\"http:\/\/kusmitea.re\/wp-content\/uploads\/2021\/02\/T\u00b0.png\" alt=\"\" width=\"30\" height=\"30\" \/> <strong>90\u00b0C<\/strong><\/p>\n<p style=\"text-align: center; flex-grow: 1; margin-bottom: 20px;\"><img loading=\"lazy\" decoding=\"async\" class=\"aligncenter\" src=\"http:\/\/kusmitea.re\/wp-content\/uploads\/2021\/02\/timer-300x300.png\" alt=\"\" width=\"30\" height=\"30\" \/> <strong>5 min<\/strong><\/p>\n<p>&nbsp;<\/p>\n<p>&nbsp;<\/p>\n","protected":false},"excerpt":{"rendered":"<p><img loading=\"lazy\" decoding=\"async\" class=\"alignleft wp-image-3887\" src=\"https:\/\/kusmitea.re\/wp-content\/uploads\/2020\/05\/Bio.jpg\" alt=\"\" width=\"40\" height=\"40\" \/><\/p>\n","protected":false},"featured_media":6750,"comment_status":"open","ping_status":"closed","template":"","meta":[],"product_cat":[62,59],"product_tag":[61,328],"class_list":{"0":"post-6721","1":"product","2":"type-product","3":"status-publish","4":"has-post-thumbnail","6":"product_cat-bien-etre","7":"product_cat-infusions-et-tisanes","8":"product_tag-eau-de-fruits-tisane","9":"product_tag-new","11":"first","12":"instock","13":"shipping-taxable","14":"purchasable","15":"product-type-variable","16":"has-default-attributes"},"yoast_head":"<!-- This site is optimized with the Yoast SEO plugin v26.6 - https:\/\/yoast.com\/wordpress\/plugins\/seo\/ -->\n<title>Rituel Sommeil Tisane rooibos bio, m\u00e9lisse, pour dormir - Kusmi Tea R\u00e9union<\/title>\n<meta name=\"description\" content=\"Temps d&#039;endormissement raccourci et sommeil r\u00e9parateur\u2026 \u00c0 vous les nuits apais\u00e9es et les r\u00e9veils en douceur avec le Rituel Sommeil de Kusmi Tea !\" \/>\n<meta name=\"robots\" content=\"index, follow, max-snippet:-1, max-image-preview:large, max-video-preview:-1\" \/>\n<link rel=\"canonical\" href=\"https:\/\/kusmitea.re\/index.php\/product\/rituel-sommeil\/\" \/>\n<meta property=\"og:locale\" content=\"fr_FR\" \/>\n<meta property=\"og:type\" content=\"article\" \/>\n<meta property=\"og:title\" content=\"Rituel Sommeil Tisane rooibos bio, m\u00e9lisse, pour dormir - Kusmi Tea R\u00e9union\" \/>\n<meta property=\"og:description\" content=\"Temps d&#039;endormissement raccourci et sommeil r\u00e9parateur\u2026 \u00c0 vous les nuits apais\u00e9es et les r\u00e9veils en douceur avec le Rituel Sommeil de Kusmi Tea !\" \/>\n<meta property=\"og:url\" content=\"https:\/\/kusmitea.re\/index.php\/product\/rituel-sommeil\/\" \/>\n<meta property=\"og:site_name\" content=\"Kusmi Tea R\u00e9union\" \/>\n<meta property=\"article:publisher\" content=\"https:\/\/www.facebook.com\/p\/Kusmi-Tea-Runion-61571670075100\/\" \/>\n<meta property=\"article:modified_time\" content=\"2026-04-18T07:37:59+00:00\" \/>\n<meta property=\"og:image\" content=\"https:\/\/kusmitea.re\/wp-content\/uploads\/2025\/08\/70dee1be1b9a08d0fd0cbd23b4bd2b2e4a08d923_21251A1070_SOMM100BIO__1_.png\" \/>\n\t<meta property=\"og:image:width\" content=\"800\" \/>\n\t<meta property=\"og:image:height\" content=\"612\" \/>\n\t<meta property=\"og:image:type\" content=\"image\/png\" \/>\n<meta name=\"twitter:card\" content=\"summary_large_image\" \/>\n<meta name=\"twitter:label1\" content=\"Dur\u00e9e de lecture estim\u00e9e\" \/>\n\t<meta name=\"twitter:data1\" content=\"3 minutes\" \/>\n<script type=\"application\/ld+json\" class=\"yoast-schema-graph\">{\"@context\":\"https:\/\/schema.org\",\"@graph\":[{\"@type\":\"WebPage\",\"@id\":\"https:\/\/kusmitea.re\/index.php\/product\/rituel-sommeil\/\",\"url\":\"https:\/\/kusmitea.re\/index.php\/product\/rituel-sommeil\/\",\"name\":\"Rituel Sommeil Tisane rooibos bio, m\u00e9lisse, pour dormir - Kusmi Tea R\u00e9union\",\"isPartOf\":{\"@id\":\"https:\/\/kusmitea.re\/#website\"},\"primaryImageOfPage\":{\"@id\":\"https:\/\/kusmitea.re\/index.php\/product\/rituel-sommeil\/#primaryimage\"},\"image\":{\"@id\":\"https:\/\/kusmitea.re\/index.php\/product\/rituel-sommeil\/#primaryimage\"},\"thumbnailUrl\":\"https:\/\/kusmitea.re\/wp-content\/uploads\/2025\/08\/70dee1be1b9a08d0fd0cbd23b4bd2b2e4a08d923_21251A1070_SOMM100BIO__1_.png\",\"datePublished\":\"2025-08-30T05:05:31+00:00\",\"dateModified\":\"2026-04-18T07:37:59+00:00\",\"description\":\"Temps d'endormissement raccourci et sommeil r\u00e9parateur\u2026 \u00c0 vous les nuits apais\u00e9es et les r\u00e9veils en douceur avec le Rituel Sommeil de Kusmi Tea !\",\"breadcrumb\":{\"@id\":\"https:\/\/kusmitea.re\/index.php\/product\/rituel-sommeil\/#breadcrumb\"},\"inLanguage\":\"fr-FR\",\"potentialAction\":[{\"@type\":\"ReadAction\",\"target\":[\"https:\/\/kusmitea.re\/index.php\/product\/rituel-sommeil\/\"]}]},{\"@type\":\"ImageObject\",\"inLanguage\":\"fr-FR\",\"@id\":\"https:\/\/kusmitea.re\/index.php\/product\/rituel-sommeil\/#primaryimage\",\"url\":\"https:\/\/kusmitea.re\/wp-content\/uploads\/2025\/08\/70dee1be1b9a08d0fd0cbd23b4bd2b2e4a08d923_21251A1070_SOMM100BIO__1_.png\",\"contentUrl\":\"https:\/\/kusmitea.re\/wp-content\/uploads\/2025\/08\/70dee1be1b9a08d0fd0cbd23b4bd2b2e4a08d923_21251A1070_SOMM100BIO__1_.png\",\"width\":800,\"height\":612},{\"@type\":\"BreadcrumbList\",\"@id\":\"https:\/\/kusmitea.re\/index.php\/product\/rituel-sommeil\/#breadcrumb\",\"itemListElement\":[{\"@type\":\"ListItem\",\"position\":1,\"name\":\"Accueil\",\"item\":\"https:\/\/kusmitea.re\/\"},{\"@type\":\"ListItem\",\"position\":2,\"name\":\"Boutique\",\"item\":\"https:\/\/kusmitea.re\/index.php\/shop\/\"},{\"@type\":\"ListItem\",\"position\":3,\"name\":\"Rituel Sommeil Tisane rooibos bio, m\u00e9lisse, pour dormir\"}]},{\"@type\":\"WebSite\",\"@id\":\"https:\/\/kusmitea.re\/#website\",\"url\":\"https:\/\/kusmitea.re\/\",\"name\":\"Kusmi Tea R\u00e9union\",\"description\":\"\",\"publisher\":{\"@id\":\"https:\/\/kusmitea.re\/#organization\"},\"potentialAction\":[{\"@type\":\"SearchAction\",\"target\":{\"@type\":\"EntryPoint\",\"urlTemplate\":\"https:\/\/kusmitea.re\/?s={search_term_string}\"},\"query-input\":{\"@type\":\"PropertyValueSpecification\",\"valueRequired\":true,\"valueName\":\"search_term_string\"}}],\"inLanguage\":\"fr-FR\"},{\"@type\":\"Organization\",\"@id\":\"https:\/\/kusmitea.re\/#organization\",\"name\":\"Kusmi Tea R\u00e9union\",\"url\":\"https:\/\/kusmitea.re\/\",\"logo\":{\"@type\":\"ImageObject\",\"inLanguage\":\"fr-FR\",\"@id\":\"https:\/\/kusmitea.re\/#\/schema\/logo\/image\/\",\"url\":\"https:\/\/kusmitea.re\/wp-content\/uploads\/2023\/05\/cropped-logo.webp\",\"contentUrl\":\"https:\/\/kusmitea.re\/wp-content\/uploads\/2023\/05\/cropped-logo.webp\",\"width\":469,\"height\":141,\"caption\":\"Kusmi Tea R\u00e9union\"},\"image\":{\"@id\":\"https:\/\/kusmitea.re\/#\/schema\/logo\/image\/\"},\"sameAs\":[\"https:\/\/www.facebook.com\/p\/Kusmi-Tea-Runion-61571670075100\/\",\"https:\/\/www.instagram.com\/kusmiteare\/\"]}]}<\/script>\n<!-- \/ Yoast SEO plugin. -->","yoast_head_json":{"title":"Rituel Sommeil Tisane rooibos bio, m\u00e9lisse, pour dormir - Kusmi Tea R\u00e9union","description":"Temps d'endormissement raccourci et sommeil r\u00e9parateur\u2026 \u00c0 vous les nuits apais\u00e9es et les r\u00e9veils en douceur avec le Rituel Sommeil de Kusmi Tea !","robots":{"index":"index","follow":"follow","max-snippet":"max-snippet:-1","max-image-preview":"max-image-preview:large","max-video-preview":"max-video-preview:-1"},"canonical":"https:\/\/kusmitea.re\/index.php\/product\/rituel-sommeil\/","og_locale":"fr_FR","og_type":"article","og_title":"Rituel Sommeil Tisane rooibos bio, m\u00e9lisse, pour dormir - Kusmi Tea R\u00e9union","og_description":"Temps d'endormissement raccourci et sommeil r\u00e9parateur\u2026 \u00c0 vous les nuits apais\u00e9es et les r\u00e9veils en douceur avec le Rituel Sommeil de Kusmi Tea !","og_url":"https:\/\/kusmitea.re\/index.php\/product\/rituel-sommeil\/","og_site_name":"Kusmi Tea R\u00e9union","article_publisher":"https:\/\/www.facebook.com\/p\/Kusmi-Tea-Runion-61571670075100\/","article_modified_time":"2026-04-18T07:37:59+00:00","og_image":[{"width":800,"height":612,"url":"https:\/\/kusmitea.re\/wp-content\/uploads\/2025\/08\/70dee1be1b9a08d0fd0cbd23b4bd2b2e4a08d923_21251A1070_SOMM100BIO__1_.png","type":"image\/png"}],"twitter_card":"summary_large_image","twitter_misc":{"Dur\u00e9e de lecture estim\u00e9e":"3 minutes"},"schema":{"@context":"https:\/\/schema.org","@graph":[{"@type":"WebPage","@id":"https:\/\/kusmitea.re\/index.php\/product\/rituel-sommeil\/","url":"https:\/\/kusmitea.re\/index.php\/product\/rituel-sommeil\/","name":"Rituel Sommeil Tisane rooibos bio, m\u00e9lisse, pour dormir - Kusmi Tea R\u00e9union","isPartOf":{"@id":"https:\/\/kusmitea.re\/#website"},"primaryImageOfPage":{"@id":"https:\/\/kusmitea.re\/index.php\/product\/rituel-sommeil\/#primaryimage"},"image":{"@id":"https:\/\/kusmitea.re\/index.php\/product\/rituel-sommeil\/#primaryimage"},"thumbnailUrl":"https:\/\/kusmitea.re\/wp-content\/uploads\/2025\/08\/70dee1be1b9a08d0fd0cbd23b4bd2b2e4a08d923_21251A1070_SOMM100BIO__1_.png","datePublished":"2025-08-30T05:05:31+00:00","dateModified":"2026-04-18T07:37:59+00:00","description":"Temps d'endormissement raccourci et sommeil r\u00e9parateur\u2026 \u00c0 vous les nuits apais\u00e9es et les r\u00e9veils en douceur avec le Rituel Sommeil de Kusmi Tea !","breadcrumb":{"@id":"https:\/\/kusmitea.re\/index.php\/product\/rituel-sommeil\/#breadcrumb"},"inLanguage":"fr-FR","potentialAction":[{"@type":"ReadAction","target":["https:\/\/kusmitea.re\/index.php\/product\/rituel-sommeil\/"]}]},{"@type":"ImageObject","inLanguage":"fr-FR","@id":"https:\/\/kusmitea.re\/index.php\/product\/rituel-sommeil\/#primaryimage","url":"https:\/\/kusmitea.re\/wp-content\/uploads\/2025\/08\/70dee1be1b9a08d0fd0cbd23b4bd2b2e4a08d923_21251A1070_SOMM100BIO__1_.png","contentUrl":"https:\/\/kusmitea.re\/wp-content\/uploads\/2025\/08\/70dee1be1b9a08d0fd0cbd23b4bd2b2e4a08d923_21251A1070_SOMM100BIO__1_.png","width":800,"height":612},{"@type":"BreadcrumbList","@id":"https:\/\/kusmitea.re\/index.php\/product\/rituel-sommeil\/#breadcrumb","itemListElement":[{"@type":"ListItem","position":1,"name":"Accueil","item":"https:\/\/kusmitea.re\/"},{"@type":"ListItem","position":2,"name":"Boutique","item":"https:\/\/kusmitea.re\/index.php\/shop\/"},{"@type":"ListItem","position":3,"name":"Rituel Sommeil Tisane rooibos bio, m\u00e9lisse, pour dormir"}]},{"@type":"WebSite","@id":"https:\/\/kusmitea.re\/#website","url":"https:\/\/kusmitea.re\/","name":"Kusmi Tea R\u00e9union","description":"","publisher":{"@id":"https:\/\/kusmitea.re\/#organization"},"potentialAction":[{"@type":"SearchAction","target":{"@type":"EntryPoint","urlTemplate":"https:\/\/kusmitea.re\/?s={search_term_string}"},"query-input":{"@type":"PropertyValueSpecification","valueRequired":true,"valueName":"search_term_string"}}],"inLanguage":"fr-FR"},{"@type":"Organization","@id":"https:\/\/kusmitea.re\/#organization","name":"Kusmi Tea R\u00e9union","url":"https:\/\/kusmitea.re\/","logo":{"@type":"ImageObject","inLanguage":"fr-FR","@id":"https:\/\/kusmitea.re\/#\/schema\/logo\/image\/","url":"https:\/\/kusmitea.re\/wp-content\/uploads\/2023\/05\/cropped-logo.webp","contentUrl":"https:\/\/kusmitea.re\/wp-content\/uploads\/2023\/05\/cropped-logo.webp","width":469,"height":141,"caption":"Kusmi Tea R\u00e9union"},"image":{"@id":"https:\/\/kusmitea.re\/#\/schema\/logo\/image\/"},"sameAs":["https:\/\/www.facebook.com\/p\/Kusmi-Tea-Runion-61571670075100\/","https:\/\/www.instagram.com\/kusmiteare\/"]}]}},"jetpack_sharing_enabled":true,"_links":{"self":[{"href":"https:\/\/kusmitea.re\/index.php\/wp-json\/wp\/v2\/product\/6721","targetHints":{"allow":["GET"]}}],"collection":[{"href":"https:\/\/kusmitea.re\/index.php\/wp-json\/wp\/v2\/product"}],"about":[{"href":"https:\/\/kusmitea.re\/index.php\/wp-json\/wp\/v2\/types\/product"}],"replies":[{"embeddable":true,"href":"https:\/\/kusmitea.re\/index.php\/wp-json\/wp\/v2\/comments?post=6721"}],"version-history":[{"count":3,"href":"https:\/\/kusmitea.re\/index.php\/wp-json\/wp\/v2\/product\/6721\/revisions"}],"predecessor-version":[{"id":12938,"href":"https:\/\/kusmitea.re\/index.php\/wp-json\/wp\/v2\/product\/6721\/revisions\/12938"}],"wp:featuredmedia":[{"embeddable":true,"href":"https:\/\/kusmitea.re\/index.php\/wp-json\/wp\/v2\/media\/6750"}],"wp:attachment":[{"href":"https:\/\/kusmitea.re\/index.php\/wp-json\/wp\/v2\/media?parent=6721"}],"wp:term":[{"taxonomy":"product_cat","embeddable":true,"href":"https:\/\/kusmitea.re\/index.php\/wp-json\/wp\/v2\/product_cat?post=6721"},{"taxonomy":"product_tag","embeddable":true,"href":"https:\/\/kusmitea.re\/index.php\/wp-json\/wp\/v2\/product_tag?post=6721"}],"curies":[{"name":"wp","href":"https:\/\/api.w.org\/{rel}","templated":true}]}}