{"id":6715,"date":"2025-08-30T07:05:30","date_gmt":"2025-08-30T05:05:30","guid":{"rendered":"https:\/\/kusmitea.re\/?post_type=product&#038;p=6715"},"modified":"2025-09-22T07:37:02","modified_gmt":"2025-09-22T05:37:02","slug":"glogg-bio","status":"publish","type":"product","link":"https:\/\/kusmitea.re\/index.php\/product\/glogg-bio\/","title":{"rendered":"Gl\u00f6gg Bio"},"content":{"rendered":"\t\t<div data-elementor-type=\"wp-post\" data-elementor-id=\"6715\" class=\"elementor elementor-6715\">\n\t\t\t\t<div class=\"elementor-element elementor-element-544b574f e-flex e-con-boxed e-con e-parent\" data-id=\"544b574f\" data-element_type=\"container\">\n\t\t\t\t\t<div class=\"e-con-inner\">\n\t\t\t\t<div class=\"elementor-element elementor-element-4d3312bc elementor-widget elementor-widget-text-editor\" data-id=\"4d3312bc\" data-element_type=\"widget\" data-widget_type=\"text-editor.default\">\n\t\t\t\t\t\t\t\t\t<p style=\"font-weight: 400; text-align: justify;\">Il \u00e9tait une fois un No\u00ebl f\u00e9\u00e9rique sign\u00e9 Kusmi, avec cette infusion bio sans th\u00e9ine aux notes d\u2019\u00e9pices, de fruits et d\u2019hibiscus.<\/p><p style=\"font-weight: 400; text-align: justify;\">Cette ann\u00e9e, c\u2019est dans un village enneig\u00e9 digne de vos contes pr\u00e9f\u00e9r\u00e9s que vous \u00eates invit\u00e9 pour les f\u00eates de fin d\u2019ann\u00e9e. Entre les bonbons color\u00e9s, les sucres d\u2019orge et les maisons de pain d\u2019\u00e9pices, pr\u00e9parez-vous \u00e0 vivre un No\u00ebl festif sous le signe de la gourmandise.<\/p><p style=\"font-weight: 400; text-align: justify;\">Et pour vous r\u00e9chauffer, Kusmi a revisit\u00e9 fa\u00e7on tisane le vin chaud nordique traditionnel. Une infusion bio d\u00e9licieusement \u00e9pic\u00e9e, dont la belle liqueur ambr\u00e9e rec\u00e8le des notes acidul\u00e9es d\u2019hibiscus, de raisin et de cassis. Tout comme Hansel et Gretel, laissez-vous charmer par des saveurs envo\u00fbtantes de cardamome, de cannelle et de r\u00e9glisse.<\/p><p>Ce No\u00ebl, d\u00e9tendez-vous et ne craignez rien, car m\u00eame les m\u00e9chants deviennent gentils autour du c\u00e9l\u00e8bre Gl\u00f6gg de Kusmi !<\/p><p style=\"text-align: center;\"><em><strong>Ingr\u00e9dients<\/strong><\/em><\/p><p style=\"text-align: justify;\">Epices* (cannelle*, cardamome*) (31%), raisins* (19%), hibiscus* (14%), \u00e9corces de citron* (13%), cassis* (12%), racines de r\u00e9glisse*, ar\u00f4me naturel de cannelle, huile essentielle d&rsquo;orange*. Contient de la r\u00e9glisse &#8211; les personnes souffrant d&rsquo;hypertension doivent \u00e9viter toute consommation excessive<\/p><p style=\"text-align: left;\">*Produits issus de l&rsquo;agriculture biologique.<\/p><p style=\"text-align: center; flex-grow: 1; margin-bottom: 20px;\"><img decoding=\"async\" class=\"aligncenter\" src=\"http:\/\/kusmitea.re\/wp-content\/uploads\/2021\/02\/T\u00b0.png\" alt=\"\" width=\"30\" height=\"30\" \/> <strong>95\u00b0C<\/strong><\/p><p style=\"text-align: center; flex-grow: 1; margin-bottom: 20px;\"><img decoding=\"async\" class=\"aligncenter\" src=\"http:\/\/kusmitea.re\/wp-content\/uploads\/2021\/02\/timer-300x300.png\" alt=\"\" width=\"30\" height=\"30\" \/> <strong>5 min<\/strong><\/p><p>\u00a0<\/p>\t\t\t\t\t\t\t\t<\/div>\n\t\t\t\t\t<\/div>\n\t\t\t\t<\/div>\n\t\t\t\t<\/div>\n\t\t","protected":false},"excerpt":{"rendered":"<p>Recharge de 100g (environ 50 tasses)<img decoding=\"async\" class=\"alignleft wp-image-3887\" src=\"https:\/\/kusmitea.re\/wp-content\/uploads\/2020\/05\/Bio.jpg\" alt=\"\" width=\"40\" height=\"40\" \/><\/p>\n","protected":false},"featured_media":6745,"comment_status":"open","ping_status":"closed","template":"","meta":[],"product_cat":[59],"product_tag":[61],"class_list":{"0":"post-6715","1":"product","2":"type-product","3":"status-publish","4":"has-post-thumbnail","6":"product_cat-infusions-et-tisanes","7":"product_tag-eau-de-fruits-tisane","9":"first","10":"instock","11":"shipping-taxable","12":"purchasable","13":"product-type-simple"},"yoast_head":"<!-- This site is optimized with the Yoast SEO plugin v26.6 - https:\/\/yoast.com\/wordpress\/plugins\/seo\/ -->\n<title>Gl\u00f6gg Bio - Kusmi Tea R\u00e9union<\/title>\n<meta name=\"robots\" content=\"index, follow, max-snippet:-1, max-image-preview:large, max-video-preview:-1\" \/>\n<link rel=\"canonical\" href=\"https:\/\/kusmitea.re\/index.php\/product\/glogg-bio\/\" \/>\n<meta property=\"og:locale\" content=\"fr_FR\" \/>\n<meta property=\"og:type\" content=\"article\" \/>\n<meta property=\"og:title\" content=\"Gl\u00f6gg Bio - Kusmi Tea R\u00e9union\" \/>\n<meta property=\"og:description\" content=\"Recharge de 100g (environ 50 tasses)\" \/>\n<meta property=\"og:url\" content=\"https:\/\/kusmitea.re\/index.php\/product\/glogg-bio\/\" \/>\n<meta property=\"og:site_name\" content=\"Kusmi Tea R\u00e9union\" \/>\n<meta property=\"article:publisher\" content=\"https:\/\/www.facebook.com\/p\/Kusmi-Tea-Runion-61571670075100\/\" \/>\n<meta property=\"article:modified_time\" content=\"2025-09-22T05:37:02+00:00\" \/>\n<meta property=\"og:image\" content=\"https:\/\/kusmitea.re\/wp-content\/uploads\/2025\/08\/Glogg-vrac.png\" \/>\n\t<meta property=\"og:image:width\" content=\"800\" \/>\n\t<meta property=\"og:image:height\" content=\"763\" \/>\n\t<meta property=\"og:image:type\" content=\"image\/png\" \/>\n<meta name=\"twitter:card\" content=\"summary_large_image\" \/>\n<meta name=\"twitter:label1\" content=\"Dur\u00e9e de lecture estim\u00e9e\" \/>\n\t<meta name=\"twitter:data1\" content=\"3 minutes\" \/>\n<script type=\"application\/ld+json\" class=\"yoast-schema-graph\">{\"@context\":\"https:\/\/schema.org\",\"@graph\":[{\"@type\":\"WebPage\",\"@id\":\"https:\/\/kusmitea.re\/index.php\/product\/glogg-bio\/\",\"url\":\"https:\/\/kusmitea.re\/index.php\/product\/glogg-bio\/\",\"name\":\"Gl\u00f6gg Bio - Kusmi Tea R\u00e9union\",\"isPartOf\":{\"@id\":\"https:\/\/kusmitea.re\/#website\"},\"primaryImageOfPage\":{\"@id\":\"https:\/\/kusmitea.re\/index.php\/product\/glogg-bio\/#primaryimage\"},\"image\":{\"@id\":\"https:\/\/kusmitea.re\/index.php\/product\/glogg-bio\/#primaryimage\"},\"thumbnailUrl\":\"https:\/\/kusmitea.re\/wp-content\/uploads\/2025\/08\/Glogg-vrac.png\",\"datePublished\":\"2025-08-30T05:05:30+00:00\",\"dateModified\":\"2025-09-22T05:37:02+00:00\",\"breadcrumb\":{\"@id\":\"https:\/\/kusmitea.re\/index.php\/product\/glogg-bio\/#breadcrumb\"},\"inLanguage\":\"fr-FR\",\"potentialAction\":[{\"@type\":\"ReadAction\",\"target\":[\"https:\/\/kusmitea.re\/index.php\/product\/glogg-bio\/\"]}]},{\"@type\":\"ImageObject\",\"inLanguage\":\"fr-FR\",\"@id\":\"https:\/\/kusmitea.re\/index.php\/product\/glogg-bio\/#primaryimage\",\"url\":\"https:\/\/kusmitea.re\/wp-content\/uploads\/2025\/08\/Glogg-vrac.png\",\"contentUrl\":\"https:\/\/kusmitea.re\/wp-content\/uploads\/2025\/08\/Glogg-vrac.png\",\"width\":800,\"height\":763},{\"@type\":\"BreadcrumbList\",\"@id\":\"https:\/\/kusmitea.re\/index.php\/product\/glogg-bio\/#breadcrumb\",\"itemListElement\":[{\"@type\":\"ListItem\",\"position\":1,\"name\":\"Accueil\",\"item\":\"https:\/\/kusmitea.re\/\"},{\"@type\":\"ListItem\",\"position\":2,\"name\":\"Boutique\",\"item\":\"https:\/\/kusmitea.re\/index.php\/shop\/\"},{\"@type\":\"ListItem\",\"position\":3,\"name\":\"Gl\u00f6gg Bio\"}]},{\"@type\":\"WebSite\",\"@id\":\"https:\/\/kusmitea.re\/#website\",\"url\":\"https:\/\/kusmitea.re\/\",\"name\":\"Kusmi Tea R\u00e9union\",\"description\":\"\",\"publisher\":{\"@id\":\"https:\/\/kusmitea.re\/#organization\"},\"potentialAction\":[{\"@type\":\"SearchAction\",\"target\":{\"@type\":\"EntryPoint\",\"urlTemplate\":\"https:\/\/kusmitea.re\/?s={search_term_string}\"},\"query-input\":{\"@type\":\"PropertyValueSpecification\",\"valueRequired\":true,\"valueName\":\"search_term_string\"}}],\"inLanguage\":\"fr-FR\"},{\"@type\":\"Organization\",\"@id\":\"https:\/\/kusmitea.re\/#organization\",\"name\":\"Kusmi Tea R\u00e9union\",\"url\":\"https:\/\/kusmitea.re\/\",\"logo\":{\"@type\":\"ImageObject\",\"inLanguage\":\"fr-FR\",\"@id\":\"https:\/\/kusmitea.re\/#\/schema\/logo\/image\/\",\"url\":\"https:\/\/kusmitea.re\/wp-content\/uploads\/2023\/05\/cropped-logo.webp\",\"contentUrl\":\"https:\/\/kusmitea.re\/wp-content\/uploads\/2023\/05\/cropped-logo.webp\",\"width\":469,\"height\":141,\"caption\":\"Kusmi Tea R\u00e9union\"},\"image\":{\"@id\":\"https:\/\/kusmitea.re\/#\/schema\/logo\/image\/\"},\"sameAs\":[\"https:\/\/www.facebook.com\/p\/Kusmi-Tea-Runion-61571670075100\/\",\"https:\/\/www.instagram.com\/kusmiteare\/\"]}]}<\/script>\n<!-- \/ Yoast SEO plugin. -->","yoast_head_json":{"title":"Gl\u00f6gg Bio - Kusmi Tea R\u00e9union","robots":{"index":"index","follow":"follow","max-snippet":"max-snippet:-1","max-image-preview":"max-image-preview:large","max-video-preview":"max-video-preview:-1"},"canonical":"https:\/\/kusmitea.re\/index.php\/product\/glogg-bio\/","og_locale":"fr_FR","og_type":"article","og_title":"Gl\u00f6gg Bio - Kusmi Tea R\u00e9union","og_description":"Recharge de 100g (environ 50 tasses)","og_url":"https:\/\/kusmitea.re\/index.php\/product\/glogg-bio\/","og_site_name":"Kusmi Tea R\u00e9union","article_publisher":"https:\/\/www.facebook.com\/p\/Kusmi-Tea-Runion-61571670075100\/","article_modified_time":"2025-09-22T05:37:02+00:00","og_image":[{"width":800,"height":763,"url":"https:\/\/kusmitea.re\/wp-content\/uploads\/2025\/08\/Glogg-vrac.png","type":"image\/png"}],"twitter_card":"summary_large_image","twitter_misc":{"Dur\u00e9e de lecture estim\u00e9e":"3 minutes"},"schema":{"@context":"https:\/\/schema.org","@graph":[{"@type":"WebPage","@id":"https:\/\/kusmitea.re\/index.php\/product\/glogg-bio\/","url":"https:\/\/kusmitea.re\/index.php\/product\/glogg-bio\/","name":"Gl\u00f6gg Bio - Kusmi Tea R\u00e9union","isPartOf":{"@id":"https:\/\/kusmitea.re\/#website"},"primaryImageOfPage":{"@id":"https:\/\/kusmitea.re\/index.php\/product\/glogg-bio\/#primaryimage"},"image":{"@id":"https:\/\/kusmitea.re\/index.php\/product\/glogg-bio\/#primaryimage"},"thumbnailUrl":"https:\/\/kusmitea.re\/wp-content\/uploads\/2025\/08\/Glogg-vrac.png","datePublished":"2025-08-30T05:05:30+00:00","dateModified":"2025-09-22T05:37:02+00:00","breadcrumb":{"@id":"https:\/\/kusmitea.re\/index.php\/product\/glogg-bio\/#breadcrumb"},"inLanguage":"fr-FR","potentialAction":[{"@type":"ReadAction","target":["https:\/\/kusmitea.re\/index.php\/product\/glogg-bio\/"]}]},{"@type":"ImageObject","inLanguage":"fr-FR","@id":"https:\/\/kusmitea.re\/index.php\/product\/glogg-bio\/#primaryimage","url":"https:\/\/kusmitea.re\/wp-content\/uploads\/2025\/08\/Glogg-vrac.png","contentUrl":"https:\/\/kusmitea.re\/wp-content\/uploads\/2025\/08\/Glogg-vrac.png","width":800,"height":763},{"@type":"BreadcrumbList","@id":"https:\/\/kusmitea.re\/index.php\/product\/glogg-bio\/#breadcrumb","itemListElement":[{"@type":"ListItem","position":1,"name":"Accueil","item":"https:\/\/kusmitea.re\/"},{"@type":"ListItem","position":2,"name":"Boutique","item":"https:\/\/kusmitea.re\/index.php\/shop\/"},{"@type":"ListItem","position":3,"name":"Gl\u00f6gg Bio"}]},{"@type":"WebSite","@id":"https:\/\/kusmitea.re\/#website","url":"https:\/\/kusmitea.re\/","name":"Kusmi Tea R\u00e9union","description":"","publisher":{"@id":"https:\/\/kusmitea.re\/#organization"},"potentialAction":[{"@type":"SearchAction","target":{"@type":"EntryPoint","urlTemplate":"https:\/\/kusmitea.re\/?s={search_term_string}"},"query-input":{"@type":"PropertyValueSpecification","valueRequired":true,"valueName":"search_term_string"}}],"inLanguage":"fr-FR"},{"@type":"Organization","@id":"https:\/\/kusmitea.re\/#organization","name":"Kusmi Tea R\u00e9union","url":"https:\/\/kusmitea.re\/","logo":{"@type":"ImageObject","inLanguage":"fr-FR","@id":"https:\/\/kusmitea.re\/#\/schema\/logo\/image\/","url":"https:\/\/kusmitea.re\/wp-content\/uploads\/2023\/05\/cropped-logo.webp","contentUrl":"https:\/\/kusmitea.re\/wp-content\/uploads\/2023\/05\/cropped-logo.webp","width":469,"height":141,"caption":"Kusmi Tea R\u00e9union"},"image":{"@id":"https:\/\/kusmitea.re\/#\/schema\/logo\/image\/"},"sameAs":["https:\/\/www.facebook.com\/p\/Kusmi-Tea-Runion-61571670075100\/","https:\/\/www.instagram.com\/kusmiteare\/"]}]}},"jetpack_sharing_enabled":true,"_links":{"self":[{"href":"https:\/\/kusmitea.re\/index.php\/wp-json\/wp\/v2\/product\/6715","targetHints":{"allow":["GET"]}}],"collection":[{"href":"https:\/\/kusmitea.re\/index.php\/wp-json\/wp\/v2\/product"}],"about":[{"href":"https:\/\/kusmitea.re\/index.php\/wp-json\/wp\/v2\/types\/product"}],"replies":[{"embeddable":true,"href":"https:\/\/kusmitea.re\/index.php\/wp-json\/wp\/v2\/comments?post=6715"}],"version-history":[{"count":3,"href":"https:\/\/kusmitea.re\/index.php\/wp-json\/wp\/v2\/product\/6715\/revisions"}],"predecessor-version":[{"id":12284,"href":"https:\/\/kusmitea.re\/index.php\/wp-json\/wp\/v2\/product\/6715\/revisions\/12284"}],"wp:featuredmedia":[{"embeddable":true,"href":"https:\/\/kusmitea.re\/index.php\/wp-json\/wp\/v2\/media\/6745"}],"wp:attachment":[{"href":"https:\/\/kusmitea.re\/index.php\/wp-json\/wp\/v2\/media?parent=6715"}],"wp:term":[{"taxonomy":"product_cat","embeddable":true,"href":"https:\/\/kusmitea.re\/index.php\/wp-json\/wp\/v2\/product_cat?post=6715"},{"taxonomy":"product_tag","embeddable":true,"href":"https:\/\/kusmitea.re\/index.php\/wp-json\/wp\/v2\/product_tag?post=6715"}],"curies":[{"name":"wp","href":"https:\/\/api.w.org\/{rel}","templated":true}]}}