{"id":6695,"date":"2025-08-30T07:02:47","date_gmt":"2025-08-30T05:02:47","guid":{"rendered":"https:\/\/kusmitea.re\/?post_type=product&#038;p=6695"},"modified":"2026-01-02T12:15:29","modified_gmt":"2026-01-02T11:15:29","slug":"the-vert-menthe-concombre-bio","status":"publish","type":"product","link":"https:\/\/kusmitea.re\/index.php\/product\/the-vert-menthe-concombre-bio\/","title":{"rendered":"Th\u00e9 vert menthe concombre bio &#8211; Kusmi Tea R\u00e9union"},"content":{"rendered":"\t\t<div data-elementor-type=\"wp-post\" data-elementor-id=\"6695\" class=\"elementor elementor-6695\">\n\t\t\t\t<div class=\"elementor-element elementor-element-3e149aa8 e-flex e-con-boxed e-con e-parent\" data-id=\"3e149aa8\" data-element_type=\"container\">\n\t\t\t\t\t<div class=\"e-con-inner\">\n\t\t\t\t<div class=\"elementor-element elementor-element-49fc00ad elementor-widget elementor-widget-text-editor\" data-id=\"49fc00ad\" data-element_type=\"widget\" data-widget_type=\"text-editor.default\">\n\t\t\t\t\t\t\t\t\t<p style=\"text-align: justify;\">Un th\u00e9 vert bio \u00e0 la menthe et au concombre, frais et trendy \u00e0 souhait.<\/p><p style=\"text-align: justify;\">Le concombre, c\u2019est l\u2019un des ingr\u00e9dients les plus en vogue du moment. Il est si pr\u00e9sent qu\u2019on ne peut plus s\u2019en passer ! V\u00e9ritable cam\u00e9l\u00e9on, il sait se glisser partout ; mais parce qu\u2019il a le go\u00fbt de la s\u00e9duction, il choisit ses lieux d\u2019apparition : ce matin, il \u00e9tait dans votre gourde direction la salle de sport ; ce soir il sera dans la derni\u00e8re cr\u00e9ation de votre mixologue pr\u00e9f\u00e9r\u00e9, toujours aussi tonique, healthy et frais.<\/p><p style=\"text-align: justify;\">Chez Kusmi ? Vous le retrouvez dans votre th\u00e9 et ce, toute la journ\u00e9e ! Car parfois, le concombre est \u00e9galement l\u00e0 o\u00f9 on ne l\u2019attend pas. Dans notre Th\u00e9 vert menthe-concombre, il se marie avec harmonie \u00e0 la menthe, tellement rafra\u00eechissante elle aussi. Ensemble, dans ce m\u00e9lange tr\u00e8s green, ils r\u00e9v\u00e8lent le meilleur d\u2019eux-m\u00eames pour vous offrir un th\u00e9 divinement l\u00e9ger et d\u00e9licieusement d\u00e9salt\u00e9rant.<\/p><p style=\"text-align: justify;\">Le Th\u00e9 vert menthe-concombre est bio bien s\u00fbr, pour faire du bien \u00e0 votre corps et \u00e0 notre plan\u00e8te ! Certains l\u2019aiment chaud et d\u2019autres l\u2019adorent glac\u00e9. Et vous, comment le d\u00e9gusterez-vous ?<\/p><p style=\"text-align: justify;\">Disponible au poids, en bo\u00eete de 100g et en 20 sachets mousseline.<\/p><p style=\"text-align: center;\"><em><strong>Ingr\u00e9dients<\/strong><\/em><\/p><p style=\"text-align: justify;\">Th\u00e9 vert* (90%), feuilles de menthe (5%), \u00a0ar\u00f4mes naturels de menthe et de concombre (5%).<\/p><p style=\"text-align: left;\">*Produits issus de l&rsquo;agriculture biologique.<\/p><p style=\"text-align: center; flex-grow: 1; margin-bottom: 20px;\"><img decoding=\"async\" class=\"aligncenter\" src=\"http:\/\/kusmitea.re\/wp-content\/uploads\/2021\/02\/T\u00b0.png\" alt=\"\" width=\"30\" height=\"30\" \/> <strong>80\u00b0C<\/strong><\/p><p style=\"text-align: center; flex-grow: 1; margin-bottom: 20px;\"><img decoding=\"async\" class=\"aligncenter\" src=\"http:\/\/kusmitea.re\/wp-content\/uploads\/2021\/02\/timer-300x300.png\" alt=\"\" width=\"30\" height=\"30\" \/> <strong>3-4 min<\/strong><\/p><p>\u00a0<\/p><p>\u00a0<\/p><p>\u00a0<\/p><p>\u00a0<\/p><p>\u00a0<\/p><p>\u00a0<\/p>\t\t\t\t\t\t\t\t<\/div>\n\t\t\t\t\t<\/div>\n\t\t\t\t<\/div>\n\t\t\t\t<\/div>\n\t\t","protected":false},"excerpt":{"rendered":"<p><img decoding=\"async\" class=\"alignleft wp-image-3887\" src=\"https:\/\/kusmitea.re\/wp-content\/uploads\/2020\/05\/Bio.jpg\" alt=\"\" width=\"40\" height=\"40\" \/><\/p>\n","protected":false},"featured_media":6736,"comment_status":"open","ping_status":"closed","template":"","meta":[],"product_cat":[296,64],"product_tag":[69,65],"class_list":{"0":"post-6695","1":"product","2":"type-product","3":"status-publish","4":"has-post-thumbnail","6":"product_cat-florales","7":"product_cat-thes-verts","8":"product_tag-florale","9":"product_tag-the-vert-mate","11":"first","12":"instock","13":"shipping-taxable","14":"purchasable","15":"product-type-variable","16":"has-default-attributes"},"yoast_head":"<!-- This site is optimized with the Yoast SEO plugin v26.6 - https:\/\/yoast.com\/wordpress\/plugins\/seo\/ -->\n<title>Th\u00e9 vert menthe concombre bio - Kusmi Tea R\u00e9union - Kusmi Tea R\u00e9union<\/title>\n<meta name=\"description\" content=\"Th\u00e9 vert menthe concombre bio Kusmi Tea - Boite 100g : go\u00fbtez ce th\u00e9 vert sencha au go\u00fbt innovant. Pour une pause fraiche et d\u00e9licate. Bonne d\u00e9gustation !\" \/>\n<meta name=\"robots\" content=\"index, follow, max-snippet:-1, max-image-preview:large, max-video-preview:-1\" \/>\n<link rel=\"canonical\" href=\"https:\/\/kusmitea.re\/index.php\/product\/the-vert-menthe-concombre-bio\/\" \/>\n<meta property=\"og:locale\" content=\"fr_FR\" \/>\n<meta property=\"og:type\" content=\"article\" \/>\n<meta property=\"og:title\" content=\"Th\u00e9 vert menthe concombre bio - Kusmi Tea R\u00e9union - Kusmi Tea R\u00e9union\" \/>\n<meta property=\"og:description\" content=\"Th\u00e9 vert menthe concombre bio Kusmi Tea - Boite 100g : go\u00fbtez ce th\u00e9 vert sencha au go\u00fbt innovant. Pour une pause fraiche et d\u00e9licate. Bonne d\u00e9gustation !\" \/>\n<meta property=\"og:url\" content=\"https:\/\/kusmitea.re\/index.php\/product\/the-vert-menthe-concombre-bio\/\" \/>\n<meta property=\"og:site_name\" content=\"Kusmi Tea R\u00e9union\" \/>\n<meta property=\"article:publisher\" content=\"https:\/\/www.facebook.com\/p\/Kusmi-Tea-Runion-61571670075100\/\" \/>\n<meta property=\"article:modified_time\" content=\"2026-01-02T11:15:29+00:00\" \/>\n<meta property=\"og:image\" content=\"https:\/\/kusmitea.re\/wp-content\/uploads\/2025\/08\/VCOM100BIO_FR-e1725338371697-scaled.jpg\" \/>\n\t<meta property=\"og:image:width\" content=\"2560\" \/>\n\t<meta property=\"og:image:height\" content=\"2112\" \/>\n\t<meta property=\"og:image:type\" content=\"image\/jpeg\" \/>\n<meta name=\"twitter:card\" content=\"summary_large_image\" \/>\n<meta name=\"twitter:label1\" content=\"Dur\u00e9e de lecture estim\u00e9e\" \/>\n\t<meta name=\"twitter:data1\" content=\"2 minutes\" \/>\n<script type=\"application\/ld+json\" class=\"yoast-schema-graph\">{\"@context\":\"https:\/\/schema.org\",\"@graph\":[{\"@type\":\"WebPage\",\"@id\":\"https:\/\/kusmitea.re\/index.php\/product\/the-vert-menthe-concombre-bio\/\",\"url\":\"https:\/\/kusmitea.re\/index.php\/product\/the-vert-menthe-concombre-bio\/\",\"name\":\"Th\u00e9 vert menthe concombre bio - Kusmi Tea R\u00e9union - Kusmi Tea R\u00e9union\",\"isPartOf\":{\"@id\":\"https:\/\/kusmitea.re\/#website\"},\"primaryImageOfPage\":{\"@id\":\"https:\/\/kusmitea.re\/index.php\/product\/the-vert-menthe-concombre-bio\/#primaryimage\"},\"image\":{\"@id\":\"https:\/\/kusmitea.re\/index.php\/product\/the-vert-menthe-concombre-bio\/#primaryimage\"},\"thumbnailUrl\":\"https:\/\/kusmitea.re\/wp-content\/uploads\/2025\/08\/VCOM100BIO_FR-e1725338371697-scaled.jpg\",\"datePublished\":\"2025-08-30T05:02:47+00:00\",\"dateModified\":\"2026-01-02T11:15:29+00:00\",\"description\":\"Th\u00e9 vert menthe concombre bio Kusmi Tea - Boite 100g : go\u00fbtez ce th\u00e9 vert sencha au go\u00fbt innovant. Pour une pause fraiche et d\u00e9licate. Bonne d\u00e9gustation !\",\"breadcrumb\":{\"@id\":\"https:\/\/kusmitea.re\/index.php\/product\/the-vert-menthe-concombre-bio\/#breadcrumb\"},\"inLanguage\":\"fr-FR\",\"potentialAction\":[{\"@type\":\"ReadAction\",\"target\":[\"https:\/\/kusmitea.re\/index.php\/product\/the-vert-menthe-concombre-bio\/\"]}]},{\"@type\":\"ImageObject\",\"inLanguage\":\"fr-FR\",\"@id\":\"https:\/\/kusmitea.re\/index.php\/product\/the-vert-menthe-concombre-bio\/#primaryimage\",\"url\":\"https:\/\/kusmitea.re\/wp-content\/uploads\/2025\/08\/VCOM100BIO_FR-e1725338371697-scaled.jpg\",\"contentUrl\":\"https:\/\/kusmitea.re\/wp-content\/uploads\/2025\/08\/VCOM100BIO_FR-e1725338371697-scaled.jpg\",\"width\":2560,\"height\":2112},{\"@type\":\"BreadcrumbList\",\"@id\":\"https:\/\/kusmitea.re\/index.php\/product\/the-vert-menthe-concombre-bio\/#breadcrumb\",\"itemListElement\":[{\"@type\":\"ListItem\",\"position\":1,\"name\":\"Accueil\",\"item\":\"https:\/\/kusmitea.re\/\"},{\"@type\":\"ListItem\",\"position\":2,\"name\":\"Boutique\",\"item\":\"https:\/\/kusmitea.re\/index.php\/shop\/\"},{\"@type\":\"ListItem\",\"position\":3,\"name\":\"Th\u00e9 vert menthe concombre bio &#8211; Kusmi Tea R\u00e9union\"}]},{\"@type\":\"WebSite\",\"@id\":\"https:\/\/kusmitea.re\/#website\",\"url\":\"https:\/\/kusmitea.re\/\",\"name\":\"Kusmi Tea R\u00e9union\",\"description\":\"\",\"publisher\":{\"@id\":\"https:\/\/kusmitea.re\/#organization\"},\"potentialAction\":[{\"@type\":\"SearchAction\",\"target\":{\"@type\":\"EntryPoint\",\"urlTemplate\":\"https:\/\/kusmitea.re\/?s={search_term_string}\"},\"query-input\":{\"@type\":\"PropertyValueSpecification\",\"valueRequired\":true,\"valueName\":\"search_term_string\"}}],\"inLanguage\":\"fr-FR\"},{\"@type\":\"Organization\",\"@id\":\"https:\/\/kusmitea.re\/#organization\",\"name\":\"Kusmi Tea R\u00e9union\",\"url\":\"https:\/\/kusmitea.re\/\",\"logo\":{\"@type\":\"ImageObject\",\"inLanguage\":\"fr-FR\",\"@id\":\"https:\/\/kusmitea.re\/#\/schema\/logo\/image\/\",\"url\":\"https:\/\/kusmitea.re\/wp-content\/uploads\/2023\/05\/cropped-logo.webp\",\"contentUrl\":\"https:\/\/kusmitea.re\/wp-content\/uploads\/2023\/05\/cropped-logo.webp\",\"width\":469,\"height\":141,\"caption\":\"Kusmi Tea R\u00e9union\"},\"image\":{\"@id\":\"https:\/\/kusmitea.re\/#\/schema\/logo\/image\/\"},\"sameAs\":[\"https:\/\/www.facebook.com\/p\/Kusmi-Tea-Runion-61571670075100\/\",\"https:\/\/www.instagram.com\/kusmiteare\/\"]}]}<\/script>\n<!-- \/ Yoast SEO plugin. -->","yoast_head_json":{"title":"Th\u00e9 vert menthe concombre bio - Kusmi Tea R\u00e9union - Kusmi Tea R\u00e9union","description":"Th\u00e9 vert menthe concombre bio Kusmi Tea - Boite 100g : go\u00fbtez ce th\u00e9 vert sencha au go\u00fbt innovant. Pour une pause fraiche et d\u00e9licate. Bonne d\u00e9gustation !","robots":{"index":"index","follow":"follow","max-snippet":"max-snippet:-1","max-image-preview":"max-image-preview:large","max-video-preview":"max-video-preview:-1"},"canonical":"https:\/\/kusmitea.re\/index.php\/product\/the-vert-menthe-concombre-bio\/","og_locale":"fr_FR","og_type":"article","og_title":"Th\u00e9 vert menthe concombre bio - Kusmi Tea R\u00e9union - Kusmi Tea R\u00e9union","og_description":"Th\u00e9 vert menthe concombre bio Kusmi Tea - Boite 100g : go\u00fbtez ce th\u00e9 vert sencha au go\u00fbt innovant. Pour une pause fraiche et d\u00e9licate. Bonne d\u00e9gustation !","og_url":"https:\/\/kusmitea.re\/index.php\/product\/the-vert-menthe-concombre-bio\/","og_site_name":"Kusmi Tea R\u00e9union","article_publisher":"https:\/\/www.facebook.com\/p\/Kusmi-Tea-Runion-61571670075100\/","article_modified_time":"2026-01-02T11:15:29+00:00","og_image":[{"width":2560,"height":2112,"url":"https:\/\/kusmitea.re\/wp-content\/uploads\/2025\/08\/VCOM100BIO_FR-e1725338371697-scaled.jpg","type":"image\/jpeg"}],"twitter_card":"summary_large_image","twitter_misc":{"Dur\u00e9e de lecture estim\u00e9e":"2 minutes"},"schema":{"@context":"https:\/\/schema.org","@graph":[{"@type":"WebPage","@id":"https:\/\/kusmitea.re\/index.php\/product\/the-vert-menthe-concombre-bio\/","url":"https:\/\/kusmitea.re\/index.php\/product\/the-vert-menthe-concombre-bio\/","name":"Th\u00e9 vert menthe concombre bio - Kusmi Tea R\u00e9union - Kusmi Tea R\u00e9union","isPartOf":{"@id":"https:\/\/kusmitea.re\/#website"},"primaryImageOfPage":{"@id":"https:\/\/kusmitea.re\/index.php\/product\/the-vert-menthe-concombre-bio\/#primaryimage"},"image":{"@id":"https:\/\/kusmitea.re\/index.php\/product\/the-vert-menthe-concombre-bio\/#primaryimage"},"thumbnailUrl":"https:\/\/kusmitea.re\/wp-content\/uploads\/2025\/08\/VCOM100BIO_FR-e1725338371697-scaled.jpg","datePublished":"2025-08-30T05:02:47+00:00","dateModified":"2026-01-02T11:15:29+00:00","description":"Th\u00e9 vert menthe concombre bio Kusmi Tea - Boite 100g : go\u00fbtez ce th\u00e9 vert sencha au go\u00fbt innovant. Pour une pause fraiche et d\u00e9licate. Bonne d\u00e9gustation !","breadcrumb":{"@id":"https:\/\/kusmitea.re\/index.php\/product\/the-vert-menthe-concombre-bio\/#breadcrumb"},"inLanguage":"fr-FR","potentialAction":[{"@type":"ReadAction","target":["https:\/\/kusmitea.re\/index.php\/product\/the-vert-menthe-concombre-bio\/"]}]},{"@type":"ImageObject","inLanguage":"fr-FR","@id":"https:\/\/kusmitea.re\/index.php\/product\/the-vert-menthe-concombre-bio\/#primaryimage","url":"https:\/\/kusmitea.re\/wp-content\/uploads\/2025\/08\/VCOM100BIO_FR-e1725338371697-scaled.jpg","contentUrl":"https:\/\/kusmitea.re\/wp-content\/uploads\/2025\/08\/VCOM100BIO_FR-e1725338371697-scaled.jpg","width":2560,"height":2112},{"@type":"BreadcrumbList","@id":"https:\/\/kusmitea.re\/index.php\/product\/the-vert-menthe-concombre-bio\/#breadcrumb","itemListElement":[{"@type":"ListItem","position":1,"name":"Accueil","item":"https:\/\/kusmitea.re\/"},{"@type":"ListItem","position":2,"name":"Boutique","item":"https:\/\/kusmitea.re\/index.php\/shop\/"},{"@type":"ListItem","position":3,"name":"Th\u00e9 vert menthe concombre bio &#8211; Kusmi Tea R\u00e9union"}]},{"@type":"WebSite","@id":"https:\/\/kusmitea.re\/#website","url":"https:\/\/kusmitea.re\/","name":"Kusmi Tea R\u00e9union","description":"","publisher":{"@id":"https:\/\/kusmitea.re\/#organization"},"potentialAction":[{"@type":"SearchAction","target":{"@type":"EntryPoint","urlTemplate":"https:\/\/kusmitea.re\/?s={search_term_string}"},"query-input":{"@type":"PropertyValueSpecification","valueRequired":true,"valueName":"search_term_string"}}],"inLanguage":"fr-FR"},{"@type":"Organization","@id":"https:\/\/kusmitea.re\/#organization","name":"Kusmi Tea R\u00e9union","url":"https:\/\/kusmitea.re\/","logo":{"@type":"ImageObject","inLanguage":"fr-FR","@id":"https:\/\/kusmitea.re\/#\/schema\/logo\/image\/","url":"https:\/\/kusmitea.re\/wp-content\/uploads\/2023\/05\/cropped-logo.webp","contentUrl":"https:\/\/kusmitea.re\/wp-content\/uploads\/2023\/05\/cropped-logo.webp","width":469,"height":141,"caption":"Kusmi Tea R\u00e9union"},"image":{"@id":"https:\/\/kusmitea.re\/#\/schema\/logo\/image\/"},"sameAs":["https:\/\/www.facebook.com\/p\/Kusmi-Tea-Runion-61571670075100\/","https:\/\/www.instagram.com\/kusmiteare\/"]}]}},"jetpack_sharing_enabled":true,"_links":{"self":[{"href":"https:\/\/kusmitea.re\/index.php\/wp-json\/wp\/v2\/product\/6695","targetHints":{"allow":["GET"]}}],"collection":[{"href":"https:\/\/kusmitea.re\/index.php\/wp-json\/wp\/v2\/product"}],"about":[{"href":"https:\/\/kusmitea.re\/index.php\/wp-json\/wp\/v2\/types\/product"}],"replies":[{"embeddable":true,"href":"https:\/\/kusmitea.re\/index.php\/wp-json\/wp\/v2\/comments?post=6695"}],"version-history":[{"count":5,"href":"https:\/\/kusmitea.re\/index.php\/wp-json\/wp\/v2\/product\/6695\/revisions"}],"predecessor-version":[{"id":12965,"href":"https:\/\/kusmitea.re\/index.php\/wp-json\/wp\/v2\/product\/6695\/revisions\/12965"}],"wp:featuredmedia":[{"embeddable":true,"href":"https:\/\/kusmitea.re\/index.php\/wp-json\/wp\/v2\/media\/6736"}],"wp:attachment":[{"href":"https:\/\/kusmitea.re\/index.php\/wp-json\/wp\/v2\/media?parent=6695"}],"wp:term":[{"taxonomy":"product_cat","embeddable":true,"href":"https:\/\/kusmitea.re\/index.php\/wp-json\/wp\/v2\/product_cat?post=6695"},{"taxonomy":"product_tag","embeddable":true,"href":"https:\/\/kusmitea.re\/index.php\/wp-json\/wp\/v2\/product_tag?post=6695"}],"curies":[{"name":"wp","href":"https:\/\/api.w.org\/{rel}","templated":true}]}}