{"id":6693,"date":"2025-08-30T07:02:47","date_gmt":"2025-08-30T05:02:47","guid":{"rendered":"https:\/\/kusmitea.re\/?post_type=product&#038;p=6693"},"modified":"2025-09-22T07:52:29","modified_gmt":"2025-09-22T05:52:29","slug":"grand-yunnan","status":"publish","type":"product","link":"https:\/\/kusmitea.re\/index.php\/product\/grand-yunnan\/","title":{"rendered":"Grand Yunnan"},"content":{"rendered":"\t\t<div data-elementor-type=\"wp-post\" data-elementor-id=\"6693\" class=\"elementor elementor-6693\">\n\t\t\t\t<div class=\"elementor-element elementor-element-10a7045e e-flex e-con-boxed e-con e-parent\" data-id=\"10a7045e\" data-element_type=\"container\">\n\t\t\t\t\t<div class=\"e-con-inner\">\n\t\t\t\t<div class=\"elementor-element elementor-element-7f6babc8 elementor-widget elementor-widget-text-editor\" data-id=\"7f6babc8\" data-element_type=\"widget\" data-widget_type=\"text-editor.default\">\n\t\t\t\t\t\t\t\t\t<p style=\"text-align: justify;\">Grand Yunnan N\u00b021 bio, un th\u00e9 noir nature de Chine au parfum inimitable.<\/p><p style=\"text-align: justify;\">Tous les amateurs de th\u00e9s nature vous le diront : le th\u00e9 Grand Yunnan est un Grand Classique !<\/p><p style=\"text-align: justify;\">Pour comprendre tout ce qu\u2019il renferme, fermez un instant les yeux et imaginez qu\u2019avant d\u2019arriver dans votre tasse, il a lentement pouss\u00e9 entre ciel et terre sur les valeureux th\u00e9iers de la r\u00e9gion chinoise du Yunnan, \u00e0 2 500 m\u00e8tres d\u2019altitude. Le Yunnan est une province remplie de myst\u00e8re, plac\u00e9e sous le signe du partage et des traditions mill\u00e9naires. La nature y est reine, sous un climat \u00e0 la fois chaud et humide. Alors, saisissez-vous mieux l\u2019intensit\u00e9, le l\u00e9ger parfum de terre mouill\u00e9e et les accents bois\u00e9s du th\u00e9 de Chine Grand Yunnan, ainsi que son amertume discr\u00e8te, qui charme les palais avis\u00e9s ?<\/p><p style=\"text-align: justify;\">Disponible au poids.<\/p><p style=\"text-align: center;\"><em><strong>Ingr\u00e9dients<\/strong><\/em><\/p><p style=\"text-align: justify;\">Th\u00e9 noir de Chine*.<\/p><p style=\"text-align: left;\">*Produits issus de l&rsquo;agriculture biologique.<\/p><p style=\"text-align: center; flex-grow: 1; margin-bottom: 20px;\"><img decoding=\"async\" class=\"aligncenter\" src=\"http:\/\/kusmitea.re\/wp-content\/uploads\/2021\/02\/T\u00b0.png\" alt=\"\" width=\"30\" height=\"30\" \/> <strong>90\u00b0C<\/strong><\/p><p style=\"text-align: center; flex-grow: 1; margin-bottom: 20px;\"><img decoding=\"async\" class=\"aligncenter\" src=\"http:\/\/kusmitea.re\/wp-content\/uploads\/2021\/02\/timer-300x300.png\" alt=\"\" width=\"30\" height=\"30\" \/> <strong>3-5 min<\/strong><\/p><p>\u00a0<\/p>\t\t\t\t\t\t\t\t<\/div>\n\t\t\t\t\t<\/div>\n\t\t\t\t<\/div>\n\t\t\t\t<\/div>\n\t\t","protected":false},"excerpt":{"rendered":"<p><span style=\"font-family: 'times new roman', times; font-size: 16px;\">Recharge de 100g (environ 50 tasses)<\/span><img decoding=\"async\" class=\"alignleft wp-image-3887\" src=\"https:\/\/kusmitea.re\/wp-content\/uploads\/2020\/05\/Bio.jpg\" alt=\"\" width=\"40\" height=\"40\" \/><\/p>\n","protected":false},"featured_media":6726,"comment_status":"open","ping_status":"closed","template":"","meta":[],"product_cat":[70],"product_tag":[68],"class_list":{"0":"post-6693","1":"product","2":"type-product","3":"status-publish","4":"has-post-thumbnail","6":"product_cat-vrac","7":"product_tag-the-noir","9":"first","10":"instock","11":"sale","12":"shipping-taxable","13":"purchasable","14":"product-type-simple"},"yoast_head":"<!-- This site is optimized with the Yoast SEO plugin v26.6 - https:\/\/yoast.com\/wordpress\/plugins\/seo\/ -->\n<title>Grand Yunnan - Kusmi Tea R\u00e9union<\/title>\n<meta name=\"robots\" content=\"index, follow, max-snippet:-1, max-image-preview:large, max-video-preview:-1\" \/>\n<link rel=\"canonical\" href=\"https:\/\/kusmitea.re\/index.php\/product\/grand-yunnan\/\" \/>\n<meta property=\"og:locale\" content=\"fr_FR\" \/>\n<meta property=\"og:type\" content=\"article\" \/>\n<meta property=\"og:title\" content=\"Grand Yunnan - Kusmi Tea R\u00e9union\" \/>\n<meta property=\"og:description\" content=\"Recharge de 100g (environ 50 tasses)\" \/>\n<meta property=\"og:url\" content=\"https:\/\/kusmitea.re\/index.php\/product\/grand-yunnan\/\" \/>\n<meta property=\"og:site_name\" content=\"Kusmi Tea R\u00e9union\" \/>\n<meta property=\"article:publisher\" content=\"https:\/\/www.facebook.com\/p\/Kusmi-Tea-Runion-61571670075100\/\" \/>\n<meta property=\"article:modified_time\" content=\"2025-09-22T05:52:29+00:00\" \/>\n<meta property=\"og:image\" content=\"https:\/\/kusmitea.re\/wp-content\/uploads\/2025\/08\/YUNN-1024x1024.png\" \/>\n\t<meta property=\"og:image:width\" content=\"1024\" \/>\n\t<meta property=\"og:image:height\" content=\"1024\" \/>\n\t<meta property=\"og:image:type\" content=\"image\/png\" \/>\n<meta name=\"twitter:card\" content=\"summary_large_image\" \/>\n<meta name=\"twitter:label1\" content=\"Dur\u00e9e de lecture estim\u00e9e\" \/>\n\t<meta name=\"twitter:data1\" content=\"3 minutes\" \/>\n<script type=\"application\/ld+json\" class=\"yoast-schema-graph\">{\"@context\":\"https:\/\/schema.org\",\"@graph\":[{\"@type\":\"WebPage\",\"@id\":\"https:\/\/kusmitea.re\/index.php\/product\/grand-yunnan\/\",\"url\":\"https:\/\/kusmitea.re\/index.php\/product\/grand-yunnan\/\",\"name\":\"Grand Yunnan - Kusmi Tea R\u00e9union\",\"isPartOf\":{\"@id\":\"https:\/\/kusmitea.re\/#website\"},\"primaryImageOfPage\":{\"@id\":\"https:\/\/kusmitea.re\/index.php\/product\/grand-yunnan\/#primaryimage\"},\"image\":{\"@id\":\"https:\/\/kusmitea.re\/index.php\/product\/grand-yunnan\/#primaryimage\"},\"thumbnailUrl\":\"https:\/\/kusmitea.re\/wp-content\/uploads\/2025\/08\/YUNN-scaled.png\",\"datePublished\":\"2025-08-30T05:02:47+00:00\",\"dateModified\":\"2025-09-22T05:52:29+00:00\",\"breadcrumb\":{\"@id\":\"https:\/\/kusmitea.re\/index.php\/product\/grand-yunnan\/#breadcrumb\"},\"inLanguage\":\"fr-FR\",\"potentialAction\":[{\"@type\":\"ReadAction\",\"target\":[\"https:\/\/kusmitea.re\/index.php\/product\/grand-yunnan\/\"]}]},{\"@type\":\"ImageObject\",\"inLanguage\":\"fr-FR\",\"@id\":\"https:\/\/kusmitea.re\/index.php\/product\/grand-yunnan\/#primaryimage\",\"url\":\"https:\/\/kusmitea.re\/wp-content\/uploads\/2025\/08\/YUNN-scaled.png\",\"contentUrl\":\"https:\/\/kusmitea.re\/wp-content\/uploads\/2025\/08\/YUNN-scaled.png\",\"width\":2560,\"height\":2560},{\"@type\":\"BreadcrumbList\",\"@id\":\"https:\/\/kusmitea.re\/index.php\/product\/grand-yunnan\/#breadcrumb\",\"itemListElement\":[{\"@type\":\"ListItem\",\"position\":1,\"name\":\"Accueil\",\"item\":\"https:\/\/kusmitea.re\/\"},{\"@type\":\"ListItem\",\"position\":2,\"name\":\"Boutique\",\"item\":\"https:\/\/kusmitea.re\/index.php\/shop\/\"},{\"@type\":\"ListItem\",\"position\":3,\"name\":\"Grand Yunnan\"}]},{\"@type\":\"WebSite\",\"@id\":\"https:\/\/kusmitea.re\/#website\",\"url\":\"https:\/\/kusmitea.re\/\",\"name\":\"Kusmi Tea R\u00e9union\",\"description\":\"\",\"publisher\":{\"@id\":\"https:\/\/kusmitea.re\/#organization\"},\"potentialAction\":[{\"@type\":\"SearchAction\",\"target\":{\"@type\":\"EntryPoint\",\"urlTemplate\":\"https:\/\/kusmitea.re\/?s={search_term_string}\"},\"query-input\":{\"@type\":\"PropertyValueSpecification\",\"valueRequired\":true,\"valueName\":\"search_term_string\"}}],\"inLanguage\":\"fr-FR\"},{\"@type\":\"Organization\",\"@id\":\"https:\/\/kusmitea.re\/#organization\",\"name\":\"Kusmi Tea R\u00e9union\",\"url\":\"https:\/\/kusmitea.re\/\",\"logo\":{\"@type\":\"ImageObject\",\"inLanguage\":\"fr-FR\",\"@id\":\"https:\/\/kusmitea.re\/#\/schema\/logo\/image\/\",\"url\":\"https:\/\/kusmitea.re\/wp-content\/uploads\/2023\/05\/cropped-logo.webp\",\"contentUrl\":\"https:\/\/kusmitea.re\/wp-content\/uploads\/2023\/05\/cropped-logo.webp\",\"width\":469,\"height\":141,\"caption\":\"Kusmi Tea R\u00e9union\"},\"image\":{\"@id\":\"https:\/\/kusmitea.re\/#\/schema\/logo\/image\/\"},\"sameAs\":[\"https:\/\/www.facebook.com\/p\/Kusmi-Tea-Runion-61571670075100\/\",\"https:\/\/www.instagram.com\/kusmiteare\/\"]}]}<\/script>\n<!-- \/ Yoast SEO plugin. -->","yoast_head_json":{"title":"Grand Yunnan - Kusmi Tea R\u00e9union","robots":{"index":"index","follow":"follow","max-snippet":"max-snippet:-1","max-image-preview":"max-image-preview:large","max-video-preview":"max-video-preview:-1"},"canonical":"https:\/\/kusmitea.re\/index.php\/product\/grand-yunnan\/","og_locale":"fr_FR","og_type":"article","og_title":"Grand Yunnan - Kusmi Tea R\u00e9union","og_description":"Recharge de 100g (environ 50 tasses)","og_url":"https:\/\/kusmitea.re\/index.php\/product\/grand-yunnan\/","og_site_name":"Kusmi Tea R\u00e9union","article_publisher":"https:\/\/www.facebook.com\/p\/Kusmi-Tea-Runion-61571670075100\/","article_modified_time":"2025-09-22T05:52:29+00:00","og_image":[{"width":1024,"height":1024,"url":"https:\/\/kusmitea.re\/wp-content\/uploads\/2025\/08\/YUNN-1024x1024.png","type":"image\/png"}],"twitter_card":"summary_large_image","twitter_misc":{"Dur\u00e9e de lecture estim\u00e9e":"3 minutes"},"schema":{"@context":"https:\/\/schema.org","@graph":[{"@type":"WebPage","@id":"https:\/\/kusmitea.re\/index.php\/product\/grand-yunnan\/","url":"https:\/\/kusmitea.re\/index.php\/product\/grand-yunnan\/","name":"Grand Yunnan - Kusmi Tea R\u00e9union","isPartOf":{"@id":"https:\/\/kusmitea.re\/#website"},"primaryImageOfPage":{"@id":"https:\/\/kusmitea.re\/index.php\/product\/grand-yunnan\/#primaryimage"},"image":{"@id":"https:\/\/kusmitea.re\/index.php\/product\/grand-yunnan\/#primaryimage"},"thumbnailUrl":"https:\/\/kusmitea.re\/wp-content\/uploads\/2025\/08\/YUNN-scaled.png","datePublished":"2025-08-30T05:02:47+00:00","dateModified":"2025-09-22T05:52:29+00:00","breadcrumb":{"@id":"https:\/\/kusmitea.re\/index.php\/product\/grand-yunnan\/#breadcrumb"},"inLanguage":"fr-FR","potentialAction":[{"@type":"ReadAction","target":["https:\/\/kusmitea.re\/index.php\/product\/grand-yunnan\/"]}]},{"@type":"ImageObject","inLanguage":"fr-FR","@id":"https:\/\/kusmitea.re\/index.php\/product\/grand-yunnan\/#primaryimage","url":"https:\/\/kusmitea.re\/wp-content\/uploads\/2025\/08\/YUNN-scaled.png","contentUrl":"https:\/\/kusmitea.re\/wp-content\/uploads\/2025\/08\/YUNN-scaled.png","width":2560,"height":2560},{"@type":"BreadcrumbList","@id":"https:\/\/kusmitea.re\/index.php\/product\/grand-yunnan\/#breadcrumb","itemListElement":[{"@type":"ListItem","position":1,"name":"Accueil","item":"https:\/\/kusmitea.re\/"},{"@type":"ListItem","position":2,"name":"Boutique","item":"https:\/\/kusmitea.re\/index.php\/shop\/"},{"@type":"ListItem","position":3,"name":"Grand Yunnan"}]},{"@type":"WebSite","@id":"https:\/\/kusmitea.re\/#website","url":"https:\/\/kusmitea.re\/","name":"Kusmi Tea R\u00e9union","description":"","publisher":{"@id":"https:\/\/kusmitea.re\/#organization"},"potentialAction":[{"@type":"SearchAction","target":{"@type":"EntryPoint","urlTemplate":"https:\/\/kusmitea.re\/?s={search_term_string}"},"query-input":{"@type":"PropertyValueSpecification","valueRequired":true,"valueName":"search_term_string"}}],"inLanguage":"fr-FR"},{"@type":"Organization","@id":"https:\/\/kusmitea.re\/#organization","name":"Kusmi Tea R\u00e9union","url":"https:\/\/kusmitea.re\/","logo":{"@type":"ImageObject","inLanguage":"fr-FR","@id":"https:\/\/kusmitea.re\/#\/schema\/logo\/image\/","url":"https:\/\/kusmitea.re\/wp-content\/uploads\/2023\/05\/cropped-logo.webp","contentUrl":"https:\/\/kusmitea.re\/wp-content\/uploads\/2023\/05\/cropped-logo.webp","width":469,"height":141,"caption":"Kusmi Tea R\u00e9union"},"image":{"@id":"https:\/\/kusmitea.re\/#\/schema\/logo\/image\/"},"sameAs":["https:\/\/www.facebook.com\/p\/Kusmi-Tea-Runion-61571670075100\/","https:\/\/www.instagram.com\/kusmiteare\/"]}]}},"jetpack_sharing_enabled":true,"_links":{"self":[{"href":"https:\/\/kusmitea.re\/index.php\/wp-json\/wp\/v2\/product\/6693","targetHints":{"allow":["GET"]}}],"collection":[{"href":"https:\/\/kusmitea.re\/index.php\/wp-json\/wp\/v2\/product"}],"about":[{"href":"https:\/\/kusmitea.re\/index.php\/wp-json\/wp\/v2\/types\/product"}],"replies":[{"embeddable":true,"href":"https:\/\/kusmitea.re\/index.php\/wp-json\/wp\/v2\/comments?post=6693"}],"version-history":[{"count":3,"href":"https:\/\/kusmitea.re\/index.php\/wp-json\/wp\/v2\/product\/6693\/revisions"}],"predecessor-version":[{"id":12338,"href":"https:\/\/kusmitea.re\/index.php\/wp-json\/wp\/v2\/product\/6693\/revisions\/12338"}],"wp:featuredmedia":[{"embeddable":true,"href":"https:\/\/kusmitea.re\/index.php\/wp-json\/wp\/v2\/media\/6726"}],"wp:attachment":[{"href":"https:\/\/kusmitea.re\/index.php\/wp-json\/wp\/v2\/media?parent=6693"}],"wp:term":[{"taxonomy":"product_cat","embeddable":true,"href":"https:\/\/kusmitea.re\/index.php\/wp-json\/wp\/v2\/product_cat?post=6693"},{"taxonomy":"product_tag","embeddable":true,"href":"https:\/\/kusmitea.re\/index.php\/wp-json\/wp\/v2\/product_tag?post=6693"}],"curies":[{"name":"wp","href":"https:\/\/api.w.org\/{rel}","templated":true}]}}