{"id":6679,"date":"2025-08-30T07:02:07","date_gmt":"2025-08-30T05:02:07","guid":{"rendered":"https:\/\/kusmitea.re\/?post_type=product&#038;p=6679"},"modified":"2025-09-22T07:48:27","modified_gmt":"2025-09-22T05:48:27","slug":"english-breakfast-bio-2","status":"publish","type":"product","link":"https:\/\/kusmitea.re\/index.php\/product\/english-breakfast-bio-2\/","title":{"rendered":"English Breakfast Bio"},"content":{"rendered":"\t\t<div data-elementor-type=\"wp-post\" data-elementor-id=\"6679\" class=\"elementor elementor-6679\">\n\t\t\t\t<div class=\"elementor-element elementor-element-4a9efc0d e-flex e-con-boxed e-con e-parent\" data-id=\"4a9efc0d\" data-element_type=\"container\">\n\t\t\t\t\t<div class=\"e-con-inner\">\n\t\t\t\t<div class=\"elementor-element elementor-element-2f373712 elementor-widget elementor-widget-text-editor\" data-id=\"2f373712\" data-element_type=\"widget\" data-widget_type=\"text-editor.default\">\n\t\t\t\t\t\t\t\t\t<p>Breakfast is ready ! Deux th\u00e9s noirs bio de caract\u00e8re s\u2019associent pour vous offrir un petit-d\u00e9jeuner so British.<\/p><p>London Calling ! R\u00e9pondrez-vous \u00e0 cet appel irr\u00e9sistible venu d\u2019outre-Manche le temps d\u2019un petit-d\u00e9jeuner \u00e0 l\u2019anglaise ? Ladies and gentlemen\u2026 Inspirez-vous du flegme britannique et savourez votre English Breakfast avec d\u00e9sinvolture. Les volutes de fum\u00e9e s\u2019\u00e9chappent de votre tasse, le smog se dissipe \u00e0 travers la vitre et vous commencez \u00e0 deviner la silhouette de Big Ben sur fond de Tamise. Mmh\u2026 Ce m\u00e9lange de deux th\u00e9s noirs bio d\u2019exception respire l\u2019\u00e9l\u00e9gance \u00e0 l\u2019anglaise\u2026 Un th\u00e9 noir de Ceylan au go\u00fbt puissant associ\u00e9 \u00e0 un th\u00e9 noir d\u2019Assam bien cors\u00e9 : English Breakfast est un must !<\/p><p>Avec lui, votre petit-d\u00e9j sera \u00e0 la hauteur de celui de la Reine\u2026 et encore plus avec un nuage de lait !<\/p><p>Disponible au poids.<\/p><p style=\"text-align: center;\"><em><strong>Ingr\u00e9dients<\/strong><\/em><\/p><p style=\"text-align: justify;\">Th\u00e9 noir de Ceylan*, th\u00e9 noir d&rsquo;Assam*.<\/p><p style=\"text-align: left;\">*Produits issus de l&rsquo;agriculture biologique.<\/p><p style=\"text-align: center; flex-grow: 1; margin-bottom: 20px;\"><img decoding=\"async\" class=\"aligncenter\" src=\"http:\/\/kusmitea.re\/wp-content\/uploads\/2021\/02\/T\u00b0.png\" alt=\"\" width=\"30\" height=\"30\" \/> <strong>90\u00b0C<\/strong><\/p><p style=\"text-align: center; flex-grow: 1; margin-bottom: 20px;\"><img decoding=\"async\" class=\"aligncenter\" src=\"http:\/\/kusmitea.re\/wp-content\/uploads\/2021\/02\/timer-300x300.png\" alt=\"\" width=\"30\" height=\"30\" \/> <strong>3-4 min<\/strong><\/p><p>\u00a0<\/p>\t\t\t\t\t\t\t\t<\/div>\n\t\t\t\t\t<\/div>\n\t\t\t\t<\/div>\n\t\t\t\t<\/div>\n\t\t","protected":false},"excerpt":{"rendered":"<p><span style=\"font-family: 'times new roman', times; font-size: 16px;\">Recharge de 100g (environ 50 tasses)<\/span><img decoding=\"async\" class=\"alignleft wp-image-3887\" src=\"https:\/\/kusmitea.re\/wp-content\/uploads\/2020\/05\/Bio.jpg\" alt=\"\" width=\"40\" height=\"40\" \/><\/p>\n","protected":false},"featured_media":6523,"comment_status":"open","ping_status":"closed","template":"","meta":[],"product_cat":[70],"product_tag":[68],"class_list":{"0":"post-6679","1":"product","2":"type-product","3":"status-publish","4":"has-post-thumbnail","6":"product_cat-vrac","7":"product_tag-the-noir","9":"first","10":"instock","11":"shipping-taxable","12":"purchasable","13":"product-type-simple"},"yoast_head":"<!-- This site is optimized with the Yoast SEO plugin v26.6 - https:\/\/yoast.com\/wordpress\/plugins\/seo\/ -->\n<title>English Breakfast Bio - Kusmi Tea R\u00e9union<\/title>\n<meta name=\"robots\" content=\"index, follow, max-snippet:-1, max-image-preview:large, max-video-preview:-1\" \/>\n<link rel=\"canonical\" href=\"https:\/\/kusmitea.re\/index.php\/product\/english-breakfast-bio-2\/\" \/>\n<meta property=\"og:locale\" content=\"fr_FR\" \/>\n<meta property=\"og:type\" content=\"article\" \/>\n<meta property=\"og:title\" content=\"English Breakfast Bio - Kusmi Tea R\u00e9union\" \/>\n<meta property=\"og:description\" content=\"Recharge de 100g (environ 50 tasses)\" \/>\n<meta property=\"og:url\" content=\"https:\/\/kusmitea.re\/index.php\/product\/english-breakfast-bio-2\/\" \/>\n<meta property=\"og:site_name\" content=\"Kusmi Tea R\u00e9union\" \/>\n<meta property=\"article:publisher\" content=\"https:\/\/www.facebook.com\/p\/Kusmi-Tea-Runion-61571670075100\/\" \/>\n<meta property=\"article:modified_time\" content=\"2025-09-22T05:48:27+00:00\" \/>\n<meta property=\"og:image\" content=\"https:\/\/kusmitea.re\/wp-content\/uploads\/2025\/08\/Vrac-28.png\" \/>\n\t<meta property=\"og:image:width\" content=\"400\" \/>\n\t<meta property=\"og:image:height\" content=\"400\" \/>\n\t<meta property=\"og:image:type\" content=\"image\/png\" \/>\n<meta name=\"twitter:card\" content=\"summary_large_image\" \/>\n<meta name=\"twitter:label1\" content=\"Dur\u00e9e de lecture estim\u00e9e\" \/>\n\t<meta name=\"twitter:data1\" content=\"2 minutes\" \/>\n<script type=\"application\/ld+json\" class=\"yoast-schema-graph\">{\"@context\":\"https:\/\/schema.org\",\"@graph\":[{\"@type\":\"WebPage\",\"@id\":\"https:\/\/kusmitea.re\/index.php\/product\/english-breakfast-bio-2\/\",\"url\":\"https:\/\/kusmitea.re\/index.php\/product\/english-breakfast-bio-2\/\",\"name\":\"English Breakfast Bio - Kusmi Tea R\u00e9union\",\"isPartOf\":{\"@id\":\"https:\/\/kusmitea.re\/#website\"},\"primaryImageOfPage\":{\"@id\":\"https:\/\/kusmitea.re\/index.php\/product\/english-breakfast-bio-2\/#primaryimage\"},\"image\":{\"@id\":\"https:\/\/kusmitea.re\/index.php\/product\/english-breakfast-bio-2\/#primaryimage\"},\"thumbnailUrl\":\"https:\/\/kusmitea.re\/wp-content\/uploads\/2025\/08\/Vrac-28.png\",\"datePublished\":\"2025-08-30T05:02:07+00:00\",\"dateModified\":\"2025-09-22T05:48:27+00:00\",\"breadcrumb\":{\"@id\":\"https:\/\/kusmitea.re\/index.php\/product\/english-breakfast-bio-2\/#breadcrumb\"},\"inLanguage\":\"fr-FR\",\"potentialAction\":[{\"@type\":\"ReadAction\",\"target\":[\"https:\/\/kusmitea.re\/index.php\/product\/english-breakfast-bio-2\/\"]}]},{\"@type\":\"ImageObject\",\"inLanguage\":\"fr-FR\",\"@id\":\"https:\/\/kusmitea.re\/index.php\/product\/english-breakfast-bio-2\/#primaryimage\",\"url\":\"https:\/\/kusmitea.re\/wp-content\/uploads\/2025\/08\/Vrac-28.png\",\"contentUrl\":\"https:\/\/kusmitea.re\/wp-content\/uploads\/2025\/08\/Vrac-28.png\",\"width\":400,\"height\":400},{\"@type\":\"BreadcrumbList\",\"@id\":\"https:\/\/kusmitea.re\/index.php\/product\/english-breakfast-bio-2\/#breadcrumb\",\"itemListElement\":[{\"@type\":\"ListItem\",\"position\":1,\"name\":\"Accueil\",\"item\":\"https:\/\/kusmitea.re\/\"},{\"@type\":\"ListItem\",\"position\":2,\"name\":\"Boutique\",\"item\":\"https:\/\/kusmitea.re\/index.php\/shop\/\"},{\"@type\":\"ListItem\",\"position\":3,\"name\":\"English Breakfast Bio\"}]},{\"@type\":\"WebSite\",\"@id\":\"https:\/\/kusmitea.re\/#website\",\"url\":\"https:\/\/kusmitea.re\/\",\"name\":\"Kusmi Tea R\u00e9union\",\"description\":\"\",\"publisher\":{\"@id\":\"https:\/\/kusmitea.re\/#organization\"},\"potentialAction\":[{\"@type\":\"SearchAction\",\"target\":{\"@type\":\"EntryPoint\",\"urlTemplate\":\"https:\/\/kusmitea.re\/?s={search_term_string}\"},\"query-input\":{\"@type\":\"PropertyValueSpecification\",\"valueRequired\":true,\"valueName\":\"search_term_string\"}}],\"inLanguage\":\"fr-FR\"},{\"@type\":\"Organization\",\"@id\":\"https:\/\/kusmitea.re\/#organization\",\"name\":\"Kusmi Tea R\u00e9union\",\"url\":\"https:\/\/kusmitea.re\/\",\"logo\":{\"@type\":\"ImageObject\",\"inLanguage\":\"fr-FR\",\"@id\":\"https:\/\/kusmitea.re\/#\/schema\/logo\/image\/\",\"url\":\"https:\/\/kusmitea.re\/wp-content\/uploads\/2023\/05\/cropped-logo.webp\",\"contentUrl\":\"https:\/\/kusmitea.re\/wp-content\/uploads\/2023\/05\/cropped-logo.webp\",\"width\":469,\"height\":141,\"caption\":\"Kusmi Tea R\u00e9union\"},\"image\":{\"@id\":\"https:\/\/kusmitea.re\/#\/schema\/logo\/image\/\"},\"sameAs\":[\"https:\/\/www.facebook.com\/p\/Kusmi-Tea-Runion-61571670075100\/\",\"https:\/\/www.instagram.com\/kusmiteare\/\"]}]}<\/script>\n<!-- \/ Yoast SEO plugin. -->","yoast_head_json":{"title":"English Breakfast Bio - Kusmi Tea R\u00e9union","robots":{"index":"index","follow":"follow","max-snippet":"max-snippet:-1","max-image-preview":"max-image-preview:large","max-video-preview":"max-video-preview:-1"},"canonical":"https:\/\/kusmitea.re\/index.php\/product\/english-breakfast-bio-2\/","og_locale":"fr_FR","og_type":"article","og_title":"English Breakfast Bio - Kusmi Tea R\u00e9union","og_description":"Recharge de 100g (environ 50 tasses)","og_url":"https:\/\/kusmitea.re\/index.php\/product\/english-breakfast-bio-2\/","og_site_name":"Kusmi Tea R\u00e9union","article_publisher":"https:\/\/www.facebook.com\/p\/Kusmi-Tea-Runion-61571670075100\/","article_modified_time":"2025-09-22T05:48:27+00:00","og_image":[{"width":400,"height":400,"url":"https:\/\/kusmitea.re\/wp-content\/uploads\/2025\/08\/Vrac-28.png","type":"image\/png"}],"twitter_card":"summary_large_image","twitter_misc":{"Dur\u00e9e de lecture estim\u00e9e":"2 minutes"},"schema":{"@context":"https:\/\/schema.org","@graph":[{"@type":"WebPage","@id":"https:\/\/kusmitea.re\/index.php\/product\/english-breakfast-bio-2\/","url":"https:\/\/kusmitea.re\/index.php\/product\/english-breakfast-bio-2\/","name":"English Breakfast Bio - Kusmi Tea R\u00e9union","isPartOf":{"@id":"https:\/\/kusmitea.re\/#website"},"primaryImageOfPage":{"@id":"https:\/\/kusmitea.re\/index.php\/product\/english-breakfast-bio-2\/#primaryimage"},"image":{"@id":"https:\/\/kusmitea.re\/index.php\/product\/english-breakfast-bio-2\/#primaryimage"},"thumbnailUrl":"https:\/\/kusmitea.re\/wp-content\/uploads\/2025\/08\/Vrac-28.png","datePublished":"2025-08-30T05:02:07+00:00","dateModified":"2025-09-22T05:48:27+00:00","breadcrumb":{"@id":"https:\/\/kusmitea.re\/index.php\/product\/english-breakfast-bio-2\/#breadcrumb"},"inLanguage":"fr-FR","potentialAction":[{"@type":"ReadAction","target":["https:\/\/kusmitea.re\/index.php\/product\/english-breakfast-bio-2\/"]}]},{"@type":"ImageObject","inLanguage":"fr-FR","@id":"https:\/\/kusmitea.re\/index.php\/product\/english-breakfast-bio-2\/#primaryimage","url":"https:\/\/kusmitea.re\/wp-content\/uploads\/2025\/08\/Vrac-28.png","contentUrl":"https:\/\/kusmitea.re\/wp-content\/uploads\/2025\/08\/Vrac-28.png","width":400,"height":400},{"@type":"BreadcrumbList","@id":"https:\/\/kusmitea.re\/index.php\/product\/english-breakfast-bio-2\/#breadcrumb","itemListElement":[{"@type":"ListItem","position":1,"name":"Accueil","item":"https:\/\/kusmitea.re\/"},{"@type":"ListItem","position":2,"name":"Boutique","item":"https:\/\/kusmitea.re\/index.php\/shop\/"},{"@type":"ListItem","position":3,"name":"English Breakfast Bio"}]},{"@type":"WebSite","@id":"https:\/\/kusmitea.re\/#website","url":"https:\/\/kusmitea.re\/","name":"Kusmi Tea R\u00e9union","description":"","publisher":{"@id":"https:\/\/kusmitea.re\/#organization"},"potentialAction":[{"@type":"SearchAction","target":{"@type":"EntryPoint","urlTemplate":"https:\/\/kusmitea.re\/?s={search_term_string}"},"query-input":{"@type":"PropertyValueSpecification","valueRequired":true,"valueName":"search_term_string"}}],"inLanguage":"fr-FR"},{"@type":"Organization","@id":"https:\/\/kusmitea.re\/#organization","name":"Kusmi Tea R\u00e9union","url":"https:\/\/kusmitea.re\/","logo":{"@type":"ImageObject","inLanguage":"fr-FR","@id":"https:\/\/kusmitea.re\/#\/schema\/logo\/image\/","url":"https:\/\/kusmitea.re\/wp-content\/uploads\/2023\/05\/cropped-logo.webp","contentUrl":"https:\/\/kusmitea.re\/wp-content\/uploads\/2023\/05\/cropped-logo.webp","width":469,"height":141,"caption":"Kusmi Tea R\u00e9union"},"image":{"@id":"https:\/\/kusmitea.re\/#\/schema\/logo\/image\/"},"sameAs":["https:\/\/www.facebook.com\/p\/Kusmi-Tea-Runion-61571670075100\/","https:\/\/www.instagram.com\/kusmiteare\/"]}]}},"jetpack_sharing_enabled":true,"_links":{"self":[{"href":"https:\/\/kusmitea.re\/index.php\/wp-json\/wp\/v2\/product\/6679","targetHints":{"allow":["GET"]}}],"collection":[{"href":"https:\/\/kusmitea.re\/index.php\/wp-json\/wp\/v2\/product"}],"about":[{"href":"https:\/\/kusmitea.re\/index.php\/wp-json\/wp\/v2\/types\/product"}],"replies":[{"embeddable":true,"href":"https:\/\/kusmitea.re\/index.php\/wp-json\/wp\/v2\/comments?post=6679"}],"version-history":[{"count":3,"href":"https:\/\/kusmitea.re\/index.php\/wp-json\/wp\/v2\/product\/6679\/revisions"}],"predecessor-version":[{"id":12320,"href":"https:\/\/kusmitea.re\/index.php\/wp-json\/wp\/v2\/product\/6679\/revisions\/12320"}],"wp:featuredmedia":[{"embeddable":true,"href":"https:\/\/kusmitea.re\/index.php\/wp-json\/wp\/v2\/media\/6523"}],"wp:attachment":[{"href":"https:\/\/kusmitea.re\/index.php\/wp-json\/wp\/v2\/media?parent=6679"}],"wp:term":[{"taxonomy":"product_cat","embeddable":true,"href":"https:\/\/kusmitea.re\/index.php\/wp-json\/wp\/v2\/product_cat?post=6679"},{"taxonomy":"product_tag","embeddable":true,"href":"https:\/\/kusmitea.re\/index.php\/wp-json\/wp\/v2\/product_tag?post=6679"}],"curies":[{"name":"wp","href":"https:\/\/api.w.org\/{rel}","templated":true}]}}