{"id":6655,"date":"2025-08-30T07:01:43","date_gmt":"2025-08-30T05:01:43","guid":{"rendered":"https:\/\/kusmitea.re\/?post_type=product&#038;p=6655"},"modified":"2026-04-22T04:41:26","modified_gmt":"2026-04-22T02:41:26","slug":"white-berries-bio","status":"publish","type":"product","link":"https:\/\/kusmitea.re\/index.php\/product\/white-berries-bio\/","title":{"rendered":"White Berries &#8211; Th\u00e9 blanc bio fruits des bois &#8211; Kusmi Tea R\u00e9union"},"content":{"rendered":"\t\t<div data-elementor-type=\"wp-post\" data-elementor-id=\"6655\" class=\"elementor elementor-6655\">\n\t\t\t\t<div class=\"elementor-element elementor-element-411d8826 e-flex e-con-boxed e-con e-parent\" data-id=\"411d8826\" data-element_type=\"container\">\n\t\t\t\t\t<div class=\"e-con-inner\">\n\t\t\t\t<div class=\"elementor-element elementor-element-4e79d19a elementor-widget elementor-widget-text-editor\" data-id=\"4e79d19a\" data-element_type=\"widget\" data-widget_type=\"text-editor.default\">\n\t\t\t\t\t\t\t\t\t<p style=\"text-align: justify;\">Offre vous une pause gourmande en compagnie de notre th\u00e9 blanc bio aux ar\u00f4mes naturels de fruits des bois.<\/p><p style=\"text-align: justify;\">Kusmi vous invite un tea time champ\u00eatre ! Le ma\u00eetre de c\u00e9r\u00e9monie ? Notre White Berries bio avec son irr\u00e9sistible m\u00e9lange de fruits des bois et de th\u00e9 blanc d\u00e9licat.<\/p><p style=\"text-align: justify;\">Vous ouvrez la bo\u00eete et un parfum enivrant de m\u00fbres, de cassis et de fraises vous parvient d\u00e9j\u00e0. Tandis que le th\u00e9 infuse, vous vous imaginez dans les cuisines d&rsquo;un grand p\u00e2tissier, de ceux qui adulent et subliment les fruits rouges acidul\u00e9s. Puis c&rsquo;est la premi\u00e8re gorg\u00e9e et vous percevez toute la profondeur du m\u00e9lange : une once de fra\u00eecheur, un brin d&rsquo;acidit\u00e9 et surtout une immense douceur, si caract\u00e9ristique de ces tr\u00e9sors des for\u00eats.<\/p><p style=\"text-align: justify;\">White Berries ou le th\u00e9 bio qui n&rsquo;en fini plus de ravir le palais des \u00e9picuriens avis\u00e9s r\u00e9unis pour ce go\u00fbter qu&rsquo;ils ne sont pas pr\u00eats d&rsquo;oublier !<\/p><p style=\"text-align: justify;\">Disponible au poids, en bo\u00eete de 90g et en 20 sachets mousseline.<\/p><p style=\"text-align: left;\">\u00a0<\/p>\t\t\t\t\t\t\t\t<\/div>\n\t\t\t\t\t<\/div>\n\t\t\t\t<\/div>\n\t\t<div class=\"elementor-element elementor-element-884f4b3 e-flex e-con-boxed e-con e-parent\" data-id=\"884f4b3\" data-element_type=\"container\">\n\t\t\t\t\t<div class=\"e-con-inner\">\n\t\t\t\t<div class=\"elementor-element elementor-element-013b684 elementor-widget elementor-widget-text-editor\" data-id=\"013b684\" data-element_type=\"widget\" data-widget_type=\"text-editor.default\">\n\t\t\t\t\t\t\t\t\t<p><strong>Ingr\u00e9dients<\/strong><\/p><p>Th\u00e9 blanc* (57%), th\u00e9 vert* (37%), ar\u00f4me naturel de fruits des bois (6%).<\/p><p>*Produits issus de l&rsquo;agriculture biologique.<\/p>\t\t\t\t\t\t\t\t<\/div>\n\t\t<div class=\"elementor-element elementor-element-c31155f e-con-full e-flex e-con e-child\" data-id=\"c31155f\" data-element_type=\"container\">\n\t\t<div class=\"elementor-element elementor-element-ad3f9d7 e-grid e-con-full e-con e-child\" data-id=\"ad3f9d7\" data-element_type=\"container\">\n\t\t\t\t<div class=\"elementor-element elementor-element-6a3ce02 elementor-widget elementor-widget-text-editor\" data-id=\"6a3ce02\" data-element_type=\"widget\" data-widget_type=\"text-editor.default\">\n\t\t\t\t\t\t\t\t\t<figure><img decoding=\"async\" class=\"aligncenter\" src=\"http:\/\/kusmitea.re\/wp-content\/uploads\/2021\/02\/Cassis.jpg\" alt=\"\" width=\"120\" height=\"120\" \/><\/figure><p>Cassis (ar\u00f4me naturel)<\/p>\t\t\t\t\t\t\t\t<\/div>\n\t\t\t\t<div class=\"elementor-element elementor-element-eaed18c elementor-widget elementor-widget-text-editor\" data-id=\"eaed18c\" data-element_type=\"widget\" data-widget_type=\"text-editor.default\">\n\t\t\t\t\t\t\t\t\t<figure><figure><img decoding=\"async\" class=\"aligncenter\" src=\"http:\/\/kusmitea.re\/wp-content\/uploads\/2021\/02\/The-blanc.jpg\" alt=\"\" width=\"120\" height=\"120\" \/><\/figure><p>Th\u00e9 blanc<\/p><\/figure>\t\t\t\t\t\t\t\t<\/div>\n\t\t\t\t<div class=\"elementor-element elementor-element-d9e0db6 elementor-widget elementor-widget-text-editor\" data-id=\"d9e0db6\" data-element_type=\"widget\" data-widget_type=\"text-editor.default\">\n\t\t\t\t\t\t\t\t\t<figure><figure><img decoding=\"async\" class=\"aligncenter\" src=\"http:\/\/kusmitea.re\/wp-content\/uploads\/2021\/02\/Saveur-fraise.jpg\" alt=\"\" width=\"120\" height=\"120\" \/><\/figure><p>Fraise (ar\u00f4me naturel)<\/p><\/figure>\t\t\t\t\t\t\t\t<\/div>\n\t\t\t\t<\/div>\n\t\t\t\t<\/div>\n\t\t\t\t\t<\/div>\n\t\t\t\t<\/div>\n\t\t<div class=\"elementor-element elementor-element-0c02e2d e-flex e-con-boxed e-con e-parent\" data-id=\"0c02e2d\" data-element_type=\"container\">\n\t\t\t\t\t<div class=\"e-con-inner\">\n\t\t\t\t<div class=\"elementor-element elementor-element-f6b52ed elementor-widget elementor-widget-text-editor\" data-id=\"f6b52ed\" data-element_type=\"widget\" data-widget_type=\"text-editor.default\">\n\t\t\t\t\t\t\t\t\t<p><em><strong>Conseils de pr\u00e9paration<\/strong><\/em><\/p>\t\t\t\t\t\t\t\t<\/div>\n\t\t<div class=\"elementor-element elementor-element-88a4427 e-con-full e-flex e-con e-child\" data-id=\"88a4427\" data-element_type=\"container\">\n\t\t<div class=\"elementor-element elementor-element-5767ada e-grid e-con-full e-con e-child\" data-id=\"5767ada\" data-element_type=\"container\">\n\t\t\t\t<div class=\"elementor-element elementor-element-46c36f3 elementor-widget elementor-widget-text-editor\" data-id=\"46c36f3\" data-element_type=\"widget\" data-widget_type=\"text-editor.default\">\n\t\t\t\t\t\t\t\t\t<figure><p style=\"text-align: center; flex-grow: 1; margin-bottom: 20px;\"><img loading=\"lazy\" decoding=\"async\" class=\"aligncenter\" src=\"http:\/\/kusmitea.re\/wp-content\/uploads\/2021\/02\/T\u00b0.png\" alt=\"\" width=\"30\" height=\"30\" \/> <strong>80\u00b0C<\/strong><\/p><p style=\"text-align: center; flex-grow: 1; margin-bottom: 20px;\">\u00a0<\/p><\/figure>\t\t\t\t\t\t\t\t<\/div>\n\t\t\t\t<div class=\"elementor-element elementor-element-3468524 elementor-widget elementor-widget-text-editor\" data-id=\"3468524\" data-element_type=\"widget\" data-widget_type=\"text-editor.default\">\n\t\t\t\t\t\t\t\t\t<figure><figure><img loading=\"lazy\" decoding=\"async\" class=\"aligncenter\" src=\"http:\/\/kusmitea.re\/wp-content\/uploads\/2021\/02\/timer-300x300.png\" alt=\"\" width=\"30\" height=\"30\" \/> <strong>3 min<\/strong><\/figure><\/figure>\t\t\t\t\t\t\t\t<\/div>\n\t\t\t\t<\/div>\n\t\t\t\t<\/div>\n\t\t\t\t\t<\/div>\n\t\t\t\t<\/div>\n\t\t\t\t<\/div>\n\t\t","protected":false},"excerpt":{"rendered":"<p><img loading=\"lazy\" decoding=\"async\" class=\"alignleft wp-image-3887\" src=\"https:\/\/kusmitea.re\/wp-content\/uploads\/2020\/05\/Bio.jpg\" alt=\"\" width=\"40\" height=\"40\" \/><\/p>\n","protected":false},"featured_media":6700,"comment_status":"open","ping_status":"closed","template":"","meta":[],"product_cat":[60,72],"product_tag":[330,73],"class_list":{"0":"post-6655","1":"product","2":"type-product","3":"status-publish","4":"has-post-thumbnail","6":"product_cat-promotions","7":"product_cat-thes-blancs","8":"product_tag-classique","9":"product_tag-the-blanc","11":"first","12":"instock","13":"shipping-taxable","14":"purchasable","15":"product-type-variable","16":"has-default-attributes"},"yoast_head":"<!-- This site is optimized with the Yoast SEO plugin v26.6 - https:\/\/yoast.com\/wordpress\/plugins\/seo\/ -->\n<title>White Berries - Th\u00e9 blanc bio fruits des bois - Kusmi Tea R\u00e9union - Kusmi Tea R\u00e9union<\/title>\n<meta name=\"description\" content=\"White Berries bio Kusmi Tea : go\u00fbtez ce th\u00e9 blanc d\u00e9licat aux fruits des bois (m\u00fbre, cassis et fraise). Disponible en bo\u00eete, sachet et vrac\" \/>\n<meta name=\"robots\" content=\"index, follow, max-snippet:-1, max-image-preview:large, max-video-preview:-1\" \/>\n<link rel=\"canonical\" href=\"https:\/\/kusmitea.re\/index.php\/product\/white-berries-bio\/\" \/>\n<meta property=\"og:locale\" content=\"fr_FR\" \/>\n<meta property=\"og:type\" content=\"article\" \/>\n<meta property=\"og:title\" content=\"White Berries - Th\u00e9 blanc bio fruits des bois - Kusmi Tea R\u00e9union - Kusmi Tea R\u00e9union\" \/>\n<meta property=\"og:description\" content=\"White Berries bio Kusmi Tea : go\u00fbtez ce th\u00e9 blanc d\u00e9licat aux fruits des bois (m\u00fbre, cassis et fraise). Disponible en bo\u00eete, sachet et vrac\" \/>\n<meta property=\"og:url\" content=\"https:\/\/kusmitea.re\/index.php\/product\/white-berries-bio\/\" \/>\n<meta property=\"og:site_name\" content=\"Kusmi Tea R\u00e9union\" \/>\n<meta property=\"article:publisher\" content=\"https:\/\/www.facebook.com\/p\/Kusmi-Tea-Runion-61571670075100\/\" \/>\n<meta property=\"article:modified_time\" content=\"2026-04-22T02:41:26+00:00\" \/>\n<meta property=\"og:image\" content=\"https:\/\/kusmitea.re\/wp-content\/uploads\/2025\/08\/BBER100BIO_FR-scaled.png\" \/>\n\t<meta property=\"og:image:width\" content=\"2560\" \/>\n\t<meta property=\"og:image:height\" content=\"2113\" \/>\n\t<meta property=\"og:image:type\" content=\"image\/png\" \/>\n<meta name=\"twitter:card\" content=\"summary_large_image\" \/>\n<meta name=\"twitter:label1\" content=\"Dur\u00e9e de lecture estim\u00e9e\" \/>\n\t<meta name=\"twitter:data1\" content=\"4 minutes\" \/>\n<script type=\"application\/ld+json\" class=\"yoast-schema-graph\">{\"@context\":\"https:\/\/schema.org\",\"@graph\":[{\"@type\":\"WebPage\",\"@id\":\"https:\/\/kusmitea.re\/index.php\/product\/white-berries-bio\/\",\"url\":\"https:\/\/kusmitea.re\/index.php\/product\/white-berries-bio\/\",\"name\":\"White Berries - Th\u00e9 blanc bio fruits des bois - Kusmi Tea R\u00e9union - Kusmi Tea R\u00e9union\",\"isPartOf\":{\"@id\":\"https:\/\/kusmitea.re\/#website\"},\"primaryImageOfPage\":{\"@id\":\"https:\/\/kusmitea.re\/index.php\/product\/white-berries-bio\/#primaryimage\"},\"image\":{\"@id\":\"https:\/\/kusmitea.re\/index.php\/product\/white-berries-bio\/#primaryimage\"},\"thumbnailUrl\":\"https:\/\/kusmitea.re\/wp-content\/uploads\/2025\/08\/BBER100BIO_FR-scaled.png\",\"datePublished\":\"2025-08-30T05:01:43+00:00\",\"dateModified\":\"2026-04-22T02:41:26+00:00\",\"description\":\"White Berries bio Kusmi Tea : go\u00fbtez ce th\u00e9 blanc d\u00e9licat aux fruits des bois (m\u00fbre, cassis et fraise). Disponible en bo\u00eete, sachet et vrac\",\"breadcrumb\":{\"@id\":\"https:\/\/kusmitea.re\/index.php\/product\/white-berries-bio\/#breadcrumb\"},\"inLanguage\":\"fr-FR\",\"potentialAction\":[{\"@type\":\"ReadAction\",\"target\":[\"https:\/\/kusmitea.re\/index.php\/product\/white-berries-bio\/\"]}]},{\"@type\":\"ImageObject\",\"inLanguage\":\"fr-FR\",\"@id\":\"https:\/\/kusmitea.re\/index.php\/product\/white-berries-bio\/#primaryimage\",\"url\":\"https:\/\/kusmitea.re\/wp-content\/uploads\/2025\/08\/BBER100BIO_FR-scaled.png\",\"contentUrl\":\"https:\/\/kusmitea.re\/wp-content\/uploads\/2025\/08\/BBER100BIO_FR-scaled.png\",\"width\":2560,\"height\":2113},{\"@type\":\"BreadcrumbList\",\"@id\":\"https:\/\/kusmitea.re\/index.php\/product\/white-berries-bio\/#breadcrumb\",\"itemListElement\":[{\"@type\":\"ListItem\",\"position\":1,\"name\":\"Accueil\",\"item\":\"https:\/\/kusmitea.re\/\"},{\"@type\":\"ListItem\",\"position\":2,\"name\":\"Boutique\",\"item\":\"https:\/\/kusmitea.re\/index.php\/shop\/\"},{\"@type\":\"ListItem\",\"position\":3,\"name\":\"White Berries &#8211; Th\u00e9 blanc bio fruits des bois &#8211; Kusmi Tea R\u00e9union\"}]},{\"@type\":\"WebSite\",\"@id\":\"https:\/\/kusmitea.re\/#website\",\"url\":\"https:\/\/kusmitea.re\/\",\"name\":\"Kusmi Tea R\u00e9union\",\"description\":\"\",\"publisher\":{\"@id\":\"https:\/\/kusmitea.re\/#organization\"},\"potentialAction\":[{\"@type\":\"SearchAction\",\"target\":{\"@type\":\"EntryPoint\",\"urlTemplate\":\"https:\/\/kusmitea.re\/?s={search_term_string}\"},\"query-input\":{\"@type\":\"PropertyValueSpecification\",\"valueRequired\":true,\"valueName\":\"search_term_string\"}}],\"inLanguage\":\"fr-FR\"},{\"@type\":\"Organization\",\"@id\":\"https:\/\/kusmitea.re\/#organization\",\"name\":\"Kusmi Tea R\u00e9union\",\"url\":\"https:\/\/kusmitea.re\/\",\"logo\":{\"@type\":\"ImageObject\",\"inLanguage\":\"fr-FR\",\"@id\":\"https:\/\/kusmitea.re\/#\/schema\/logo\/image\/\",\"url\":\"https:\/\/kusmitea.re\/wp-content\/uploads\/2023\/05\/cropped-logo.webp\",\"contentUrl\":\"https:\/\/kusmitea.re\/wp-content\/uploads\/2023\/05\/cropped-logo.webp\",\"width\":469,\"height\":141,\"caption\":\"Kusmi Tea R\u00e9union\"},\"image\":{\"@id\":\"https:\/\/kusmitea.re\/#\/schema\/logo\/image\/\"},\"sameAs\":[\"https:\/\/www.facebook.com\/p\/Kusmi-Tea-Runion-61571670075100\/\",\"https:\/\/www.instagram.com\/kusmiteare\/\"]}]}<\/script>\n<!-- \/ Yoast SEO plugin. -->","yoast_head_json":{"title":"White Berries - Th\u00e9 blanc bio fruits des bois - Kusmi Tea R\u00e9union - Kusmi Tea R\u00e9union","description":"White Berries bio Kusmi Tea : go\u00fbtez ce th\u00e9 blanc d\u00e9licat aux fruits des bois (m\u00fbre, cassis et fraise). Disponible en bo\u00eete, sachet et vrac","robots":{"index":"index","follow":"follow","max-snippet":"max-snippet:-1","max-image-preview":"max-image-preview:large","max-video-preview":"max-video-preview:-1"},"canonical":"https:\/\/kusmitea.re\/index.php\/product\/white-berries-bio\/","og_locale":"fr_FR","og_type":"article","og_title":"White Berries - Th\u00e9 blanc bio fruits des bois - Kusmi Tea R\u00e9union - Kusmi Tea R\u00e9union","og_description":"White Berries bio Kusmi Tea : go\u00fbtez ce th\u00e9 blanc d\u00e9licat aux fruits des bois (m\u00fbre, cassis et fraise). Disponible en bo\u00eete, sachet et vrac","og_url":"https:\/\/kusmitea.re\/index.php\/product\/white-berries-bio\/","og_site_name":"Kusmi Tea R\u00e9union","article_publisher":"https:\/\/www.facebook.com\/p\/Kusmi-Tea-Runion-61571670075100\/","article_modified_time":"2026-04-22T02:41:26+00:00","og_image":[{"width":2560,"height":2113,"url":"https:\/\/kusmitea.re\/wp-content\/uploads\/2025\/08\/BBER100BIO_FR-scaled.png","type":"image\/png"}],"twitter_card":"summary_large_image","twitter_misc":{"Dur\u00e9e de lecture estim\u00e9e":"4 minutes"},"schema":{"@context":"https:\/\/schema.org","@graph":[{"@type":"WebPage","@id":"https:\/\/kusmitea.re\/index.php\/product\/white-berries-bio\/","url":"https:\/\/kusmitea.re\/index.php\/product\/white-berries-bio\/","name":"White Berries - Th\u00e9 blanc bio fruits des bois - Kusmi Tea R\u00e9union - Kusmi Tea R\u00e9union","isPartOf":{"@id":"https:\/\/kusmitea.re\/#website"},"primaryImageOfPage":{"@id":"https:\/\/kusmitea.re\/index.php\/product\/white-berries-bio\/#primaryimage"},"image":{"@id":"https:\/\/kusmitea.re\/index.php\/product\/white-berries-bio\/#primaryimage"},"thumbnailUrl":"https:\/\/kusmitea.re\/wp-content\/uploads\/2025\/08\/BBER100BIO_FR-scaled.png","datePublished":"2025-08-30T05:01:43+00:00","dateModified":"2026-04-22T02:41:26+00:00","description":"White Berries bio Kusmi Tea : go\u00fbtez ce th\u00e9 blanc d\u00e9licat aux fruits des bois (m\u00fbre, cassis et fraise). Disponible en bo\u00eete, sachet et vrac","breadcrumb":{"@id":"https:\/\/kusmitea.re\/index.php\/product\/white-berries-bio\/#breadcrumb"},"inLanguage":"fr-FR","potentialAction":[{"@type":"ReadAction","target":["https:\/\/kusmitea.re\/index.php\/product\/white-berries-bio\/"]}]},{"@type":"ImageObject","inLanguage":"fr-FR","@id":"https:\/\/kusmitea.re\/index.php\/product\/white-berries-bio\/#primaryimage","url":"https:\/\/kusmitea.re\/wp-content\/uploads\/2025\/08\/BBER100BIO_FR-scaled.png","contentUrl":"https:\/\/kusmitea.re\/wp-content\/uploads\/2025\/08\/BBER100BIO_FR-scaled.png","width":2560,"height":2113},{"@type":"BreadcrumbList","@id":"https:\/\/kusmitea.re\/index.php\/product\/white-berries-bio\/#breadcrumb","itemListElement":[{"@type":"ListItem","position":1,"name":"Accueil","item":"https:\/\/kusmitea.re\/"},{"@type":"ListItem","position":2,"name":"Boutique","item":"https:\/\/kusmitea.re\/index.php\/shop\/"},{"@type":"ListItem","position":3,"name":"White Berries &#8211; Th\u00e9 blanc bio fruits des bois &#8211; Kusmi Tea R\u00e9union"}]},{"@type":"WebSite","@id":"https:\/\/kusmitea.re\/#website","url":"https:\/\/kusmitea.re\/","name":"Kusmi Tea R\u00e9union","description":"","publisher":{"@id":"https:\/\/kusmitea.re\/#organization"},"potentialAction":[{"@type":"SearchAction","target":{"@type":"EntryPoint","urlTemplate":"https:\/\/kusmitea.re\/?s={search_term_string}"},"query-input":{"@type":"PropertyValueSpecification","valueRequired":true,"valueName":"search_term_string"}}],"inLanguage":"fr-FR"},{"@type":"Organization","@id":"https:\/\/kusmitea.re\/#organization","name":"Kusmi Tea R\u00e9union","url":"https:\/\/kusmitea.re\/","logo":{"@type":"ImageObject","inLanguage":"fr-FR","@id":"https:\/\/kusmitea.re\/#\/schema\/logo\/image\/","url":"https:\/\/kusmitea.re\/wp-content\/uploads\/2023\/05\/cropped-logo.webp","contentUrl":"https:\/\/kusmitea.re\/wp-content\/uploads\/2023\/05\/cropped-logo.webp","width":469,"height":141,"caption":"Kusmi Tea R\u00e9union"},"image":{"@id":"https:\/\/kusmitea.re\/#\/schema\/logo\/image\/"},"sameAs":["https:\/\/www.facebook.com\/p\/Kusmi-Tea-Runion-61571670075100\/","https:\/\/www.instagram.com\/kusmiteare\/"]}]}},"jetpack_sharing_enabled":true,"_links":{"self":[{"href":"https:\/\/kusmitea.re\/index.php\/wp-json\/wp\/v2\/product\/6655","targetHints":{"allow":["GET"]}}],"collection":[{"href":"https:\/\/kusmitea.re\/index.php\/wp-json\/wp\/v2\/product"}],"about":[{"href":"https:\/\/kusmitea.re\/index.php\/wp-json\/wp\/v2\/types\/product"}],"replies":[{"embeddable":true,"href":"https:\/\/kusmitea.re\/index.php\/wp-json\/wp\/v2\/comments?post=6655"}],"version-history":[{"count":7,"href":"https:\/\/kusmitea.re\/index.php\/wp-json\/wp\/v2\/product\/6655\/revisions"}],"predecessor-version":[{"id":13029,"href":"https:\/\/kusmitea.re\/index.php\/wp-json\/wp\/v2\/product\/6655\/revisions\/13029"}],"wp:featuredmedia":[{"embeddable":true,"href":"https:\/\/kusmitea.re\/index.php\/wp-json\/wp\/v2\/media\/6700"}],"wp:attachment":[{"href":"https:\/\/kusmitea.re\/index.php\/wp-json\/wp\/v2\/media?parent=6655"}],"wp:term":[{"taxonomy":"product_cat","embeddable":true,"href":"https:\/\/kusmitea.re\/index.php\/wp-json\/wp\/v2\/product_cat?post=6655"},{"taxonomy":"product_tag","embeddable":true,"href":"https:\/\/kusmitea.re\/index.php\/wp-json\/wp\/v2\/product_tag?post=6655"}],"curies":[{"name":"wp","href":"https:\/\/api.w.org\/{rel}","templated":true}]}}