{"id":6372,"date":"2025-08-30T06:46:10","date_gmt":"2025-08-30T04:46:10","guid":{"rendered":"https:\/\/kusmitea.re\/?post_type=product&#038;p=6372"},"modified":"2025-12-30T06:08:55","modified_gmt":"2025-12-30T05:08:55","slug":"theiere-en-porcelaine-11l-t-totem","status":"publish","type":"product","link":"https:\/\/kusmitea.re\/index.php\/product\/theiere-en-porcelaine-11l-t-totem\/","title":{"rendered":"Th\u00e9i\u00e8re en porcelaine 1,1L T.TOTEM"},"content":{"rendered":"\t\t<div data-elementor-type=\"wp-post\" data-elementor-id=\"6372\" class=\"elementor elementor-6372\">\n\t\t\t\t<div class=\"elementor-element elementor-element-2c19636c e-flex e-con-boxed e-con e-parent\" data-id=\"2c19636c\" data-element_type=\"container\">\n\t\t\t\t\t<div class=\"e-con-inner\">\n\t\t\t\t<div class=\"elementor-element elementor-element-47f514d4 elementor-widget elementor-widget-text-editor\" data-id=\"47f514d4\" data-element_type=\"widget\" data-widget_type=\"text-editor.default\">\n\t\t\t\t\t\t\t\t\t<p style=\"text-align: justify;\">T.TOTEM pr\u00e9sente sa th\u00e9i\u00e8re en porcelaine, un accessoire incontournable pour une d\u00e9gustation optimale.<\/p><p style=\"text-align: justify;\">Avec le filtre en acier inoxydable de la th\u00e9i\u00e8re T.TOTEM, infusez facilement votre th\u00e9. Il sera maintenu bien au chaud gr\u00e2ce au couvercle int\u00e9gr\u00e9. Avec son design sobre et \u00e9pur\u00e9, apportez une touche de modernit\u00e9 \u00e0 vos d\u00e9gustations avec cette th\u00e9i\u00e8re de 1,10L.<\/p>\t\t\t\t\t\t\t\t<\/div>\n\t\t\t\t\t<\/div>\n\t\t\t\t<\/div>\n\t\t\t\t<\/div>\n\t\t","protected":false},"excerpt":{"rendered":"<p>T.TOTEM pr\u00e9sente sa th\u00e9i\u00e8re en porcelaine, un accessoire incontournable pour une d\u00e9gustation optimale. Avec le filtre en acier inoxydable de la th\u00e9i\u00e8re T.TOTEM, infusez facilement votre th\u00e9. Il sera maintenu bien au chaud gr\u00e2ce au couvercle int\u00e9gr\u00e9. Avec son design sobre et \u00e9pur\u00e9, apportez une touche de modernit\u00e9 \u00e0 vos d\u00e9gustations avec cette th\u00e9i\u00e8re de [&hellip;]<\/p>\n","protected":false},"featured_media":6420,"comment_status":"open","ping_status":"closed","template":"","meta":[],"product_cat":[350],"product_tag":[],"class_list":{"0":"post-6372","1":"product","2":"type-product","3":"status-publish","4":"has-post-thumbnail","6":"product_cat-accessoires","8":"first","9":"instock","10":"shipping-taxable","11":"purchasable","12":"product-type-variable","13":"has-default-attributes"},"yoast_head":"<!-- This site is optimized with the Yoast SEO plugin v26.6 - https:\/\/yoast.com\/wordpress\/plugins\/seo\/ -->\n<title>Th\u00e9i\u00e8re en porcelaine 1,1L T.TOTEM - Kusmi Tea R\u00e9union<\/title>\n<meta name=\"robots\" content=\"index, follow, max-snippet:-1, max-image-preview:large, max-video-preview:-1\" \/>\n<link rel=\"canonical\" href=\"https:\/\/kusmitea.re\/index.php\/product\/theiere-en-porcelaine-11l-t-totem\/\" \/>\n<meta property=\"og:locale\" content=\"fr_FR\" \/>\n<meta property=\"og:type\" content=\"article\" \/>\n<meta property=\"og:title\" content=\"Th\u00e9i\u00e8re en porcelaine 1,1L T.TOTEM - Kusmi Tea R\u00e9union\" \/>\n<meta property=\"og:description\" content=\"T.TOTEM pr\u00e9sente sa th\u00e9i\u00e8re en porcelaine, un accessoire incontournable pour une d\u00e9gustation optimale. Avec le filtre en acier inoxydable de la th\u00e9i\u00e8re T.TOTEM, infusez facilement votre th\u00e9. Il sera maintenu bien au chaud gr\u00e2ce au couvercle int\u00e9gr\u00e9. Avec son design sobre et \u00e9pur\u00e9, apportez une touche de modernit\u00e9 \u00e0 vos d\u00e9gustations avec cette th\u00e9i\u00e8re de [&hellip;]\" \/>\n<meta property=\"og:url\" content=\"https:\/\/kusmitea.re\/index.php\/product\/theiere-en-porcelaine-11l-t-totem\/\" \/>\n<meta property=\"og:site_name\" content=\"Kusmi Tea R\u00e9union\" \/>\n<meta property=\"article:publisher\" content=\"https:\/\/www.facebook.com\/p\/Kusmi-Tea-Runion-61571670075100\/\" \/>\n<meta property=\"article:modified_time\" content=\"2025-12-30T05:08:55+00:00\" \/>\n<meta property=\"og:image\" content=\"https:\/\/kusmitea.re\/wp-content\/uploads\/2025\/08\/Theiere-en-porcelaine-11L-TOTEM-noire-scaled-1.jpg\" \/>\n\t<meta property=\"og:image:width\" content=\"1458\" \/>\n\t<meta property=\"og:image:height\" content=\"1080\" \/>\n\t<meta property=\"og:image:type\" content=\"image\/jpeg\" \/>\n<meta name=\"twitter:card\" content=\"summary_large_image\" \/>\n<meta name=\"twitter:label1\" content=\"Dur\u00e9e de lecture estim\u00e9e\" \/>\n\t<meta name=\"twitter:data1\" content=\"2 minutes\" \/>\n<script type=\"application\/ld+json\" class=\"yoast-schema-graph\">{\"@context\":\"https:\/\/schema.org\",\"@graph\":[{\"@type\":\"WebPage\",\"@id\":\"https:\/\/kusmitea.re\/index.php\/product\/theiere-en-porcelaine-11l-t-totem\/\",\"url\":\"https:\/\/kusmitea.re\/index.php\/product\/theiere-en-porcelaine-11l-t-totem\/\",\"name\":\"Th\u00e9i\u00e8re en porcelaine 1,1L T.TOTEM - Kusmi Tea R\u00e9union\",\"isPartOf\":{\"@id\":\"https:\/\/kusmitea.re\/#website\"},\"primaryImageOfPage\":{\"@id\":\"https:\/\/kusmitea.re\/index.php\/product\/theiere-en-porcelaine-11l-t-totem\/#primaryimage\"},\"image\":{\"@id\":\"https:\/\/kusmitea.re\/index.php\/product\/theiere-en-porcelaine-11l-t-totem\/#primaryimage\"},\"thumbnailUrl\":\"https:\/\/kusmitea.re\/wp-content\/uploads\/2025\/08\/Theiere-en-porcelaine-11L-TOTEM-noire-scaled-1.jpg\",\"datePublished\":\"2025-08-30T04:46:10+00:00\",\"dateModified\":\"2025-12-30T05:08:55+00:00\",\"breadcrumb\":{\"@id\":\"https:\/\/kusmitea.re\/index.php\/product\/theiere-en-porcelaine-11l-t-totem\/#breadcrumb\"},\"inLanguage\":\"fr-FR\",\"potentialAction\":[{\"@type\":\"ReadAction\",\"target\":[\"https:\/\/kusmitea.re\/index.php\/product\/theiere-en-porcelaine-11l-t-totem\/\"]}]},{\"@type\":\"ImageObject\",\"inLanguage\":\"fr-FR\",\"@id\":\"https:\/\/kusmitea.re\/index.php\/product\/theiere-en-porcelaine-11l-t-totem\/#primaryimage\",\"url\":\"https:\/\/kusmitea.re\/wp-content\/uploads\/2025\/08\/Theiere-en-porcelaine-11L-TOTEM-noire-scaled-1.jpg\",\"contentUrl\":\"https:\/\/kusmitea.re\/wp-content\/uploads\/2025\/08\/Theiere-en-porcelaine-11L-TOTEM-noire-scaled-1.jpg\",\"width\":1458,\"height\":1080},{\"@type\":\"BreadcrumbList\",\"@id\":\"https:\/\/kusmitea.re\/index.php\/product\/theiere-en-porcelaine-11l-t-totem\/#breadcrumb\",\"itemListElement\":[{\"@type\":\"ListItem\",\"position\":1,\"name\":\"Accueil\",\"item\":\"https:\/\/kusmitea.re\/\"},{\"@type\":\"ListItem\",\"position\":2,\"name\":\"Boutique\",\"item\":\"https:\/\/kusmitea.re\/index.php\/shop\/\"},{\"@type\":\"ListItem\",\"position\":3,\"name\":\"Th\u00e9i\u00e8re en porcelaine 1,1L T.TOTEM\"}]},{\"@type\":\"WebSite\",\"@id\":\"https:\/\/kusmitea.re\/#website\",\"url\":\"https:\/\/kusmitea.re\/\",\"name\":\"Kusmi Tea R\u00e9union\",\"description\":\"\",\"publisher\":{\"@id\":\"https:\/\/kusmitea.re\/#organization\"},\"potentialAction\":[{\"@type\":\"SearchAction\",\"target\":{\"@type\":\"EntryPoint\",\"urlTemplate\":\"https:\/\/kusmitea.re\/?s={search_term_string}\"},\"query-input\":{\"@type\":\"PropertyValueSpecification\",\"valueRequired\":true,\"valueName\":\"search_term_string\"}}],\"inLanguage\":\"fr-FR\"},{\"@type\":\"Organization\",\"@id\":\"https:\/\/kusmitea.re\/#organization\",\"name\":\"Kusmi Tea R\u00e9union\",\"url\":\"https:\/\/kusmitea.re\/\",\"logo\":{\"@type\":\"ImageObject\",\"inLanguage\":\"fr-FR\",\"@id\":\"https:\/\/kusmitea.re\/#\/schema\/logo\/image\/\",\"url\":\"https:\/\/kusmitea.re\/wp-content\/uploads\/2023\/05\/cropped-logo.webp\",\"contentUrl\":\"https:\/\/kusmitea.re\/wp-content\/uploads\/2023\/05\/cropped-logo.webp\",\"width\":469,\"height\":141,\"caption\":\"Kusmi Tea R\u00e9union\"},\"image\":{\"@id\":\"https:\/\/kusmitea.re\/#\/schema\/logo\/image\/\"},\"sameAs\":[\"https:\/\/www.facebook.com\/p\/Kusmi-Tea-Runion-61571670075100\/\",\"https:\/\/www.instagram.com\/kusmiteare\/\"]}]}<\/script>\n<!-- \/ Yoast SEO plugin. -->","yoast_head_json":{"title":"Th\u00e9i\u00e8re en porcelaine 1,1L T.TOTEM - Kusmi Tea R\u00e9union","robots":{"index":"index","follow":"follow","max-snippet":"max-snippet:-1","max-image-preview":"max-image-preview:large","max-video-preview":"max-video-preview:-1"},"canonical":"https:\/\/kusmitea.re\/index.php\/product\/theiere-en-porcelaine-11l-t-totem\/","og_locale":"fr_FR","og_type":"article","og_title":"Th\u00e9i\u00e8re en porcelaine 1,1L T.TOTEM - Kusmi Tea R\u00e9union","og_description":"T.TOTEM pr\u00e9sente sa th\u00e9i\u00e8re en porcelaine, un accessoire incontournable pour une d\u00e9gustation optimale. Avec le filtre en acier inoxydable de la th\u00e9i\u00e8re T.TOTEM, infusez facilement votre th\u00e9. Il sera maintenu bien au chaud gr\u00e2ce au couvercle int\u00e9gr\u00e9. Avec son design sobre et \u00e9pur\u00e9, apportez une touche de modernit\u00e9 \u00e0 vos d\u00e9gustations avec cette th\u00e9i\u00e8re de [&hellip;]","og_url":"https:\/\/kusmitea.re\/index.php\/product\/theiere-en-porcelaine-11l-t-totem\/","og_site_name":"Kusmi Tea R\u00e9union","article_publisher":"https:\/\/www.facebook.com\/p\/Kusmi-Tea-Runion-61571670075100\/","article_modified_time":"2025-12-30T05:08:55+00:00","og_image":[{"width":1458,"height":1080,"url":"https:\/\/kusmitea.re\/wp-content\/uploads\/2025\/08\/Theiere-en-porcelaine-11L-TOTEM-noire-scaled-1.jpg","type":"image\/jpeg"}],"twitter_card":"summary_large_image","twitter_misc":{"Dur\u00e9e de lecture estim\u00e9e":"2 minutes"},"schema":{"@context":"https:\/\/schema.org","@graph":[{"@type":"WebPage","@id":"https:\/\/kusmitea.re\/index.php\/product\/theiere-en-porcelaine-11l-t-totem\/","url":"https:\/\/kusmitea.re\/index.php\/product\/theiere-en-porcelaine-11l-t-totem\/","name":"Th\u00e9i\u00e8re en porcelaine 1,1L T.TOTEM - Kusmi Tea R\u00e9union","isPartOf":{"@id":"https:\/\/kusmitea.re\/#website"},"primaryImageOfPage":{"@id":"https:\/\/kusmitea.re\/index.php\/product\/theiere-en-porcelaine-11l-t-totem\/#primaryimage"},"image":{"@id":"https:\/\/kusmitea.re\/index.php\/product\/theiere-en-porcelaine-11l-t-totem\/#primaryimage"},"thumbnailUrl":"https:\/\/kusmitea.re\/wp-content\/uploads\/2025\/08\/Theiere-en-porcelaine-11L-TOTEM-noire-scaled-1.jpg","datePublished":"2025-08-30T04:46:10+00:00","dateModified":"2025-12-30T05:08:55+00:00","breadcrumb":{"@id":"https:\/\/kusmitea.re\/index.php\/product\/theiere-en-porcelaine-11l-t-totem\/#breadcrumb"},"inLanguage":"fr-FR","potentialAction":[{"@type":"ReadAction","target":["https:\/\/kusmitea.re\/index.php\/product\/theiere-en-porcelaine-11l-t-totem\/"]}]},{"@type":"ImageObject","inLanguage":"fr-FR","@id":"https:\/\/kusmitea.re\/index.php\/product\/theiere-en-porcelaine-11l-t-totem\/#primaryimage","url":"https:\/\/kusmitea.re\/wp-content\/uploads\/2025\/08\/Theiere-en-porcelaine-11L-TOTEM-noire-scaled-1.jpg","contentUrl":"https:\/\/kusmitea.re\/wp-content\/uploads\/2025\/08\/Theiere-en-porcelaine-11L-TOTEM-noire-scaled-1.jpg","width":1458,"height":1080},{"@type":"BreadcrumbList","@id":"https:\/\/kusmitea.re\/index.php\/product\/theiere-en-porcelaine-11l-t-totem\/#breadcrumb","itemListElement":[{"@type":"ListItem","position":1,"name":"Accueil","item":"https:\/\/kusmitea.re\/"},{"@type":"ListItem","position":2,"name":"Boutique","item":"https:\/\/kusmitea.re\/index.php\/shop\/"},{"@type":"ListItem","position":3,"name":"Th\u00e9i\u00e8re en porcelaine 1,1L T.TOTEM"}]},{"@type":"WebSite","@id":"https:\/\/kusmitea.re\/#website","url":"https:\/\/kusmitea.re\/","name":"Kusmi Tea R\u00e9union","description":"","publisher":{"@id":"https:\/\/kusmitea.re\/#organization"},"potentialAction":[{"@type":"SearchAction","target":{"@type":"EntryPoint","urlTemplate":"https:\/\/kusmitea.re\/?s={search_term_string}"},"query-input":{"@type":"PropertyValueSpecification","valueRequired":true,"valueName":"search_term_string"}}],"inLanguage":"fr-FR"},{"@type":"Organization","@id":"https:\/\/kusmitea.re\/#organization","name":"Kusmi Tea R\u00e9union","url":"https:\/\/kusmitea.re\/","logo":{"@type":"ImageObject","inLanguage":"fr-FR","@id":"https:\/\/kusmitea.re\/#\/schema\/logo\/image\/","url":"https:\/\/kusmitea.re\/wp-content\/uploads\/2023\/05\/cropped-logo.webp","contentUrl":"https:\/\/kusmitea.re\/wp-content\/uploads\/2023\/05\/cropped-logo.webp","width":469,"height":141,"caption":"Kusmi Tea R\u00e9union"},"image":{"@id":"https:\/\/kusmitea.re\/#\/schema\/logo\/image\/"},"sameAs":["https:\/\/www.facebook.com\/p\/Kusmi-Tea-Runion-61571670075100\/","https:\/\/www.instagram.com\/kusmiteare\/"]}]}},"jetpack_sharing_enabled":true,"_links":{"self":[{"href":"https:\/\/kusmitea.re\/index.php\/wp-json\/wp\/v2\/product\/6372","targetHints":{"allow":["GET"]}}],"collection":[{"href":"https:\/\/kusmitea.re\/index.php\/wp-json\/wp\/v2\/product"}],"about":[{"href":"https:\/\/kusmitea.re\/index.php\/wp-json\/wp\/v2\/types\/product"}],"replies":[{"embeddable":true,"href":"https:\/\/kusmitea.re\/index.php\/wp-json\/wp\/v2\/comments?post=6372"}],"version-history":[{"count":3,"href":"https:\/\/kusmitea.re\/index.php\/wp-json\/wp\/v2\/product\/6372\/revisions"}],"predecessor-version":[{"id":12354,"href":"https:\/\/kusmitea.re\/index.php\/wp-json\/wp\/v2\/product\/6372\/revisions\/12354"}],"wp:featuredmedia":[{"embeddable":true,"href":"https:\/\/kusmitea.re\/index.php\/wp-json\/wp\/v2\/media\/6420"}],"wp:attachment":[{"href":"https:\/\/kusmitea.re\/index.php\/wp-json\/wp\/v2\/media?parent=6372"}],"wp:term":[{"taxonomy":"product_cat","embeddable":true,"href":"https:\/\/kusmitea.re\/index.php\/wp-json\/wp\/v2\/product_cat?post=6372"},{"taxonomy":"product_tag","embeddable":true,"href":"https:\/\/kusmitea.re\/index.php\/wp-json\/wp\/v2\/product_tag?post=6372"}],"curies":[{"name":"wp","href":"https:\/\/api.w.org\/{rel}","templated":true}]}}