{"id":6352,"date":"2025-08-30T06:45:44","date_gmt":"2025-08-30T04:45:44","guid":{"rendered":"https:\/\/kusmitea.re\/?post_type=product&#038;p=6352"},"modified":"2025-09-22T08:37:52","modified_gmt":"2025-09-22T06:37:52","slug":"kusmi-infusions-bio-45-sachets","status":"publish","type":"product","link":"https:\/\/kusmitea.re\/index.php\/product\/kusmi-infusions-bio-45-sachets\/","title":{"rendered":"Kusmi Infusions Bio &#8211; 45 sachets"},"content":{"rendered":"\t\t<div data-elementor-type=\"wp-post\" data-elementor-id=\"6352\" class=\"elementor elementor-6352\">\n\t\t\t\t<div class=\"elementor-element elementor-element-42e0da93 e-flex e-con-boxed e-con e-parent\" data-id=\"42e0da93\" data-element_type=\"container\">\n\t\t\t\t\t<div class=\"e-con-inner\">\n\t\t\t\t<div class=\"elementor-element elementor-element-74943abc elementor-widget elementor-widget-text-editor\" data-id=\"74943abc\" data-element_type=\"widget\" data-widget_type=\"text-editor.default\">\n\t\t\t\t\t\t\t\t\t<p style=\"text-align: justify;\">Breaking news ! Vous adorez les eaux fruit\u00e9es mais avez aussi un faible pour les notes \u00e9pic\u00e9es ? Le coffret Kusmi Infusions fait la une aujourd\u2019hui et vous laisse libre de vos envies\u2026<\/p><p style=\"text-align: justify;\">Laissez-vous donc s\u00e9duire par cette s\u00e9lection haute en couleurs : Vivez la dolce vita avec AquaRosa et AquaSummer, ces eaux fruit\u00e9es \u00e0 siroter chaudes ou glac\u00e9es. Besoin de vous d\u00e9connecter ? Feel Zen et Lovely Night sont vos meilleures alli\u00e9es: sur une base de rooibos, fondez pour leurs mix de pomme-caramel et tilleul-r\u00e9glisse-poire avec en prime pour ce dernier une note mielleuse de honeybush\u2026 un pur d\u00e9lice ! Et ce n\u2019est pas tout ! Notre recette du bonheur \u00e0 nous ? Happy Mind, une infusion qui rime avec relaxation sur des notes de moringa, de curcuma et de fruit du dragon. Retournez en enfance gr\u00e2ce \u00e0 la rondeur des infusions bio Rooibos Amande et Rooibos Vanille. Pour une pause bien m\u00e9rit\u00e9e, on a enfin trouv\u00e9 le go\u00fbter dont vous pourrez abuser: Sweet Break, l\u2019infusion aux notes fruit\u00e9es et biscuit\u00e9es. Et en fin de journ\u00e9e, pimentez vos soir\u00e9es avec Only Spices, notre cocktail d\u2019\u00e9pices pr\u00e9f\u00e9r\u00e9 !<\/p><p style=\"text-align: justify;\">Vous l\u2019aurez compris, le coffret Kusmi Infusions bio est le cadeau id\u00e9al \u00e0 offrir&#8230; mais n\u2019oubliez pas aussi de vous faire plaisir !<\/p>\t\t\t\t\t\t\t\t<\/div>\n\t\t\t\t\t<\/div>\n\t\t\t\t<\/div>\n\t\t\t\t<\/div>\n\t\t","protected":false},"excerpt":{"rendered":"<p><img decoding=\"async\" class=\"alignleft wp-image-3887\" src=\"https:\/\/kusmitea.re\/wp-content\/uploads\/2020\/05\/Bio.jpg\" alt=\"\" width=\"40\" height=\"40\" \/><\/p>\n","protected":false},"featured_media":6399,"comment_status":"open","ping_status":"closed","template":"","meta":[],"product_cat":[112,146,114,60],"product_tag":[],"class_list":{"0":"post-6352","1":"product","2":"type-product","3":"status-publish","4":"has-post-thumbnail","6":"product_cat-coffrets-cadeaux","7":"product_cat-coffrets-de-the-en-sachet","8":"product_cat-idees-cadeaux","9":"product_cat-promotions","11":"first","12":"outofstock","13":"shipping-taxable","14":"purchasable","15":"product-type-simple"},"yoast_head":"<!-- This site is optimized with the Yoast SEO plugin v26.6 - https:\/\/yoast.com\/wordpress\/plugins\/seo\/ -->\n<title>Kusmi Infusions Bio - 45 sachets - Kusmi Tea R\u00e9union<\/title>\n<meta name=\"robots\" content=\"index, follow, max-snippet:-1, max-image-preview:large, max-video-preview:-1\" \/>\n<link rel=\"canonical\" href=\"https:\/\/kusmitea.re\/index.php\/product\/kusmi-infusions-bio-45-sachets\/\" \/>\n<meta property=\"og:locale\" content=\"fr_FR\" \/>\n<meta property=\"og:type\" content=\"article\" \/>\n<meta property=\"og:title\" content=\"Kusmi Infusions Bio - 45 sachets - Kusmi Tea R\u00e9union\" \/>\n<meta property=\"og:url\" content=\"https:\/\/kusmitea.re\/index.php\/product\/kusmi-infusions-bio-45-sachets\/\" \/>\n<meta property=\"og:site_name\" content=\"Kusmi Tea R\u00e9union\" \/>\n<meta property=\"article:publisher\" content=\"https:\/\/www.facebook.com\/p\/Kusmi-Tea-Runion-61571670075100\/\" \/>\n<meta property=\"article:modified_time\" content=\"2025-09-22T06:37:52+00:00\" \/>\n<meta property=\"og:image\" content=\"https:\/\/kusmitea.re\/wp-content\/uploads\/2025\/08\/INFU45EBIO.jpg\" \/>\n\t<meta property=\"og:image:width\" content=\"500\" \/>\n\t<meta property=\"og:image:height\" content=\"500\" \/>\n\t<meta property=\"og:image:type\" content=\"image\/jpeg\" \/>\n<meta name=\"twitter:card\" content=\"summary_large_image\" \/>\n<meta name=\"twitter:label1\" content=\"Dur\u00e9e de lecture estim\u00e9e\" \/>\n\t<meta name=\"twitter:data1\" content=\"3 minutes\" \/>\n<script type=\"application\/ld+json\" class=\"yoast-schema-graph\">{\"@context\":\"https:\/\/schema.org\",\"@graph\":[{\"@type\":\"WebPage\",\"@id\":\"https:\/\/kusmitea.re\/index.php\/product\/kusmi-infusions-bio-45-sachets\/\",\"url\":\"https:\/\/kusmitea.re\/index.php\/product\/kusmi-infusions-bio-45-sachets\/\",\"name\":\"Kusmi Infusions Bio - 45 sachets - Kusmi Tea R\u00e9union\",\"isPartOf\":{\"@id\":\"https:\/\/kusmitea.re\/#website\"},\"primaryImageOfPage\":{\"@id\":\"https:\/\/kusmitea.re\/index.php\/product\/kusmi-infusions-bio-45-sachets\/#primaryimage\"},\"image\":{\"@id\":\"https:\/\/kusmitea.re\/index.php\/product\/kusmi-infusions-bio-45-sachets\/#primaryimage\"},\"thumbnailUrl\":\"https:\/\/kusmitea.re\/wp-content\/uploads\/2025\/08\/INFU45EBIO.jpg\",\"datePublished\":\"2025-08-30T04:45:44+00:00\",\"dateModified\":\"2025-09-22T06:37:52+00:00\",\"breadcrumb\":{\"@id\":\"https:\/\/kusmitea.re\/index.php\/product\/kusmi-infusions-bio-45-sachets\/#breadcrumb\"},\"inLanguage\":\"fr-FR\",\"potentialAction\":[{\"@type\":\"ReadAction\",\"target\":[\"https:\/\/kusmitea.re\/index.php\/product\/kusmi-infusions-bio-45-sachets\/\"]}]},{\"@type\":\"ImageObject\",\"inLanguage\":\"fr-FR\",\"@id\":\"https:\/\/kusmitea.re\/index.php\/product\/kusmi-infusions-bio-45-sachets\/#primaryimage\",\"url\":\"https:\/\/kusmitea.re\/wp-content\/uploads\/2025\/08\/INFU45EBIO.jpg\",\"contentUrl\":\"https:\/\/kusmitea.re\/wp-content\/uploads\/2025\/08\/INFU45EBIO.jpg\",\"width\":500,\"height\":500},{\"@type\":\"BreadcrumbList\",\"@id\":\"https:\/\/kusmitea.re\/index.php\/product\/kusmi-infusions-bio-45-sachets\/#breadcrumb\",\"itemListElement\":[{\"@type\":\"ListItem\",\"position\":1,\"name\":\"Accueil\",\"item\":\"https:\/\/kusmitea.re\/\"},{\"@type\":\"ListItem\",\"position\":2,\"name\":\"Boutique\",\"item\":\"https:\/\/kusmitea.re\/index.php\/shop\/\"},{\"@type\":\"ListItem\",\"position\":3,\"name\":\"Kusmi Infusions Bio &#8211; 45 sachets\"}]},{\"@type\":\"WebSite\",\"@id\":\"https:\/\/kusmitea.re\/#website\",\"url\":\"https:\/\/kusmitea.re\/\",\"name\":\"Kusmi Tea R\u00e9union\",\"description\":\"\",\"publisher\":{\"@id\":\"https:\/\/kusmitea.re\/#organization\"},\"potentialAction\":[{\"@type\":\"SearchAction\",\"target\":{\"@type\":\"EntryPoint\",\"urlTemplate\":\"https:\/\/kusmitea.re\/?s={search_term_string}\"},\"query-input\":{\"@type\":\"PropertyValueSpecification\",\"valueRequired\":true,\"valueName\":\"search_term_string\"}}],\"inLanguage\":\"fr-FR\"},{\"@type\":\"Organization\",\"@id\":\"https:\/\/kusmitea.re\/#organization\",\"name\":\"Kusmi Tea R\u00e9union\",\"url\":\"https:\/\/kusmitea.re\/\",\"logo\":{\"@type\":\"ImageObject\",\"inLanguage\":\"fr-FR\",\"@id\":\"https:\/\/kusmitea.re\/#\/schema\/logo\/image\/\",\"url\":\"https:\/\/kusmitea.re\/wp-content\/uploads\/2023\/05\/cropped-logo.webp\",\"contentUrl\":\"https:\/\/kusmitea.re\/wp-content\/uploads\/2023\/05\/cropped-logo.webp\",\"width\":469,\"height\":141,\"caption\":\"Kusmi Tea R\u00e9union\"},\"image\":{\"@id\":\"https:\/\/kusmitea.re\/#\/schema\/logo\/image\/\"},\"sameAs\":[\"https:\/\/www.facebook.com\/p\/Kusmi-Tea-Runion-61571670075100\/\",\"https:\/\/www.instagram.com\/kusmiteare\/\"]}]}<\/script>\n<!-- \/ Yoast SEO plugin. -->","yoast_head_json":{"title":"Kusmi Infusions Bio - 45 sachets - Kusmi Tea R\u00e9union","robots":{"index":"index","follow":"follow","max-snippet":"max-snippet:-1","max-image-preview":"max-image-preview:large","max-video-preview":"max-video-preview:-1"},"canonical":"https:\/\/kusmitea.re\/index.php\/product\/kusmi-infusions-bio-45-sachets\/","og_locale":"fr_FR","og_type":"article","og_title":"Kusmi Infusions Bio - 45 sachets - Kusmi Tea R\u00e9union","og_url":"https:\/\/kusmitea.re\/index.php\/product\/kusmi-infusions-bio-45-sachets\/","og_site_name":"Kusmi Tea R\u00e9union","article_publisher":"https:\/\/www.facebook.com\/p\/Kusmi-Tea-Runion-61571670075100\/","article_modified_time":"2025-09-22T06:37:52+00:00","og_image":[{"width":500,"height":500,"url":"https:\/\/kusmitea.re\/wp-content\/uploads\/2025\/08\/INFU45EBIO.jpg","type":"image\/jpeg"}],"twitter_card":"summary_large_image","twitter_misc":{"Dur\u00e9e de lecture estim\u00e9e":"3 minutes"},"schema":{"@context":"https:\/\/schema.org","@graph":[{"@type":"WebPage","@id":"https:\/\/kusmitea.re\/index.php\/product\/kusmi-infusions-bio-45-sachets\/","url":"https:\/\/kusmitea.re\/index.php\/product\/kusmi-infusions-bio-45-sachets\/","name":"Kusmi Infusions Bio - 45 sachets - Kusmi Tea R\u00e9union","isPartOf":{"@id":"https:\/\/kusmitea.re\/#website"},"primaryImageOfPage":{"@id":"https:\/\/kusmitea.re\/index.php\/product\/kusmi-infusions-bio-45-sachets\/#primaryimage"},"image":{"@id":"https:\/\/kusmitea.re\/index.php\/product\/kusmi-infusions-bio-45-sachets\/#primaryimage"},"thumbnailUrl":"https:\/\/kusmitea.re\/wp-content\/uploads\/2025\/08\/INFU45EBIO.jpg","datePublished":"2025-08-30T04:45:44+00:00","dateModified":"2025-09-22T06:37:52+00:00","breadcrumb":{"@id":"https:\/\/kusmitea.re\/index.php\/product\/kusmi-infusions-bio-45-sachets\/#breadcrumb"},"inLanguage":"fr-FR","potentialAction":[{"@type":"ReadAction","target":["https:\/\/kusmitea.re\/index.php\/product\/kusmi-infusions-bio-45-sachets\/"]}]},{"@type":"ImageObject","inLanguage":"fr-FR","@id":"https:\/\/kusmitea.re\/index.php\/product\/kusmi-infusions-bio-45-sachets\/#primaryimage","url":"https:\/\/kusmitea.re\/wp-content\/uploads\/2025\/08\/INFU45EBIO.jpg","contentUrl":"https:\/\/kusmitea.re\/wp-content\/uploads\/2025\/08\/INFU45EBIO.jpg","width":500,"height":500},{"@type":"BreadcrumbList","@id":"https:\/\/kusmitea.re\/index.php\/product\/kusmi-infusions-bio-45-sachets\/#breadcrumb","itemListElement":[{"@type":"ListItem","position":1,"name":"Accueil","item":"https:\/\/kusmitea.re\/"},{"@type":"ListItem","position":2,"name":"Boutique","item":"https:\/\/kusmitea.re\/index.php\/shop\/"},{"@type":"ListItem","position":3,"name":"Kusmi Infusions Bio &#8211; 45 sachets"}]},{"@type":"WebSite","@id":"https:\/\/kusmitea.re\/#website","url":"https:\/\/kusmitea.re\/","name":"Kusmi Tea R\u00e9union","description":"","publisher":{"@id":"https:\/\/kusmitea.re\/#organization"},"potentialAction":[{"@type":"SearchAction","target":{"@type":"EntryPoint","urlTemplate":"https:\/\/kusmitea.re\/?s={search_term_string}"},"query-input":{"@type":"PropertyValueSpecification","valueRequired":true,"valueName":"search_term_string"}}],"inLanguage":"fr-FR"},{"@type":"Organization","@id":"https:\/\/kusmitea.re\/#organization","name":"Kusmi Tea R\u00e9union","url":"https:\/\/kusmitea.re\/","logo":{"@type":"ImageObject","inLanguage":"fr-FR","@id":"https:\/\/kusmitea.re\/#\/schema\/logo\/image\/","url":"https:\/\/kusmitea.re\/wp-content\/uploads\/2023\/05\/cropped-logo.webp","contentUrl":"https:\/\/kusmitea.re\/wp-content\/uploads\/2023\/05\/cropped-logo.webp","width":469,"height":141,"caption":"Kusmi Tea R\u00e9union"},"image":{"@id":"https:\/\/kusmitea.re\/#\/schema\/logo\/image\/"},"sameAs":["https:\/\/www.facebook.com\/p\/Kusmi-Tea-Runion-61571670075100\/","https:\/\/www.instagram.com\/kusmiteare\/"]}]}},"jetpack_sharing_enabled":true,"_links":{"self":[{"href":"https:\/\/kusmitea.re\/index.php\/wp-json\/wp\/v2\/product\/6352","targetHints":{"allow":["GET"]}}],"collection":[{"href":"https:\/\/kusmitea.re\/index.php\/wp-json\/wp\/v2\/product"}],"about":[{"href":"https:\/\/kusmitea.re\/index.php\/wp-json\/wp\/v2\/types\/product"}],"replies":[{"embeddable":true,"href":"https:\/\/kusmitea.re\/index.php\/wp-json\/wp\/v2\/comments?post=6352"}],"version-history":[{"count":3,"href":"https:\/\/kusmitea.re\/index.php\/wp-json\/wp\/v2\/product\/6352\/revisions"}],"predecessor-version":[{"id":12369,"href":"https:\/\/kusmitea.re\/index.php\/wp-json\/wp\/v2\/product\/6352\/revisions\/12369"}],"wp:featuredmedia":[{"embeddable":true,"href":"https:\/\/kusmitea.re\/index.php\/wp-json\/wp\/v2\/media\/6399"}],"wp:attachment":[{"href":"https:\/\/kusmitea.re\/index.php\/wp-json\/wp\/v2\/media?parent=6352"}],"wp:term":[{"taxonomy":"product_cat","embeddable":true,"href":"https:\/\/kusmitea.re\/index.php\/wp-json\/wp\/v2\/product_cat?post=6352"},{"taxonomy":"product_tag","embeddable":true,"href":"https:\/\/kusmitea.re\/index.php\/wp-json\/wp\/v2\/product_tag?post=6352"}],"curies":[{"name":"wp","href":"https:\/\/api.w.org\/{rel}","templated":true}]}}