{"id":6350,"date":"2025-08-30T06:45:44","date_gmt":"2025-08-30T04:45:44","guid":{"rendered":"https:\/\/kusmitea.re\/?post_type=product&#038;p=6350"},"modified":"2026-01-28T16:47:04","modified_gmt":"2026-01-28T15:47:04","slug":"rooibos-vanille-bio","status":"publish","type":"product","link":"https:\/\/kusmitea.re\/index.php\/product\/rooibos-vanille-bio\/","title":{"rendered":"Rooibos vanille bio &#8211; Sans th\u00e9ine &#8211; Kusmi Tea R\u00e9union"},"content":{"rendered":"\t\t<div data-elementor-type=\"wp-post\" data-elementor-id=\"6350\" class=\"elementor elementor-6350\">\n\t\t\t\t<div class=\"elementor-element elementor-element-675714f9 e-flex e-con-boxed e-con e-parent\" data-id=\"675714f9\" data-element_type=\"container\">\n\t\t\t\t\t<div class=\"e-con-inner\">\n\t\t\t\t<div class=\"elementor-element elementor-element-3d6f28fc elementor-widget elementor-widget-text-editor\" data-id=\"3d6f28fc\" data-element_type=\"widget\" data-widget_type=\"text-editor.default\">\n\t\t\t\t\t\t\t\t\t<p>La rondeur du rooibos et la douceur de la vanille se sont dit \u00ab oui \u00bb pour le meilleur et pour le plaisir dans cette infusion bio sans th\u00e9ine.<\/p><p>Coup de foudre ! On ne sait plus tr\u00e8s bien si c\u2019est le rooibos qui a s\u00e9duit la vanille ou si c\u2019est elle qui l\u2019\u00e9moustille. Mais une chose est s\u00fbre : \u00e7a matche ! Et la tisane Rooibos Vanille bio en est la preuve.<\/p><p>Lui est un buisson aux d\u00e9licates notes rondes, tr\u00e8s populaire en Afrique du Sud, sa terre d\u2019origine. Elle, la vanille, g\u00e9n\u00e9reuse et envo\u00fbtante, a tout pour le sublimer. Depuis leur rencontre, c\u2019est une histoire qui dure. O\u00f9 qu\u2019ils aillent, ils ne vivent que d\u2019amour et d\u2019eau bien chaude !<\/p><p>Disponible au poids, en bo\u00eete de 100g et en 20 sachets mousseline.<\/p><p style=\"text-align: center;\"><em><strong>Ingr\u00e9dients<\/strong><\/em><\/p><p style=\"text-align: justify;\">Rooibos*, ar\u00f4me vanille.<\/p><p style=\"text-align: left;\">*Produits issus de l&rsquo;agriculture biologique.<\/p><p style=\"text-align: center; flex-grow: 1; margin-bottom: 20px;\"><img decoding=\"async\" class=\"aligncenter\" src=\"http:\/\/kusmitea.re\/wp-content\/uploads\/2021\/02\/T\u00b0.png\" alt=\"\" width=\"30\" height=\"30\" \/> <strong>90\u00b0C<\/strong><\/p><p style=\"text-align: center; flex-grow: 1; margin-bottom: 20px;\"><img decoding=\"async\" class=\"aligncenter\" src=\"http:\/\/kusmitea.re\/wp-content\/uploads\/2021\/02\/timer-300x300.png\" alt=\"\" width=\"30\" height=\"30\" \/> <strong>5 min<\/strong><\/p>\t\t\t\t\t\t\t\t<\/div>\n\t\t\t\t\t<\/div>\n\t\t\t\t<\/div>\n\t\t\t\t<\/div>\n\t\t","protected":false},"excerpt":{"rendered":"<p><img decoding=\"async\" class=\"alignleft wp-image-3887\" src=\"https:\/\/kusmitea.re\/wp-content\/uploads\/2020\/05\/Bio.jpg\" alt=\"\" width=\"40\" height=\"40\" \/><\/p>\n","protected":false},"featured_media":6397,"comment_status":"open","ping_status":"closed","template":"","meta":[],"product_cat":[226],"product_tag":[],"class_list":{"0":"post-6350","1":"product","2":"type-product","3":"status-publish","4":"has-post-thumbnail","6":"product_cat-rooibos","8":"first","9":"instock","10":"shipping-taxable","11":"purchasable","12":"product-type-variable","13":"has-default-attributes"},"yoast_head":"<!-- This site is optimized with the Yoast SEO plugin v26.6 - https:\/\/yoast.com\/wordpress\/plugins\/seo\/ -->\n<title>Rooibos vanille bio - Sans th\u00e9ine - Kusmi Tea R\u00e9union - Kusmi Tea R\u00e9union<\/title>\n<meta name=\"description\" content=\"Rooibos Vanille bio Kusmi Tea - Bo\u00eete 100g : une infusion sans th\u00e9ine \u00e0 la saveur douce et gourmande. Bonne d\u00e9gustation !\" \/>\n<meta name=\"robots\" content=\"index, follow, max-snippet:-1, max-image-preview:large, max-video-preview:-1\" \/>\n<link rel=\"canonical\" href=\"https:\/\/kusmitea.re\/index.php\/product\/rooibos-vanille-bio\/\" \/>\n<meta property=\"og:locale\" content=\"fr_FR\" \/>\n<meta property=\"og:type\" content=\"article\" \/>\n<meta property=\"og:title\" content=\"Rooibos vanille bio - Sans th\u00e9ine - Kusmi Tea R\u00e9union - Kusmi Tea R\u00e9union\" \/>\n<meta property=\"og:description\" content=\"Rooibos Vanille bio Kusmi Tea - Bo\u00eete 100g : une infusion sans th\u00e9ine \u00e0 la saveur douce et gourmande. Bonne d\u00e9gustation !\" \/>\n<meta property=\"og:url\" content=\"https:\/\/kusmitea.re\/index.php\/product\/rooibos-vanille-bio\/\" \/>\n<meta property=\"og:site_name\" content=\"Kusmi Tea R\u00e9union\" \/>\n<meta property=\"article:publisher\" content=\"https:\/\/www.facebook.com\/p\/Kusmi-Tea-Runion-61571670075100\/\" \/>\n<meta property=\"article:modified_time\" content=\"2026-01-28T15:47:04+00:00\" \/>\n<meta property=\"og:image\" content=\"https:\/\/kusmitea.re\/wp-content\/uploads\/2025\/08\/ROVA100BIO_FR.jpg\" \/>\n\t<meta property=\"og:image:width\" content=\"1308\" \/>\n\t<meta property=\"og:image:height\" content=\"1080\" \/>\n\t<meta property=\"og:image:type\" content=\"image\/jpeg\" \/>\n<meta name=\"twitter:card\" content=\"summary_large_image\" \/>\n<meta name=\"twitter:label1\" content=\"Dur\u00e9e de lecture estim\u00e9e\" \/>\n\t<meta name=\"twitter:data1\" content=\"2 minutes\" \/>\n<script type=\"application\/ld+json\" class=\"yoast-schema-graph\">{\"@context\":\"https:\/\/schema.org\",\"@graph\":[{\"@type\":\"WebPage\",\"@id\":\"https:\/\/kusmitea.re\/index.php\/product\/rooibos-vanille-bio\/\",\"url\":\"https:\/\/kusmitea.re\/index.php\/product\/rooibos-vanille-bio\/\",\"name\":\"Rooibos vanille bio - Sans th\u00e9ine - Kusmi Tea R\u00e9union - Kusmi Tea R\u00e9union\",\"isPartOf\":{\"@id\":\"https:\/\/kusmitea.re\/#website\"},\"primaryImageOfPage\":{\"@id\":\"https:\/\/kusmitea.re\/index.php\/product\/rooibos-vanille-bio\/#primaryimage\"},\"image\":{\"@id\":\"https:\/\/kusmitea.re\/index.php\/product\/rooibos-vanille-bio\/#primaryimage\"},\"thumbnailUrl\":\"https:\/\/kusmitea.re\/wp-content\/uploads\/2025\/08\/ROVA100BIO_FR.jpg\",\"datePublished\":\"2025-08-30T04:45:44+00:00\",\"dateModified\":\"2026-01-28T15:47:04+00:00\",\"description\":\"Rooibos Vanille bio Kusmi Tea - Bo\u00eete 100g : une infusion sans th\u00e9ine \u00e0 la saveur douce et gourmande. Bonne d\u00e9gustation !\",\"breadcrumb\":{\"@id\":\"https:\/\/kusmitea.re\/index.php\/product\/rooibos-vanille-bio\/#breadcrumb\"},\"inLanguage\":\"fr-FR\",\"potentialAction\":[{\"@type\":\"ReadAction\",\"target\":[\"https:\/\/kusmitea.re\/index.php\/product\/rooibos-vanille-bio\/\"]}]},{\"@type\":\"ImageObject\",\"inLanguage\":\"fr-FR\",\"@id\":\"https:\/\/kusmitea.re\/index.php\/product\/rooibos-vanille-bio\/#primaryimage\",\"url\":\"https:\/\/kusmitea.re\/wp-content\/uploads\/2025\/08\/ROVA100BIO_FR.jpg\",\"contentUrl\":\"https:\/\/kusmitea.re\/wp-content\/uploads\/2025\/08\/ROVA100BIO_FR.jpg\",\"width\":1308,\"height\":1080},{\"@type\":\"BreadcrumbList\",\"@id\":\"https:\/\/kusmitea.re\/index.php\/product\/rooibos-vanille-bio\/#breadcrumb\",\"itemListElement\":[{\"@type\":\"ListItem\",\"position\":1,\"name\":\"Accueil\",\"item\":\"https:\/\/kusmitea.re\/\"},{\"@type\":\"ListItem\",\"position\":2,\"name\":\"Boutique\",\"item\":\"https:\/\/kusmitea.re\/index.php\/shop\/\"},{\"@type\":\"ListItem\",\"position\":3,\"name\":\"Rooibos vanille bio &#8211; Sans th\u00e9ine &#8211; Kusmi Tea R\u00e9union\"}]},{\"@type\":\"WebSite\",\"@id\":\"https:\/\/kusmitea.re\/#website\",\"url\":\"https:\/\/kusmitea.re\/\",\"name\":\"Kusmi Tea R\u00e9union\",\"description\":\"\",\"publisher\":{\"@id\":\"https:\/\/kusmitea.re\/#organization\"},\"potentialAction\":[{\"@type\":\"SearchAction\",\"target\":{\"@type\":\"EntryPoint\",\"urlTemplate\":\"https:\/\/kusmitea.re\/?s={search_term_string}\"},\"query-input\":{\"@type\":\"PropertyValueSpecification\",\"valueRequired\":true,\"valueName\":\"search_term_string\"}}],\"inLanguage\":\"fr-FR\"},{\"@type\":\"Organization\",\"@id\":\"https:\/\/kusmitea.re\/#organization\",\"name\":\"Kusmi Tea R\u00e9union\",\"url\":\"https:\/\/kusmitea.re\/\",\"logo\":{\"@type\":\"ImageObject\",\"inLanguage\":\"fr-FR\",\"@id\":\"https:\/\/kusmitea.re\/#\/schema\/logo\/image\/\",\"url\":\"https:\/\/kusmitea.re\/wp-content\/uploads\/2023\/05\/cropped-logo.webp\",\"contentUrl\":\"https:\/\/kusmitea.re\/wp-content\/uploads\/2023\/05\/cropped-logo.webp\",\"width\":469,\"height\":141,\"caption\":\"Kusmi Tea R\u00e9union\"},\"image\":{\"@id\":\"https:\/\/kusmitea.re\/#\/schema\/logo\/image\/\"},\"sameAs\":[\"https:\/\/www.facebook.com\/p\/Kusmi-Tea-Runion-61571670075100\/\",\"https:\/\/www.instagram.com\/kusmiteare\/\"]}]}<\/script>\n<!-- \/ Yoast SEO plugin. -->","yoast_head_json":{"title":"Rooibos vanille bio - Sans th\u00e9ine - Kusmi Tea R\u00e9union - Kusmi Tea R\u00e9union","description":"Rooibos Vanille bio Kusmi Tea - Bo\u00eete 100g : une infusion sans th\u00e9ine \u00e0 la saveur douce et gourmande. Bonne d\u00e9gustation !","robots":{"index":"index","follow":"follow","max-snippet":"max-snippet:-1","max-image-preview":"max-image-preview:large","max-video-preview":"max-video-preview:-1"},"canonical":"https:\/\/kusmitea.re\/index.php\/product\/rooibos-vanille-bio\/","og_locale":"fr_FR","og_type":"article","og_title":"Rooibos vanille bio - Sans th\u00e9ine - Kusmi Tea R\u00e9union - Kusmi Tea R\u00e9union","og_description":"Rooibos Vanille bio Kusmi Tea - Bo\u00eete 100g : une infusion sans th\u00e9ine \u00e0 la saveur douce et gourmande. Bonne d\u00e9gustation !","og_url":"https:\/\/kusmitea.re\/index.php\/product\/rooibos-vanille-bio\/","og_site_name":"Kusmi Tea R\u00e9union","article_publisher":"https:\/\/www.facebook.com\/p\/Kusmi-Tea-Runion-61571670075100\/","article_modified_time":"2026-01-28T15:47:04+00:00","og_image":[{"width":1308,"height":1080,"url":"https:\/\/kusmitea.re\/wp-content\/uploads\/2025\/08\/ROVA100BIO_FR.jpg","type":"image\/jpeg"}],"twitter_card":"summary_large_image","twitter_misc":{"Dur\u00e9e de lecture estim\u00e9e":"2 minutes"},"schema":{"@context":"https:\/\/schema.org","@graph":[{"@type":"WebPage","@id":"https:\/\/kusmitea.re\/index.php\/product\/rooibos-vanille-bio\/","url":"https:\/\/kusmitea.re\/index.php\/product\/rooibos-vanille-bio\/","name":"Rooibos vanille bio - Sans th\u00e9ine - Kusmi Tea R\u00e9union - Kusmi Tea R\u00e9union","isPartOf":{"@id":"https:\/\/kusmitea.re\/#website"},"primaryImageOfPage":{"@id":"https:\/\/kusmitea.re\/index.php\/product\/rooibos-vanille-bio\/#primaryimage"},"image":{"@id":"https:\/\/kusmitea.re\/index.php\/product\/rooibos-vanille-bio\/#primaryimage"},"thumbnailUrl":"https:\/\/kusmitea.re\/wp-content\/uploads\/2025\/08\/ROVA100BIO_FR.jpg","datePublished":"2025-08-30T04:45:44+00:00","dateModified":"2026-01-28T15:47:04+00:00","description":"Rooibos Vanille bio Kusmi Tea - Bo\u00eete 100g : une infusion sans th\u00e9ine \u00e0 la saveur douce et gourmande. Bonne d\u00e9gustation !","breadcrumb":{"@id":"https:\/\/kusmitea.re\/index.php\/product\/rooibos-vanille-bio\/#breadcrumb"},"inLanguage":"fr-FR","potentialAction":[{"@type":"ReadAction","target":["https:\/\/kusmitea.re\/index.php\/product\/rooibos-vanille-bio\/"]}]},{"@type":"ImageObject","inLanguage":"fr-FR","@id":"https:\/\/kusmitea.re\/index.php\/product\/rooibos-vanille-bio\/#primaryimage","url":"https:\/\/kusmitea.re\/wp-content\/uploads\/2025\/08\/ROVA100BIO_FR.jpg","contentUrl":"https:\/\/kusmitea.re\/wp-content\/uploads\/2025\/08\/ROVA100BIO_FR.jpg","width":1308,"height":1080},{"@type":"BreadcrumbList","@id":"https:\/\/kusmitea.re\/index.php\/product\/rooibos-vanille-bio\/#breadcrumb","itemListElement":[{"@type":"ListItem","position":1,"name":"Accueil","item":"https:\/\/kusmitea.re\/"},{"@type":"ListItem","position":2,"name":"Boutique","item":"https:\/\/kusmitea.re\/index.php\/shop\/"},{"@type":"ListItem","position":3,"name":"Rooibos vanille bio &#8211; Sans th\u00e9ine &#8211; Kusmi Tea R\u00e9union"}]},{"@type":"WebSite","@id":"https:\/\/kusmitea.re\/#website","url":"https:\/\/kusmitea.re\/","name":"Kusmi Tea R\u00e9union","description":"","publisher":{"@id":"https:\/\/kusmitea.re\/#organization"},"potentialAction":[{"@type":"SearchAction","target":{"@type":"EntryPoint","urlTemplate":"https:\/\/kusmitea.re\/?s={search_term_string}"},"query-input":{"@type":"PropertyValueSpecification","valueRequired":true,"valueName":"search_term_string"}}],"inLanguage":"fr-FR"},{"@type":"Organization","@id":"https:\/\/kusmitea.re\/#organization","name":"Kusmi Tea R\u00e9union","url":"https:\/\/kusmitea.re\/","logo":{"@type":"ImageObject","inLanguage":"fr-FR","@id":"https:\/\/kusmitea.re\/#\/schema\/logo\/image\/","url":"https:\/\/kusmitea.re\/wp-content\/uploads\/2023\/05\/cropped-logo.webp","contentUrl":"https:\/\/kusmitea.re\/wp-content\/uploads\/2023\/05\/cropped-logo.webp","width":469,"height":141,"caption":"Kusmi Tea R\u00e9union"},"image":{"@id":"https:\/\/kusmitea.re\/#\/schema\/logo\/image\/"},"sameAs":["https:\/\/www.facebook.com\/p\/Kusmi-Tea-Runion-61571670075100\/","https:\/\/www.instagram.com\/kusmiteare\/"]}]}},"jetpack_sharing_enabled":true,"_links":{"self":[{"href":"https:\/\/kusmitea.re\/index.php\/wp-json\/wp\/v2\/product\/6350","targetHints":{"allow":["GET"]}}],"collection":[{"href":"https:\/\/kusmitea.re\/index.php\/wp-json\/wp\/v2\/product"}],"about":[{"href":"https:\/\/kusmitea.re\/index.php\/wp-json\/wp\/v2\/types\/product"}],"replies":[{"embeddable":true,"href":"https:\/\/kusmitea.re\/index.php\/wp-json\/wp\/v2\/comments?post=6350"}],"version-history":[{"count":5,"href":"https:\/\/kusmitea.re\/index.php\/wp-json\/wp\/v2\/product\/6350\/revisions"}],"predecessor-version":[{"id":13013,"href":"https:\/\/kusmitea.re\/index.php\/wp-json\/wp\/v2\/product\/6350\/revisions\/13013"}],"wp:featuredmedia":[{"embeddable":true,"href":"https:\/\/kusmitea.re\/index.php\/wp-json\/wp\/v2\/media\/6397"}],"wp:attachment":[{"href":"https:\/\/kusmitea.re\/index.php\/wp-json\/wp\/v2\/media?parent=6350"}],"wp:term":[{"taxonomy":"product_cat","embeddable":true,"href":"https:\/\/kusmitea.re\/index.php\/wp-json\/wp\/v2\/product_cat?post=6350"},{"taxonomy":"product_tag","embeddable":true,"href":"https:\/\/kusmitea.re\/index.php\/wp-json\/wp\/v2\/product_tag?post=6350"}],"curies":[{"name":"wp","href":"https:\/\/api.w.org\/{rel}","templated":true}]}}