{"id":6328,"date":"2025-08-30T06:45:20","date_gmt":"2025-08-30T04:45:20","guid":{"rendered":"https:\/\/kusmitea.re\/?post_type=product&#038;p=6328"},"modified":"2026-01-02T11:21:22","modified_gmt":"2026-01-02T10:21:22","slug":"white-bellini-bio","status":"publish","type":"product","link":"https:\/\/kusmitea.re\/index.php\/product\/white-bellini-bio\/","title":{"rendered":"White Bellini &#8211; Th\u00e9 blanc bio p\u00eache &#8211; Kusmi Tea R\u00e9union"},"content":{"rendered":"\t\t<div data-elementor-type=\"wp-post\" data-elementor-id=\"6328\" class=\"elementor elementor-6328\">\n\t\t\t\t<div class=\"elementor-element elementor-element-7a36b917 e-flex e-con-boxed e-con e-parent\" data-id=\"7a36b917\" data-element_type=\"container\">\n\t\t\t\t\t<div class=\"e-con-inner\">\n\t\t\t\t<div class=\"elementor-element elementor-element-559b6388 elementor-widget elementor-widget-text-editor\" data-id=\"559b6388\" data-element_type=\"widget\" data-widget_type=\"text-editor.default\">\n\t\t\t\t\t\t\t\t\t<p style=\"text-align: justify;\">Le th\u00e9 blanc p\u00eache-abricot qui coule \u00e0 flots !<\/p><p style=\"text-align: justify;\">C\u2019est le jour J ! Au programme, le brunch de vos r\u00eaves. D\u00e8s votre arriv\u00e9e, vos yeux se mettent \u00e0 briller. Au menu, un festin tout en extravagance. Des fauteuils aussi moelleux que les canap\u00e9s du buffet. Un d\u00e9cor sur-mesure o\u00f9 r\u00e8gne la d\u00e9mesure. Sur votre table, une pyramide de coupes \u00e0 champagne se pr\u00e9pare \u00e0 accueillir la star des cocktails : le White Bellini. Exquis, il renferme la cr\u00e8me des fruits : une p\u00eache pulpeuse et un abricot velours, le tout sur fond de th\u00e9 blanc \u00e9videmment. Le plus d\u00e9licat de tous, dont on ne cueille que les jeunes pousses. Il vous est servi en cascade et vous le consommez avec immod\u00e9ration. Vous avez bien raison, il est si bon !<\/p><p style=\"text-align: justify;\">Vous aimeriez que ce moment ne finisse jamais\u2026 Et \u00e7a tombe bien ! Le White Bellini est un cocktail dont vous pouvez abuser autant qu\u2019il vous pla\u00eet. C\u2019est tellement mieux quand les bonnes choses n\u2019ont pas de fin.<\/p><p style=\"text-align: justify;\">White Bellini, c\u2019est the cocktail bio 2.0, qui vous donnera la p\u00eache et l\u2019abricot !<\/p><p style=\"text-align: justify;\">Disponible au poids, en bo\u00eete de 90g et en 20 sachets mousseline.<\/p><p style=\"text-align: center;\"><em><strong>Ingr\u00e9dients<\/strong><\/em><\/p><p style=\"text-align: justify;\">Th\u00e9 blanc* (68%), th\u00e9 vert* (27%), ar\u00f4me naturel de p\u00eache et d\u2019abricot (5%).<\/p><p>\u00a0<\/p><p style=\"text-align: left;\">*Produits issus de l&rsquo;agriculture biologique.<\/p><p style=\"text-align: center; flex-grow: 1; margin-bottom: 20px;\"><img decoding=\"async\" class=\"aligncenter\" src=\"http:\/\/kusmitea.re\/wp-content\/uploads\/2021\/02\/T\u00b0.png\" alt=\"\" width=\"30\" height=\"30\" \/> <strong>80\u00b0C<\/strong><\/p><p style=\"text-align: center; flex-grow: 1; margin-bottom: 20px;\"><img decoding=\"async\" class=\"aligncenter\" src=\"http:\/\/kusmitea.re\/wp-content\/uploads\/2021\/02\/timer-300x300.png\" alt=\"\" width=\"30\" height=\"30\" \/> <strong>3 min<\/strong><\/p>\t\t\t\t\t\t\t\t<\/div>\n\t\t\t\t\t<\/div>\n\t\t\t\t<\/div>\n\t\t\t\t<\/div>\n\t\t","protected":false},"excerpt":{"rendered":"<p><img decoding=\"async\" class=\"alignleft wp-image-3887\" src=\"https:\/\/kusmitea.re\/wp-content\/uploads\/2020\/05\/Bio.jpg\" alt=\"\" width=\"40\" height=\"40\" \/><\/p>\n","protected":false},"featured_media":6378,"comment_status":"open","ping_status":"closed","template":"","meta":[],"product_cat":[72],"product_tag":[73],"class_list":{"0":"post-6328","1":"product","2":"type-product","3":"status-publish","4":"has-post-thumbnail","6":"product_cat-thes-blancs","7":"product_tag-the-blanc","9":"first","10":"instock","11":"shipping-taxable","12":"purchasable","13":"product-type-variable","14":"has-default-attributes"},"yoast_head":"<!-- This site is optimized with the Yoast SEO plugin v26.6 - https:\/\/yoast.com\/wordpress\/plugins\/seo\/ -->\n<title>White Bellini - Th\u00e9 blanc bio p\u00eache - Kusmi Tea R\u00e9union - Kusmi Tea R\u00e9union<\/title>\n<meta name=\"description\" content=\"White Bellini bio Kusmi Tea : go\u00fbtez ce th\u00e9 blanc \u00e0 la p\u00eache et \u00e0 l&#039;abricot. L\u00e9ger et exotique, un th\u00e9 qui rappelle le Bellini de Venise !\" \/>\n<meta name=\"robots\" content=\"index, follow, max-snippet:-1, max-image-preview:large, max-video-preview:-1\" \/>\n<link rel=\"canonical\" href=\"https:\/\/kusmitea.re\/index.php\/product\/white-bellini-bio\/\" \/>\n<meta property=\"og:locale\" content=\"fr_FR\" \/>\n<meta property=\"og:type\" content=\"article\" \/>\n<meta property=\"og:title\" content=\"White Bellini - Th\u00e9 blanc bio p\u00eache - Kusmi Tea R\u00e9union - Kusmi Tea R\u00e9union\" \/>\n<meta property=\"og:description\" content=\"White Bellini bio Kusmi Tea : go\u00fbtez ce th\u00e9 blanc \u00e0 la p\u00eache et \u00e0 l&#039;abricot. L\u00e9ger et exotique, un th\u00e9 qui rappelle le Bellini de Venise !\" \/>\n<meta property=\"og:url\" content=\"https:\/\/kusmitea.re\/index.php\/product\/white-bellini-bio\/\" \/>\n<meta property=\"og:site_name\" content=\"Kusmi Tea R\u00e9union\" \/>\n<meta property=\"article:publisher\" content=\"https:\/\/www.facebook.com\/p\/Kusmi-Tea-Runion-61571670075100\/\" \/>\n<meta property=\"article:modified_time\" content=\"2026-01-02T10:21:22+00:00\" \/>\n<meta property=\"og:image\" content=\"https:\/\/kusmitea.re\/wp-content\/uploads\/2025\/08\/BBEL100BIO_FR.png\" \/>\n\t<meta property=\"og:image:width\" content=\"1308\" \/>\n\t<meta property=\"og:image:height\" content=\"1080\" \/>\n\t<meta property=\"og:image:type\" content=\"image\/png\" \/>\n<meta name=\"twitter:card\" content=\"summary_large_image\" \/>\n<meta name=\"twitter:label1\" content=\"Dur\u00e9e de lecture estim\u00e9e\" \/>\n\t<meta name=\"twitter:data1\" content=\"2 minutes\" \/>\n<script type=\"application\/ld+json\" class=\"yoast-schema-graph\">{\"@context\":\"https:\/\/schema.org\",\"@graph\":[{\"@type\":\"WebPage\",\"@id\":\"https:\/\/kusmitea.re\/index.php\/product\/white-bellini-bio\/\",\"url\":\"https:\/\/kusmitea.re\/index.php\/product\/white-bellini-bio\/\",\"name\":\"White Bellini - Th\u00e9 blanc bio p\u00eache - Kusmi Tea R\u00e9union - Kusmi Tea R\u00e9union\",\"isPartOf\":{\"@id\":\"https:\/\/kusmitea.re\/#website\"},\"primaryImageOfPage\":{\"@id\":\"https:\/\/kusmitea.re\/index.php\/product\/white-bellini-bio\/#primaryimage\"},\"image\":{\"@id\":\"https:\/\/kusmitea.re\/index.php\/product\/white-bellini-bio\/#primaryimage\"},\"thumbnailUrl\":\"https:\/\/kusmitea.re\/wp-content\/uploads\/2025\/08\/BBEL100BIO_FR.png\",\"datePublished\":\"2025-08-30T04:45:20+00:00\",\"dateModified\":\"2026-01-02T10:21:22+00:00\",\"description\":\"White Bellini bio Kusmi Tea : go\u00fbtez ce th\u00e9 blanc \u00e0 la p\u00eache et \u00e0 l'abricot. L\u00e9ger et exotique, un th\u00e9 qui rappelle le Bellini de Venise !\",\"breadcrumb\":{\"@id\":\"https:\/\/kusmitea.re\/index.php\/product\/white-bellini-bio\/#breadcrumb\"},\"inLanguage\":\"fr-FR\",\"potentialAction\":[{\"@type\":\"ReadAction\",\"target\":[\"https:\/\/kusmitea.re\/index.php\/product\/white-bellini-bio\/\"]}]},{\"@type\":\"ImageObject\",\"inLanguage\":\"fr-FR\",\"@id\":\"https:\/\/kusmitea.re\/index.php\/product\/white-bellini-bio\/#primaryimage\",\"url\":\"https:\/\/kusmitea.re\/wp-content\/uploads\/2025\/08\/BBEL100BIO_FR.png\",\"contentUrl\":\"https:\/\/kusmitea.re\/wp-content\/uploads\/2025\/08\/BBEL100BIO_FR.png\",\"width\":1308,\"height\":1080},{\"@type\":\"BreadcrumbList\",\"@id\":\"https:\/\/kusmitea.re\/index.php\/product\/white-bellini-bio\/#breadcrumb\",\"itemListElement\":[{\"@type\":\"ListItem\",\"position\":1,\"name\":\"Accueil\",\"item\":\"https:\/\/kusmitea.re\/\"},{\"@type\":\"ListItem\",\"position\":2,\"name\":\"Boutique\",\"item\":\"https:\/\/kusmitea.re\/index.php\/shop\/\"},{\"@type\":\"ListItem\",\"position\":3,\"name\":\"White Bellini &#8211; Th\u00e9 blanc bio p\u00eache &#8211; Kusmi Tea R\u00e9union\"}]},{\"@type\":\"WebSite\",\"@id\":\"https:\/\/kusmitea.re\/#website\",\"url\":\"https:\/\/kusmitea.re\/\",\"name\":\"Kusmi Tea R\u00e9union\",\"description\":\"\",\"publisher\":{\"@id\":\"https:\/\/kusmitea.re\/#organization\"},\"potentialAction\":[{\"@type\":\"SearchAction\",\"target\":{\"@type\":\"EntryPoint\",\"urlTemplate\":\"https:\/\/kusmitea.re\/?s={search_term_string}\"},\"query-input\":{\"@type\":\"PropertyValueSpecification\",\"valueRequired\":true,\"valueName\":\"search_term_string\"}}],\"inLanguage\":\"fr-FR\"},{\"@type\":\"Organization\",\"@id\":\"https:\/\/kusmitea.re\/#organization\",\"name\":\"Kusmi Tea R\u00e9union\",\"url\":\"https:\/\/kusmitea.re\/\",\"logo\":{\"@type\":\"ImageObject\",\"inLanguage\":\"fr-FR\",\"@id\":\"https:\/\/kusmitea.re\/#\/schema\/logo\/image\/\",\"url\":\"https:\/\/kusmitea.re\/wp-content\/uploads\/2023\/05\/cropped-logo.webp\",\"contentUrl\":\"https:\/\/kusmitea.re\/wp-content\/uploads\/2023\/05\/cropped-logo.webp\",\"width\":469,\"height\":141,\"caption\":\"Kusmi Tea R\u00e9union\"},\"image\":{\"@id\":\"https:\/\/kusmitea.re\/#\/schema\/logo\/image\/\"},\"sameAs\":[\"https:\/\/www.facebook.com\/p\/Kusmi-Tea-Runion-61571670075100\/\",\"https:\/\/www.instagram.com\/kusmiteare\/\"]}]}<\/script>\n<!-- \/ Yoast SEO plugin. -->","yoast_head_json":{"title":"White Bellini - Th\u00e9 blanc bio p\u00eache - Kusmi Tea R\u00e9union - Kusmi Tea R\u00e9union","description":"White Bellini bio Kusmi Tea : go\u00fbtez ce th\u00e9 blanc \u00e0 la p\u00eache et \u00e0 l'abricot. L\u00e9ger et exotique, un th\u00e9 qui rappelle le Bellini de Venise !","robots":{"index":"index","follow":"follow","max-snippet":"max-snippet:-1","max-image-preview":"max-image-preview:large","max-video-preview":"max-video-preview:-1"},"canonical":"https:\/\/kusmitea.re\/index.php\/product\/white-bellini-bio\/","og_locale":"fr_FR","og_type":"article","og_title":"White Bellini - Th\u00e9 blanc bio p\u00eache - Kusmi Tea R\u00e9union - Kusmi Tea R\u00e9union","og_description":"White Bellini bio Kusmi Tea : go\u00fbtez ce th\u00e9 blanc \u00e0 la p\u00eache et \u00e0 l'abricot. L\u00e9ger et exotique, un th\u00e9 qui rappelle le Bellini de Venise !","og_url":"https:\/\/kusmitea.re\/index.php\/product\/white-bellini-bio\/","og_site_name":"Kusmi Tea R\u00e9union","article_publisher":"https:\/\/www.facebook.com\/p\/Kusmi-Tea-Runion-61571670075100\/","article_modified_time":"2026-01-02T10:21:22+00:00","og_image":[{"width":1308,"height":1080,"url":"https:\/\/kusmitea.re\/wp-content\/uploads\/2025\/08\/BBEL100BIO_FR.png","type":"image\/png"}],"twitter_card":"summary_large_image","twitter_misc":{"Dur\u00e9e de lecture estim\u00e9e":"2 minutes"},"schema":{"@context":"https:\/\/schema.org","@graph":[{"@type":"WebPage","@id":"https:\/\/kusmitea.re\/index.php\/product\/white-bellini-bio\/","url":"https:\/\/kusmitea.re\/index.php\/product\/white-bellini-bio\/","name":"White Bellini - Th\u00e9 blanc bio p\u00eache - Kusmi Tea R\u00e9union - Kusmi Tea R\u00e9union","isPartOf":{"@id":"https:\/\/kusmitea.re\/#website"},"primaryImageOfPage":{"@id":"https:\/\/kusmitea.re\/index.php\/product\/white-bellini-bio\/#primaryimage"},"image":{"@id":"https:\/\/kusmitea.re\/index.php\/product\/white-bellini-bio\/#primaryimage"},"thumbnailUrl":"https:\/\/kusmitea.re\/wp-content\/uploads\/2025\/08\/BBEL100BIO_FR.png","datePublished":"2025-08-30T04:45:20+00:00","dateModified":"2026-01-02T10:21:22+00:00","description":"White Bellini bio Kusmi Tea : go\u00fbtez ce th\u00e9 blanc \u00e0 la p\u00eache et \u00e0 l'abricot. L\u00e9ger et exotique, un th\u00e9 qui rappelle le Bellini de Venise !","breadcrumb":{"@id":"https:\/\/kusmitea.re\/index.php\/product\/white-bellini-bio\/#breadcrumb"},"inLanguage":"fr-FR","potentialAction":[{"@type":"ReadAction","target":["https:\/\/kusmitea.re\/index.php\/product\/white-bellini-bio\/"]}]},{"@type":"ImageObject","inLanguage":"fr-FR","@id":"https:\/\/kusmitea.re\/index.php\/product\/white-bellini-bio\/#primaryimage","url":"https:\/\/kusmitea.re\/wp-content\/uploads\/2025\/08\/BBEL100BIO_FR.png","contentUrl":"https:\/\/kusmitea.re\/wp-content\/uploads\/2025\/08\/BBEL100BIO_FR.png","width":1308,"height":1080},{"@type":"BreadcrumbList","@id":"https:\/\/kusmitea.re\/index.php\/product\/white-bellini-bio\/#breadcrumb","itemListElement":[{"@type":"ListItem","position":1,"name":"Accueil","item":"https:\/\/kusmitea.re\/"},{"@type":"ListItem","position":2,"name":"Boutique","item":"https:\/\/kusmitea.re\/index.php\/shop\/"},{"@type":"ListItem","position":3,"name":"White Bellini &#8211; Th\u00e9 blanc bio p\u00eache &#8211; Kusmi Tea R\u00e9union"}]},{"@type":"WebSite","@id":"https:\/\/kusmitea.re\/#website","url":"https:\/\/kusmitea.re\/","name":"Kusmi Tea R\u00e9union","description":"","publisher":{"@id":"https:\/\/kusmitea.re\/#organization"},"potentialAction":[{"@type":"SearchAction","target":{"@type":"EntryPoint","urlTemplate":"https:\/\/kusmitea.re\/?s={search_term_string}"},"query-input":{"@type":"PropertyValueSpecification","valueRequired":true,"valueName":"search_term_string"}}],"inLanguage":"fr-FR"},{"@type":"Organization","@id":"https:\/\/kusmitea.re\/#organization","name":"Kusmi Tea R\u00e9union","url":"https:\/\/kusmitea.re\/","logo":{"@type":"ImageObject","inLanguage":"fr-FR","@id":"https:\/\/kusmitea.re\/#\/schema\/logo\/image\/","url":"https:\/\/kusmitea.re\/wp-content\/uploads\/2023\/05\/cropped-logo.webp","contentUrl":"https:\/\/kusmitea.re\/wp-content\/uploads\/2023\/05\/cropped-logo.webp","width":469,"height":141,"caption":"Kusmi Tea R\u00e9union"},"image":{"@id":"https:\/\/kusmitea.re\/#\/schema\/logo\/image\/"},"sameAs":["https:\/\/www.facebook.com\/p\/Kusmi-Tea-Runion-61571670075100\/","https:\/\/www.instagram.com\/kusmiteare\/"]}]}},"jetpack_sharing_enabled":true,"_links":{"self":[{"href":"https:\/\/kusmitea.re\/index.php\/wp-json\/wp\/v2\/product\/6328","targetHints":{"allow":["GET"]}}],"collection":[{"href":"https:\/\/kusmitea.re\/index.php\/wp-json\/wp\/v2\/product"}],"about":[{"href":"https:\/\/kusmitea.re\/index.php\/wp-json\/wp\/v2\/types\/product"}],"replies":[{"embeddable":true,"href":"https:\/\/kusmitea.re\/index.php\/wp-json\/wp\/v2\/comments?post=6328"}],"version-history":[{"count":5,"href":"https:\/\/kusmitea.re\/index.php\/wp-json\/wp\/v2\/product\/6328\/revisions"}],"predecessor-version":[{"id":13030,"href":"https:\/\/kusmitea.re\/index.php\/wp-json\/wp\/v2\/product\/6328\/revisions\/13030"}],"wp:featuredmedia":[{"embeddable":true,"href":"https:\/\/kusmitea.re\/index.php\/wp-json\/wp\/v2\/media\/6378"}],"wp:attachment":[{"href":"https:\/\/kusmitea.re\/index.php\/wp-json\/wp\/v2\/media?parent=6328"}],"wp:term":[{"taxonomy":"product_cat","embeddable":true,"href":"https:\/\/kusmitea.re\/index.php\/wp-json\/wp\/v2\/product_cat?post=6328"},{"taxonomy":"product_tag","embeddable":true,"href":"https:\/\/kusmitea.re\/index.php\/wp-json\/wp\/v2\/product_tag?post=6328"}],"curies":[{"name":"wp","href":"https:\/\/api.w.org\/{rel}","templated":true}]}}