{"id":6299,"date":"2025-08-30T06:44:30","date_gmt":"2025-08-30T04:44:30","guid":{"rendered":"https:\/\/kusmitea.re\/?post_type=product&#038;p=6299"},"modified":"2025-12-30T06:09:02","modified_gmt":"2025-12-30T05:09:02","slug":"cuillere-a-the-kusmi-tea","status":"publish","type":"product","link":"https:\/\/kusmitea.re\/index.php\/product\/cuillere-a-the-kusmi-tea\/","title":{"rendered":"Cuill\u00e8re \u00e0 th\u00e9 Kusmi Tea"},"content":{"rendered":"<p>Kusmi Tea\u00ae pr\u00e9sente sa cuill\u00e8re \u00e0 th\u00e9 argent\u00e9e. Son design et sa finesse en font l\u2019accessoire coup de c\u0153ur qui accompagnera avec \u00e9l\u00e9gance la pr\u00e9paration du th\u00e9.<\/p>\n","protected":false},"excerpt":{"rendered":"<p>Kusmi Tea\u00ae pr\u00e9sente sa cuill\u00e8re \u00e0 th\u00e9 argent\u00e9e. Son design et sa finesse en font l\u2019accessoire coup de c\u0153ur qui accompagnera avec \u00e9l\u00e9gance la pr\u00e9paration du th\u00e9.<\/p>\n","protected":false},"featured_media":6342,"comment_status":"open","ping_status":"closed","template":"","meta":[],"product_cat":[350],"product_tag":[],"class_list":{"0":"post-6299","1":"product","2":"type-product","3":"status-publish","4":"has-post-thumbnail","6":"product_cat-accessoires","8":"first","9":"outofstock","10":"shipping-taxable","11":"purchasable","12":"product-type-simple"},"yoast_head":"<!-- This site is optimized with the Yoast SEO plugin v26.6 - https:\/\/yoast.com\/wordpress\/plugins\/seo\/ -->\n<title>Cuill\u00e8re \u00e0 th\u00e9 Kusmi Tea - Kusmi Tea R\u00e9union<\/title>\n<meta name=\"robots\" content=\"index, follow, max-snippet:-1, max-image-preview:large, max-video-preview:-1\" \/>\n<link rel=\"canonical\" href=\"https:\/\/kusmitea.re\/index.php\/product\/cuillere-a-the-kusmi-tea\/\" \/>\n<meta property=\"og:locale\" content=\"fr_FR\" \/>\n<meta property=\"og:type\" content=\"article\" \/>\n<meta property=\"og:title\" content=\"Cuill\u00e8re \u00e0 th\u00e9 Kusmi Tea - Kusmi Tea R\u00e9union\" \/>\n<meta property=\"og:description\" content=\"Kusmi Tea\u00ae pr\u00e9sente sa cuill\u00e8re \u00e0 th\u00e9 argent\u00e9e. Son design et sa finesse en font l\u2019accessoire coup de c\u0153ur qui accompagnera avec \u00e9l\u00e9gance la pr\u00e9paration du th\u00e9.\" \/>\n<meta property=\"og:url\" content=\"https:\/\/kusmitea.re\/index.php\/product\/cuillere-a-the-kusmi-tea\/\" \/>\n<meta property=\"og:site_name\" content=\"Kusmi Tea R\u00e9union\" \/>\n<meta property=\"article:publisher\" content=\"https:\/\/www.facebook.com\/p\/Kusmi-Tea-Runion-61571670075100\/\" \/>\n<meta property=\"article:modified_time\" content=\"2025-12-30T05:09:02+00:00\" \/>\n<meta property=\"og:image\" content=\"https:\/\/kusmitea.re\/wp-content\/uploads\/2025\/08\/Accessoire-24.png\" \/>\n\t<meta property=\"og:image:width\" content=\"400\" \/>\n\t<meta property=\"og:image:height\" content=\"342\" \/>\n\t<meta property=\"og:image:type\" content=\"image\/png\" \/>\n<meta name=\"twitter:card\" content=\"summary_large_image\" \/>\n<meta name=\"twitter:label1\" content=\"Dur\u00e9e de lecture estim\u00e9e\" \/>\n\t<meta name=\"twitter:data1\" content=\"1 minute\" \/>\n<script type=\"application\/ld+json\" class=\"yoast-schema-graph\">{\"@context\":\"https:\/\/schema.org\",\"@graph\":[{\"@type\":\"WebPage\",\"@id\":\"https:\/\/kusmitea.re\/index.php\/product\/cuillere-a-the-kusmi-tea\/\",\"url\":\"https:\/\/kusmitea.re\/index.php\/product\/cuillere-a-the-kusmi-tea\/\",\"name\":\"Cuill\u00e8re \u00e0 th\u00e9 Kusmi Tea - Kusmi Tea R\u00e9union\",\"isPartOf\":{\"@id\":\"https:\/\/kusmitea.re\/#website\"},\"primaryImageOfPage\":{\"@id\":\"https:\/\/kusmitea.re\/index.php\/product\/cuillere-a-the-kusmi-tea\/#primaryimage\"},\"image\":{\"@id\":\"https:\/\/kusmitea.re\/index.php\/product\/cuillere-a-the-kusmi-tea\/#primaryimage\"},\"thumbnailUrl\":\"https:\/\/kusmitea.re\/wp-content\/uploads\/2025\/08\/Accessoire-24.png\",\"datePublished\":\"2025-08-30T04:44:30+00:00\",\"dateModified\":\"2025-12-30T05:09:02+00:00\",\"breadcrumb\":{\"@id\":\"https:\/\/kusmitea.re\/index.php\/product\/cuillere-a-the-kusmi-tea\/#breadcrumb\"},\"inLanguage\":\"fr-FR\",\"potentialAction\":[{\"@type\":\"ReadAction\",\"target\":[\"https:\/\/kusmitea.re\/index.php\/product\/cuillere-a-the-kusmi-tea\/\"]}]},{\"@type\":\"ImageObject\",\"inLanguage\":\"fr-FR\",\"@id\":\"https:\/\/kusmitea.re\/index.php\/product\/cuillere-a-the-kusmi-tea\/#primaryimage\",\"url\":\"https:\/\/kusmitea.re\/wp-content\/uploads\/2025\/08\/Accessoire-24.png\",\"contentUrl\":\"https:\/\/kusmitea.re\/wp-content\/uploads\/2025\/08\/Accessoire-24.png\",\"width\":400,\"height\":342},{\"@type\":\"BreadcrumbList\",\"@id\":\"https:\/\/kusmitea.re\/index.php\/product\/cuillere-a-the-kusmi-tea\/#breadcrumb\",\"itemListElement\":[{\"@type\":\"ListItem\",\"position\":1,\"name\":\"Accueil\",\"item\":\"https:\/\/kusmitea.re\/\"},{\"@type\":\"ListItem\",\"position\":2,\"name\":\"Boutique\",\"item\":\"https:\/\/kusmitea.re\/index.php\/shop\/\"},{\"@type\":\"ListItem\",\"position\":3,\"name\":\"Cuill\u00e8re \u00e0 th\u00e9 Kusmi Tea\"}]},{\"@type\":\"WebSite\",\"@id\":\"https:\/\/kusmitea.re\/#website\",\"url\":\"https:\/\/kusmitea.re\/\",\"name\":\"Kusmi Tea R\u00e9union\",\"description\":\"\",\"publisher\":{\"@id\":\"https:\/\/kusmitea.re\/#organization\"},\"potentialAction\":[{\"@type\":\"SearchAction\",\"target\":{\"@type\":\"EntryPoint\",\"urlTemplate\":\"https:\/\/kusmitea.re\/?s={search_term_string}\"},\"query-input\":{\"@type\":\"PropertyValueSpecification\",\"valueRequired\":true,\"valueName\":\"search_term_string\"}}],\"inLanguage\":\"fr-FR\"},{\"@type\":\"Organization\",\"@id\":\"https:\/\/kusmitea.re\/#organization\",\"name\":\"Kusmi Tea R\u00e9union\",\"url\":\"https:\/\/kusmitea.re\/\",\"logo\":{\"@type\":\"ImageObject\",\"inLanguage\":\"fr-FR\",\"@id\":\"https:\/\/kusmitea.re\/#\/schema\/logo\/image\/\",\"url\":\"https:\/\/kusmitea.re\/wp-content\/uploads\/2023\/05\/cropped-logo.webp\",\"contentUrl\":\"https:\/\/kusmitea.re\/wp-content\/uploads\/2023\/05\/cropped-logo.webp\",\"width\":469,\"height\":141,\"caption\":\"Kusmi Tea R\u00e9union\"},\"image\":{\"@id\":\"https:\/\/kusmitea.re\/#\/schema\/logo\/image\/\"},\"sameAs\":[\"https:\/\/www.facebook.com\/p\/Kusmi-Tea-Runion-61571670075100\/\",\"https:\/\/www.instagram.com\/kusmiteare\/\"]}]}<\/script>\n<!-- \/ Yoast SEO plugin. -->","yoast_head_json":{"title":"Cuill\u00e8re \u00e0 th\u00e9 Kusmi Tea - Kusmi Tea R\u00e9union","robots":{"index":"index","follow":"follow","max-snippet":"max-snippet:-1","max-image-preview":"max-image-preview:large","max-video-preview":"max-video-preview:-1"},"canonical":"https:\/\/kusmitea.re\/index.php\/product\/cuillere-a-the-kusmi-tea\/","og_locale":"fr_FR","og_type":"article","og_title":"Cuill\u00e8re \u00e0 th\u00e9 Kusmi Tea - Kusmi Tea R\u00e9union","og_description":"Kusmi Tea\u00ae pr\u00e9sente sa cuill\u00e8re \u00e0 th\u00e9 argent\u00e9e. Son design et sa finesse en font l\u2019accessoire coup de c\u0153ur qui accompagnera avec \u00e9l\u00e9gance la pr\u00e9paration du th\u00e9.","og_url":"https:\/\/kusmitea.re\/index.php\/product\/cuillere-a-the-kusmi-tea\/","og_site_name":"Kusmi Tea R\u00e9union","article_publisher":"https:\/\/www.facebook.com\/p\/Kusmi-Tea-Runion-61571670075100\/","article_modified_time":"2025-12-30T05:09:02+00:00","og_image":[{"width":400,"height":342,"url":"https:\/\/kusmitea.re\/wp-content\/uploads\/2025\/08\/Accessoire-24.png","type":"image\/png"}],"twitter_card":"summary_large_image","twitter_misc":{"Dur\u00e9e de lecture estim\u00e9e":"1 minute"},"schema":{"@context":"https:\/\/schema.org","@graph":[{"@type":"WebPage","@id":"https:\/\/kusmitea.re\/index.php\/product\/cuillere-a-the-kusmi-tea\/","url":"https:\/\/kusmitea.re\/index.php\/product\/cuillere-a-the-kusmi-tea\/","name":"Cuill\u00e8re \u00e0 th\u00e9 Kusmi Tea - Kusmi Tea R\u00e9union","isPartOf":{"@id":"https:\/\/kusmitea.re\/#website"},"primaryImageOfPage":{"@id":"https:\/\/kusmitea.re\/index.php\/product\/cuillere-a-the-kusmi-tea\/#primaryimage"},"image":{"@id":"https:\/\/kusmitea.re\/index.php\/product\/cuillere-a-the-kusmi-tea\/#primaryimage"},"thumbnailUrl":"https:\/\/kusmitea.re\/wp-content\/uploads\/2025\/08\/Accessoire-24.png","datePublished":"2025-08-30T04:44:30+00:00","dateModified":"2025-12-30T05:09:02+00:00","breadcrumb":{"@id":"https:\/\/kusmitea.re\/index.php\/product\/cuillere-a-the-kusmi-tea\/#breadcrumb"},"inLanguage":"fr-FR","potentialAction":[{"@type":"ReadAction","target":["https:\/\/kusmitea.re\/index.php\/product\/cuillere-a-the-kusmi-tea\/"]}]},{"@type":"ImageObject","inLanguage":"fr-FR","@id":"https:\/\/kusmitea.re\/index.php\/product\/cuillere-a-the-kusmi-tea\/#primaryimage","url":"https:\/\/kusmitea.re\/wp-content\/uploads\/2025\/08\/Accessoire-24.png","contentUrl":"https:\/\/kusmitea.re\/wp-content\/uploads\/2025\/08\/Accessoire-24.png","width":400,"height":342},{"@type":"BreadcrumbList","@id":"https:\/\/kusmitea.re\/index.php\/product\/cuillere-a-the-kusmi-tea\/#breadcrumb","itemListElement":[{"@type":"ListItem","position":1,"name":"Accueil","item":"https:\/\/kusmitea.re\/"},{"@type":"ListItem","position":2,"name":"Boutique","item":"https:\/\/kusmitea.re\/index.php\/shop\/"},{"@type":"ListItem","position":3,"name":"Cuill\u00e8re \u00e0 th\u00e9 Kusmi Tea"}]},{"@type":"WebSite","@id":"https:\/\/kusmitea.re\/#website","url":"https:\/\/kusmitea.re\/","name":"Kusmi Tea R\u00e9union","description":"","publisher":{"@id":"https:\/\/kusmitea.re\/#organization"},"potentialAction":[{"@type":"SearchAction","target":{"@type":"EntryPoint","urlTemplate":"https:\/\/kusmitea.re\/?s={search_term_string}"},"query-input":{"@type":"PropertyValueSpecification","valueRequired":true,"valueName":"search_term_string"}}],"inLanguage":"fr-FR"},{"@type":"Organization","@id":"https:\/\/kusmitea.re\/#organization","name":"Kusmi Tea R\u00e9union","url":"https:\/\/kusmitea.re\/","logo":{"@type":"ImageObject","inLanguage":"fr-FR","@id":"https:\/\/kusmitea.re\/#\/schema\/logo\/image\/","url":"https:\/\/kusmitea.re\/wp-content\/uploads\/2023\/05\/cropped-logo.webp","contentUrl":"https:\/\/kusmitea.re\/wp-content\/uploads\/2023\/05\/cropped-logo.webp","width":469,"height":141,"caption":"Kusmi Tea R\u00e9union"},"image":{"@id":"https:\/\/kusmitea.re\/#\/schema\/logo\/image\/"},"sameAs":["https:\/\/www.facebook.com\/p\/Kusmi-Tea-Runion-61571670075100\/","https:\/\/www.instagram.com\/kusmiteare\/"]}]}},"jetpack_sharing_enabled":true,"_links":{"self":[{"href":"https:\/\/kusmitea.re\/index.php\/wp-json\/wp\/v2\/product\/6299","targetHints":{"allow":["GET"]}}],"collection":[{"href":"https:\/\/kusmitea.re\/index.php\/wp-json\/wp\/v2\/product"}],"about":[{"href":"https:\/\/kusmitea.re\/index.php\/wp-json\/wp\/v2\/types\/product"}],"replies":[{"embeddable":true,"href":"https:\/\/kusmitea.re\/index.php\/wp-json\/wp\/v2\/comments?post=6299"}],"version-history":[{"count":1,"href":"https:\/\/kusmitea.re\/index.php\/wp-json\/wp\/v2\/product\/6299\/revisions"}],"predecessor-version":[{"id":12885,"href":"https:\/\/kusmitea.re\/index.php\/wp-json\/wp\/v2\/product\/6299\/revisions\/12885"}],"wp:featuredmedia":[{"embeddable":true,"href":"https:\/\/kusmitea.re\/index.php\/wp-json\/wp\/v2\/media\/6342"}],"wp:attachment":[{"href":"https:\/\/kusmitea.re\/index.php\/wp-json\/wp\/v2\/media?parent=6299"}],"wp:term":[{"taxonomy":"product_cat","embeddable":true,"href":"https:\/\/kusmitea.re\/index.php\/wp-json\/wp\/v2\/product_cat?post=6299"},{"taxonomy":"product_tag","embeddable":true,"href":"https:\/\/kusmitea.re\/index.php\/wp-json\/wp\/v2\/product_tag?post=6299"}],"curies":[{"name":"wp","href":"https:\/\/api.w.org\/{rel}","templated":true}]}}