{"id":6293,"date":"2025-08-30T06:44:29","date_gmt":"2025-08-30T04:44:29","guid":{"rendered":"https:\/\/kusmitea.re\/?post_type=product&#038;p=6293"},"modified":"2025-12-30T06:09:15","modified_gmt":"2025-12-30T05:09:15","slug":"filtre-a-the-finum-permanent","status":"publish","type":"product","link":"https:\/\/kusmitea.re\/index.php\/product\/filtre-a-the-finum-permanent\/","title":{"rendered":"Filtre \u00e0 th\u00e9 FINUM permanent"},"content":{"rendered":"<p style=\"text-align: justify;\">Ce filtre \u00e0 th\u00e9 permanent Finum\u00ae est le moyen le plus simple et rapide pour ce faire un th\u00e9 dans une tasse \u00e0 th\u00e9 ou un mug. Sp\u00e9cialement con\u00e7u pour les mugs ou tasses \u00e0 th\u00e9 disposant d\u2019un diam\u00e8tre int\u00e9rieur situ\u00e9 entre 65 \u00e0 95 mm.<\/p>\n","protected":false},"excerpt":{"rendered":"<p>Ce filtre \u00e0 th\u00e9 permanent Finum\u00ae est le moyen le plus simple et rapide pour ce faire un th\u00e9 dans une tasse \u00e0 th\u00e9 ou un mug. Sp\u00e9cialement con\u00e7u pour les mugs ou tasses \u00e0 th\u00e9 disposant d\u2019un diam\u00e8tre int\u00e9rieur situ\u00e9 entre 65 \u00e0 95 mm.<\/p>\n","protected":false},"featured_media":6337,"comment_status":"open","ping_status":"closed","template":"","meta":[],"product_cat":[350],"product_tag":[],"class_list":{"0":"post-6293","1":"product","2":"type-product","3":"status-publish","4":"has-post-thumbnail","6":"product_cat-accessoires","8":"first","9":"instock","10":"shipping-taxable","11":"purchasable","12":"product-type-simple"},"yoast_head":"<!-- This site is optimized with the Yoast SEO plugin v26.6 - https:\/\/yoast.com\/wordpress\/plugins\/seo\/ -->\n<title>Filtre \u00e0 th\u00e9 FINUM permanent - Kusmi Tea R\u00e9union<\/title>\n<meta name=\"robots\" content=\"index, follow, max-snippet:-1, max-image-preview:large, max-video-preview:-1\" \/>\n<link rel=\"canonical\" href=\"https:\/\/kusmitea.re\/index.php\/product\/filtre-a-the-finum-permanent\/\" \/>\n<meta property=\"og:locale\" content=\"fr_FR\" \/>\n<meta property=\"og:type\" content=\"article\" \/>\n<meta property=\"og:title\" content=\"Filtre \u00e0 th\u00e9 FINUM permanent - Kusmi Tea R\u00e9union\" \/>\n<meta property=\"og:description\" content=\"Ce filtre \u00e0 th\u00e9 permanent Finum\u00ae est le moyen le plus simple et rapide pour ce faire un th\u00e9 dans une tasse \u00e0 th\u00e9 ou un mug. Sp\u00e9cialement con\u00e7u pour les mugs ou tasses \u00e0 th\u00e9 disposant d\u2019un diam\u00e8tre int\u00e9rieur situ\u00e9 entre 65 \u00e0 95 mm.\" \/>\n<meta property=\"og:url\" content=\"https:\/\/kusmitea.re\/index.php\/product\/filtre-a-the-finum-permanent\/\" \/>\n<meta property=\"og:site_name\" content=\"Kusmi Tea R\u00e9union\" \/>\n<meta property=\"article:publisher\" content=\"https:\/\/www.facebook.com\/p\/Kusmi-Tea-Runion-61571670075100\/\" \/>\n<meta property=\"article:modified_time\" content=\"2025-12-30T05:09:15+00:00\" \/>\n<meta property=\"og:image\" content=\"https:\/\/kusmitea.re\/wp-content\/uploads\/2025\/08\/Accessoire-3.jpg\" \/>\n\t<meta property=\"og:image:width\" content=\"420\" \/>\n\t<meta property=\"og:image:height\" content=\"420\" \/>\n\t<meta property=\"og:image:type\" content=\"image\/jpeg\" \/>\n<meta name=\"twitter:card\" content=\"summary_large_image\" \/>\n<meta name=\"twitter:label1\" content=\"Dur\u00e9e de lecture estim\u00e9e\" \/>\n\t<meta name=\"twitter:data1\" content=\"1 minute\" \/>\n<script type=\"application\/ld+json\" class=\"yoast-schema-graph\">{\"@context\":\"https:\/\/schema.org\",\"@graph\":[{\"@type\":\"WebPage\",\"@id\":\"https:\/\/kusmitea.re\/index.php\/product\/filtre-a-the-finum-permanent\/\",\"url\":\"https:\/\/kusmitea.re\/index.php\/product\/filtre-a-the-finum-permanent\/\",\"name\":\"Filtre \u00e0 th\u00e9 FINUM permanent - Kusmi Tea R\u00e9union\",\"isPartOf\":{\"@id\":\"https:\/\/kusmitea.re\/#website\"},\"primaryImageOfPage\":{\"@id\":\"https:\/\/kusmitea.re\/index.php\/product\/filtre-a-the-finum-permanent\/#primaryimage\"},\"image\":{\"@id\":\"https:\/\/kusmitea.re\/index.php\/product\/filtre-a-the-finum-permanent\/#primaryimage\"},\"thumbnailUrl\":\"https:\/\/kusmitea.re\/wp-content\/uploads\/2025\/08\/Accessoire-3.jpg\",\"datePublished\":\"2025-08-30T04:44:29+00:00\",\"dateModified\":\"2025-12-30T05:09:15+00:00\",\"breadcrumb\":{\"@id\":\"https:\/\/kusmitea.re\/index.php\/product\/filtre-a-the-finum-permanent\/#breadcrumb\"},\"inLanguage\":\"fr-FR\",\"potentialAction\":[{\"@type\":\"ReadAction\",\"target\":[\"https:\/\/kusmitea.re\/index.php\/product\/filtre-a-the-finum-permanent\/\"]}]},{\"@type\":\"ImageObject\",\"inLanguage\":\"fr-FR\",\"@id\":\"https:\/\/kusmitea.re\/index.php\/product\/filtre-a-the-finum-permanent\/#primaryimage\",\"url\":\"https:\/\/kusmitea.re\/wp-content\/uploads\/2025\/08\/Accessoire-3.jpg\",\"contentUrl\":\"https:\/\/kusmitea.re\/wp-content\/uploads\/2025\/08\/Accessoire-3.jpg\",\"width\":420,\"height\":420},{\"@type\":\"BreadcrumbList\",\"@id\":\"https:\/\/kusmitea.re\/index.php\/product\/filtre-a-the-finum-permanent\/#breadcrumb\",\"itemListElement\":[{\"@type\":\"ListItem\",\"position\":1,\"name\":\"Accueil\",\"item\":\"https:\/\/kusmitea.re\/\"},{\"@type\":\"ListItem\",\"position\":2,\"name\":\"Boutique\",\"item\":\"https:\/\/kusmitea.re\/index.php\/shop\/\"},{\"@type\":\"ListItem\",\"position\":3,\"name\":\"Filtre \u00e0 th\u00e9 FINUM permanent\"}]},{\"@type\":\"WebSite\",\"@id\":\"https:\/\/kusmitea.re\/#website\",\"url\":\"https:\/\/kusmitea.re\/\",\"name\":\"Kusmi Tea R\u00e9union\",\"description\":\"\",\"publisher\":{\"@id\":\"https:\/\/kusmitea.re\/#organization\"},\"potentialAction\":[{\"@type\":\"SearchAction\",\"target\":{\"@type\":\"EntryPoint\",\"urlTemplate\":\"https:\/\/kusmitea.re\/?s={search_term_string}\"},\"query-input\":{\"@type\":\"PropertyValueSpecification\",\"valueRequired\":true,\"valueName\":\"search_term_string\"}}],\"inLanguage\":\"fr-FR\"},{\"@type\":\"Organization\",\"@id\":\"https:\/\/kusmitea.re\/#organization\",\"name\":\"Kusmi Tea R\u00e9union\",\"url\":\"https:\/\/kusmitea.re\/\",\"logo\":{\"@type\":\"ImageObject\",\"inLanguage\":\"fr-FR\",\"@id\":\"https:\/\/kusmitea.re\/#\/schema\/logo\/image\/\",\"url\":\"https:\/\/kusmitea.re\/wp-content\/uploads\/2023\/05\/cropped-logo.webp\",\"contentUrl\":\"https:\/\/kusmitea.re\/wp-content\/uploads\/2023\/05\/cropped-logo.webp\",\"width\":469,\"height\":141,\"caption\":\"Kusmi Tea R\u00e9union\"},\"image\":{\"@id\":\"https:\/\/kusmitea.re\/#\/schema\/logo\/image\/\"},\"sameAs\":[\"https:\/\/www.facebook.com\/p\/Kusmi-Tea-Runion-61571670075100\/\",\"https:\/\/www.instagram.com\/kusmiteare\/\"]}]}<\/script>\n<!-- \/ Yoast SEO plugin. -->","yoast_head_json":{"title":"Filtre \u00e0 th\u00e9 FINUM permanent - Kusmi Tea R\u00e9union","robots":{"index":"index","follow":"follow","max-snippet":"max-snippet:-1","max-image-preview":"max-image-preview:large","max-video-preview":"max-video-preview:-1"},"canonical":"https:\/\/kusmitea.re\/index.php\/product\/filtre-a-the-finum-permanent\/","og_locale":"fr_FR","og_type":"article","og_title":"Filtre \u00e0 th\u00e9 FINUM permanent - Kusmi Tea R\u00e9union","og_description":"Ce filtre \u00e0 th\u00e9 permanent Finum\u00ae est le moyen le plus simple et rapide pour ce faire un th\u00e9 dans une tasse \u00e0 th\u00e9 ou un mug. Sp\u00e9cialement con\u00e7u pour les mugs ou tasses \u00e0 th\u00e9 disposant d\u2019un diam\u00e8tre int\u00e9rieur situ\u00e9 entre 65 \u00e0 95 mm.","og_url":"https:\/\/kusmitea.re\/index.php\/product\/filtre-a-the-finum-permanent\/","og_site_name":"Kusmi Tea R\u00e9union","article_publisher":"https:\/\/www.facebook.com\/p\/Kusmi-Tea-Runion-61571670075100\/","article_modified_time":"2025-12-30T05:09:15+00:00","og_image":[{"width":420,"height":420,"url":"https:\/\/kusmitea.re\/wp-content\/uploads\/2025\/08\/Accessoire-3.jpg","type":"image\/jpeg"}],"twitter_card":"summary_large_image","twitter_misc":{"Dur\u00e9e de lecture estim\u00e9e":"1 minute"},"schema":{"@context":"https:\/\/schema.org","@graph":[{"@type":"WebPage","@id":"https:\/\/kusmitea.re\/index.php\/product\/filtre-a-the-finum-permanent\/","url":"https:\/\/kusmitea.re\/index.php\/product\/filtre-a-the-finum-permanent\/","name":"Filtre \u00e0 th\u00e9 FINUM permanent - Kusmi Tea R\u00e9union","isPartOf":{"@id":"https:\/\/kusmitea.re\/#website"},"primaryImageOfPage":{"@id":"https:\/\/kusmitea.re\/index.php\/product\/filtre-a-the-finum-permanent\/#primaryimage"},"image":{"@id":"https:\/\/kusmitea.re\/index.php\/product\/filtre-a-the-finum-permanent\/#primaryimage"},"thumbnailUrl":"https:\/\/kusmitea.re\/wp-content\/uploads\/2025\/08\/Accessoire-3.jpg","datePublished":"2025-08-30T04:44:29+00:00","dateModified":"2025-12-30T05:09:15+00:00","breadcrumb":{"@id":"https:\/\/kusmitea.re\/index.php\/product\/filtre-a-the-finum-permanent\/#breadcrumb"},"inLanguage":"fr-FR","potentialAction":[{"@type":"ReadAction","target":["https:\/\/kusmitea.re\/index.php\/product\/filtre-a-the-finum-permanent\/"]}]},{"@type":"ImageObject","inLanguage":"fr-FR","@id":"https:\/\/kusmitea.re\/index.php\/product\/filtre-a-the-finum-permanent\/#primaryimage","url":"https:\/\/kusmitea.re\/wp-content\/uploads\/2025\/08\/Accessoire-3.jpg","contentUrl":"https:\/\/kusmitea.re\/wp-content\/uploads\/2025\/08\/Accessoire-3.jpg","width":420,"height":420},{"@type":"BreadcrumbList","@id":"https:\/\/kusmitea.re\/index.php\/product\/filtre-a-the-finum-permanent\/#breadcrumb","itemListElement":[{"@type":"ListItem","position":1,"name":"Accueil","item":"https:\/\/kusmitea.re\/"},{"@type":"ListItem","position":2,"name":"Boutique","item":"https:\/\/kusmitea.re\/index.php\/shop\/"},{"@type":"ListItem","position":3,"name":"Filtre \u00e0 th\u00e9 FINUM permanent"}]},{"@type":"WebSite","@id":"https:\/\/kusmitea.re\/#website","url":"https:\/\/kusmitea.re\/","name":"Kusmi Tea R\u00e9union","description":"","publisher":{"@id":"https:\/\/kusmitea.re\/#organization"},"potentialAction":[{"@type":"SearchAction","target":{"@type":"EntryPoint","urlTemplate":"https:\/\/kusmitea.re\/?s={search_term_string}"},"query-input":{"@type":"PropertyValueSpecification","valueRequired":true,"valueName":"search_term_string"}}],"inLanguage":"fr-FR"},{"@type":"Organization","@id":"https:\/\/kusmitea.re\/#organization","name":"Kusmi Tea R\u00e9union","url":"https:\/\/kusmitea.re\/","logo":{"@type":"ImageObject","inLanguage":"fr-FR","@id":"https:\/\/kusmitea.re\/#\/schema\/logo\/image\/","url":"https:\/\/kusmitea.re\/wp-content\/uploads\/2023\/05\/cropped-logo.webp","contentUrl":"https:\/\/kusmitea.re\/wp-content\/uploads\/2023\/05\/cropped-logo.webp","width":469,"height":141,"caption":"Kusmi Tea R\u00e9union"},"image":{"@id":"https:\/\/kusmitea.re\/#\/schema\/logo\/image\/"},"sameAs":["https:\/\/www.facebook.com\/p\/Kusmi-Tea-Runion-61571670075100\/","https:\/\/www.instagram.com\/kusmiteare\/"]}]}},"jetpack_sharing_enabled":true,"_links":{"self":[{"href":"https:\/\/kusmitea.re\/index.php\/wp-json\/wp\/v2\/product\/6293","targetHints":{"allow":["GET"]}}],"collection":[{"href":"https:\/\/kusmitea.re\/index.php\/wp-json\/wp\/v2\/product"}],"about":[{"href":"https:\/\/kusmitea.re\/index.php\/wp-json\/wp\/v2\/types\/product"}],"replies":[{"embeddable":true,"href":"https:\/\/kusmitea.re\/index.php\/wp-json\/wp\/v2\/comments?post=6293"}],"version-history":[{"count":1,"href":"https:\/\/kusmitea.re\/index.php\/wp-json\/wp\/v2\/product\/6293\/revisions"}],"predecessor-version":[{"id":12886,"href":"https:\/\/kusmitea.re\/index.php\/wp-json\/wp\/v2\/product\/6293\/revisions\/12886"}],"wp:featuredmedia":[{"embeddable":true,"href":"https:\/\/kusmitea.re\/index.php\/wp-json\/wp\/v2\/media\/6337"}],"wp:attachment":[{"href":"https:\/\/kusmitea.re\/index.php\/wp-json\/wp\/v2\/media?parent=6293"}],"wp:term":[{"taxonomy":"product_cat","embeddable":true,"href":"https:\/\/kusmitea.re\/index.php\/wp-json\/wp\/v2\/product_cat?post=6293"},{"taxonomy":"product_tag","embeddable":true,"href":"https:\/\/kusmitea.re\/index.php\/wp-json\/wp\/v2\/product_tag?post=6293"}],"curies":[{"name":"wp","href":"https:\/\/api.w.org\/{rel}","templated":true}]}}