{"id":6276,"date":"2025-08-30T06:44:05","date_gmt":"2025-08-30T04:44:05","guid":{"rendered":"https:\/\/kusmitea.re\/?post_type=product&#038;p=6276"},"modified":"2026-01-02T09:59:46","modified_gmt":"2026-01-02T08:59:46","slug":"les-bien-etre-bio-24-sachets","status":"publish","type":"product","link":"https:\/\/kusmitea.re\/index.php\/product\/les-bien-etre-bio-24-sachets\/","title":{"rendered":"Les Bien-\u00catre Bio &#8211; 24 sachets"},"content":{"rendered":"<p>Transformez vos pauses quotidiennes en moments de d\u00e9tente gr\u00e2ce \u00e0 cet assortiment de 24 sachets envelopp\u00e9s. Avec 6 d\u00e9licieuses recettes, le coffret Les Bien-\u00catre vous accompagne tout au long de la journ\u00e9e.\u00a0\u00a0Detox, BB Detox et Blue Detox, trois m\u00e9langes iconiques de la maison Kusmi Tea, vous s\u00e9duiront gr\u00e2ce \u00e0 leurs notes fruit\u00e9es de citron-citronnelle, pamplemousse et ananas, rehaussant la base de th\u00e9 vert et de mat\u00e9. Laissez-vous ensuite transporter par nos deux m\u00e9langes \u00e9pic\u00e9s : Boost, qui associe le th\u00e9 vert et le mat\u00e9 \u00e0 la cannelle, la cardamome et le gingembre et Sweet Love, un m\u00e9lange enivrant de th\u00e9 noir, guarana, r\u00e9glisse et poivre rose. Be Cool, l\u2019infusion sans th\u00e9ine \u00e0 base de verveine, menthe poivr\u00e9e, r\u00e9glisse et pomme, vous apportera douceur et s\u00e9r\u00e9nit\u00e9 pour terminer votre journ\u00e9e.<\/p>\n","protected":false},"excerpt":{"rendered":"<p>Transformez vos pauses quotidiennes en moments de d\u00e9tente gr\u00e2ce \u00e0 cet assortiment de 24 sachets envelopp\u00e9s. Avec 6 d\u00e9licieuses recettes, le coffret Les Bien-\u00catre vous accompagne tout au long de la journ\u00e9e.\u00a0\u00a0Detox, BB Detox et Blue Detox, trois m\u00e9langes iconiques de la maison Kusmi Tea, vous s\u00e9duiront gr\u00e2ce \u00e0 leurs notes fruit\u00e9es de citron-citronnelle, pamplemousse [&hellip;]<\/p>\n","protected":false},"featured_media":6331,"comment_status":"open","ping_status":"closed","template":"","meta":[],"product_cat":[112,146,114],"product_tag":[],"class_list":{"0":"post-6276","1":"product","2":"type-product","3":"status-publish","4":"has-post-thumbnail","6":"product_cat-coffrets-cadeaux","7":"product_cat-coffrets-de-the-en-sachet","8":"product_cat-idees-cadeaux","10":"first","11":"outofstock","12":"shipping-taxable","13":"purchasable","14":"product-type-simple"},"yoast_head":"<!-- This site is optimized with the Yoast SEO plugin v26.6 - https:\/\/yoast.com\/wordpress\/plugins\/seo\/ -->\n<title>Les Bien-\u00catre Bio - 24 sachets - Kusmi Tea R\u00e9union<\/title>\n<meta name=\"robots\" content=\"index, follow, max-snippet:-1, max-image-preview:large, max-video-preview:-1\" \/>\n<link rel=\"canonical\" href=\"https:\/\/kusmitea.re\/index.php\/product\/les-bien-etre-bio-24-sachets\/\" \/>\n<meta property=\"og:locale\" content=\"fr_FR\" \/>\n<meta property=\"og:type\" content=\"article\" \/>\n<meta property=\"og:title\" content=\"Les Bien-\u00catre Bio - 24 sachets - Kusmi Tea R\u00e9union\" \/>\n<meta property=\"og:description\" content=\"Transformez vos pauses quotidiennes en moments de d\u00e9tente gr\u00e2ce \u00e0 cet assortiment de 24 sachets envelopp\u00e9s. Avec 6 d\u00e9licieuses recettes, le coffret Les Bien-\u00catre vous accompagne tout au long de la journ\u00e9e.\u00a0\u00a0Detox, BB Detox et Blue Detox, trois m\u00e9langes iconiques de la maison Kusmi Tea, vous s\u00e9duiront gr\u00e2ce \u00e0 leurs notes fruit\u00e9es de citron-citronnelle, pamplemousse [&hellip;]\" \/>\n<meta property=\"og:url\" content=\"https:\/\/kusmitea.re\/index.php\/product\/les-bien-etre-bio-24-sachets\/\" \/>\n<meta property=\"og:site_name\" content=\"Kusmi Tea R\u00e9union\" \/>\n<meta property=\"article:publisher\" content=\"https:\/\/www.facebook.com\/p\/Kusmi-Tea-Runion-61571670075100\/\" \/>\n<meta property=\"article:modified_time\" content=\"2026-01-02T08:59:46+00:00\" \/>\n<meta property=\"og:image\" content=\"https:\/\/kusmitea.re\/wp-content\/uploads\/2025\/08\/BIEN24EBIO.jpg\" \/>\n\t<meta property=\"og:image:width\" content=\"500\" \/>\n\t<meta property=\"og:image:height\" content=\"500\" \/>\n\t<meta property=\"og:image:type\" content=\"image\/jpeg\" \/>\n<meta name=\"twitter:card\" content=\"summary_large_image\" \/>\n<meta name=\"twitter:label1\" content=\"Dur\u00e9e de lecture estim\u00e9e\" \/>\n\t<meta name=\"twitter:data1\" content=\"1 minute\" \/>\n<script type=\"application\/ld+json\" class=\"yoast-schema-graph\">{\"@context\":\"https:\/\/schema.org\",\"@graph\":[{\"@type\":\"WebPage\",\"@id\":\"https:\/\/kusmitea.re\/index.php\/product\/les-bien-etre-bio-24-sachets\/\",\"url\":\"https:\/\/kusmitea.re\/index.php\/product\/les-bien-etre-bio-24-sachets\/\",\"name\":\"Les Bien-\u00catre Bio - 24 sachets - Kusmi Tea R\u00e9union\",\"isPartOf\":{\"@id\":\"https:\/\/kusmitea.re\/#website\"},\"primaryImageOfPage\":{\"@id\":\"https:\/\/kusmitea.re\/index.php\/product\/les-bien-etre-bio-24-sachets\/#primaryimage\"},\"image\":{\"@id\":\"https:\/\/kusmitea.re\/index.php\/product\/les-bien-etre-bio-24-sachets\/#primaryimage\"},\"thumbnailUrl\":\"https:\/\/kusmitea.re\/wp-content\/uploads\/2025\/08\/BIEN24EBIO.jpg\",\"datePublished\":\"2025-08-30T04:44:05+00:00\",\"dateModified\":\"2026-01-02T08:59:46+00:00\",\"breadcrumb\":{\"@id\":\"https:\/\/kusmitea.re\/index.php\/product\/les-bien-etre-bio-24-sachets\/#breadcrumb\"},\"inLanguage\":\"fr-FR\",\"potentialAction\":[{\"@type\":\"ReadAction\",\"target\":[\"https:\/\/kusmitea.re\/index.php\/product\/les-bien-etre-bio-24-sachets\/\"]}]},{\"@type\":\"ImageObject\",\"inLanguage\":\"fr-FR\",\"@id\":\"https:\/\/kusmitea.re\/index.php\/product\/les-bien-etre-bio-24-sachets\/#primaryimage\",\"url\":\"https:\/\/kusmitea.re\/wp-content\/uploads\/2025\/08\/BIEN24EBIO.jpg\",\"contentUrl\":\"https:\/\/kusmitea.re\/wp-content\/uploads\/2025\/08\/BIEN24EBIO.jpg\",\"width\":500,\"height\":500},{\"@type\":\"BreadcrumbList\",\"@id\":\"https:\/\/kusmitea.re\/index.php\/product\/les-bien-etre-bio-24-sachets\/#breadcrumb\",\"itemListElement\":[{\"@type\":\"ListItem\",\"position\":1,\"name\":\"Accueil\",\"item\":\"https:\/\/kusmitea.re\/\"},{\"@type\":\"ListItem\",\"position\":2,\"name\":\"Boutique\",\"item\":\"https:\/\/kusmitea.re\/index.php\/shop\/\"},{\"@type\":\"ListItem\",\"position\":3,\"name\":\"Les Bien-\u00catre Bio &#8211; 24 sachets\"}]},{\"@type\":\"WebSite\",\"@id\":\"https:\/\/kusmitea.re\/#website\",\"url\":\"https:\/\/kusmitea.re\/\",\"name\":\"Kusmi Tea R\u00e9union\",\"description\":\"\",\"publisher\":{\"@id\":\"https:\/\/kusmitea.re\/#organization\"},\"potentialAction\":[{\"@type\":\"SearchAction\",\"target\":{\"@type\":\"EntryPoint\",\"urlTemplate\":\"https:\/\/kusmitea.re\/?s={search_term_string}\"},\"query-input\":{\"@type\":\"PropertyValueSpecification\",\"valueRequired\":true,\"valueName\":\"search_term_string\"}}],\"inLanguage\":\"fr-FR\"},{\"@type\":\"Organization\",\"@id\":\"https:\/\/kusmitea.re\/#organization\",\"name\":\"Kusmi Tea R\u00e9union\",\"url\":\"https:\/\/kusmitea.re\/\",\"logo\":{\"@type\":\"ImageObject\",\"inLanguage\":\"fr-FR\",\"@id\":\"https:\/\/kusmitea.re\/#\/schema\/logo\/image\/\",\"url\":\"https:\/\/kusmitea.re\/wp-content\/uploads\/2023\/05\/cropped-logo.webp\",\"contentUrl\":\"https:\/\/kusmitea.re\/wp-content\/uploads\/2023\/05\/cropped-logo.webp\",\"width\":469,\"height\":141,\"caption\":\"Kusmi Tea R\u00e9union\"},\"image\":{\"@id\":\"https:\/\/kusmitea.re\/#\/schema\/logo\/image\/\"},\"sameAs\":[\"https:\/\/www.facebook.com\/p\/Kusmi-Tea-Runion-61571670075100\/\",\"https:\/\/www.instagram.com\/kusmiteare\/\"]}]}<\/script>\n<!-- \/ Yoast SEO plugin. -->","yoast_head_json":{"title":"Les Bien-\u00catre Bio - 24 sachets - Kusmi Tea R\u00e9union","robots":{"index":"index","follow":"follow","max-snippet":"max-snippet:-1","max-image-preview":"max-image-preview:large","max-video-preview":"max-video-preview:-1"},"canonical":"https:\/\/kusmitea.re\/index.php\/product\/les-bien-etre-bio-24-sachets\/","og_locale":"fr_FR","og_type":"article","og_title":"Les Bien-\u00catre Bio - 24 sachets - Kusmi Tea R\u00e9union","og_description":"Transformez vos pauses quotidiennes en moments de d\u00e9tente gr\u00e2ce \u00e0 cet assortiment de 24 sachets envelopp\u00e9s. Avec 6 d\u00e9licieuses recettes, le coffret Les Bien-\u00catre vous accompagne tout au long de la journ\u00e9e.\u00a0\u00a0Detox, BB Detox et Blue Detox, trois m\u00e9langes iconiques de la maison Kusmi Tea, vous s\u00e9duiront gr\u00e2ce \u00e0 leurs notes fruit\u00e9es de citron-citronnelle, pamplemousse [&hellip;]","og_url":"https:\/\/kusmitea.re\/index.php\/product\/les-bien-etre-bio-24-sachets\/","og_site_name":"Kusmi Tea R\u00e9union","article_publisher":"https:\/\/www.facebook.com\/p\/Kusmi-Tea-Runion-61571670075100\/","article_modified_time":"2026-01-02T08:59:46+00:00","og_image":[{"width":500,"height":500,"url":"https:\/\/kusmitea.re\/wp-content\/uploads\/2025\/08\/BIEN24EBIO.jpg","type":"image\/jpeg"}],"twitter_card":"summary_large_image","twitter_misc":{"Dur\u00e9e de lecture estim\u00e9e":"1 minute"},"schema":{"@context":"https:\/\/schema.org","@graph":[{"@type":"WebPage","@id":"https:\/\/kusmitea.re\/index.php\/product\/les-bien-etre-bio-24-sachets\/","url":"https:\/\/kusmitea.re\/index.php\/product\/les-bien-etre-bio-24-sachets\/","name":"Les Bien-\u00catre Bio - 24 sachets - Kusmi Tea R\u00e9union","isPartOf":{"@id":"https:\/\/kusmitea.re\/#website"},"primaryImageOfPage":{"@id":"https:\/\/kusmitea.re\/index.php\/product\/les-bien-etre-bio-24-sachets\/#primaryimage"},"image":{"@id":"https:\/\/kusmitea.re\/index.php\/product\/les-bien-etre-bio-24-sachets\/#primaryimage"},"thumbnailUrl":"https:\/\/kusmitea.re\/wp-content\/uploads\/2025\/08\/BIEN24EBIO.jpg","datePublished":"2025-08-30T04:44:05+00:00","dateModified":"2026-01-02T08:59:46+00:00","breadcrumb":{"@id":"https:\/\/kusmitea.re\/index.php\/product\/les-bien-etre-bio-24-sachets\/#breadcrumb"},"inLanguage":"fr-FR","potentialAction":[{"@type":"ReadAction","target":["https:\/\/kusmitea.re\/index.php\/product\/les-bien-etre-bio-24-sachets\/"]}]},{"@type":"ImageObject","inLanguage":"fr-FR","@id":"https:\/\/kusmitea.re\/index.php\/product\/les-bien-etre-bio-24-sachets\/#primaryimage","url":"https:\/\/kusmitea.re\/wp-content\/uploads\/2025\/08\/BIEN24EBIO.jpg","contentUrl":"https:\/\/kusmitea.re\/wp-content\/uploads\/2025\/08\/BIEN24EBIO.jpg","width":500,"height":500},{"@type":"BreadcrumbList","@id":"https:\/\/kusmitea.re\/index.php\/product\/les-bien-etre-bio-24-sachets\/#breadcrumb","itemListElement":[{"@type":"ListItem","position":1,"name":"Accueil","item":"https:\/\/kusmitea.re\/"},{"@type":"ListItem","position":2,"name":"Boutique","item":"https:\/\/kusmitea.re\/index.php\/shop\/"},{"@type":"ListItem","position":3,"name":"Les Bien-\u00catre Bio &#8211; 24 sachets"}]},{"@type":"WebSite","@id":"https:\/\/kusmitea.re\/#website","url":"https:\/\/kusmitea.re\/","name":"Kusmi Tea R\u00e9union","description":"","publisher":{"@id":"https:\/\/kusmitea.re\/#organization"},"potentialAction":[{"@type":"SearchAction","target":{"@type":"EntryPoint","urlTemplate":"https:\/\/kusmitea.re\/?s={search_term_string}"},"query-input":{"@type":"PropertyValueSpecification","valueRequired":true,"valueName":"search_term_string"}}],"inLanguage":"fr-FR"},{"@type":"Organization","@id":"https:\/\/kusmitea.re\/#organization","name":"Kusmi Tea R\u00e9union","url":"https:\/\/kusmitea.re\/","logo":{"@type":"ImageObject","inLanguage":"fr-FR","@id":"https:\/\/kusmitea.re\/#\/schema\/logo\/image\/","url":"https:\/\/kusmitea.re\/wp-content\/uploads\/2023\/05\/cropped-logo.webp","contentUrl":"https:\/\/kusmitea.re\/wp-content\/uploads\/2023\/05\/cropped-logo.webp","width":469,"height":141,"caption":"Kusmi Tea R\u00e9union"},"image":{"@id":"https:\/\/kusmitea.re\/#\/schema\/logo\/image\/"},"sameAs":["https:\/\/www.facebook.com\/p\/Kusmi-Tea-Runion-61571670075100\/","https:\/\/www.instagram.com\/kusmiteare\/"]}]}},"jetpack_sharing_enabled":true,"_links":{"self":[{"href":"https:\/\/kusmitea.re\/index.php\/wp-json\/wp\/v2\/product\/6276","targetHints":{"allow":["GET"]}}],"collection":[{"href":"https:\/\/kusmitea.re\/index.php\/wp-json\/wp\/v2\/product"}],"about":[{"href":"https:\/\/kusmitea.re\/index.php\/wp-json\/wp\/v2\/types\/product"}],"replies":[{"embeddable":true,"href":"https:\/\/kusmitea.re\/index.php\/wp-json\/wp\/v2\/comments?post=6276"}],"version-history":[{"count":1,"href":"https:\/\/kusmitea.re\/index.php\/wp-json\/wp\/v2\/product\/6276\/revisions"}],"predecessor-version":[{"id":12947,"href":"https:\/\/kusmitea.re\/index.php\/wp-json\/wp\/v2\/product\/6276\/revisions\/12947"}],"wp:featuredmedia":[{"embeddable":true,"href":"https:\/\/kusmitea.re\/index.php\/wp-json\/wp\/v2\/media\/6331"}],"wp:attachment":[{"href":"https:\/\/kusmitea.re\/index.php\/wp-json\/wp\/v2\/media?parent=6276"}],"wp:term":[{"taxonomy":"product_cat","embeddable":true,"href":"https:\/\/kusmitea.re\/index.php\/wp-json\/wp\/v2\/product_cat?post=6276"},{"taxonomy":"product_tag","embeddable":true,"href":"https:\/\/kusmitea.re\/index.php\/wp-json\/wp\/v2\/product_tag?post=6276"}],"curies":[{"name":"wp","href":"https:\/\/api.w.org\/{rel}","templated":true}]}}