{"id":6275,"date":"2025-08-30T06:44:05","date_gmt":"2025-08-30T04:44:05","guid":{"rendered":"https:\/\/kusmitea.re\/?post_type=product&#038;p=6275"},"modified":"2026-01-02T10:36:47","modified_gmt":"2026-01-02T09:36:47","slug":"full-detox-24-sachets","status":"publish","type":"product","link":"https:\/\/kusmitea.re\/index.php\/product\/full-detox-24-sachets\/","title":{"rendered":"Full Detox &#8211; 24 sachets"},"content":{"rendered":"<p style=\"text-align: justify;\">Le Coffret Full Detox est un assortiment de 24 sachets m\u00e9langeant th\u00e9 vert, mat\u00e9 et plantes. Vous pouvez les emporter partout gr\u00e2ce au format sachet et varier les plaisirs tout au long de la journ\u00e9e !<\/p>\n<p style=\"text-align: justify;\">Nos trois recettes Detox embl\u00e9matiques sont enfin r\u00e9unies. Laissez-vous tenter par la saveur citron subtil de Detox, la note pamplemousse addictif de BB Detox, ou la savoureuse note ananas de Blue Detox.<\/p>\n<p style=\"text-align: justify;\">Un cadeau original pour les amateurs des th\u00e9s de la gamme Bien-\u00eatre !<\/p>\n","protected":false},"excerpt":{"rendered":"<p>Le Coffret Full Detox est un assortiment de 24 sachets m\u00e9langeant th\u00e9 vert, mat\u00e9 et plantes. Vous pouvez les emporter partout gr\u00e2ce au format sachet et varier les plaisirs tout au long de la journ\u00e9e ! Nos trois recettes Detox embl\u00e9matiques sont enfin r\u00e9unies. Laissez-vous tenter par la saveur citron subtil de Detox, la note [&hellip;]<\/p>\n","protected":false},"featured_media":6321,"comment_status":"open","ping_status":"closed","template":"","meta":[],"product_cat":[112,146,114],"product_tag":[],"class_list":{"0":"post-6275","1":"product","2":"type-product","3":"status-publish","4":"has-post-thumbnail","6":"product_cat-coffrets-cadeaux","7":"product_cat-coffrets-de-the-en-sachet","8":"product_cat-idees-cadeaux","10":"first","11":"outofstock","12":"shipping-taxable","13":"purchasable","14":"product-type-simple"},"yoast_head":"<!-- This site is optimized with the Yoast SEO plugin v26.6 - https:\/\/yoast.com\/wordpress\/plugins\/seo\/ -->\n<title>Full Detox - 24 sachets - Kusmi Tea R\u00e9union<\/title>\n<meta name=\"robots\" content=\"index, follow, max-snippet:-1, max-image-preview:large, max-video-preview:-1\" \/>\n<link rel=\"canonical\" href=\"https:\/\/kusmitea.re\/index.php\/product\/full-detox-24-sachets\/\" \/>\n<meta property=\"og:locale\" content=\"fr_FR\" \/>\n<meta property=\"og:type\" content=\"article\" \/>\n<meta property=\"og:title\" content=\"Full Detox - 24 sachets - Kusmi Tea R\u00e9union\" \/>\n<meta property=\"og:description\" content=\"Le Coffret Full Detox est un assortiment de 24 sachets m\u00e9langeant th\u00e9 vert, mat\u00e9 et plantes. Vous pouvez les emporter partout gr\u00e2ce au format sachet et varier les plaisirs tout au long de la journ\u00e9e ! Nos trois recettes Detox embl\u00e9matiques sont enfin r\u00e9unies. Laissez-vous tenter par la saveur citron subtil de Detox, la note [&hellip;]\" \/>\n<meta property=\"og:url\" content=\"https:\/\/kusmitea.re\/index.php\/product\/full-detox-24-sachets\/\" \/>\n<meta property=\"og:site_name\" content=\"Kusmi Tea R\u00e9union\" \/>\n<meta property=\"article:publisher\" content=\"https:\/\/www.facebook.com\/p\/Kusmi-Tea-Runion-61571670075100\/\" \/>\n<meta property=\"article:modified_time\" content=\"2026-01-02T09:36:47+00:00\" \/>\n<meta property=\"og:image\" content=\"https:\/\/kusmitea.re\/wp-content\/uploads\/2025\/08\/Coffret-sachets-1.png\" \/>\n\t<meta property=\"og:image:width\" content=\"400\" \/>\n\t<meta property=\"og:image:height\" content=\"407\" \/>\n\t<meta property=\"og:image:type\" content=\"image\/png\" \/>\n<meta name=\"twitter:card\" content=\"summary_large_image\" \/>\n<meta name=\"twitter:label1\" content=\"Dur\u00e9e de lecture estim\u00e9e\" \/>\n\t<meta name=\"twitter:data1\" content=\"1 minute\" \/>\n<script type=\"application\/ld+json\" class=\"yoast-schema-graph\">{\"@context\":\"https:\/\/schema.org\",\"@graph\":[{\"@type\":\"WebPage\",\"@id\":\"https:\/\/kusmitea.re\/index.php\/product\/full-detox-24-sachets\/\",\"url\":\"https:\/\/kusmitea.re\/index.php\/product\/full-detox-24-sachets\/\",\"name\":\"Full Detox - 24 sachets - Kusmi Tea R\u00e9union\",\"isPartOf\":{\"@id\":\"https:\/\/kusmitea.re\/#website\"},\"primaryImageOfPage\":{\"@id\":\"https:\/\/kusmitea.re\/index.php\/product\/full-detox-24-sachets\/#primaryimage\"},\"image\":{\"@id\":\"https:\/\/kusmitea.re\/index.php\/product\/full-detox-24-sachets\/#primaryimage\"},\"thumbnailUrl\":\"https:\/\/kusmitea.re\/wp-content\/uploads\/2025\/08\/Coffret-sachets-1.png\",\"datePublished\":\"2025-08-30T04:44:05+00:00\",\"dateModified\":\"2026-01-02T09:36:47+00:00\",\"breadcrumb\":{\"@id\":\"https:\/\/kusmitea.re\/index.php\/product\/full-detox-24-sachets\/#breadcrumb\"},\"inLanguage\":\"fr-FR\",\"potentialAction\":[{\"@type\":\"ReadAction\",\"target\":[\"https:\/\/kusmitea.re\/index.php\/product\/full-detox-24-sachets\/\"]}]},{\"@type\":\"ImageObject\",\"inLanguage\":\"fr-FR\",\"@id\":\"https:\/\/kusmitea.re\/index.php\/product\/full-detox-24-sachets\/#primaryimage\",\"url\":\"https:\/\/kusmitea.re\/wp-content\/uploads\/2025\/08\/Coffret-sachets-1.png\",\"contentUrl\":\"https:\/\/kusmitea.re\/wp-content\/uploads\/2025\/08\/Coffret-sachets-1.png\",\"width\":400,\"height\":407},{\"@type\":\"BreadcrumbList\",\"@id\":\"https:\/\/kusmitea.re\/index.php\/product\/full-detox-24-sachets\/#breadcrumb\",\"itemListElement\":[{\"@type\":\"ListItem\",\"position\":1,\"name\":\"Accueil\",\"item\":\"https:\/\/kusmitea.re\/\"},{\"@type\":\"ListItem\",\"position\":2,\"name\":\"Boutique\",\"item\":\"https:\/\/kusmitea.re\/index.php\/shop\/\"},{\"@type\":\"ListItem\",\"position\":3,\"name\":\"Full Detox &#8211; 24 sachets\"}]},{\"@type\":\"WebSite\",\"@id\":\"https:\/\/kusmitea.re\/#website\",\"url\":\"https:\/\/kusmitea.re\/\",\"name\":\"Kusmi Tea R\u00e9union\",\"description\":\"\",\"publisher\":{\"@id\":\"https:\/\/kusmitea.re\/#organization\"},\"potentialAction\":[{\"@type\":\"SearchAction\",\"target\":{\"@type\":\"EntryPoint\",\"urlTemplate\":\"https:\/\/kusmitea.re\/?s={search_term_string}\"},\"query-input\":{\"@type\":\"PropertyValueSpecification\",\"valueRequired\":true,\"valueName\":\"search_term_string\"}}],\"inLanguage\":\"fr-FR\"},{\"@type\":\"Organization\",\"@id\":\"https:\/\/kusmitea.re\/#organization\",\"name\":\"Kusmi Tea R\u00e9union\",\"url\":\"https:\/\/kusmitea.re\/\",\"logo\":{\"@type\":\"ImageObject\",\"inLanguage\":\"fr-FR\",\"@id\":\"https:\/\/kusmitea.re\/#\/schema\/logo\/image\/\",\"url\":\"https:\/\/kusmitea.re\/wp-content\/uploads\/2023\/05\/cropped-logo.webp\",\"contentUrl\":\"https:\/\/kusmitea.re\/wp-content\/uploads\/2023\/05\/cropped-logo.webp\",\"width\":469,\"height\":141,\"caption\":\"Kusmi Tea R\u00e9union\"},\"image\":{\"@id\":\"https:\/\/kusmitea.re\/#\/schema\/logo\/image\/\"},\"sameAs\":[\"https:\/\/www.facebook.com\/p\/Kusmi-Tea-Runion-61571670075100\/\",\"https:\/\/www.instagram.com\/kusmiteare\/\"]}]}<\/script>\n<!-- \/ Yoast SEO plugin. -->","yoast_head_json":{"title":"Full Detox - 24 sachets - Kusmi Tea R\u00e9union","robots":{"index":"index","follow":"follow","max-snippet":"max-snippet:-1","max-image-preview":"max-image-preview:large","max-video-preview":"max-video-preview:-1"},"canonical":"https:\/\/kusmitea.re\/index.php\/product\/full-detox-24-sachets\/","og_locale":"fr_FR","og_type":"article","og_title":"Full Detox - 24 sachets - Kusmi Tea R\u00e9union","og_description":"Le Coffret Full Detox est un assortiment de 24 sachets m\u00e9langeant th\u00e9 vert, mat\u00e9 et plantes. Vous pouvez les emporter partout gr\u00e2ce au format sachet et varier les plaisirs tout au long de la journ\u00e9e ! Nos trois recettes Detox embl\u00e9matiques sont enfin r\u00e9unies. Laissez-vous tenter par la saveur citron subtil de Detox, la note [&hellip;]","og_url":"https:\/\/kusmitea.re\/index.php\/product\/full-detox-24-sachets\/","og_site_name":"Kusmi Tea R\u00e9union","article_publisher":"https:\/\/www.facebook.com\/p\/Kusmi-Tea-Runion-61571670075100\/","article_modified_time":"2026-01-02T09:36:47+00:00","og_image":[{"width":400,"height":407,"url":"https:\/\/kusmitea.re\/wp-content\/uploads\/2025\/08\/Coffret-sachets-1.png","type":"image\/png"}],"twitter_card":"summary_large_image","twitter_misc":{"Dur\u00e9e de lecture estim\u00e9e":"1 minute"},"schema":{"@context":"https:\/\/schema.org","@graph":[{"@type":"WebPage","@id":"https:\/\/kusmitea.re\/index.php\/product\/full-detox-24-sachets\/","url":"https:\/\/kusmitea.re\/index.php\/product\/full-detox-24-sachets\/","name":"Full Detox - 24 sachets - Kusmi Tea R\u00e9union","isPartOf":{"@id":"https:\/\/kusmitea.re\/#website"},"primaryImageOfPage":{"@id":"https:\/\/kusmitea.re\/index.php\/product\/full-detox-24-sachets\/#primaryimage"},"image":{"@id":"https:\/\/kusmitea.re\/index.php\/product\/full-detox-24-sachets\/#primaryimage"},"thumbnailUrl":"https:\/\/kusmitea.re\/wp-content\/uploads\/2025\/08\/Coffret-sachets-1.png","datePublished":"2025-08-30T04:44:05+00:00","dateModified":"2026-01-02T09:36:47+00:00","breadcrumb":{"@id":"https:\/\/kusmitea.re\/index.php\/product\/full-detox-24-sachets\/#breadcrumb"},"inLanguage":"fr-FR","potentialAction":[{"@type":"ReadAction","target":["https:\/\/kusmitea.re\/index.php\/product\/full-detox-24-sachets\/"]}]},{"@type":"ImageObject","inLanguage":"fr-FR","@id":"https:\/\/kusmitea.re\/index.php\/product\/full-detox-24-sachets\/#primaryimage","url":"https:\/\/kusmitea.re\/wp-content\/uploads\/2025\/08\/Coffret-sachets-1.png","contentUrl":"https:\/\/kusmitea.re\/wp-content\/uploads\/2025\/08\/Coffret-sachets-1.png","width":400,"height":407},{"@type":"BreadcrumbList","@id":"https:\/\/kusmitea.re\/index.php\/product\/full-detox-24-sachets\/#breadcrumb","itemListElement":[{"@type":"ListItem","position":1,"name":"Accueil","item":"https:\/\/kusmitea.re\/"},{"@type":"ListItem","position":2,"name":"Boutique","item":"https:\/\/kusmitea.re\/index.php\/shop\/"},{"@type":"ListItem","position":3,"name":"Full Detox &#8211; 24 sachets"}]},{"@type":"WebSite","@id":"https:\/\/kusmitea.re\/#website","url":"https:\/\/kusmitea.re\/","name":"Kusmi Tea R\u00e9union","description":"","publisher":{"@id":"https:\/\/kusmitea.re\/#organization"},"potentialAction":[{"@type":"SearchAction","target":{"@type":"EntryPoint","urlTemplate":"https:\/\/kusmitea.re\/?s={search_term_string}"},"query-input":{"@type":"PropertyValueSpecification","valueRequired":true,"valueName":"search_term_string"}}],"inLanguage":"fr-FR"},{"@type":"Organization","@id":"https:\/\/kusmitea.re\/#organization","name":"Kusmi Tea R\u00e9union","url":"https:\/\/kusmitea.re\/","logo":{"@type":"ImageObject","inLanguage":"fr-FR","@id":"https:\/\/kusmitea.re\/#\/schema\/logo\/image\/","url":"https:\/\/kusmitea.re\/wp-content\/uploads\/2023\/05\/cropped-logo.webp","contentUrl":"https:\/\/kusmitea.re\/wp-content\/uploads\/2023\/05\/cropped-logo.webp","width":469,"height":141,"caption":"Kusmi Tea R\u00e9union"},"image":{"@id":"https:\/\/kusmitea.re\/#\/schema\/logo\/image\/"},"sameAs":["https:\/\/www.facebook.com\/p\/Kusmi-Tea-Runion-61571670075100\/","https:\/\/www.instagram.com\/kusmiteare\/"]}]}},"jetpack_sharing_enabled":true,"_links":{"self":[{"href":"https:\/\/kusmitea.re\/index.php\/wp-json\/wp\/v2\/product\/6275","targetHints":{"allow":["GET"]}}],"collection":[{"href":"https:\/\/kusmitea.re\/index.php\/wp-json\/wp\/v2\/product"}],"about":[{"href":"https:\/\/kusmitea.re\/index.php\/wp-json\/wp\/v2\/types\/product"}],"replies":[{"embeddable":true,"href":"https:\/\/kusmitea.re\/index.php\/wp-json\/wp\/v2\/comments?post=6275"}],"version-history":[{"count":1,"href":"https:\/\/kusmitea.re\/index.php\/wp-json\/wp\/v2\/product\/6275\/revisions"}],"predecessor-version":[{"id":12981,"href":"https:\/\/kusmitea.re\/index.php\/wp-json\/wp\/v2\/product\/6275\/revisions\/12981"}],"wp:featuredmedia":[{"embeddable":true,"href":"https:\/\/kusmitea.re\/index.php\/wp-json\/wp\/v2\/media\/6321"}],"wp:attachment":[{"href":"https:\/\/kusmitea.re\/index.php\/wp-json\/wp\/v2\/media?parent=6275"}],"wp:term":[{"taxonomy":"product_cat","embeddable":true,"href":"https:\/\/kusmitea.re\/index.php\/wp-json\/wp\/v2\/product_cat?post=6275"},{"taxonomy":"product_tag","embeddable":true,"href":"https:\/\/kusmitea.re\/index.php\/wp-json\/wp\/v2\/product_tag?post=6275"}],"curies":[{"name":"wp","href":"https:\/\/api.w.org\/{rel}","templated":true}]}}