{"id":6274,"date":"2025-08-30T06:44:04","date_gmt":"2025-08-30T04:44:04","guid":{"rendered":"https:\/\/kusmitea.re\/?post_type=product&#038;p=6274"},"modified":"2025-09-22T11:13:12","modified_gmt":"2025-09-22T09:13:12","slug":"kusmi-decouverte-bio-45-sachets","status":"publish","type":"product","link":"https:\/\/kusmitea.re\/index.php\/product\/kusmi-decouverte-bio-45-sachets\/","title":{"rendered":"Kusmi D\u00e9couverte Bio &#8211; 45 sachets"},"content":{"rendered":"\t\t<div data-elementor-type=\"wp-post\" data-elementor-id=\"6274\" class=\"elementor elementor-6274\">\n\t\t\t\t<div class=\"elementor-element elementor-element-5b3714c5 e-flex e-con-boxed e-con e-parent\" data-id=\"5b3714c5\" data-element_type=\"container\">\n\t\t\t\t\t<div class=\"e-con-inner\">\n\t\t\t\t<div class=\"elementor-element elementor-element-5e250d57 elementor-widget elementor-widget-text-editor\" data-id=\"5e250d57\" data-element_type=\"widget\" data-widget_type=\"text-editor.default\">\n\t\t\t\t\t\t\t\t\t<p style=\"text-align: justify;\">Offrez-vous un moment convivial en famille ou entre amis avec le Kusmi D\u00e9couverte, un coffret cadeau de 45 sachets envelopp\u00e9s. Avec son design color\u00e9 et festif, il est id\u00e9al pour d\u00e9couvrir, ou faire d\u00e9couvrir 9 m\u00e9langes phares de la maison Kusmi Tea. Au gr\u00e9 de vos envies, vous pourrez vous laisser s\u00e9duire par nos deux m\u00e9langes historiques, Anastasia et Prince Wladimir, tous deux \u00e0 base d\u2019Earl Grey, ou bien succomber \u00e0 la fra\u00eecheur et \u00e0 la d\u00e9licatesse de nos th\u00e9s verts \u00e0 la menthe et au jasmin. White Anastasia et Tropical Whitevous offriront un instant de douceur et d\u2019exotisme en m\u00ealant le th\u00e9 blanc \u00e0 de d\u00e9licieuses saveurs de fleur d\u2019oranger et citron ou encore de mangue et fruit de la passion. Pour une pause fruit\u00e9e bien m\u00e9rit\u00e9e les eaux de fruits AquaRosa et AquaExotica seront vos meilleures alli\u00e9es ; et Be Cool l\u2019infusion r\u00eav\u00e9e pour terminer votre journ\u00e9e.<\/p>\t\t\t\t\t\t\t\t<\/div>\n\t\t\t\t\t<\/div>\n\t\t\t\t<\/div>\n\t\t\t\t<\/div>\n\t\t","protected":false},"excerpt":{"rendered":"<p>Offrez-vous un moment convivial en famille ou entre amis avec le Kusmi D\u00e9couverte, un coffret cadeau de 45 sachets envelopp\u00e9s. Avec son design color\u00e9 et festif, il est id\u00e9al pour d\u00e9couvrir, ou faire d\u00e9couvrir 9 m\u00e9langes phares de la maison Kusmi Tea. Au gr\u00e9 de vos envies, vous pourrez vous laisser s\u00e9duire par nos deux [&hellip;]<\/p>\n","protected":false},"featured_media":6320,"comment_status":"open","ping_status":"closed","template":"","meta":[],"product_cat":[112,146,114,60],"product_tag":[],"class_list":{"0":"post-6274","1":"product","2":"type-product","3":"status-publish","4":"has-post-thumbnail","6":"product_cat-coffrets-cadeaux","7":"product_cat-coffrets-de-the-en-sachet","8":"product_cat-idees-cadeaux","9":"product_cat-promotions","11":"first","12":"outofstock","13":"shipping-taxable","14":"purchasable","15":"product-type-simple"},"yoast_head":"<!-- This site is optimized with the Yoast SEO plugin v26.6 - https:\/\/yoast.com\/wordpress\/plugins\/seo\/ -->\n<title>Kusmi D\u00e9couverte Bio - 45 sachets - Kusmi Tea R\u00e9union<\/title>\n<meta name=\"robots\" content=\"index, follow, max-snippet:-1, max-image-preview:large, max-video-preview:-1\" \/>\n<link rel=\"canonical\" href=\"https:\/\/kusmitea.re\/index.php\/product\/kusmi-decouverte-bio-45-sachets\/\" \/>\n<meta property=\"og:locale\" content=\"fr_FR\" \/>\n<meta property=\"og:type\" content=\"article\" \/>\n<meta property=\"og:title\" content=\"Kusmi D\u00e9couverte Bio - 45 sachets - Kusmi Tea R\u00e9union\" \/>\n<meta property=\"og:description\" content=\"Offrez-vous un moment convivial en famille ou entre amis avec le Kusmi D\u00e9couverte, un coffret cadeau de 45 sachets envelopp\u00e9s. Avec son design color\u00e9 et festif, il est id\u00e9al pour d\u00e9couvrir, ou faire d\u00e9couvrir 9 m\u00e9langes phares de la maison Kusmi Tea. Au gr\u00e9 de vos envies, vous pourrez vous laisser s\u00e9duire par nos deux [&hellip;]\" \/>\n<meta property=\"og:url\" content=\"https:\/\/kusmitea.re\/index.php\/product\/kusmi-decouverte-bio-45-sachets\/\" \/>\n<meta property=\"og:site_name\" content=\"Kusmi Tea R\u00e9union\" \/>\n<meta property=\"article:publisher\" content=\"https:\/\/www.facebook.com\/p\/Kusmi-Tea-Runion-61571670075100\/\" \/>\n<meta property=\"article:modified_time\" content=\"2025-09-22T09:13:12+00:00\" \/>\n<meta property=\"og:image\" content=\"https:\/\/kusmitea.re\/wp-content\/uploads\/2025\/08\/DECOUV45EBIO.jpg\" \/>\n\t<meta property=\"og:image:width\" content=\"500\" \/>\n\t<meta property=\"og:image:height\" content=\"500\" \/>\n\t<meta property=\"og:image:type\" content=\"image\/jpeg\" \/>\n<meta name=\"twitter:card\" content=\"summary_large_image\" \/>\n<meta name=\"twitter:label1\" content=\"Dur\u00e9e de lecture estim\u00e9e\" \/>\n\t<meta name=\"twitter:data1\" content=\"2 minutes\" \/>\n<script type=\"application\/ld+json\" class=\"yoast-schema-graph\">{\"@context\":\"https:\/\/schema.org\",\"@graph\":[{\"@type\":\"WebPage\",\"@id\":\"https:\/\/kusmitea.re\/index.php\/product\/kusmi-decouverte-bio-45-sachets\/\",\"url\":\"https:\/\/kusmitea.re\/index.php\/product\/kusmi-decouverte-bio-45-sachets\/\",\"name\":\"Kusmi D\u00e9couverte Bio - 45 sachets - Kusmi Tea R\u00e9union\",\"isPartOf\":{\"@id\":\"https:\/\/kusmitea.re\/#website\"},\"primaryImageOfPage\":{\"@id\":\"https:\/\/kusmitea.re\/index.php\/product\/kusmi-decouverte-bio-45-sachets\/#primaryimage\"},\"image\":{\"@id\":\"https:\/\/kusmitea.re\/index.php\/product\/kusmi-decouverte-bio-45-sachets\/#primaryimage\"},\"thumbnailUrl\":\"https:\/\/kusmitea.re\/wp-content\/uploads\/2025\/08\/DECOUV45EBIO.jpg\",\"datePublished\":\"2025-08-30T04:44:04+00:00\",\"dateModified\":\"2025-09-22T09:13:12+00:00\",\"breadcrumb\":{\"@id\":\"https:\/\/kusmitea.re\/index.php\/product\/kusmi-decouverte-bio-45-sachets\/#breadcrumb\"},\"inLanguage\":\"fr-FR\",\"potentialAction\":[{\"@type\":\"ReadAction\",\"target\":[\"https:\/\/kusmitea.re\/index.php\/product\/kusmi-decouverte-bio-45-sachets\/\"]}]},{\"@type\":\"ImageObject\",\"inLanguage\":\"fr-FR\",\"@id\":\"https:\/\/kusmitea.re\/index.php\/product\/kusmi-decouverte-bio-45-sachets\/#primaryimage\",\"url\":\"https:\/\/kusmitea.re\/wp-content\/uploads\/2025\/08\/DECOUV45EBIO.jpg\",\"contentUrl\":\"https:\/\/kusmitea.re\/wp-content\/uploads\/2025\/08\/DECOUV45EBIO.jpg\",\"width\":500,\"height\":500},{\"@type\":\"BreadcrumbList\",\"@id\":\"https:\/\/kusmitea.re\/index.php\/product\/kusmi-decouverte-bio-45-sachets\/#breadcrumb\",\"itemListElement\":[{\"@type\":\"ListItem\",\"position\":1,\"name\":\"Accueil\",\"item\":\"https:\/\/kusmitea.re\/\"},{\"@type\":\"ListItem\",\"position\":2,\"name\":\"Boutique\",\"item\":\"https:\/\/kusmitea.re\/index.php\/shop\/\"},{\"@type\":\"ListItem\",\"position\":3,\"name\":\"Kusmi D\u00e9couverte Bio &#8211; 45 sachets\"}]},{\"@type\":\"WebSite\",\"@id\":\"https:\/\/kusmitea.re\/#website\",\"url\":\"https:\/\/kusmitea.re\/\",\"name\":\"Kusmi Tea R\u00e9union\",\"description\":\"\",\"publisher\":{\"@id\":\"https:\/\/kusmitea.re\/#organization\"},\"potentialAction\":[{\"@type\":\"SearchAction\",\"target\":{\"@type\":\"EntryPoint\",\"urlTemplate\":\"https:\/\/kusmitea.re\/?s={search_term_string}\"},\"query-input\":{\"@type\":\"PropertyValueSpecification\",\"valueRequired\":true,\"valueName\":\"search_term_string\"}}],\"inLanguage\":\"fr-FR\"},{\"@type\":\"Organization\",\"@id\":\"https:\/\/kusmitea.re\/#organization\",\"name\":\"Kusmi Tea R\u00e9union\",\"url\":\"https:\/\/kusmitea.re\/\",\"logo\":{\"@type\":\"ImageObject\",\"inLanguage\":\"fr-FR\",\"@id\":\"https:\/\/kusmitea.re\/#\/schema\/logo\/image\/\",\"url\":\"https:\/\/kusmitea.re\/wp-content\/uploads\/2023\/05\/cropped-logo.webp\",\"contentUrl\":\"https:\/\/kusmitea.re\/wp-content\/uploads\/2023\/05\/cropped-logo.webp\",\"width\":469,\"height\":141,\"caption\":\"Kusmi Tea R\u00e9union\"},\"image\":{\"@id\":\"https:\/\/kusmitea.re\/#\/schema\/logo\/image\/\"},\"sameAs\":[\"https:\/\/www.facebook.com\/p\/Kusmi-Tea-Runion-61571670075100\/\",\"https:\/\/www.instagram.com\/kusmiteare\/\"]}]}<\/script>\n<!-- \/ Yoast SEO plugin. -->","yoast_head_json":{"title":"Kusmi D\u00e9couverte Bio - 45 sachets - Kusmi Tea R\u00e9union","robots":{"index":"index","follow":"follow","max-snippet":"max-snippet:-1","max-image-preview":"max-image-preview:large","max-video-preview":"max-video-preview:-1"},"canonical":"https:\/\/kusmitea.re\/index.php\/product\/kusmi-decouverte-bio-45-sachets\/","og_locale":"fr_FR","og_type":"article","og_title":"Kusmi D\u00e9couverte Bio - 45 sachets - Kusmi Tea R\u00e9union","og_description":"Offrez-vous un moment convivial en famille ou entre amis avec le Kusmi D\u00e9couverte, un coffret cadeau de 45 sachets envelopp\u00e9s. Avec son design color\u00e9 et festif, il est id\u00e9al pour d\u00e9couvrir, ou faire d\u00e9couvrir 9 m\u00e9langes phares de la maison Kusmi Tea. Au gr\u00e9 de vos envies, vous pourrez vous laisser s\u00e9duire par nos deux [&hellip;]","og_url":"https:\/\/kusmitea.re\/index.php\/product\/kusmi-decouverte-bio-45-sachets\/","og_site_name":"Kusmi Tea R\u00e9union","article_publisher":"https:\/\/www.facebook.com\/p\/Kusmi-Tea-Runion-61571670075100\/","article_modified_time":"2025-09-22T09:13:12+00:00","og_image":[{"width":500,"height":500,"url":"https:\/\/kusmitea.re\/wp-content\/uploads\/2025\/08\/DECOUV45EBIO.jpg","type":"image\/jpeg"}],"twitter_card":"summary_large_image","twitter_misc":{"Dur\u00e9e de lecture estim\u00e9e":"2 minutes"},"schema":{"@context":"https:\/\/schema.org","@graph":[{"@type":"WebPage","@id":"https:\/\/kusmitea.re\/index.php\/product\/kusmi-decouverte-bio-45-sachets\/","url":"https:\/\/kusmitea.re\/index.php\/product\/kusmi-decouverte-bio-45-sachets\/","name":"Kusmi D\u00e9couverte Bio - 45 sachets - Kusmi Tea R\u00e9union","isPartOf":{"@id":"https:\/\/kusmitea.re\/#website"},"primaryImageOfPage":{"@id":"https:\/\/kusmitea.re\/index.php\/product\/kusmi-decouverte-bio-45-sachets\/#primaryimage"},"image":{"@id":"https:\/\/kusmitea.re\/index.php\/product\/kusmi-decouverte-bio-45-sachets\/#primaryimage"},"thumbnailUrl":"https:\/\/kusmitea.re\/wp-content\/uploads\/2025\/08\/DECOUV45EBIO.jpg","datePublished":"2025-08-30T04:44:04+00:00","dateModified":"2025-09-22T09:13:12+00:00","breadcrumb":{"@id":"https:\/\/kusmitea.re\/index.php\/product\/kusmi-decouverte-bio-45-sachets\/#breadcrumb"},"inLanguage":"fr-FR","potentialAction":[{"@type":"ReadAction","target":["https:\/\/kusmitea.re\/index.php\/product\/kusmi-decouverte-bio-45-sachets\/"]}]},{"@type":"ImageObject","inLanguage":"fr-FR","@id":"https:\/\/kusmitea.re\/index.php\/product\/kusmi-decouverte-bio-45-sachets\/#primaryimage","url":"https:\/\/kusmitea.re\/wp-content\/uploads\/2025\/08\/DECOUV45EBIO.jpg","contentUrl":"https:\/\/kusmitea.re\/wp-content\/uploads\/2025\/08\/DECOUV45EBIO.jpg","width":500,"height":500},{"@type":"BreadcrumbList","@id":"https:\/\/kusmitea.re\/index.php\/product\/kusmi-decouverte-bio-45-sachets\/#breadcrumb","itemListElement":[{"@type":"ListItem","position":1,"name":"Accueil","item":"https:\/\/kusmitea.re\/"},{"@type":"ListItem","position":2,"name":"Boutique","item":"https:\/\/kusmitea.re\/index.php\/shop\/"},{"@type":"ListItem","position":3,"name":"Kusmi D\u00e9couverte Bio &#8211; 45 sachets"}]},{"@type":"WebSite","@id":"https:\/\/kusmitea.re\/#website","url":"https:\/\/kusmitea.re\/","name":"Kusmi Tea R\u00e9union","description":"","publisher":{"@id":"https:\/\/kusmitea.re\/#organization"},"potentialAction":[{"@type":"SearchAction","target":{"@type":"EntryPoint","urlTemplate":"https:\/\/kusmitea.re\/?s={search_term_string}"},"query-input":{"@type":"PropertyValueSpecification","valueRequired":true,"valueName":"search_term_string"}}],"inLanguage":"fr-FR"},{"@type":"Organization","@id":"https:\/\/kusmitea.re\/#organization","name":"Kusmi Tea R\u00e9union","url":"https:\/\/kusmitea.re\/","logo":{"@type":"ImageObject","inLanguage":"fr-FR","@id":"https:\/\/kusmitea.re\/#\/schema\/logo\/image\/","url":"https:\/\/kusmitea.re\/wp-content\/uploads\/2023\/05\/cropped-logo.webp","contentUrl":"https:\/\/kusmitea.re\/wp-content\/uploads\/2023\/05\/cropped-logo.webp","width":469,"height":141,"caption":"Kusmi Tea R\u00e9union"},"image":{"@id":"https:\/\/kusmitea.re\/#\/schema\/logo\/image\/"},"sameAs":["https:\/\/www.facebook.com\/p\/Kusmi-Tea-Runion-61571670075100\/","https:\/\/www.instagram.com\/kusmiteare\/"]}]}},"jetpack_sharing_enabled":true,"_links":{"self":[{"href":"https:\/\/kusmitea.re\/index.php\/wp-json\/wp\/v2\/product\/6274","targetHints":{"allow":["GET"]}}],"collection":[{"href":"https:\/\/kusmitea.re\/index.php\/wp-json\/wp\/v2\/product"}],"about":[{"href":"https:\/\/kusmitea.re\/index.php\/wp-json\/wp\/v2\/types\/product"}],"replies":[{"embeddable":true,"href":"https:\/\/kusmitea.re\/index.php\/wp-json\/wp\/v2\/comments?post=6274"}],"version-history":[{"count":3,"href":"https:\/\/kusmitea.re\/index.php\/wp-json\/wp\/v2\/product\/6274\/revisions"}],"predecessor-version":[{"id":12396,"href":"https:\/\/kusmitea.re\/index.php\/wp-json\/wp\/v2\/product\/6274\/revisions\/12396"}],"wp:featuredmedia":[{"embeddable":true,"href":"https:\/\/kusmitea.re\/index.php\/wp-json\/wp\/v2\/media\/6320"}],"wp:attachment":[{"href":"https:\/\/kusmitea.re\/index.php\/wp-json\/wp\/v2\/media?parent=6274"}],"wp:term":[{"taxonomy":"product_cat","embeddable":true,"href":"https:\/\/kusmitea.re\/index.php\/wp-json\/wp\/v2\/product_cat?post=6274"},{"taxonomy":"product_tag","embeddable":true,"href":"https:\/\/kusmitea.re\/index.php\/wp-json\/wp\/v2\/product_tag?post=6274"}],"curies":[{"name":"wp","href":"https:\/\/api.w.org\/{rel}","templated":true}]}}