{"id":6272,"date":"2025-08-30T06:44:04","date_gmt":"2025-08-30T04:44:04","guid":{"rendered":"https:\/\/kusmitea.re\/?post_type=product&#038;p=6272"},"modified":"2026-01-02T09:53:09","modified_gmt":"2026-01-02T08:53:09","slug":"tea-time-avec-ou-sans-pince-boite-de-20g","status":"publish","type":"product","link":"https:\/\/kusmitea.re\/index.php\/product\/tea-time-avec-ou-sans-pince-boite-de-20g\/","title":{"rendered":"Tea Time avec ou sans pince &#8211; Bo\u00eete de 20g"},"content":{"rendered":"<p style=\"text-align: justify;\">Le coffret de th\u00e9 Tea Time propose un assortiment de 5 miniatures gourmandes avec une pince \u00e0 th\u00e9.<\/p>\n<p style=\"text-align: justify;\">D\u00e9gustez les th\u00e9s incontournables de la maison pendant votre pause avec ce coffret qui contient : le th\u00e9 noir Kashmir Tcha\u00ef et ses \u00e9pices, le th\u00e9 Vert aux notes douces d&rsquo;amande, le c\u00e9l\u00e8bre th\u00e9 noir Prince Wladimir qui offre un nouveau m\u00e9lange \u00e0 base d&rsquo;Earl Grey, le th\u00e9 noir Quatre Fruits Rouges l\u00e9g\u00e8rement acidul\u00e9 et l&rsquo;infusion AquaExotica aux saveurs exotiques.<\/p>\n<p style=\"text-align: justify;\">Pratique, la pince \u00e0 th\u00e9 accompagne ce coffret et vous permet d&rsquo;infuser votre th\u00e9 selon vos envies et o\u00f9 que vous soyez !<\/p>\n","protected":false},"excerpt":{"rendered":"<p>Le coffret de th\u00e9 Tea Time propose un assortiment de 5 miniatures gourmandes avec une pince \u00e0 th\u00e9. D\u00e9gustez les th\u00e9s incontournables de la maison pendant votre pause avec ce coffret qui contient : le th\u00e9 noir Kashmir Tcha\u00ef et ses \u00e9pices, le th\u00e9 Vert aux notes douces d&rsquo;amande, le c\u00e9l\u00e8bre th\u00e9 noir Prince Wladimir [&hellip;]<\/p>\n","protected":false},"featured_media":6318,"comment_status":"open","ping_status":"closed","template":"","meta":[],"product_cat":[112,113,114,60],"product_tag":[],"class_list":{"0":"post-6272","1":"product","2":"type-product","3":"status-publish","4":"has-post-thumbnail","6":"product_cat-coffrets-cadeaux","7":"product_cat-coffrets-de-the-en-vrac","8":"product_cat-idees-cadeaux","9":"product_cat-promotions","11":"first","12":"outofstock","13":"shipping-taxable","14":"product-type-variable","15":"has-default-attributes"},"yoast_head":"<!-- This site is optimized with the Yoast SEO plugin v26.6 - https:\/\/yoast.com\/wordpress\/plugins\/seo\/ -->\n<title>Tea Time avec ou sans pince - Bo\u00eete de 20g - Kusmi Tea R\u00e9union<\/title>\n<meta name=\"robots\" content=\"index, follow, max-snippet:-1, max-image-preview:large, max-video-preview:-1\" \/>\n<link rel=\"canonical\" href=\"https:\/\/kusmitea.re\/index.php\/product\/tea-time-avec-ou-sans-pince-boite-de-20g\/\" \/>\n<meta property=\"og:locale\" content=\"fr_FR\" \/>\n<meta property=\"og:type\" content=\"article\" \/>\n<meta property=\"og:title\" content=\"Tea Time avec ou sans pince - Bo\u00eete de 20g - Kusmi Tea R\u00e9union\" \/>\n<meta property=\"og:description\" content=\"Le coffret de th\u00e9 Tea Time propose un assortiment de 5 miniatures gourmandes avec une pince \u00e0 th\u00e9. D\u00e9gustez les th\u00e9s incontournables de la maison pendant votre pause avec ce coffret qui contient : le th\u00e9 noir Kashmir Tcha\u00ef et ses \u00e9pices, le th\u00e9 Vert aux notes douces d&rsquo;amande, le c\u00e9l\u00e8bre th\u00e9 noir Prince Wladimir [&hellip;]\" \/>\n<meta property=\"og:url\" content=\"https:\/\/kusmitea.re\/index.php\/product\/tea-time-avec-ou-sans-pince-boite-de-20g\/\" \/>\n<meta property=\"og:site_name\" content=\"Kusmi Tea R\u00e9union\" \/>\n<meta property=\"article:publisher\" content=\"https:\/\/www.facebook.com\/p\/Kusmi-Tea-Runion-61571670075100\/\" \/>\n<meta property=\"article:modified_time\" content=\"2026-01-02T08:53:09+00:00\" \/>\n<meta property=\"og:image\" content=\"https:\/\/kusmitea.re\/wp-content\/uploads\/2025\/08\/8c569750091a8711578245bccd7383829c75bdd1_794b187dbbc81274697f12cb89026b85e8ca9bad_APRES525R.png\" \/>\n\t<meta property=\"og:image:width\" content=\"776\" \/>\n\t<meta property=\"og:image:height\" content=\"1080\" \/>\n\t<meta property=\"og:image:type\" content=\"image\/png\" \/>\n<meta name=\"twitter:card\" content=\"summary_large_image\" \/>\n<meta name=\"twitter:label1\" content=\"Dur\u00e9e de lecture estim\u00e9e\" \/>\n\t<meta name=\"twitter:data1\" content=\"1 minute\" \/>\n<script type=\"application\/ld+json\" class=\"yoast-schema-graph\">{\"@context\":\"https:\/\/schema.org\",\"@graph\":[{\"@type\":\"WebPage\",\"@id\":\"https:\/\/kusmitea.re\/index.php\/product\/tea-time-avec-ou-sans-pince-boite-de-20g\/\",\"url\":\"https:\/\/kusmitea.re\/index.php\/product\/tea-time-avec-ou-sans-pince-boite-de-20g\/\",\"name\":\"Tea Time avec ou sans pince - Bo\u00eete de 20g - Kusmi Tea R\u00e9union\",\"isPartOf\":{\"@id\":\"https:\/\/kusmitea.re\/#website\"},\"primaryImageOfPage\":{\"@id\":\"https:\/\/kusmitea.re\/index.php\/product\/tea-time-avec-ou-sans-pince-boite-de-20g\/#primaryimage\"},\"image\":{\"@id\":\"https:\/\/kusmitea.re\/index.php\/product\/tea-time-avec-ou-sans-pince-boite-de-20g\/#primaryimage\"},\"thumbnailUrl\":\"https:\/\/kusmitea.re\/wp-content\/uploads\/2025\/08\/8c569750091a8711578245bccd7383829c75bdd1_794b187dbbc81274697f12cb89026b85e8ca9bad_APRES525R.png\",\"datePublished\":\"2025-08-30T04:44:04+00:00\",\"dateModified\":\"2026-01-02T08:53:09+00:00\",\"breadcrumb\":{\"@id\":\"https:\/\/kusmitea.re\/index.php\/product\/tea-time-avec-ou-sans-pince-boite-de-20g\/#breadcrumb\"},\"inLanguage\":\"fr-FR\",\"potentialAction\":[{\"@type\":\"ReadAction\",\"target\":[\"https:\/\/kusmitea.re\/index.php\/product\/tea-time-avec-ou-sans-pince-boite-de-20g\/\"]}]},{\"@type\":\"ImageObject\",\"inLanguage\":\"fr-FR\",\"@id\":\"https:\/\/kusmitea.re\/index.php\/product\/tea-time-avec-ou-sans-pince-boite-de-20g\/#primaryimage\",\"url\":\"https:\/\/kusmitea.re\/wp-content\/uploads\/2025\/08\/8c569750091a8711578245bccd7383829c75bdd1_794b187dbbc81274697f12cb89026b85e8ca9bad_APRES525R.png\",\"contentUrl\":\"https:\/\/kusmitea.re\/wp-content\/uploads\/2025\/08\/8c569750091a8711578245bccd7383829c75bdd1_794b187dbbc81274697f12cb89026b85e8ca9bad_APRES525R.png\",\"width\":776,\"height\":1080},{\"@type\":\"BreadcrumbList\",\"@id\":\"https:\/\/kusmitea.re\/index.php\/product\/tea-time-avec-ou-sans-pince-boite-de-20g\/#breadcrumb\",\"itemListElement\":[{\"@type\":\"ListItem\",\"position\":1,\"name\":\"Accueil\",\"item\":\"https:\/\/kusmitea.re\/\"},{\"@type\":\"ListItem\",\"position\":2,\"name\":\"Boutique\",\"item\":\"https:\/\/kusmitea.re\/index.php\/shop\/\"},{\"@type\":\"ListItem\",\"position\":3,\"name\":\"Tea Time avec ou sans pince &#8211; Bo\u00eete de 20g\"}]},{\"@type\":\"WebSite\",\"@id\":\"https:\/\/kusmitea.re\/#website\",\"url\":\"https:\/\/kusmitea.re\/\",\"name\":\"Kusmi Tea R\u00e9union\",\"description\":\"\",\"publisher\":{\"@id\":\"https:\/\/kusmitea.re\/#organization\"},\"potentialAction\":[{\"@type\":\"SearchAction\",\"target\":{\"@type\":\"EntryPoint\",\"urlTemplate\":\"https:\/\/kusmitea.re\/?s={search_term_string}\"},\"query-input\":{\"@type\":\"PropertyValueSpecification\",\"valueRequired\":true,\"valueName\":\"search_term_string\"}}],\"inLanguage\":\"fr-FR\"},{\"@type\":\"Organization\",\"@id\":\"https:\/\/kusmitea.re\/#organization\",\"name\":\"Kusmi Tea R\u00e9union\",\"url\":\"https:\/\/kusmitea.re\/\",\"logo\":{\"@type\":\"ImageObject\",\"inLanguage\":\"fr-FR\",\"@id\":\"https:\/\/kusmitea.re\/#\/schema\/logo\/image\/\",\"url\":\"https:\/\/kusmitea.re\/wp-content\/uploads\/2023\/05\/cropped-logo.webp\",\"contentUrl\":\"https:\/\/kusmitea.re\/wp-content\/uploads\/2023\/05\/cropped-logo.webp\",\"width\":469,\"height\":141,\"caption\":\"Kusmi Tea R\u00e9union\"},\"image\":{\"@id\":\"https:\/\/kusmitea.re\/#\/schema\/logo\/image\/\"},\"sameAs\":[\"https:\/\/www.facebook.com\/p\/Kusmi-Tea-Runion-61571670075100\/\",\"https:\/\/www.instagram.com\/kusmiteare\/\"]}]}<\/script>\n<!-- \/ Yoast SEO plugin. -->","yoast_head_json":{"title":"Tea Time avec ou sans pince - Bo\u00eete de 20g - Kusmi Tea R\u00e9union","robots":{"index":"index","follow":"follow","max-snippet":"max-snippet:-1","max-image-preview":"max-image-preview:large","max-video-preview":"max-video-preview:-1"},"canonical":"https:\/\/kusmitea.re\/index.php\/product\/tea-time-avec-ou-sans-pince-boite-de-20g\/","og_locale":"fr_FR","og_type":"article","og_title":"Tea Time avec ou sans pince - Bo\u00eete de 20g - Kusmi Tea R\u00e9union","og_description":"Le coffret de th\u00e9 Tea Time propose un assortiment de 5 miniatures gourmandes avec une pince \u00e0 th\u00e9. D\u00e9gustez les th\u00e9s incontournables de la maison pendant votre pause avec ce coffret qui contient : le th\u00e9 noir Kashmir Tcha\u00ef et ses \u00e9pices, le th\u00e9 Vert aux notes douces d&rsquo;amande, le c\u00e9l\u00e8bre th\u00e9 noir Prince Wladimir [&hellip;]","og_url":"https:\/\/kusmitea.re\/index.php\/product\/tea-time-avec-ou-sans-pince-boite-de-20g\/","og_site_name":"Kusmi Tea R\u00e9union","article_publisher":"https:\/\/www.facebook.com\/p\/Kusmi-Tea-Runion-61571670075100\/","article_modified_time":"2026-01-02T08:53:09+00:00","og_image":[{"width":776,"height":1080,"url":"https:\/\/kusmitea.re\/wp-content\/uploads\/2025\/08\/8c569750091a8711578245bccd7383829c75bdd1_794b187dbbc81274697f12cb89026b85e8ca9bad_APRES525R.png","type":"image\/png"}],"twitter_card":"summary_large_image","twitter_misc":{"Dur\u00e9e de lecture estim\u00e9e":"1 minute"},"schema":{"@context":"https:\/\/schema.org","@graph":[{"@type":"WebPage","@id":"https:\/\/kusmitea.re\/index.php\/product\/tea-time-avec-ou-sans-pince-boite-de-20g\/","url":"https:\/\/kusmitea.re\/index.php\/product\/tea-time-avec-ou-sans-pince-boite-de-20g\/","name":"Tea Time avec ou sans pince - Bo\u00eete de 20g - Kusmi Tea R\u00e9union","isPartOf":{"@id":"https:\/\/kusmitea.re\/#website"},"primaryImageOfPage":{"@id":"https:\/\/kusmitea.re\/index.php\/product\/tea-time-avec-ou-sans-pince-boite-de-20g\/#primaryimage"},"image":{"@id":"https:\/\/kusmitea.re\/index.php\/product\/tea-time-avec-ou-sans-pince-boite-de-20g\/#primaryimage"},"thumbnailUrl":"https:\/\/kusmitea.re\/wp-content\/uploads\/2025\/08\/8c569750091a8711578245bccd7383829c75bdd1_794b187dbbc81274697f12cb89026b85e8ca9bad_APRES525R.png","datePublished":"2025-08-30T04:44:04+00:00","dateModified":"2026-01-02T08:53:09+00:00","breadcrumb":{"@id":"https:\/\/kusmitea.re\/index.php\/product\/tea-time-avec-ou-sans-pince-boite-de-20g\/#breadcrumb"},"inLanguage":"fr-FR","potentialAction":[{"@type":"ReadAction","target":["https:\/\/kusmitea.re\/index.php\/product\/tea-time-avec-ou-sans-pince-boite-de-20g\/"]}]},{"@type":"ImageObject","inLanguage":"fr-FR","@id":"https:\/\/kusmitea.re\/index.php\/product\/tea-time-avec-ou-sans-pince-boite-de-20g\/#primaryimage","url":"https:\/\/kusmitea.re\/wp-content\/uploads\/2025\/08\/8c569750091a8711578245bccd7383829c75bdd1_794b187dbbc81274697f12cb89026b85e8ca9bad_APRES525R.png","contentUrl":"https:\/\/kusmitea.re\/wp-content\/uploads\/2025\/08\/8c569750091a8711578245bccd7383829c75bdd1_794b187dbbc81274697f12cb89026b85e8ca9bad_APRES525R.png","width":776,"height":1080},{"@type":"BreadcrumbList","@id":"https:\/\/kusmitea.re\/index.php\/product\/tea-time-avec-ou-sans-pince-boite-de-20g\/#breadcrumb","itemListElement":[{"@type":"ListItem","position":1,"name":"Accueil","item":"https:\/\/kusmitea.re\/"},{"@type":"ListItem","position":2,"name":"Boutique","item":"https:\/\/kusmitea.re\/index.php\/shop\/"},{"@type":"ListItem","position":3,"name":"Tea Time avec ou sans pince &#8211; Bo\u00eete de 20g"}]},{"@type":"WebSite","@id":"https:\/\/kusmitea.re\/#website","url":"https:\/\/kusmitea.re\/","name":"Kusmi Tea R\u00e9union","description":"","publisher":{"@id":"https:\/\/kusmitea.re\/#organization"},"potentialAction":[{"@type":"SearchAction","target":{"@type":"EntryPoint","urlTemplate":"https:\/\/kusmitea.re\/?s={search_term_string}"},"query-input":{"@type":"PropertyValueSpecification","valueRequired":true,"valueName":"search_term_string"}}],"inLanguage":"fr-FR"},{"@type":"Organization","@id":"https:\/\/kusmitea.re\/#organization","name":"Kusmi Tea R\u00e9union","url":"https:\/\/kusmitea.re\/","logo":{"@type":"ImageObject","inLanguage":"fr-FR","@id":"https:\/\/kusmitea.re\/#\/schema\/logo\/image\/","url":"https:\/\/kusmitea.re\/wp-content\/uploads\/2023\/05\/cropped-logo.webp","contentUrl":"https:\/\/kusmitea.re\/wp-content\/uploads\/2023\/05\/cropped-logo.webp","width":469,"height":141,"caption":"Kusmi Tea R\u00e9union"},"image":{"@id":"https:\/\/kusmitea.re\/#\/schema\/logo\/image\/"},"sameAs":["https:\/\/www.facebook.com\/p\/Kusmi-Tea-Runion-61571670075100\/","https:\/\/www.instagram.com\/kusmiteare\/"]}]}},"jetpack_sharing_enabled":true,"_links":{"self":[{"href":"https:\/\/kusmitea.re\/index.php\/wp-json\/wp\/v2\/product\/6272","targetHints":{"allow":["GET"]}}],"collection":[{"href":"https:\/\/kusmitea.re\/index.php\/wp-json\/wp\/v2\/product"}],"about":[{"href":"https:\/\/kusmitea.re\/index.php\/wp-json\/wp\/v2\/types\/product"}],"replies":[{"embeddable":true,"href":"https:\/\/kusmitea.re\/index.php\/wp-json\/wp\/v2\/comments?post=6272"}],"version-history":[{"count":1,"href":"https:\/\/kusmitea.re\/index.php\/wp-json\/wp\/v2\/product\/6272\/revisions"}],"predecessor-version":[{"id":12928,"href":"https:\/\/kusmitea.re\/index.php\/wp-json\/wp\/v2\/product\/6272\/revisions\/12928"}],"wp:featuredmedia":[{"embeddable":true,"href":"https:\/\/kusmitea.re\/index.php\/wp-json\/wp\/v2\/media\/6318"}],"wp:attachment":[{"href":"https:\/\/kusmitea.re\/index.php\/wp-json\/wp\/v2\/media?parent=6272"}],"wp:term":[{"taxonomy":"product_cat","embeddable":true,"href":"https:\/\/kusmitea.re\/index.php\/wp-json\/wp\/v2\/product_cat?post=6272"},{"taxonomy":"product_tag","embeddable":true,"href":"https:\/\/kusmitea.re\/index.php\/wp-json\/wp\/v2\/product_tag?post=6272"}],"curies":[{"name":"wp","href":"https:\/\/api.w.org\/{rel}","templated":true}]}}