{"id":6271,"date":"2025-08-30T06:44:04","date_gmt":"2025-08-30T04:44:04","guid":{"rendered":"https:\/\/kusmitea.re\/?post_type=product&#038;p=6271"},"modified":"2026-01-02T04:34:16","modified_gmt":"2026-01-02T03:34:16","slug":"originals-avec-ou-sans-pince-boite-de-20g","status":"publish","type":"product","link":"https:\/\/kusmitea.re\/index.php\/product\/originals-avec-ou-sans-pince-boite-de-20g\/","title":{"rendered":"Originals avec ou sans pince &#8211; Bo\u00eete de 20g"},"content":{"rendered":"<p style=\"text-align: justify;\">D\u00e9couvrez le coffret de th\u00e9 Kusmi Original qui r\u00e9uni les 5 recettes originales de th\u00e9 noir de la maison Kusmi Tea.<\/p>\n<p style=\"text-align: justify;\">Laissez-vous tenter par cet assortiment de bo\u00eetes de th\u00e9 design compos\u00e9 de Bouquet de Fleurs N\u00b0108, le plus ancien des m\u00e9langes avec agrumes et fleurs, Anastasia, une recette exclusive de bergamote et fleur d&rsquo;oranger, Prince Wladimir, un m\u00e9lange incontournable d&rsquo;Earl Grey, vanille et \u00e9pices, St-P\u00e9tersbourg, une recette gourmande alliant caramel, fruits rouges et vanille, et Th\u00e9 du matin N\u00b024, une alliance entre deux th\u00e9s noirs de Chine et de Ceylan.<\/p>\n<p style=\"text-align: justify;\">Id\u00e9al pour toutes les occasions (F\u00eate des p\u00e8res, anniversaire, No\u00ebl&#8230;), ce coffret comblera les amateurs de th\u00e9 noir !<\/p>\n","protected":false},"excerpt":{"rendered":"<p>D\u00e9couvrez le coffret de th\u00e9 Kusmi Original qui r\u00e9uni les 5 recettes originales de th\u00e9 noir de la maison Kusmi Tea. Laissez-vous tenter par cet assortiment de bo\u00eetes de th\u00e9 design compos\u00e9 de Bouquet de Fleurs N\u00b0108, le plus ancien des m\u00e9langes avec agrumes et fleurs, Anastasia, une recette exclusive de bergamote et fleur d&rsquo;oranger, [&hellip;]<\/p>\n","protected":false},"featured_media":6317,"comment_status":"open","ping_status":"closed","template":"","meta":[],"product_cat":[112,113,114],"product_tag":[],"class_list":{"0":"post-6271","1":"product","2":"type-product","3":"status-publish","4":"has-post-thumbnail","6":"product_cat-coffrets-cadeaux","7":"product_cat-coffrets-de-the-en-vrac","8":"product_cat-idees-cadeaux","10":"first","11":"outofstock","12":"shipping-taxable","13":"product-type-variable","14":"has-default-attributes"},"yoast_head":"<!-- This site is optimized with the Yoast SEO plugin v26.6 - https:\/\/yoast.com\/wordpress\/plugins\/seo\/ -->\n<title>Originals avec ou sans pince - Bo\u00eete de 20g - Kusmi Tea R\u00e9union<\/title>\n<meta name=\"robots\" content=\"index, follow, max-snippet:-1, max-image-preview:large, max-video-preview:-1\" \/>\n<link rel=\"canonical\" href=\"https:\/\/kusmitea.re\/index.php\/product\/originals-avec-ou-sans-pince-boite-de-20g\/\" \/>\n<meta property=\"og:locale\" content=\"fr_FR\" \/>\n<meta property=\"og:type\" content=\"article\" \/>\n<meta property=\"og:title\" content=\"Originals avec ou sans pince - Bo\u00eete de 20g - Kusmi Tea R\u00e9union\" \/>\n<meta property=\"og:description\" content=\"D\u00e9couvrez le coffret de th\u00e9 Kusmi Original qui r\u00e9uni les 5 recettes originales de th\u00e9 noir de la maison Kusmi Tea. Laissez-vous tenter par cet assortiment de bo\u00eetes de th\u00e9 design compos\u00e9 de Bouquet de Fleurs N\u00b0108, le plus ancien des m\u00e9langes avec agrumes et fleurs, Anastasia, une recette exclusive de bergamote et fleur d&rsquo;oranger, [&hellip;]\" \/>\n<meta property=\"og:url\" content=\"https:\/\/kusmitea.re\/index.php\/product\/originals-avec-ou-sans-pince-boite-de-20g\/\" \/>\n<meta property=\"og:site_name\" content=\"Kusmi Tea R\u00e9union\" \/>\n<meta property=\"article:publisher\" content=\"https:\/\/www.facebook.com\/p\/Kusmi-Tea-Runion-61571670075100\/\" \/>\n<meta property=\"article:modified_time\" content=\"2026-01-02T03:34:16+00:00\" \/>\n<meta property=\"og:image\" content=\"https:\/\/kusmitea.re\/wp-content\/uploads\/2025\/08\/NOIR525BIO.jpg\" \/>\n\t<meta property=\"og:image:width\" content=\"500\" \/>\n\t<meta property=\"og:image:height\" content=\"500\" \/>\n\t<meta property=\"og:image:type\" content=\"image\/jpeg\" \/>\n<meta name=\"twitter:card\" content=\"summary_large_image\" \/>\n<meta name=\"twitter:label1\" content=\"Dur\u00e9e de lecture estim\u00e9e\" \/>\n\t<meta name=\"twitter:data1\" content=\"1 minute\" \/>\n<script type=\"application\/ld+json\" class=\"yoast-schema-graph\">{\"@context\":\"https:\/\/schema.org\",\"@graph\":[{\"@type\":\"WebPage\",\"@id\":\"https:\/\/kusmitea.re\/index.php\/product\/originals-avec-ou-sans-pince-boite-de-20g\/\",\"url\":\"https:\/\/kusmitea.re\/index.php\/product\/originals-avec-ou-sans-pince-boite-de-20g\/\",\"name\":\"Originals avec ou sans pince - Bo\u00eete de 20g - Kusmi Tea R\u00e9union\",\"isPartOf\":{\"@id\":\"https:\/\/kusmitea.re\/#website\"},\"primaryImageOfPage\":{\"@id\":\"https:\/\/kusmitea.re\/index.php\/product\/originals-avec-ou-sans-pince-boite-de-20g\/#primaryimage\"},\"image\":{\"@id\":\"https:\/\/kusmitea.re\/index.php\/product\/originals-avec-ou-sans-pince-boite-de-20g\/#primaryimage\"},\"thumbnailUrl\":\"https:\/\/kusmitea.re\/wp-content\/uploads\/2025\/08\/NOIR525BIO.jpg\",\"datePublished\":\"2025-08-30T04:44:04+00:00\",\"dateModified\":\"2026-01-02T03:34:16+00:00\",\"breadcrumb\":{\"@id\":\"https:\/\/kusmitea.re\/index.php\/product\/originals-avec-ou-sans-pince-boite-de-20g\/#breadcrumb\"},\"inLanguage\":\"fr-FR\",\"potentialAction\":[{\"@type\":\"ReadAction\",\"target\":[\"https:\/\/kusmitea.re\/index.php\/product\/originals-avec-ou-sans-pince-boite-de-20g\/\"]}]},{\"@type\":\"ImageObject\",\"inLanguage\":\"fr-FR\",\"@id\":\"https:\/\/kusmitea.re\/index.php\/product\/originals-avec-ou-sans-pince-boite-de-20g\/#primaryimage\",\"url\":\"https:\/\/kusmitea.re\/wp-content\/uploads\/2025\/08\/NOIR525BIO.jpg\",\"contentUrl\":\"https:\/\/kusmitea.re\/wp-content\/uploads\/2025\/08\/NOIR525BIO.jpg\",\"width\":500,\"height\":500},{\"@type\":\"BreadcrumbList\",\"@id\":\"https:\/\/kusmitea.re\/index.php\/product\/originals-avec-ou-sans-pince-boite-de-20g\/#breadcrumb\",\"itemListElement\":[{\"@type\":\"ListItem\",\"position\":1,\"name\":\"Accueil\",\"item\":\"https:\/\/kusmitea.re\/\"},{\"@type\":\"ListItem\",\"position\":2,\"name\":\"Boutique\",\"item\":\"https:\/\/kusmitea.re\/index.php\/shop\/\"},{\"@type\":\"ListItem\",\"position\":3,\"name\":\"Originals avec ou sans pince &#8211; Bo\u00eete de 20g\"}]},{\"@type\":\"WebSite\",\"@id\":\"https:\/\/kusmitea.re\/#website\",\"url\":\"https:\/\/kusmitea.re\/\",\"name\":\"Kusmi Tea R\u00e9union\",\"description\":\"\",\"publisher\":{\"@id\":\"https:\/\/kusmitea.re\/#organization\"},\"potentialAction\":[{\"@type\":\"SearchAction\",\"target\":{\"@type\":\"EntryPoint\",\"urlTemplate\":\"https:\/\/kusmitea.re\/?s={search_term_string}\"},\"query-input\":{\"@type\":\"PropertyValueSpecification\",\"valueRequired\":true,\"valueName\":\"search_term_string\"}}],\"inLanguage\":\"fr-FR\"},{\"@type\":\"Organization\",\"@id\":\"https:\/\/kusmitea.re\/#organization\",\"name\":\"Kusmi Tea R\u00e9union\",\"url\":\"https:\/\/kusmitea.re\/\",\"logo\":{\"@type\":\"ImageObject\",\"inLanguage\":\"fr-FR\",\"@id\":\"https:\/\/kusmitea.re\/#\/schema\/logo\/image\/\",\"url\":\"https:\/\/kusmitea.re\/wp-content\/uploads\/2023\/05\/cropped-logo.webp\",\"contentUrl\":\"https:\/\/kusmitea.re\/wp-content\/uploads\/2023\/05\/cropped-logo.webp\",\"width\":469,\"height\":141,\"caption\":\"Kusmi Tea R\u00e9union\"},\"image\":{\"@id\":\"https:\/\/kusmitea.re\/#\/schema\/logo\/image\/\"},\"sameAs\":[\"https:\/\/www.facebook.com\/p\/Kusmi-Tea-Runion-61571670075100\/\",\"https:\/\/www.instagram.com\/kusmiteare\/\"]}]}<\/script>\n<!-- \/ Yoast SEO plugin. -->","yoast_head_json":{"title":"Originals avec ou sans pince - Bo\u00eete de 20g - Kusmi Tea R\u00e9union","robots":{"index":"index","follow":"follow","max-snippet":"max-snippet:-1","max-image-preview":"max-image-preview:large","max-video-preview":"max-video-preview:-1"},"canonical":"https:\/\/kusmitea.re\/index.php\/product\/originals-avec-ou-sans-pince-boite-de-20g\/","og_locale":"fr_FR","og_type":"article","og_title":"Originals avec ou sans pince - Bo\u00eete de 20g - Kusmi Tea R\u00e9union","og_description":"D\u00e9couvrez le coffret de th\u00e9 Kusmi Original qui r\u00e9uni les 5 recettes originales de th\u00e9 noir de la maison Kusmi Tea. Laissez-vous tenter par cet assortiment de bo\u00eetes de th\u00e9 design compos\u00e9 de Bouquet de Fleurs N\u00b0108, le plus ancien des m\u00e9langes avec agrumes et fleurs, Anastasia, une recette exclusive de bergamote et fleur d&rsquo;oranger, [&hellip;]","og_url":"https:\/\/kusmitea.re\/index.php\/product\/originals-avec-ou-sans-pince-boite-de-20g\/","og_site_name":"Kusmi Tea R\u00e9union","article_publisher":"https:\/\/www.facebook.com\/p\/Kusmi-Tea-Runion-61571670075100\/","article_modified_time":"2026-01-02T03:34:16+00:00","og_image":[{"width":500,"height":500,"url":"https:\/\/kusmitea.re\/wp-content\/uploads\/2025\/08\/NOIR525BIO.jpg","type":"image\/jpeg"}],"twitter_card":"summary_large_image","twitter_misc":{"Dur\u00e9e de lecture estim\u00e9e":"1 minute"},"schema":{"@context":"https:\/\/schema.org","@graph":[{"@type":"WebPage","@id":"https:\/\/kusmitea.re\/index.php\/product\/originals-avec-ou-sans-pince-boite-de-20g\/","url":"https:\/\/kusmitea.re\/index.php\/product\/originals-avec-ou-sans-pince-boite-de-20g\/","name":"Originals avec ou sans pince - Bo\u00eete de 20g - Kusmi Tea R\u00e9union","isPartOf":{"@id":"https:\/\/kusmitea.re\/#website"},"primaryImageOfPage":{"@id":"https:\/\/kusmitea.re\/index.php\/product\/originals-avec-ou-sans-pince-boite-de-20g\/#primaryimage"},"image":{"@id":"https:\/\/kusmitea.re\/index.php\/product\/originals-avec-ou-sans-pince-boite-de-20g\/#primaryimage"},"thumbnailUrl":"https:\/\/kusmitea.re\/wp-content\/uploads\/2025\/08\/NOIR525BIO.jpg","datePublished":"2025-08-30T04:44:04+00:00","dateModified":"2026-01-02T03:34:16+00:00","breadcrumb":{"@id":"https:\/\/kusmitea.re\/index.php\/product\/originals-avec-ou-sans-pince-boite-de-20g\/#breadcrumb"},"inLanguage":"fr-FR","potentialAction":[{"@type":"ReadAction","target":["https:\/\/kusmitea.re\/index.php\/product\/originals-avec-ou-sans-pince-boite-de-20g\/"]}]},{"@type":"ImageObject","inLanguage":"fr-FR","@id":"https:\/\/kusmitea.re\/index.php\/product\/originals-avec-ou-sans-pince-boite-de-20g\/#primaryimage","url":"https:\/\/kusmitea.re\/wp-content\/uploads\/2025\/08\/NOIR525BIO.jpg","contentUrl":"https:\/\/kusmitea.re\/wp-content\/uploads\/2025\/08\/NOIR525BIO.jpg","width":500,"height":500},{"@type":"BreadcrumbList","@id":"https:\/\/kusmitea.re\/index.php\/product\/originals-avec-ou-sans-pince-boite-de-20g\/#breadcrumb","itemListElement":[{"@type":"ListItem","position":1,"name":"Accueil","item":"https:\/\/kusmitea.re\/"},{"@type":"ListItem","position":2,"name":"Boutique","item":"https:\/\/kusmitea.re\/index.php\/shop\/"},{"@type":"ListItem","position":3,"name":"Originals avec ou sans pince &#8211; Bo\u00eete de 20g"}]},{"@type":"WebSite","@id":"https:\/\/kusmitea.re\/#website","url":"https:\/\/kusmitea.re\/","name":"Kusmi Tea R\u00e9union","description":"","publisher":{"@id":"https:\/\/kusmitea.re\/#organization"},"potentialAction":[{"@type":"SearchAction","target":{"@type":"EntryPoint","urlTemplate":"https:\/\/kusmitea.re\/?s={search_term_string}"},"query-input":{"@type":"PropertyValueSpecification","valueRequired":true,"valueName":"search_term_string"}}],"inLanguage":"fr-FR"},{"@type":"Organization","@id":"https:\/\/kusmitea.re\/#organization","name":"Kusmi Tea R\u00e9union","url":"https:\/\/kusmitea.re\/","logo":{"@type":"ImageObject","inLanguage":"fr-FR","@id":"https:\/\/kusmitea.re\/#\/schema\/logo\/image\/","url":"https:\/\/kusmitea.re\/wp-content\/uploads\/2023\/05\/cropped-logo.webp","contentUrl":"https:\/\/kusmitea.re\/wp-content\/uploads\/2023\/05\/cropped-logo.webp","width":469,"height":141,"caption":"Kusmi Tea R\u00e9union"},"image":{"@id":"https:\/\/kusmitea.re\/#\/schema\/logo\/image\/"},"sameAs":["https:\/\/www.facebook.com\/p\/Kusmi-Tea-Runion-61571670075100\/","https:\/\/www.instagram.com\/kusmiteare\/"]}]}},"jetpack_sharing_enabled":true,"_links":{"self":[{"href":"https:\/\/kusmitea.re\/index.php\/wp-json\/wp\/v2\/product\/6271","targetHints":{"allow":["GET"]}}],"collection":[{"href":"https:\/\/kusmitea.re\/index.php\/wp-json\/wp\/v2\/product"}],"about":[{"href":"https:\/\/kusmitea.re\/index.php\/wp-json\/wp\/v2\/types\/product"}],"replies":[{"embeddable":true,"href":"https:\/\/kusmitea.re\/index.php\/wp-json\/wp\/v2\/comments?post=6271"}],"version-history":[{"count":2,"href":"https:\/\/kusmitea.re\/index.php\/wp-json\/wp\/v2\/product\/6271\/revisions"}],"predecessor-version":[{"id":12932,"href":"https:\/\/kusmitea.re\/index.php\/wp-json\/wp\/v2\/product\/6271\/revisions\/12932"}],"wp:featuredmedia":[{"embeddable":true,"href":"https:\/\/kusmitea.re\/index.php\/wp-json\/wp\/v2\/media\/6317"}],"wp:attachment":[{"href":"https:\/\/kusmitea.re\/index.php\/wp-json\/wp\/v2\/media?parent=6271"}],"wp:term":[{"taxonomy":"product_cat","embeddable":true,"href":"https:\/\/kusmitea.re\/index.php\/wp-json\/wp\/v2\/product_cat?post=6271"},{"taxonomy":"product_tag","embeddable":true,"href":"https:\/\/kusmitea.re\/index.php\/wp-json\/wp\/v2\/product_tag?post=6271"}],"curies":[{"name":"wp","href":"https:\/\/api.w.org\/{rel}","templated":true}]}}