{"id":6261,"date":"2025-08-30T06:43:43","date_gmt":"2025-08-30T04:43:43","guid":{"rendered":"https:\/\/kusmitea.re\/?post_type=product&#038;p=6261"},"modified":"2026-01-02T10:33:32","modified_gmt":"2026-01-02T09:33:32","slug":"les-moments-avec-ou-sans-pince-boite-de-20g","status":"publish","type":"product","link":"https:\/\/kusmitea.re\/index.php\/product\/les-moments-avec-ou-sans-pince-boite-de-20g\/","title":{"rendered":"Les Moments avec ou sans pince &#8211; Bo\u00eete de 20g"},"content":{"rendered":"<p style=\"text-align: justify;\">Succombez au coffret de th\u00e9 Les Moments avec ses 5 bo\u00eetes de th\u00e9 en vrac et sa pince \u00e0 th\u00e9.<\/p>\n<p style=\"text-align: justify;\">D\u00e9marrez votre journ\u00e9e avec la subtilit\u00e9 du th\u00e9 noir Th\u00e9 du Matin N\u00b024 ou la fra\u00eecheur de notre Earl Grey.Eveillez vos sens avec le caract\u00e8re \u00e9pic\u00e9 de Label Imp\u00e9rial, prenez une pause avec le th\u00e9 vert parfum\u00e9 au jasmin, et finissez avec notre recette exotique et fruit\u00e9e AquaExotica.<\/p>\n<p style=\"text-align: justify;\">En panne d&rsquo;id\u00e9es cadeaux ? Ce coffret de th\u00e9 est id\u00e9al \u00e0 offrir \u00e0 vos coll\u00e8gues, vos amis et \u00e0 votre famille.<\/p>\n","protected":false},"excerpt":{"rendered":"<p>Succombez au coffret de th\u00e9 Les Moments avec ses 5 bo\u00eetes de th\u00e9 en vrac et sa pince \u00e0 th\u00e9. D\u00e9marrez votre journ\u00e9e avec la subtilit\u00e9 du th\u00e9 noir Th\u00e9 du Matin N\u00b024 ou la fra\u00eecheur de notre Earl Grey.Eveillez vos sens avec le caract\u00e8re \u00e9pic\u00e9 de Label Imp\u00e9rial, prenez une pause avec le th\u00e9 [&hellip;]<\/p>\n","protected":false},"featured_media":6316,"comment_status":"open","ping_status":"closed","template":"","meta":[],"product_cat":[112,113,114],"product_tag":[],"class_list":{"0":"post-6261","1":"product","2":"type-product","3":"status-publish","4":"has-post-thumbnail","6":"product_cat-coffrets-cadeaux","7":"product_cat-coffrets-de-the-en-vrac","8":"product_cat-idees-cadeaux","10":"first","11":"outofstock","12":"shipping-taxable","13":"product-type-variable","14":"has-default-attributes"},"yoast_head":"<!-- This site is optimized with the Yoast SEO plugin v26.6 - https:\/\/yoast.com\/wordpress\/plugins\/seo\/ -->\n<title>Les Moments avec ou sans pince - Bo\u00eete de 20g - Kusmi Tea R\u00e9union<\/title>\n<meta name=\"robots\" content=\"index, follow, max-snippet:-1, max-image-preview:large, max-video-preview:-1\" \/>\n<link rel=\"canonical\" href=\"https:\/\/kusmitea.re\/index.php\/product\/les-moments-avec-ou-sans-pince-boite-de-20g\/\" \/>\n<meta property=\"og:locale\" content=\"fr_FR\" \/>\n<meta property=\"og:type\" content=\"article\" \/>\n<meta property=\"og:title\" content=\"Les Moments avec ou sans pince - Bo\u00eete de 20g - Kusmi Tea R\u00e9union\" \/>\n<meta property=\"og:description\" content=\"Succombez au coffret de th\u00e9 Les Moments avec ses 5 bo\u00eetes de th\u00e9 en vrac et sa pince \u00e0 th\u00e9. D\u00e9marrez votre journ\u00e9e avec la subtilit\u00e9 du th\u00e9 noir Th\u00e9 du Matin N\u00b024 ou la fra\u00eecheur de notre Earl Grey.Eveillez vos sens avec le caract\u00e8re \u00e9pic\u00e9 de Label Imp\u00e9rial, prenez une pause avec le th\u00e9 [&hellip;]\" \/>\n<meta property=\"og:url\" content=\"https:\/\/kusmitea.re\/index.php\/product\/les-moments-avec-ou-sans-pince-boite-de-20g\/\" \/>\n<meta property=\"og:site_name\" content=\"Kusmi Tea R\u00e9union\" \/>\n<meta property=\"article:publisher\" content=\"https:\/\/www.facebook.com\/p\/Kusmi-Tea-Runion-61571670075100\/\" \/>\n<meta property=\"article:modified_time\" content=\"2026-01-02T09:33:32+00:00\" \/>\n<meta property=\"og:image\" content=\"https:\/\/kusmitea.re\/wp-content\/uploads\/2025\/08\/2b8370682ad0c73b3e4b8d7813dfdab95abe7773_edb8d2f1e622b9ea77417a581eacbc8b9b0957ca_MOME525.png\" \/>\n\t<meta property=\"og:image:width\" content=\"800\" \/>\n\t<meta property=\"og:image:height\" content=\"1113\" \/>\n\t<meta property=\"og:image:type\" content=\"image\/png\" \/>\n<meta name=\"twitter:card\" content=\"summary_large_image\" \/>\n<meta name=\"twitter:label1\" content=\"Dur\u00e9e de lecture estim\u00e9e\" \/>\n\t<meta name=\"twitter:data1\" content=\"1 minute\" \/>\n<script type=\"application\/ld+json\" class=\"yoast-schema-graph\">{\"@context\":\"https:\/\/schema.org\",\"@graph\":[{\"@type\":\"WebPage\",\"@id\":\"https:\/\/kusmitea.re\/index.php\/product\/les-moments-avec-ou-sans-pince-boite-de-20g\/\",\"url\":\"https:\/\/kusmitea.re\/index.php\/product\/les-moments-avec-ou-sans-pince-boite-de-20g\/\",\"name\":\"Les Moments avec ou sans pince - Bo\u00eete de 20g - Kusmi Tea R\u00e9union\",\"isPartOf\":{\"@id\":\"https:\/\/kusmitea.re\/#website\"},\"primaryImageOfPage\":{\"@id\":\"https:\/\/kusmitea.re\/index.php\/product\/les-moments-avec-ou-sans-pince-boite-de-20g\/#primaryimage\"},\"image\":{\"@id\":\"https:\/\/kusmitea.re\/index.php\/product\/les-moments-avec-ou-sans-pince-boite-de-20g\/#primaryimage\"},\"thumbnailUrl\":\"https:\/\/kusmitea.re\/wp-content\/uploads\/2025\/08\/2b8370682ad0c73b3e4b8d7813dfdab95abe7773_edb8d2f1e622b9ea77417a581eacbc8b9b0957ca_MOME525.png\",\"datePublished\":\"2025-08-30T04:43:43+00:00\",\"dateModified\":\"2026-01-02T09:33:32+00:00\",\"breadcrumb\":{\"@id\":\"https:\/\/kusmitea.re\/index.php\/product\/les-moments-avec-ou-sans-pince-boite-de-20g\/#breadcrumb\"},\"inLanguage\":\"fr-FR\",\"potentialAction\":[{\"@type\":\"ReadAction\",\"target\":[\"https:\/\/kusmitea.re\/index.php\/product\/les-moments-avec-ou-sans-pince-boite-de-20g\/\"]}]},{\"@type\":\"ImageObject\",\"inLanguage\":\"fr-FR\",\"@id\":\"https:\/\/kusmitea.re\/index.php\/product\/les-moments-avec-ou-sans-pince-boite-de-20g\/#primaryimage\",\"url\":\"https:\/\/kusmitea.re\/wp-content\/uploads\/2025\/08\/2b8370682ad0c73b3e4b8d7813dfdab95abe7773_edb8d2f1e622b9ea77417a581eacbc8b9b0957ca_MOME525.png\",\"contentUrl\":\"https:\/\/kusmitea.re\/wp-content\/uploads\/2025\/08\/2b8370682ad0c73b3e4b8d7813dfdab95abe7773_edb8d2f1e622b9ea77417a581eacbc8b9b0957ca_MOME525.png\",\"width\":800,\"height\":1113},{\"@type\":\"BreadcrumbList\",\"@id\":\"https:\/\/kusmitea.re\/index.php\/product\/les-moments-avec-ou-sans-pince-boite-de-20g\/#breadcrumb\",\"itemListElement\":[{\"@type\":\"ListItem\",\"position\":1,\"name\":\"Accueil\",\"item\":\"https:\/\/kusmitea.re\/\"},{\"@type\":\"ListItem\",\"position\":2,\"name\":\"Boutique\",\"item\":\"https:\/\/kusmitea.re\/index.php\/shop\/\"},{\"@type\":\"ListItem\",\"position\":3,\"name\":\"Les Moments avec ou sans pince &#8211; Bo\u00eete de 20g\"}]},{\"@type\":\"WebSite\",\"@id\":\"https:\/\/kusmitea.re\/#website\",\"url\":\"https:\/\/kusmitea.re\/\",\"name\":\"Kusmi Tea R\u00e9union\",\"description\":\"\",\"publisher\":{\"@id\":\"https:\/\/kusmitea.re\/#organization\"},\"potentialAction\":[{\"@type\":\"SearchAction\",\"target\":{\"@type\":\"EntryPoint\",\"urlTemplate\":\"https:\/\/kusmitea.re\/?s={search_term_string}\"},\"query-input\":{\"@type\":\"PropertyValueSpecification\",\"valueRequired\":true,\"valueName\":\"search_term_string\"}}],\"inLanguage\":\"fr-FR\"},{\"@type\":\"Organization\",\"@id\":\"https:\/\/kusmitea.re\/#organization\",\"name\":\"Kusmi Tea R\u00e9union\",\"url\":\"https:\/\/kusmitea.re\/\",\"logo\":{\"@type\":\"ImageObject\",\"inLanguage\":\"fr-FR\",\"@id\":\"https:\/\/kusmitea.re\/#\/schema\/logo\/image\/\",\"url\":\"https:\/\/kusmitea.re\/wp-content\/uploads\/2023\/05\/cropped-logo.webp\",\"contentUrl\":\"https:\/\/kusmitea.re\/wp-content\/uploads\/2023\/05\/cropped-logo.webp\",\"width\":469,\"height\":141,\"caption\":\"Kusmi Tea R\u00e9union\"},\"image\":{\"@id\":\"https:\/\/kusmitea.re\/#\/schema\/logo\/image\/\"},\"sameAs\":[\"https:\/\/www.facebook.com\/p\/Kusmi-Tea-Runion-61571670075100\/\",\"https:\/\/www.instagram.com\/kusmiteare\/\"]}]}<\/script>\n<!-- \/ Yoast SEO plugin. -->","yoast_head_json":{"title":"Les Moments avec ou sans pince - Bo\u00eete de 20g - Kusmi Tea R\u00e9union","robots":{"index":"index","follow":"follow","max-snippet":"max-snippet:-1","max-image-preview":"max-image-preview:large","max-video-preview":"max-video-preview:-1"},"canonical":"https:\/\/kusmitea.re\/index.php\/product\/les-moments-avec-ou-sans-pince-boite-de-20g\/","og_locale":"fr_FR","og_type":"article","og_title":"Les Moments avec ou sans pince - Bo\u00eete de 20g - Kusmi Tea R\u00e9union","og_description":"Succombez au coffret de th\u00e9 Les Moments avec ses 5 bo\u00eetes de th\u00e9 en vrac et sa pince \u00e0 th\u00e9. D\u00e9marrez votre journ\u00e9e avec la subtilit\u00e9 du th\u00e9 noir Th\u00e9 du Matin N\u00b024 ou la fra\u00eecheur de notre Earl Grey.Eveillez vos sens avec le caract\u00e8re \u00e9pic\u00e9 de Label Imp\u00e9rial, prenez une pause avec le th\u00e9 [&hellip;]","og_url":"https:\/\/kusmitea.re\/index.php\/product\/les-moments-avec-ou-sans-pince-boite-de-20g\/","og_site_name":"Kusmi Tea R\u00e9union","article_publisher":"https:\/\/www.facebook.com\/p\/Kusmi-Tea-Runion-61571670075100\/","article_modified_time":"2026-01-02T09:33:32+00:00","og_image":[{"width":800,"height":1113,"url":"https:\/\/kusmitea.re\/wp-content\/uploads\/2025\/08\/2b8370682ad0c73b3e4b8d7813dfdab95abe7773_edb8d2f1e622b9ea77417a581eacbc8b9b0957ca_MOME525.png","type":"image\/png"}],"twitter_card":"summary_large_image","twitter_misc":{"Dur\u00e9e de lecture estim\u00e9e":"1 minute"},"schema":{"@context":"https:\/\/schema.org","@graph":[{"@type":"WebPage","@id":"https:\/\/kusmitea.re\/index.php\/product\/les-moments-avec-ou-sans-pince-boite-de-20g\/","url":"https:\/\/kusmitea.re\/index.php\/product\/les-moments-avec-ou-sans-pince-boite-de-20g\/","name":"Les Moments avec ou sans pince - Bo\u00eete de 20g - Kusmi Tea R\u00e9union","isPartOf":{"@id":"https:\/\/kusmitea.re\/#website"},"primaryImageOfPage":{"@id":"https:\/\/kusmitea.re\/index.php\/product\/les-moments-avec-ou-sans-pince-boite-de-20g\/#primaryimage"},"image":{"@id":"https:\/\/kusmitea.re\/index.php\/product\/les-moments-avec-ou-sans-pince-boite-de-20g\/#primaryimage"},"thumbnailUrl":"https:\/\/kusmitea.re\/wp-content\/uploads\/2025\/08\/2b8370682ad0c73b3e4b8d7813dfdab95abe7773_edb8d2f1e622b9ea77417a581eacbc8b9b0957ca_MOME525.png","datePublished":"2025-08-30T04:43:43+00:00","dateModified":"2026-01-02T09:33:32+00:00","breadcrumb":{"@id":"https:\/\/kusmitea.re\/index.php\/product\/les-moments-avec-ou-sans-pince-boite-de-20g\/#breadcrumb"},"inLanguage":"fr-FR","potentialAction":[{"@type":"ReadAction","target":["https:\/\/kusmitea.re\/index.php\/product\/les-moments-avec-ou-sans-pince-boite-de-20g\/"]}]},{"@type":"ImageObject","inLanguage":"fr-FR","@id":"https:\/\/kusmitea.re\/index.php\/product\/les-moments-avec-ou-sans-pince-boite-de-20g\/#primaryimage","url":"https:\/\/kusmitea.re\/wp-content\/uploads\/2025\/08\/2b8370682ad0c73b3e4b8d7813dfdab95abe7773_edb8d2f1e622b9ea77417a581eacbc8b9b0957ca_MOME525.png","contentUrl":"https:\/\/kusmitea.re\/wp-content\/uploads\/2025\/08\/2b8370682ad0c73b3e4b8d7813dfdab95abe7773_edb8d2f1e622b9ea77417a581eacbc8b9b0957ca_MOME525.png","width":800,"height":1113},{"@type":"BreadcrumbList","@id":"https:\/\/kusmitea.re\/index.php\/product\/les-moments-avec-ou-sans-pince-boite-de-20g\/#breadcrumb","itemListElement":[{"@type":"ListItem","position":1,"name":"Accueil","item":"https:\/\/kusmitea.re\/"},{"@type":"ListItem","position":2,"name":"Boutique","item":"https:\/\/kusmitea.re\/index.php\/shop\/"},{"@type":"ListItem","position":3,"name":"Les Moments avec ou sans pince &#8211; Bo\u00eete de 20g"}]},{"@type":"WebSite","@id":"https:\/\/kusmitea.re\/#website","url":"https:\/\/kusmitea.re\/","name":"Kusmi Tea R\u00e9union","description":"","publisher":{"@id":"https:\/\/kusmitea.re\/#organization"},"potentialAction":[{"@type":"SearchAction","target":{"@type":"EntryPoint","urlTemplate":"https:\/\/kusmitea.re\/?s={search_term_string}"},"query-input":{"@type":"PropertyValueSpecification","valueRequired":true,"valueName":"search_term_string"}}],"inLanguage":"fr-FR"},{"@type":"Organization","@id":"https:\/\/kusmitea.re\/#organization","name":"Kusmi Tea R\u00e9union","url":"https:\/\/kusmitea.re\/","logo":{"@type":"ImageObject","inLanguage":"fr-FR","@id":"https:\/\/kusmitea.re\/#\/schema\/logo\/image\/","url":"https:\/\/kusmitea.re\/wp-content\/uploads\/2023\/05\/cropped-logo.webp","contentUrl":"https:\/\/kusmitea.re\/wp-content\/uploads\/2023\/05\/cropped-logo.webp","width":469,"height":141,"caption":"Kusmi Tea R\u00e9union"},"image":{"@id":"https:\/\/kusmitea.re\/#\/schema\/logo\/image\/"},"sameAs":["https:\/\/www.facebook.com\/p\/Kusmi-Tea-Runion-61571670075100\/","https:\/\/www.instagram.com\/kusmiteare\/"]}]}},"jetpack_sharing_enabled":true,"_links":{"self":[{"href":"https:\/\/kusmitea.re\/index.php\/wp-json\/wp\/v2\/product\/6261","targetHints":{"allow":["GET"]}}],"collection":[{"href":"https:\/\/kusmitea.re\/index.php\/wp-json\/wp\/v2\/product"}],"about":[{"href":"https:\/\/kusmitea.re\/index.php\/wp-json\/wp\/v2\/types\/product"}],"replies":[{"embeddable":true,"href":"https:\/\/kusmitea.re\/index.php\/wp-json\/wp\/v2\/comments?post=6261"}],"version-history":[{"count":1,"href":"https:\/\/kusmitea.re\/index.php\/wp-json\/wp\/v2\/product\/6261\/revisions"}],"predecessor-version":[{"id":12976,"href":"https:\/\/kusmitea.re\/index.php\/wp-json\/wp\/v2\/product\/6261\/revisions\/12976"}],"wp:featuredmedia":[{"embeddable":true,"href":"https:\/\/kusmitea.re\/index.php\/wp-json\/wp\/v2\/media\/6316"}],"wp:attachment":[{"href":"https:\/\/kusmitea.re\/index.php\/wp-json\/wp\/v2\/media?parent=6261"}],"wp:term":[{"taxonomy":"product_cat","embeddable":true,"href":"https:\/\/kusmitea.re\/index.php\/wp-json\/wp\/v2\/product_cat?post=6261"},{"taxonomy":"product_tag","embeddable":true,"href":"https:\/\/kusmitea.re\/index.php\/wp-json\/wp\/v2\/product_tag?post=6261"}],"curies":[{"name":"wp","href":"https:\/\/api.w.org\/{rel}","templated":true}]}}