{"id":6256,"date":"2025-08-30T06:43:20","date_gmt":"2025-08-30T04:43:20","guid":{"rendered":"https:\/\/kusmitea.re\/?post_type=product&#038;p=6256"},"modified":"2025-09-22T11:15:36","modified_gmt":"2025-09-22T09:15:36","slug":"la-selection-alain-ducasse-avec-pince-boite-de-20g","status":"publish","type":"product","link":"https:\/\/kusmitea.re\/index.php\/product\/la-selection-alain-ducasse-avec-pince-boite-de-20g\/","title":{"rendered":"La S\u00e9lection Alain Ducasse avec pince &#8211; Bo\u00eete de 20g"},"content":{"rendered":"\t\t<div data-elementor-type=\"wp-post\" data-elementor-id=\"6256\" class=\"elementor elementor-6256\">\n\t\t\t\t<div class=\"elementor-element elementor-element-3ee8133f e-flex e-con-boxed e-con e-parent\" data-id=\"3ee8133f\" data-element_type=\"container\">\n\t\t\t\t\t<div class=\"e-con-inner\">\n\t\t\t\t<div class=\"elementor-element elementor-element-49a5674f elementor-widget elementor-widget-text-editor\" data-id=\"49a5674f\" data-element_type=\"widget\" data-widget_type=\"text-editor.default\">\n\t\t\t\t\t\t\t\t\t<p>Savourez une exp\u00e9rience hors du commun, sign\u00e9e Kusmi Tea x Alain Ducasse. En conjuguant expertise et raffinement \u00e0 la fran\u00e7aise, La S\u00e9lection Alain Ducasse associe un th\u00e9 blanc aromatis\u00e9 \u00e0 quatre th\u00e9s nature d&rsquo;origine. Pr\u00e9sents exclusivement dans ce coffret et s\u00e9lectionn\u00e9s avec passion par Alain Ducasse, ces th\u00e9s d&rsquo;exception vous s\u00e9duiront par leurs caract\u00e8res uniques et leurs saveurs in\u00e9dites.\u00a0\u2022 <strong>Le Th\u00e9 Blanc Alain Ducasse<\/strong> : un m\u00e9lange bio qui associe un th\u00e9 blanc rare et pr\u00e9cieux aux notes subtiles de rose et de framboise\u2022 <strong>Long Jing<\/strong> : un th\u00e9 vert bio d&rsquo;exception, de la province de Zhejiang en Chine, aux longues feuilles lisses qui \u00e9voquent le go\u00fbt de la noisette et de la ch\u00e2taigne\u2022 <strong>Hojicha<\/strong> : un d\u00e9licieux th\u00e9 vert bio grill\u00e9 du Japon avec son attaque bois\u00e9e et ses notes torr\u00e9fi\u00e9es\u2022 <strong>Th\u00e9 noir du N\u00e9pal<\/strong> : un th\u00e9 noir bio prestigieux aux notes prononc\u00e9es d&rsquo;amandes fra\u00eeches venu tout droit de la plantation de Guranse \u00e0 l&rsquo;Est du pays\u2022 <strong>Perles de Jade au Jasmin<\/strong> : un th\u00e9 vert de Chine bio roul\u00e9 en petites perles parfum\u00e9es par des p\u00e9tales de jasmin fra\u00eechement cueillies. Symbole de raffinement, elles peuvent s&rsquo;infuser 5 \u00e0 6 fois de suite pour prolonger le plaisir !<\/p>\t\t\t\t\t\t\t\t<\/div>\n\t\t\t\t\t<\/div>\n\t\t\t\t<\/div>\n\t\t\t\t<\/div>\n\t\t","protected":false},"excerpt":{"rendered":"<p><img decoding=\"async\" class=\"alignleft wp-image-3887\" src=\"https:\/\/kusmitea.re\/wp-content\/uploads\/2020\/05\/Bio.jpg\" alt=\"\" width=\"40\" height=\"40\" \/><\/p>\n","protected":false},"featured_media":6313,"comment_status":"open","ping_status":"closed","template":"","meta":[],"product_cat":[112,113,114],"product_tag":[],"class_list":{"0":"post-6256","1":"product","2":"type-product","3":"status-publish","4":"has-post-thumbnail","6":"product_cat-coffrets-cadeaux","7":"product_cat-coffrets-de-the-en-vrac","8":"product_cat-idees-cadeaux","10":"first","11":"outofstock","12":"shipping-taxable","13":"purchasable","14":"product-type-simple"},"yoast_head":"<!-- This site is optimized with the Yoast SEO plugin v26.6 - https:\/\/yoast.com\/wordpress\/plugins\/seo\/ -->\n<title>La S\u00e9lection Alain Ducasse avec pince - Bo\u00eete de 20g - Kusmi Tea R\u00e9union<\/title>\n<meta name=\"robots\" content=\"index, follow, max-snippet:-1, max-image-preview:large, max-video-preview:-1\" \/>\n<link rel=\"canonical\" href=\"https:\/\/kusmitea.re\/index.php\/product\/la-selection-alain-ducasse-avec-pince-boite-de-20g\/\" \/>\n<meta property=\"og:locale\" content=\"fr_FR\" \/>\n<meta property=\"og:type\" content=\"article\" \/>\n<meta property=\"og:title\" content=\"La S\u00e9lection Alain Ducasse avec pince - Bo\u00eete de 20g - Kusmi Tea R\u00e9union\" \/>\n<meta property=\"og:url\" content=\"https:\/\/kusmitea.re\/index.php\/product\/la-selection-alain-ducasse-avec-pince-boite-de-20g\/\" \/>\n<meta property=\"og:site_name\" content=\"Kusmi Tea R\u00e9union\" \/>\n<meta property=\"article:publisher\" content=\"https:\/\/www.facebook.com\/p\/Kusmi-Tea-Runion-61571670075100\/\" \/>\n<meta property=\"article:modified_time\" content=\"2025-09-22T09:15:36+00:00\" \/>\n<meta property=\"og:image\" content=\"https:\/\/kusmitea.re\/wp-content\/uploads\/2025\/08\/SELECDUCASSE525BIO.jpg\" \/>\n\t<meta property=\"og:image:width\" content=\"500\" \/>\n\t<meta property=\"og:image:height\" content=\"500\" \/>\n\t<meta property=\"og:image:type\" content=\"image\/jpeg\" \/>\n<meta name=\"twitter:card\" content=\"summary_large_image\" \/>\n<meta name=\"twitter:label1\" content=\"Dur\u00e9e de lecture estim\u00e9e\" \/>\n\t<meta name=\"twitter:data1\" content=\"4 minutes\" \/>\n<script type=\"application\/ld+json\" class=\"yoast-schema-graph\">{\"@context\":\"https:\/\/schema.org\",\"@graph\":[{\"@type\":\"WebPage\",\"@id\":\"https:\/\/kusmitea.re\/index.php\/product\/la-selection-alain-ducasse-avec-pince-boite-de-20g\/\",\"url\":\"https:\/\/kusmitea.re\/index.php\/product\/la-selection-alain-ducasse-avec-pince-boite-de-20g\/\",\"name\":\"La S\u00e9lection Alain Ducasse avec pince - Bo\u00eete de 20g - Kusmi Tea R\u00e9union\",\"isPartOf\":{\"@id\":\"https:\/\/kusmitea.re\/#website\"},\"primaryImageOfPage\":{\"@id\":\"https:\/\/kusmitea.re\/index.php\/product\/la-selection-alain-ducasse-avec-pince-boite-de-20g\/#primaryimage\"},\"image\":{\"@id\":\"https:\/\/kusmitea.re\/index.php\/product\/la-selection-alain-ducasse-avec-pince-boite-de-20g\/#primaryimage\"},\"thumbnailUrl\":\"https:\/\/kusmitea.re\/wp-content\/uploads\/2025\/08\/SELECDUCASSE525BIO.jpg\",\"datePublished\":\"2025-08-30T04:43:20+00:00\",\"dateModified\":\"2025-09-22T09:15:36+00:00\",\"breadcrumb\":{\"@id\":\"https:\/\/kusmitea.re\/index.php\/product\/la-selection-alain-ducasse-avec-pince-boite-de-20g\/#breadcrumb\"},\"inLanguage\":\"fr-FR\",\"potentialAction\":[{\"@type\":\"ReadAction\",\"target\":[\"https:\/\/kusmitea.re\/index.php\/product\/la-selection-alain-ducasse-avec-pince-boite-de-20g\/\"]}]},{\"@type\":\"ImageObject\",\"inLanguage\":\"fr-FR\",\"@id\":\"https:\/\/kusmitea.re\/index.php\/product\/la-selection-alain-ducasse-avec-pince-boite-de-20g\/#primaryimage\",\"url\":\"https:\/\/kusmitea.re\/wp-content\/uploads\/2025\/08\/SELECDUCASSE525BIO.jpg\",\"contentUrl\":\"https:\/\/kusmitea.re\/wp-content\/uploads\/2025\/08\/SELECDUCASSE525BIO.jpg\",\"width\":500,\"height\":500},{\"@type\":\"BreadcrumbList\",\"@id\":\"https:\/\/kusmitea.re\/index.php\/product\/la-selection-alain-ducasse-avec-pince-boite-de-20g\/#breadcrumb\",\"itemListElement\":[{\"@type\":\"ListItem\",\"position\":1,\"name\":\"Accueil\",\"item\":\"https:\/\/kusmitea.re\/\"},{\"@type\":\"ListItem\",\"position\":2,\"name\":\"Boutique\",\"item\":\"https:\/\/kusmitea.re\/index.php\/shop\/\"},{\"@type\":\"ListItem\",\"position\":3,\"name\":\"La S\u00e9lection Alain Ducasse avec pince &#8211; Bo\u00eete de 20g\"}]},{\"@type\":\"WebSite\",\"@id\":\"https:\/\/kusmitea.re\/#website\",\"url\":\"https:\/\/kusmitea.re\/\",\"name\":\"Kusmi Tea R\u00e9union\",\"description\":\"\",\"publisher\":{\"@id\":\"https:\/\/kusmitea.re\/#organization\"},\"potentialAction\":[{\"@type\":\"SearchAction\",\"target\":{\"@type\":\"EntryPoint\",\"urlTemplate\":\"https:\/\/kusmitea.re\/?s={search_term_string}\"},\"query-input\":{\"@type\":\"PropertyValueSpecification\",\"valueRequired\":true,\"valueName\":\"search_term_string\"}}],\"inLanguage\":\"fr-FR\"},{\"@type\":\"Organization\",\"@id\":\"https:\/\/kusmitea.re\/#organization\",\"name\":\"Kusmi Tea R\u00e9union\",\"url\":\"https:\/\/kusmitea.re\/\",\"logo\":{\"@type\":\"ImageObject\",\"inLanguage\":\"fr-FR\",\"@id\":\"https:\/\/kusmitea.re\/#\/schema\/logo\/image\/\",\"url\":\"https:\/\/kusmitea.re\/wp-content\/uploads\/2023\/05\/cropped-logo.webp\",\"contentUrl\":\"https:\/\/kusmitea.re\/wp-content\/uploads\/2023\/05\/cropped-logo.webp\",\"width\":469,\"height\":141,\"caption\":\"Kusmi Tea R\u00e9union\"},\"image\":{\"@id\":\"https:\/\/kusmitea.re\/#\/schema\/logo\/image\/\"},\"sameAs\":[\"https:\/\/www.facebook.com\/p\/Kusmi-Tea-Runion-61571670075100\/\",\"https:\/\/www.instagram.com\/kusmiteare\/\"]}]}<\/script>\n<!-- \/ Yoast SEO plugin. -->","yoast_head_json":{"title":"La S\u00e9lection Alain Ducasse avec pince - Bo\u00eete de 20g - Kusmi Tea R\u00e9union","robots":{"index":"index","follow":"follow","max-snippet":"max-snippet:-1","max-image-preview":"max-image-preview:large","max-video-preview":"max-video-preview:-1"},"canonical":"https:\/\/kusmitea.re\/index.php\/product\/la-selection-alain-ducasse-avec-pince-boite-de-20g\/","og_locale":"fr_FR","og_type":"article","og_title":"La S\u00e9lection Alain Ducasse avec pince - Bo\u00eete de 20g - Kusmi Tea R\u00e9union","og_url":"https:\/\/kusmitea.re\/index.php\/product\/la-selection-alain-ducasse-avec-pince-boite-de-20g\/","og_site_name":"Kusmi Tea R\u00e9union","article_publisher":"https:\/\/www.facebook.com\/p\/Kusmi-Tea-Runion-61571670075100\/","article_modified_time":"2025-09-22T09:15:36+00:00","og_image":[{"width":500,"height":500,"url":"https:\/\/kusmitea.re\/wp-content\/uploads\/2025\/08\/SELECDUCASSE525BIO.jpg","type":"image\/jpeg"}],"twitter_card":"summary_large_image","twitter_misc":{"Dur\u00e9e de lecture estim\u00e9e":"4 minutes"},"schema":{"@context":"https:\/\/schema.org","@graph":[{"@type":"WebPage","@id":"https:\/\/kusmitea.re\/index.php\/product\/la-selection-alain-ducasse-avec-pince-boite-de-20g\/","url":"https:\/\/kusmitea.re\/index.php\/product\/la-selection-alain-ducasse-avec-pince-boite-de-20g\/","name":"La S\u00e9lection Alain Ducasse avec pince - Bo\u00eete de 20g - Kusmi Tea R\u00e9union","isPartOf":{"@id":"https:\/\/kusmitea.re\/#website"},"primaryImageOfPage":{"@id":"https:\/\/kusmitea.re\/index.php\/product\/la-selection-alain-ducasse-avec-pince-boite-de-20g\/#primaryimage"},"image":{"@id":"https:\/\/kusmitea.re\/index.php\/product\/la-selection-alain-ducasse-avec-pince-boite-de-20g\/#primaryimage"},"thumbnailUrl":"https:\/\/kusmitea.re\/wp-content\/uploads\/2025\/08\/SELECDUCASSE525BIO.jpg","datePublished":"2025-08-30T04:43:20+00:00","dateModified":"2025-09-22T09:15:36+00:00","breadcrumb":{"@id":"https:\/\/kusmitea.re\/index.php\/product\/la-selection-alain-ducasse-avec-pince-boite-de-20g\/#breadcrumb"},"inLanguage":"fr-FR","potentialAction":[{"@type":"ReadAction","target":["https:\/\/kusmitea.re\/index.php\/product\/la-selection-alain-ducasse-avec-pince-boite-de-20g\/"]}]},{"@type":"ImageObject","inLanguage":"fr-FR","@id":"https:\/\/kusmitea.re\/index.php\/product\/la-selection-alain-ducasse-avec-pince-boite-de-20g\/#primaryimage","url":"https:\/\/kusmitea.re\/wp-content\/uploads\/2025\/08\/SELECDUCASSE525BIO.jpg","contentUrl":"https:\/\/kusmitea.re\/wp-content\/uploads\/2025\/08\/SELECDUCASSE525BIO.jpg","width":500,"height":500},{"@type":"BreadcrumbList","@id":"https:\/\/kusmitea.re\/index.php\/product\/la-selection-alain-ducasse-avec-pince-boite-de-20g\/#breadcrumb","itemListElement":[{"@type":"ListItem","position":1,"name":"Accueil","item":"https:\/\/kusmitea.re\/"},{"@type":"ListItem","position":2,"name":"Boutique","item":"https:\/\/kusmitea.re\/index.php\/shop\/"},{"@type":"ListItem","position":3,"name":"La S\u00e9lection Alain Ducasse avec pince &#8211; Bo\u00eete de 20g"}]},{"@type":"WebSite","@id":"https:\/\/kusmitea.re\/#website","url":"https:\/\/kusmitea.re\/","name":"Kusmi Tea R\u00e9union","description":"","publisher":{"@id":"https:\/\/kusmitea.re\/#organization"},"potentialAction":[{"@type":"SearchAction","target":{"@type":"EntryPoint","urlTemplate":"https:\/\/kusmitea.re\/?s={search_term_string}"},"query-input":{"@type":"PropertyValueSpecification","valueRequired":true,"valueName":"search_term_string"}}],"inLanguage":"fr-FR"},{"@type":"Organization","@id":"https:\/\/kusmitea.re\/#organization","name":"Kusmi Tea R\u00e9union","url":"https:\/\/kusmitea.re\/","logo":{"@type":"ImageObject","inLanguage":"fr-FR","@id":"https:\/\/kusmitea.re\/#\/schema\/logo\/image\/","url":"https:\/\/kusmitea.re\/wp-content\/uploads\/2023\/05\/cropped-logo.webp","contentUrl":"https:\/\/kusmitea.re\/wp-content\/uploads\/2023\/05\/cropped-logo.webp","width":469,"height":141,"caption":"Kusmi Tea R\u00e9union"},"image":{"@id":"https:\/\/kusmitea.re\/#\/schema\/logo\/image\/"},"sameAs":["https:\/\/www.facebook.com\/p\/Kusmi-Tea-Runion-61571670075100\/","https:\/\/www.instagram.com\/kusmiteare\/"]}]}},"jetpack_sharing_enabled":true,"_links":{"self":[{"href":"https:\/\/kusmitea.re\/index.php\/wp-json\/wp\/v2\/product\/6256","targetHints":{"allow":["GET"]}}],"collection":[{"href":"https:\/\/kusmitea.re\/index.php\/wp-json\/wp\/v2\/product"}],"about":[{"href":"https:\/\/kusmitea.re\/index.php\/wp-json\/wp\/v2\/types\/product"}],"replies":[{"embeddable":true,"href":"https:\/\/kusmitea.re\/index.php\/wp-json\/wp\/v2\/comments?post=6256"}],"version-history":[{"count":3,"href":"https:\/\/kusmitea.re\/index.php\/wp-json\/wp\/v2\/product\/6256\/revisions"}],"predecessor-version":[{"id":12405,"href":"https:\/\/kusmitea.re\/index.php\/wp-json\/wp\/v2\/product\/6256\/revisions\/12405"}],"wp:featuredmedia":[{"embeddable":true,"href":"https:\/\/kusmitea.re\/index.php\/wp-json\/wp\/v2\/media\/6313"}],"wp:attachment":[{"href":"https:\/\/kusmitea.re\/index.php\/wp-json\/wp\/v2\/media?parent=6256"}],"wp:term":[{"taxonomy":"product_cat","embeddable":true,"href":"https:\/\/kusmitea.re\/index.php\/wp-json\/wp\/v2\/product_cat?post=6256"},{"taxonomy":"product_tag","embeddable":true,"href":"https:\/\/kusmitea.re\/index.php\/wp-json\/wp\/v2\/product_tag?post=6256"}],"curies":[{"name":"wp","href":"https:\/\/api.w.org\/{rel}","templated":true}]}}