{"id":6247,"date":"2025-08-30T06:42:53","date_gmt":"2025-08-30T04:42:53","guid":{"rendered":"https:\/\/kusmitea.re\/?post_type=product&#038;p=6247"},"modified":"2026-04-14T05:02:55","modified_gmt":"2026-04-14T03:02:55","slug":"earl-grey-intense-bio","status":"publish","type":"product","link":"https:\/\/kusmitea.re\/index.php\/product\/earl-grey-intense-bio\/","title":{"rendered":"Earl Grey &#8211; Th\u00e9 noir bergamote citron &#8211; Kusmi Tea R\u00e9union"},"content":{"rendered":"\t\t<div data-elementor-type=\"wp-post\" data-elementor-id=\"6247\" class=\"elementor elementor-6247\">\n\t\t\t\t<div class=\"elementor-element elementor-element-136af829 e-flex e-con-boxed e-con e-parent\" data-id=\"136af829\" data-element_type=\"container\">\n\t\t\t\t\t<div class=\"e-con-inner\">\n\t\t\t\t<div class=\"elementor-element elementor-element-3a831378 elementor-widget elementor-widget-text-editor\" data-id=\"3a831378\" data-element_type=\"widget\" data-widget_type=\"text-editor.default\">\n\t\t\t\t\t\t\t\t\t<p>Un th\u00e9 noir Earl Grey bio aromatis\u00e9 \u00e0 la bergamote tout en contraste et intens\u00e9ment parfum\u00e9.<\/p><p>Avec Earl Grey Intense bio, Kusmi Tea donne sa vision de l\u2019Earl Grey en revisitant cette recette incontournable. Intens\u00e9ment parfum\u00e9, et pr\u00e9sent\u00e9 dans une bo\u00eete reconnaissable \u00e0 son couvercle dor\u00e9, il associe le th\u00e9 noir \u00e0 la puissance de l\u2019huile essentielle de bergamote et aux notes acidul\u00e9es des \u00e9corces de citron. Earl Grey Intense, un th\u00e9 dont le caract\u00e8re s\u00e9duira aussi bien les femmes que les hommes pour un moment de partage au petit-d\u00e9jeuner ou lors du tea time.<\/p><p>Disponible au poids, en bo\u00eete de 100g et en 20 sachets mousseline.<\/p><p style=\"text-align: center;\"><em><strong>Ingr\u00e9dients<\/strong><\/em><\/p><p style=\"text-align: justify;\">Th\u00e9 noir*, \u00e9corces de citron* (2%), huile essentielle de bergamote.<\/p><p style=\"text-align: left;\">*Produits issus de l&rsquo;agriculture biologique.<\/p><p style=\"text-align: center; flex-grow: 1; margin-bottom: 20px;\"><img decoding=\"async\" class=\"aligncenter\" src=\"http:\/\/kusmitea.re\/wp-content\/uploads\/2021\/02\/T\u00b0.png\" alt=\"\" width=\"30\" height=\"30\" \/> <strong>90\u00b0C<\/strong><\/p><p style=\"text-align: center; flex-grow: 1; margin-bottom: 20px;\"><img decoding=\"async\" class=\"aligncenter\" src=\"http:\/\/kusmitea.re\/wp-content\/uploads\/2021\/02\/timer-300x300.png\" alt=\"\" width=\"30\" height=\"30\" \/> <strong>3-4 min<\/strong><\/p>\t\t\t\t\t\t\t\t<\/div>\n\t\t\t\t\t<\/div>\n\t\t\t\t<\/div>\n\t\t\t\t<\/div>\n\t\t","protected":false},"excerpt":{"rendered":"<p><img decoding=\"async\" class=\"alignleft wp-image-3887\" src=\"https:\/\/kusmitea.re\/wp-content\/uploads\/2020\/05\/Bio.jpg\" alt=\"\" width=\"40\" height=\"40\" \/><\/p>\n","protected":false},"featured_media":6302,"comment_status":"open","ping_status":"closed","template":"","meta":[],"product_cat":[67],"product_tag":[68],"class_list":{"0":"post-6247","1":"product","2":"type-product","3":"status-publish","4":"has-post-thumbnail","6":"product_cat-thes-noirs","7":"product_tag-the-noir","9":"first","10":"instock","11":"shipping-taxable","12":"purchasable","13":"product-type-variable","14":"has-default-attributes"},"yoast_head":"<!-- This site is optimized with the Yoast SEO plugin v26.6 - https:\/\/yoast.com\/wordpress\/plugins\/seo\/ -->\n<title>Earl Grey - Th\u00e9 noir bergamote citron - Kusmi Tea R\u00e9union - Kusmi Tea R\u00e9union<\/title>\n<meta name=\"description\" content=\"Earl Grey Intense bio Kusmi Tea - Bo\u00eete 100g : th\u00e9 noir \u00e0 la bergamote et aux \u00e9corces de citron. Absolument d\u00e9licieux et audacieux ! Un bestseller !\" \/>\n<meta name=\"robots\" content=\"index, follow, max-snippet:-1, max-image-preview:large, max-video-preview:-1\" \/>\n<link rel=\"canonical\" href=\"https:\/\/kusmitea.re\/index.php\/product\/earl-grey-intense-bio\/\" \/>\n<meta property=\"og:locale\" content=\"fr_FR\" \/>\n<meta property=\"og:type\" content=\"article\" \/>\n<meta property=\"og:title\" content=\"Earl Grey - Th\u00e9 noir bergamote citron - Kusmi Tea R\u00e9union - Kusmi Tea R\u00e9union\" \/>\n<meta property=\"og:description\" content=\"Earl Grey Intense bio Kusmi Tea - Bo\u00eete 100g : th\u00e9 noir \u00e0 la bergamote et aux \u00e9corces de citron. Absolument d\u00e9licieux et audacieux ! Un bestseller !\" \/>\n<meta property=\"og:url\" content=\"https:\/\/kusmitea.re\/index.php\/product\/earl-grey-intense-bio\/\" \/>\n<meta property=\"og:site_name\" content=\"Kusmi Tea R\u00e9union\" \/>\n<meta property=\"article:publisher\" content=\"https:\/\/www.facebook.com\/p\/Kusmi-Tea-Runion-61571670075100\/\" \/>\n<meta property=\"article:modified_time\" content=\"2026-04-14T03:02:55+00:00\" \/>\n<meta property=\"og:image\" content=\"https:\/\/kusmitea.re\/wp-content\/uploads\/2025\/08\/EGIN2100BIO_FR.jpg\" \/>\n\t<meta property=\"og:image:width\" content=\"1309\" \/>\n\t<meta property=\"og:image:height\" content=\"1080\" \/>\n\t<meta property=\"og:image:type\" content=\"image\/jpeg\" \/>\n<meta name=\"twitter:card\" content=\"summary_large_image\" \/>\n<meta name=\"twitter:label1\" content=\"Dur\u00e9e de lecture estim\u00e9e\" \/>\n\t<meta name=\"twitter:data1\" content=\"2 minutes\" \/>\n<script type=\"application\/ld+json\" class=\"yoast-schema-graph\">{\"@context\":\"https:\/\/schema.org\",\"@graph\":[{\"@type\":\"WebPage\",\"@id\":\"https:\/\/kusmitea.re\/index.php\/product\/earl-grey-intense-bio\/\",\"url\":\"https:\/\/kusmitea.re\/index.php\/product\/earl-grey-intense-bio\/\",\"name\":\"Earl Grey - Th\u00e9 noir bergamote citron - Kusmi Tea R\u00e9union - Kusmi Tea R\u00e9union\",\"isPartOf\":{\"@id\":\"https:\/\/kusmitea.re\/#website\"},\"primaryImageOfPage\":{\"@id\":\"https:\/\/kusmitea.re\/index.php\/product\/earl-grey-intense-bio\/#primaryimage\"},\"image\":{\"@id\":\"https:\/\/kusmitea.re\/index.php\/product\/earl-grey-intense-bio\/#primaryimage\"},\"thumbnailUrl\":\"https:\/\/kusmitea.re\/wp-content\/uploads\/2025\/08\/EGIN2100BIO_FR.jpg\",\"datePublished\":\"2025-08-30T04:42:53+00:00\",\"dateModified\":\"2026-04-14T03:02:55+00:00\",\"description\":\"Earl Grey Intense bio Kusmi Tea - Bo\u00eete 100g : th\u00e9 noir \u00e0 la bergamote et aux \u00e9corces de citron. Absolument d\u00e9licieux et audacieux ! Un bestseller !\",\"breadcrumb\":{\"@id\":\"https:\/\/kusmitea.re\/index.php\/product\/earl-grey-intense-bio\/#breadcrumb\"},\"inLanguage\":\"fr-FR\",\"potentialAction\":[{\"@type\":\"ReadAction\",\"target\":[\"https:\/\/kusmitea.re\/index.php\/product\/earl-grey-intense-bio\/\"]}]},{\"@type\":\"ImageObject\",\"inLanguage\":\"fr-FR\",\"@id\":\"https:\/\/kusmitea.re\/index.php\/product\/earl-grey-intense-bio\/#primaryimage\",\"url\":\"https:\/\/kusmitea.re\/wp-content\/uploads\/2025\/08\/EGIN2100BIO_FR.jpg\",\"contentUrl\":\"https:\/\/kusmitea.re\/wp-content\/uploads\/2025\/08\/EGIN2100BIO_FR.jpg\",\"width\":1309,\"height\":1080},{\"@type\":\"BreadcrumbList\",\"@id\":\"https:\/\/kusmitea.re\/index.php\/product\/earl-grey-intense-bio\/#breadcrumb\",\"itemListElement\":[{\"@type\":\"ListItem\",\"position\":1,\"name\":\"Accueil\",\"item\":\"https:\/\/kusmitea.re\/\"},{\"@type\":\"ListItem\",\"position\":2,\"name\":\"Boutique\",\"item\":\"https:\/\/kusmitea.re\/index.php\/shop\/\"},{\"@type\":\"ListItem\",\"position\":3,\"name\":\"Earl Grey &#8211; Th\u00e9 noir bergamote citron &#8211; Kusmi Tea R\u00e9union\"}]},{\"@type\":\"WebSite\",\"@id\":\"https:\/\/kusmitea.re\/#website\",\"url\":\"https:\/\/kusmitea.re\/\",\"name\":\"Kusmi Tea R\u00e9union\",\"description\":\"\",\"publisher\":{\"@id\":\"https:\/\/kusmitea.re\/#organization\"},\"potentialAction\":[{\"@type\":\"SearchAction\",\"target\":{\"@type\":\"EntryPoint\",\"urlTemplate\":\"https:\/\/kusmitea.re\/?s={search_term_string}\"},\"query-input\":{\"@type\":\"PropertyValueSpecification\",\"valueRequired\":true,\"valueName\":\"search_term_string\"}}],\"inLanguage\":\"fr-FR\"},{\"@type\":\"Organization\",\"@id\":\"https:\/\/kusmitea.re\/#organization\",\"name\":\"Kusmi Tea R\u00e9union\",\"url\":\"https:\/\/kusmitea.re\/\",\"logo\":{\"@type\":\"ImageObject\",\"inLanguage\":\"fr-FR\",\"@id\":\"https:\/\/kusmitea.re\/#\/schema\/logo\/image\/\",\"url\":\"https:\/\/kusmitea.re\/wp-content\/uploads\/2023\/05\/cropped-logo.webp\",\"contentUrl\":\"https:\/\/kusmitea.re\/wp-content\/uploads\/2023\/05\/cropped-logo.webp\",\"width\":469,\"height\":141,\"caption\":\"Kusmi Tea R\u00e9union\"},\"image\":{\"@id\":\"https:\/\/kusmitea.re\/#\/schema\/logo\/image\/\"},\"sameAs\":[\"https:\/\/www.facebook.com\/p\/Kusmi-Tea-Runion-61571670075100\/\",\"https:\/\/www.instagram.com\/kusmiteare\/\"]}]}<\/script>\n<!-- \/ Yoast SEO plugin. -->","yoast_head_json":{"title":"Earl Grey - Th\u00e9 noir bergamote citron - Kusmi Tea R\u00e9union - Kusmi Tea R\u00e9union","description":"Earl Grey Intense bio Kusmi Tea - Bo\u00eete 100g : th\u00e9 noir \u00e0 la bergamote et aux \u00e9corces de citron. Absolument d\u00e9licieux et audacieux ! Un bestseller !","robots":{"index":"index","follow":"follow","max-snippet":"max-snippet:-1","max-image-preview":"max-image-preview:large","max-video-preview":"max-video-preview:-1"},"canonical":"https:\/\/kusmitea.re\/index.php\/product\/earl-grey-intense-bio\/","og_locale":"fr_FR","og_type":"article","og_title":"Earl Grey - Th\u00e9 noir bergamote citron - Kusmi Tea R\u00e9union - Kusmi Tea R\u00e9union","og_description":"Earl Grey Intense bio Kusmi Tea - Bo\u00eete 100g : th\u00e9 noir \u00e0 la bergamote et aux \u00e9corces de citron. Absolument d\u00e9licieux et audacieux ! Un bestseller !","og_url":"https:\/\/kusmitea.re\/index.php\/product\/earl-grey-intense-bio\/","og_site_name":"Kusmi Tea R\u00e9union","article_publisher":"https:\/\/www.facebook.com\/p\/Kusmi-Tea-Runion-61571670075100\/","article_modified_time":"2026-04-14T03:02:55+00:00","og_image":[{"width":1309,"height":1080,"url":"https:\/\/kusmitea.re\/wp-content\/uploads\/2025\/08\/EGIN2100BIO_FR.jpg","type":"image\/jpeg"}],"twitter_card":"summary_large_image","twitter_misc":{"Dur\u00e9e de lecture estim\u00e9e":"2 minutes"},"schema":{"@context":"https:\/\/schema.org","@graph":[{"@type":"WebPage","@id":"https:\/\/kusmitea.re\/index.php\/product\/earl-grey-intense-bio\/","url":"https:\/\/kusmitea.re\/index.php\/product\/earl-grey-intense-bio\/","name":"Earl Grey - Th\u00e9 noir bergamote citron - Kusmi Tea R\u00e9union - Kusmi Tea R\u00e9union","isPartOf":{"@id":"https:\/\/kusmitea.re\/#website"},"primaryImageOfPage":{"@id":"https:\/\/kusmitea.re\/index.php\/product\/earl-grey-intense-bio\/#primaryimage"},"image":{"@id":"https:\/\/kusmitea.re\/index.php\/product\/earl-grey-intense-bio\/#primaryimage"},"thumbnailUrl":"https:\/\/kusmitea.re\/wp-content\/uploads\/2025\/08\/EGIN2100BIO_FR.jpg","datePublished":"2025-08-30T04:42:53+00:00","dateModified":"2026-04-14T03:02:55+00:00","description":"Earl Grey Intense bio Kusmi Tea - Bo\u00eete 100g : th\u00e9 noir \u00e0 la bergamote et aux \u00e9corces de citron. Absolument d\u00e9licieux et audacieux ! Un bestseller !","breadcrumb":{"@id":"https:\/\/kusmitea.re\/index.php\/product\/earl-grey-intense-bio\/#breadcrumb"},"inLanguage":"fr-FR","potentialAction":[{"@type":"ReadAction","target":["https:\/\/kusmitea.re\/index.php\/product\/earl-grey-intense-bio\/"]}]},{"@type":"ImageObject","inLanguage":"fr-FR","@id":"https:\/\/kusmitea.re\/index.php\/product\/earl-grey-intense-bio\/#primaryimage","url":"https:\/\/kusmitea.re\/wp-content\/uploads\/2025\/08\/EGIN2100BIO_FR.jpg","contentUrl":"https:\/\/kusmitea.re\/wp-content\/uploads\/2025\/08\/EGIN2100BIO_FR.jpg","width":1309,"height":1080},{"@type":"BreadcrumbList","@id":"https:\/\/kusmitea.re\/index.php\/product\/earl-grey-intense-bio\/#breadcrumb","itemListElement":[{"@type":"ListItem","position":1,"name":"Accueil","item":"https:\/\/kusmitea.re\/"},{"@type":"ListItem","position":2,"name":"Boutique","item":"https:\/\/kusmitea.re\/index.php\/shop\/"},{"@type":"ListItem","position":3,"name":"Earl Grey &#8211; Th\u00e9 noir bergamote citron &#8211; Kusmi Tea R\u00e9union"}]},{"@type":"WebSite","@id":"https:\/\/kusmitea.re\/#website","url":"https:\/\/kusmitea.re\/","name":"Kusmi Tea R\u00e9union","description":"","publisher":{"@id":"https:\/\/kusmitea.re\/#organization"},"potentialAction":[{"@type":"SearchAction","target":{"@type":"EntryPoint","urlTemplate":"https:\/\/kusmitea.re\/?s={search_term_string}"},"query-input":{"@type":"PropertyValueSpecification","valueRequired":true,"valueName":"search_term_string"}}],"inLanguage":"fr-FR"},{"@type":"Organization","@id":"https:\/\/kusmitea.re\/#organization","name":"Kusmi Tea R\u00e9union","url":"https:\/\/kusmitea.re\/","logo":{"@type":"ImageObject","inLanguage":"fr-FR","@id":"https:\/\/kusmitea.re\/#\/schema\/logo\/image\/","url":"https:\/\/kusmitea.re\/wp-content\/uploads\/2023\/05\/cropped-logo.webp","contentUrl":"https:\/\/kusmitea.re\/wp-content\/uploads\/2023\/05\/cropped-logo.webp","width":469,"height":141,"caption":"Kusmi Tea R\u00e9union"},"image":{"@id":"https:\/\/kusmitea.re\/#\/schema\/logo\/image\/"},"sameAs":["https:\/\/www.facebook.com\/p\/Kusmi-Tea-Runion-61571670075100\/","https:\/\/www.instagram.com\/kusmiteare\/"]}]}},"jetpack_sharing_enabled":true,"_links":{"self":[{"href":"https:\/\/kusmitea.re\/index.php\/wp-json\/wp\/v2\/product\/6247","targetHints":{"allow":["GET"]}}],"collection":[{"href":"https:\/\/kusmitea.re\/index.php\/wp-json\/wp\/v2\/product"}],"about":[{"href":"https:\/\/kusmitea.re\/index.php\/wp-json\/wp\/v2\/types\/product"}],"replies":[{"embeddable":true,"href":"https:\/\/kusmitea.re\/index.php\/wp-json\/wp\/v2\/comments?post=6247"}],"version-history":[{"count":6,"href":"https:\/\/kusmitea.re\/index.php\/wp-json\/wp\/v2\/product\/6247\/revisions"}],"predecessor-version":[{"id":12995,"href":"https:\/\/kusmitea.re\/index.php\/wp-json\/wp\/v2\/product\/6247\/revisions\/12995"}],"wp:featuredmedia":[{"embeddable":true,"href":"https:\/\/kusmitea.re\/index.php\/wp-json\/wp\/v2\/media\/6302"}],"wp:attachment":[{"href":"https:\/\/kusmitea.re\/index.php\/wp-json\/wp\/v2\/media?parent=6247"}],"wp:term":[{"taxonomy":"product_cat","embeddable":true,"href":"https:\/\/kusmitea.re\/index.php\/wp-json\/wp\/v2\/product_cat?post=6247"},{"taxonomy":"product_tag","embeddable":true,"href":"https:\/\/kusmitea.re\/index.php\/wp-json\/wp\/v2\/product_tag?post=6247"}],"curies":[{"name":"wp","href":"https:\/\/api.w.org\/{rel}","templated":true}]}}