{"id":6239,"date":"2025-08-30T06:42:29","date_gmt":"2025-08-30T04:42:29","guid":{"rendered":"https:\/\/kusmitea.re\/?post_type=product&#038;p=6239"},"modified":"2026-01-19T17:53:25","modified_gmt":"2026-01-19T16:53:25","slug":"english-breakfast-bio","status":"publish","type":"product","link":"https:\/\/kusmitea.re\/index.php\/product\/english-breakfast-bio\/","title":{"rendered":"English Breakfast Bio"},"content":{"rendered":"\t\t<div data-elementor-type=\"wp-post\" data-elementor-id=\"6239\" class=\"elementor elementor-6239\">\n\t\t\t\t<div class=\"elementor-element elementor-element-b5bbc89 e-flex e-con-boxed e-con e-parent\" data-id=\"b5bbc89\" data-element_type=\"container\">\n\t\t\t\t\t<div class=\"e-con-inner\">\n\t\t\t\t<div class=\"elementor-element elementor-element-3f678721 elementor-widget elementor-widget-text-editor\" data-id=\"3f678721\" data-element_type=\"widget\" data-widget_type=\"text-editor.default\">\n\t\t\t\t\t\t\t\t\t<p>Breakfast is ready ! Deux th\u00e9s noirs bio de caract\u00e8re s\u2019associent pour vous offrir un petit-d\u00e9jeuner so British.<\/p><p>London Calling ! R\u00e9pondrez-vous \u00e0 cet appel irr\u00e9sistible venu d\u2019outre-Manche le temps d\u2019un petit-d\u00e9jeuner \u00e0 l\u2019anglaise ? Ladies and gentlemen\u2026 Inspirez-vous du flegme britannique et savourez votre English Breakfast avec d\u00e9sinvolture. Les volutes de fum\u00e9e s\u2019\u00e9chappent de votre tasse, le smog se dissipe \u00e0 travers la vitre et vous commencez \u00e0 deviner la silhouette de Big Ben sur fond de Tamise. Mmh\u2026 Ce m\u00e9lange de deux th\u00e9s noirs bio d\u2019exception respire l\u2019\u00e9l\u00e9gance \u00e0 l\u2019anglaise\u2026 Un th\u00e9 noir de Ceylan au go\u00fbt puissant associ\u00e9 \u00e0 un th\u00e9 noir d\u2019Assam bien cors\u00e9 : English Breakfast est un must !<\/p><p>Avec lui, votre petit-d\u00e9j sera \u00e0 la hauteur de celui de la Reine\u2026 et encore plus avec un nuage de lait !<\/p><p>Disponible au poids, en bo\u00eete de 100g, 25g et en 20 sachets mousseline.<\/p><p style=\"text-align: center;\"><em><strong>Ingr\u00e9dients<\/strong><\/em><\/p><p style=\"text-align: justify;\">Th\u00e9 noir de Ceylan*, th\u00e9 noir d&rsquo;Assam*.<\/p><p style=\"text-align: left;\">*Produits issus de l&rsquo;agriculture biologique.<\/p><p style=\"text-align: center; flex-grow: 1; margin-bottom: 20px;\"><img decoding=\"async\" class=\"aligncenter\" src=\"http:\/\/kusmitea.re\/wp-content\/uploads\/2021\/02\/T\u00b0.png\" alt=\"\" width=\"30\" height=\"30\" \/> <strong>90\u00b0C<\/strong><\/p><p style=\"text-align: center; flex-grow: 1; margin-bottom: 20px;\"><img decoding=\"async\" class=\"aligncenter\" src=\"http:\/\/kusmitea.re\/wp-content\/uploads\/2021\/02\/timer-300x300.png\" alt=\"\" width=\"30\" height=\"30\" \/> <strong>3-4 min<\/strong><\/p>\t\t\t\t\t\t\t\t<\/div>\n\t\t\t\t\t<\/div>\n\t\t\t\t<\/div>\n\t\t\t\t<\/div>\n\t\t","protected":false},"excerpt":{"rendered":"<p><img decoding=\"async\" class=\"alignleft wp-image-3887\" src=\"https:\/\/kusmitea.re\/wp-content\/uploads\/2020\/05\/Bio.jpg\" alt=\"\" width=\"40\" height=\"40\" \/><\/p>\n","protected":false},"featured_media":6289,"comment_status":"open","ping_status":"closed","template":"","meta":[],"product_cat":[67],"product_tag":[68],"class_list":{"0":"post-6239","1":"product","2":"type-product","3":"status-publish","4":"has-post-thumbnail","6":"product_cat-thes-noirs","7":"product_tag-the-noir","9":"first","10":"instock","11":"shipping-taxable","12":"purchasable","13":"product-type-variable","14":"has-default-attributes"},"yoast_head":"<!-- This site is optimized with the Yoast SEO plugin v26.6 - https:\/\/yoast.com\/wordpress\/plugins\/seo\/ -->\n<title>English Breakfast Bio - Kusmi Tea R\u00e9union<\/title>\n<meta name=\"description\" content=\"English Breakfast bio Kusmi Tea R\u00e9union : m\u00e9lange de th\u00e9s noirs Assam et Ceylan. Parfait pour le petit-d\u00e9jeuner ou le matin ! Disponible en sachets mousseline ou bo\u00eete m\u00e9tal 100g\" \/>\n<meta name=\"robots\" content=\"index, follow, max-snippet:-1, max-image-preview:large, max-video-preview:-1\" \/>\n<link rel=\"canonical\" href=\"https:\/\/kusmitea.re\/index.php\/product\/english-breakfast-bio\/\" \/>\n<meta property=\"og:locale\" content=\"fr_FR\" \/>\n<meta property=\"og:type\" content=\"article\" \/>\n<meta property=\"og:title\" content=\"English Breakfast Bio - Kusmi Tea R\u00e9union\" \/>\n<meta property=\"og:description\" content=\"English Breakfast bio Kusmi Tea R\u00e9union : m\u00e9lange de th\u00e9s noirs Assam et Ceylan. Parfait pour le petit-d\u00e9jeuner ou le matin ! Disponible en sachets mousseline ou bo\u00eete m\u00e9tal 100g\" \/>\n<meta property=\"og:url\" content=\"https:\/\/kusmitea.re\/index.php\/product\/english-breakfast-bio\/\" \/>\n<meta property=\"og:site_name\" content=\"Kusmi Tea R\u00e9union\" \/>\n<meta property=\"article:publisher\" content=\"https:\/\/www.facebook.com\/p\/Kusmi-Tea-Runion-61571670075100\/\" \/>\n<meta property=\"article:modified_time\" content=\"2026-01-19T16:53:25+00:00\" \/>\n<meta property=\"og:image\" content=\"https:\/\/kusmitea.re\/wp-content\/uploads\/2025\/08\/ENGL100BIO_FR.jpg\" \/>\n\t<meta property=\"og:image:width\" content=\"1309\" \/>\n\t<meta property=\"og:image:height\" content=\"1080\" \/>\n\t<meta property=\"og:image:type\" content=\"image\/jpeg\" \/>\n<meta name=\"twitter:card\" content=\"summary_large_image\" \/>\n<meta name=\"twitter:label1\" content=\"Dur\u00e9e de lecture estim\u00e9e\" \/>\n\t<meta name=\"twitter:data1\" content=\"2 minutes\" \/>\n<script type=\"application\/ld+json\" class=\"yoast-schema-graph\">{\"@context\":\"https:\/\/schema.org\",\"@graph\":[{\"@type\":\"WebPage\",\"@id\":\"https:\/\/kusmitea.re\/index.php\/product\/english-breakfast-bio\/\",\"url\":\"https:\/\/kusmitea.re\/index.php\/product\/english-breakfast-bio\/\",\"name\":\"English Breakfast Bio - Kusmi Tea R\u00e9union\",\"isPartOf\":{\"@id\":\"https:\/\/kusmitea.re\/#website\"},\"primaryImageOfPage\":{\"@id\":\"https:\/\/kusmitea.re\/index.php\/product\/english-breakfast-bio\/#primaryimage\"},\"image\":{\"@id\":\"https:\/\/kusmitea.re\/index.php\/product\/english-breakfast-bio\/#primaryimage\"},\"thumbnailUrl\":\"https:\/\/kusmitea.re\/wp-content\/uploads\/2025\/08\/ENGL100BIO_FR.jpg\",\"datePublished\":\"2025-08-30T04:42:29+00:00\",\"dateModified\":\"2026-01-19T16:53:25+00:00\",\"description\":\"English Breakfast bio Kusmi Tea R\u00e9union : m\u00e9lange de th\u00e9s noirs Assam et Ceylan. Parfait pour le petit-d\u00e9jeuner ou le matin ! Disponible en sachets mousseline ou bo\u00eete m\u00e9tal 100g\",\"breadcrumb\":{\"@id\":\"https:\/\/kusmitea.re\/index.php\/product\/english-breakfast-bio\/#breadcrumb\"},\"inLanguage\":\"fr-FR\",\"potentialAction\":[{\"@type\":\"ReadAction\",\"target\":[\"https:\/\/kusmitea.re\/index.php\/product\/english-breakfast-bio\/\"]}]},{\"@type\":\"ImageObject\",\"inLanguage\":\"fr-FR\",\"@id\":\"https:\/\/kusmitea.re\/index.php\/product\/english-breakfast-bio\/#primaryimage\",\"url\":\"https:\/\/kusmitea.re\/wp-content\/uploads\/2025\/08\/ENGL100BIO_FR.jpg\",\"contentUrl\":\"https:\/\/kusmitea.re\/wp-content\/uploads\/2025\/08\/ENGL100BIO_FR.jpg\",\"width\":1309,\"height\":1080},{\"@type\":\"BreadcrumbList\",\"@id\":\"https:\/\/kusmitea.re\/index.php\/product\/english-breakfast-bio\/#breadcrumb\",\"itemListElement\":[{\"@type\":\"ListItem\",\"position\":1,\"name\":\"Accueil\",\"item\":\"https:\/\/kusmitea.re\/\"},{\"@type\":\"ListItem\",\"position\":2,\"name\":\"Boutique\",\"item\":\"https:\/\/kusmitea.re\/index.php\/shop\/\"},{\"@type\":\"ListItem\",\"position\":3,\"name\":\"English Breakfast Bio\"}]},{\"@type\":\"WebSite\",\"@id\":\"https:\/\/kusmitea.re\/#website\",\"url\":\"https:\/\/kusmitea.re\/\",\"name\":\"Kusmi Tea R\u00e9union\",\"description\":\"\",\"publisher\":{\"@id\":\"https:\/\/kusmitea.re\/#organization\"},\"potentialAction\":[{\"@type\":\"SearchAction\",\"target\":{\"@type\":\"EntryPoint\",\"urlTemplate\":\"https:\/\/kusmitea.re\/?s={search_term_string}\"},\"query-input\":{\"@type\":\"PropertyValueSpecification\",\"valueRequired\":true,\"valueName\":\"search_term_string\"}}],\"inLanguage\":\"fr-FR\"},{\"@type\":\"Organization\",\"@id\":\"https:\/\/kusmitea.re\/#organization\",\"name\":\"Kusmi Tea R\u00e9union\",\"url\":\"https:\/\/kusmitea.re\/\",\"logo\":{\"@type\":\"ImageObject\",\"inLanguage\":\"fr-FR\",\"@id\":\"https:\/\/kusmitea.re\/#\/schema\/logo\/image\/\",\"url\":\"https:\/\/kusmitea.re\/wp-content\/uploads\/2023\/05\/cropped-logo.webp\",\"contentUrl\":\"https:\/\/kusmitea.re\/wp-content\/uploads\/2023\/05\/cropped-logo.webp\",\"width\":469,\"height\":141,\"caption\":\"Kusmi Tea R\u00e9union\"},\"image\":{\"@id\":\"https:\/\/kusmitea.re\/#\/schema\/logo\/image\/\"},\"sameAs\":[\"https:\/\/www.facebook.com\/p\/Kusmi-Tea-Runion-61571670075100\/\",\"https:\/\/www.instagram.com\/kusmiteare\/\"]}]}<\/script>\n<!-- \/ Yoast SEO plugin. -->","yoast_head_json":{"title":"English Breakfast Bio - Kusmi Tea R\u00e9union","description":"English Breakfast bio Kusmi Tea R\u00e9union : m\u00e9lange de th\u00e9s noirs Assam et Ceylan. Parfait pour le petit-d\u00e9jeuner ou le matin ! Disponible en sachets mousseline ou bo\u00eete m\u00e9tal 100g","robots":{"index":"index","follow":"follow","max-snippet":"max-snippet:-1","max-image-preview":"max-image-preview:large","max-video-preview":"max-video-preview:-1"},"canonical":"https:\/\/kusmitea.re\/index.php\/product\/english-breakfast-bio\/","og_locale":"fr_FR","og_type":"article","og_title":"English Breakfast Bio - Kusmi Tea R\u00e9union","og_description":"English Breakfast bio Kusmi Tea R\u00e9union : m\u00e9lange de th\u00e9s noirs Assam et Ceylan. Parfait pour le petit-d\u00e9jeuner ou le matin ! Disponible en sachets mousseline ou bo\u00eete m\u00e9tal 100g","og_url":"https:\/\/kusmitea.re\/index.php\/product\/english-breakfast-bio\/","og_site_name":"Kusmi Tea R\u00e9union","article_publisher":"https:\/\/www.facebook.com\/p\/Kusmi-Tea-Runion-61571670075100\/","article_modified_time":"2026-01-19T16:53:25+00:00","og_image":[{"width":1309,"height":1080,"url":"https:\/\/kusmitea.re\/wp-content\/uploads\/2025\/08\/ENGL100BIO_FR.jpg","type":"image\/jpeg"}],"twitter_card":"summary_large_image","twitter_misc":{"Dur\u00e9e de lecture estim\u00e9e":"2 minutes"},"schema":{"@context":"https:\/\/schema.org","@graph":[{"@type":"WebPage","@id":"https:\/\/kusmitea.re\/index.php\/product\/english-breakfast-bio\/","url":"https:\/\/kusmitea.re\/index.php\/product\/english-breakfast-bio\/","name":"English Breakfast Bio - Kusmi Tea R\u00e9union","isPartOf":{"@id":"https:\/\/kusmitea.re\/#website"},"primaryImageOfPage":{"@id":"https:\/\/kusmitea.re\/index.php\/product\/english-breakfast-bio\/#primaryimage"},"image":{"@id":"https:\/\/kusmitea.re\/index.php\/product\/english-breakfast-bio\/#primaryimage"},"thumbnailUrl":"https:\/\/kusmitea.re\/wp-content\/uploads\/2025\/08\/ENGL100BIO_FR.jpg","datePublished":"2025-08-30T04:42:29+00:00","dateModified":"2026-01-19T16:53:25+00:00","description":"English Breakfast bio Kusmi Tea R\u00e9union : m\u00e9lange de th\u00e9s noirs Assam et Ceylan. Parfait pour le petit-d\u00e9jeuner ou le matin ! Disponible en sachets mousseline ou bo\u00eete m\u00e9tal 100g","breadcrumb":{"@id":"https:\/\/kusmitea.re\/index.php\/product\/english-breakfast-bio\/#breadcrumb"},"inLanguage":"fr-FR","potentialAction":[{"@type":"ReadAction","target":["https:\/\/kusmitea.re\/index.php\/product\/english-breakfast-bio\/"]}]},{"@type":"ImageObject","inLanguage":"fr-FR","@id":"https:\/\/kusmitea.re\/index.php\/product\/english-breakfast-bio\/#primaryimage","url":"https:\/\/kusmitea.re\/wp-content\/uploads\/2025\/08\/ENGL100BIO_FR.jpg","contentUrl":"https:\/\/kusmitea.re\/wp-content\/uploads\/2025\/08\/ENGL100BIO_FR.jpg","width":1309,"height":1080},{"@type":"BreadcrumbList","@id":"https:\/\/kusmitea.re\/index.php\/product\/english-breakfast-bio\/#breadcrumb","itemListElement":[{"@type":"ListItem","position":1,"name":"Accueil","item":"https:\/\/kusmitea.re\/"},{"@type":"ListItem","position":2,"name":"Boutique","item":"https:\/\/kusmitea.re\/index.php\/shop\/"},{"@type":"ListItem","position":3,"name":"English Breakfast Bio"}]},{"@type":"WebSite","@id":"https:\/\/kusmitea.re\/#website","url":"https:\/\/kusmitea.re\/","name":"Kusmi Tea R\u00e9union","description":"","publisher":{"@id":"https:\/\/kusmitea.re\/#organization"},"potentialAction":[{"@type":"SearchAction","target":{"@type":"EntryPoint","urlTemplate":"https:\/\/kusmitea.re\/?s={search_term_string}"},"query-input":{"@type":"PropertyValueSpecification","valueRequired":true,"valueName":"search_term_string"}}],"inLanguage":"fr-FR"},{"@type":"Organization","@id":"https:\/\/kusmitea.re\/#organization","name":"Kusmi Tea R\u00e9union","url":"https:\/\/kusmitea.re\/","logo":{"@type":"ImageObject","inLanguage":"fr-FR","@id":"https:\/\/kusmitea.re\/#\/schema\/logo\/image\/","url":"https:\/\/kusmitea.re\/wp-content\/uploads\/2023\/05\/cropped-logo.webp","contentUrl":"https:\/\/kusmitea.re\/wp-content\/uploads\/2023\/05\/cropped-logo.webp","width":469,"height":141,"caption":"Kusmi Tea R\u00e9union"},"image":{"@id":"https:\/\/kusmitea.re\/#\/schema\/logo\/image\/"},"sameAs":["https:\/\/www.facebook.com\/p\/Kusmi-Tea-Runion-61571670075100\/","https:\/\/www.instagram.com\/kusmiteare\/"]}]}},"jetpack_sharing_enabled":true,"_links":{"self":[{"href":"https:\/\/kusmitea.re\/index.php\/wp-json\/wp\/v2\/product\/6239","targetHints":{"allow":["GET"]}}],"collection":[{"href":"https:\/\/kusmitea.re\/index.php\/wp-json\/wp\/v2\/product"}],"about":[{"href":"https:\/\/kusmitea.re\/index.php\/wp-json\/wp\/v2\/types\/product"}],"replies":[{"embeddable":true,"href":"https:\/\/kusmitea.re\/index.php\/wp-json\/wp\/v2\/comments?post=6239"}],"version-history":[{"count":5,"href":"https:\/\/kusmitea.re\/index.php\/wp-json\/wp\/v2\/product\/6239\/revisions"}],"predecessor-version":[{"id":12914,"href":"https:\/\/kusmitea.re\/index.php\/wp-json\/wp\/v2\/product\/6239\/revisions\/12914"}],"wp:featuredmedia":[{"embeddable":true,"href":"https:\/\/kusmitea.re\/index.php\/wp-json\/wp\/v2\/media\/6289"}],"wp:attachment":[{"href":"https:\/\/kusmitea.re\/index.php\/wp-json\/wp\/v2\/media?parent=6239"}],"wp:term":[{"taxonomy":"product_cat","embeddable":true,"href":"https:\/\/kusmitea.re\/index.php\/wp-json\/wp\/v2\/product_cat?post=6239"},{"taxonomy":"product_tag","embeddable":true,"href":"https:\/\/kusmitea.re\/index.php\/wp-json\/wp\/v2\/product_tag?post=6239"}],"curies":[{"name":"wp","href":"https:\/\/api.w.org\/{rel}","templated":true}]}}