{"id":6237,"date":"2025-08-30T06:42:28","date_gmt":"2025-08-30T04:42:28","guid":{"rendered":"https:\/\/kusmitea.re\/?post_type=product&#038;p=6237"},"modified":"2026-02-18T03:52:09","modified_gmt":"2026-02-18T02:52:09","slug":"the-vert-au-jasmin-bio","status":"publish","type":"product","link":"https:\/\/kusmitea.re\/index.php\/product\/the-vert-au-jasmin-bio\/","title":{"rendered":"Vert Jasmin &#8211; Th\u00e9 vert bio au jasmin &#8211; Kusmi Tea R\u00e9union"},"content":{"rendered":"\t\t<div data-elementor-type=\"wp-post\" data-elementor-id=\"6237\" class=\"elementor elementor-6237\">\n\t\t\t\t<div class=\"elementor-element elementor-element-1d31bbf4 e-flex e-con-boxed e-con e-parent\" data-id=\"1d31bbf4\" data-element_type=\"container\">\n\t\t\t\t\t<div class=\"e-con-inner\">\n\t\t\t\t<div class=\"elementor-element elementor-element-7475c73e elementor-widget elementor-widget-text-editor\" data-id=\"7475c73e\" data-element_type=\"widget\" data-widget_type=\"text-editor.default\">\n\t\t\t\t\t\t\t\t\t<p>Vert Jasmin bio, la fine fleur du th\u00e9 dans votre tasse. Chic, un th\u00e9 vert bio parfum\u00e9 au jasmin ! Quelle allure, avec ses senteurs fleuries profond\u00e9ment solaires et son \u00e9l\u00e9gance intemporelle, qui a le bon go\u00fbt d\u2019\u00eatre des plus naturelles !<\/p><p>Ce n\u2019est s\u00fbrement pas pour rien que cette fleur blanche sensuelle et enivrante s\u2019invite \u00e0 toutes les c\u00e9r\u00e9monies indiennes\u2026 Intense et pur \u00e0 la fois, le jasmin s\u2019\u00e9panouit avec gr\u00e2ce parmi les feuilles de th\u00e9 vert : il a m\u00eame \u00e9t\u00e9 jusqu\u2019\u00e0 s\u00e9cher avec elles pour les impr\u00e9gner de son parfum raffin\u00e9. Et comble de d\u00e9licatesse, le th\u00e9 Vert Jasmin bio est aussi d\u00e9licieux chaud que glac\u00e9 !<\/p><p>Un peu, beaucoup, passionn\u00e9ment, \u00e0 la folie\u2026 Vous aimerez sans compter cet \u00e9l\u00e9gant th\u00e9 vert au jasmin bio sign\u00e9 Kusmi.<\/p><p>Disponible au poids, en bo\u00eete de 100g, 25g et en 20 sachets mousseline.<\/p><p style=\"text-align: center;\"><em><strong>Ingr\u00e9dients<\/strong><\/em><\/p><p style=\"text-align: justify;\">Th\u00e9 vert* parfum\u00e9 au jasmin.<\/p><p style=\"text-align: left;\">*Produits issus de l&rsquo;agriculture biologique.<\/p><p style=\"text-align: center; flex-grow: 1; margin-bottom: 20px;\"><img decoding=\"async\" class=\"aligncenter\" src=\"http:\/\/kusmitea.re\/wp-content\/uploads\/2021\/02\/T\u00b0.png\" alt=\"\" width=\"30\" height=\"30\" \/> <strong>80\u00b0C<\/strong><\/p><p style=\"text-align: center; flex-grow: 1; margin-bottom: 20px;\"><img decoding=\"async\" class=\"aligncenter\" src=\"http:\/\/kusmitea.re\/wp-content\/uploads\/2021\/02\/timer-300x300.png\" alt=\"\" width=\"30\" height=\"30\" \/> <strong>3-4 min<\/strong><\/p>\t\t\t\t\t\t\t\t<\/div>\n\t\t\t\t\t<\/div>\n\t\t\t\t<\/div>\n\t\t\t\t<\/div>\n\t\t","protected":false},"excerpt":{"rendered":"<p><img decoding=\"async\" class=\"alignleft wp-image-3887\" src=\"https:\/\/kusmitea.re\/wp-content\/uploads\/2020\/05\/Bio.jpg\" alt=\"\" width=\"40\" height=\"40\" \/><\/p>\n","protected":false},"featured_media":6287,"comment_status":"open","ping_status":"closed","template":"","meta":[],"product_cat":[60,64],"product_tag":[69,65],"class_list":{"0":"post-6237","1":"product","2":"type-product","3":"status-publish","4":"has-post-thumbnail","6":"product_cat-promotions","7":"product_cat-thes-verts","8":"product_tag-florale","9":"product_tag-the-vert-mate","11":"first","12":"instock","13":"shipping-taxable","14":"purchasable","15":"product-type-variable","16":"has-default-attributes"},"yoast_head":"<!-- This site is optimized with the Yoast SEO plugin v26.6 - https:\/\/yoast.com\/wordpress\/plugins\/seo\/ -->\n<title>Vert Jasmin - Th\u00e9 vert bio au jasmin - Kusmi Tea R\u00e9union - Kusmi Tea R\u00e9union<\/title>\n<meta name=\"description\" content=\"Vert Jasmin bio Kusmi Tea : go\u00fbtez ce th\u00e9 vert Chun Me au jasmin. Fleuri, \u00e9legant et enivrant. La fine fleur du th\u00e9 ! Bonne d\u00e9gustation !\" \/>\n<meta name=\"robots\" content=\"index, follow, max-snippet:-1, max-image-preview:large, max-video-preview:-1\" \/>\n<link rel=\"canonical\" href=\"https:\/\/kusmitea.re\/index.php\/product\/the-vert-au-jasmin-bio\/\" \/>\n<meta property=\"og:locale\" content=\"fr_FR\" \/>\n<meta property=\"og:type\" content=\"article\" \/>\n<meta property=\"og:title\" content=\"Vert Jasmin - Th\u00e9 vert bio au jasmin - Kusmi Tea R\u00e9union - Kusmi Tea R\u00e9union\" \/>\n<meta property=\"og:description\" content=\"Vert Jasmin bio Kusmi Tea : go\u00fbtez ce th\u00e9 vert Chun Me au jasmin. Fleuri, \u00e9legant et enivrant. La fine fleur du th\u00e9 ! Bonne d\u00e9gustation !\" \/>\n<meta property=\"og:url\" content=\"https:\/\/kusmitea.re\/index.php\/product\/the-vert-au-jasmin-bio\/\" \/>\n<meta property=\"og:site_name\" content=\"Kusmi Tea R\u00e9union\" \/>\n<meta property=\"article:publisher\" content=\"https:\/\/www.facebook.com\/p\/Kusmi-Tea-Runion-61571670075100\/\" \/>\n<meta property=\"article:modified_time\" content=\"2026-02-18T02:52:09+00:00\" \/>\n<meta property=\"og:image\" content=\"https:\/\/kusmitea.re\/wp-content\/uploads\/2025\/08\/VJAS100BIO_FR.jpg\" \/>\n\t<meta property=\"og:image:width\" content=\"1309\" \/>\n\t<meta property=\"og:image:height\" content=\"1080\" \/>\n\t<meta property=\"og:image:type\" content=\"image\/jpeg\" \/>\n<meta name=\"twitter:card\" content=\"summary_large_image\" \/>\n<meta name=\"twitter:label1\" content=\"Dur\u00e9e de lecture estim\u00e9e\" \/>\n\t<meta name=\"twitter:data1\" content=\"2 minutes\" \/>\n<script type=\"application\/ld+json\" class=\"yoast-schema-graph\">{\"@context\":\"https:\/\/schema.org\",\"@graph\":[{\"@type\":\"WebPage\",\"@id\":\"https:\/\/kusmitea.re\/index.php\/product\/the-vert-au-jasmin-bio\/\",\"url\":\"https:\/\/kusmitea.re\/index.php\/product\/the-vert-au-jasmin-bio\/\",\"name\":\"Vert Jasmin - Th\u00e9 vert bio au jasmin - Kusmi Tea R\u00e9union - Kusmi Tea R\u00e9union\",\"isPartOf\":{\"@id\":\"https:\/\/kusmitea.re\/#website\"},\"primaryImageOfPage\":{\"@id\":\"https:\/\/kusmitea.re\/index.php\/product\/the-vert-au-jasmin-bio\/#primaryimage\"},\"image\":{\"@id\":\"https:\/\/kusmitea.re\/index.php\/product\/the-vert-au-jasmin-bio\/#primaryimage\"},\"thumbnailUrl\":\"https:\/\/kusmitea.re\/wp-content\/uploads\/2025\/08\/VJAS100BIO_FR.jpg\",\"datePublished\":\"2025-08-30T04:42:28+00:00\",\"dateModified\":\"2026-02-18T02:52:09+00:00\",\"description\":\"Vert Jasmin bio Kusmi Tea : go\u00fbtez ce th\u00e9 vert Chun Me au jasmin. Fleuri, \u00e9legant et enivrant. La fine fleur du th\u00e9 ! Bonne d\u00e9gustation !\",\"breadcrumb\":{\"@id\":\"https:\/\/kusmitea.re\/index.php\/product\/the-vert-au-jasmin-bio\/#breadcrumb\"},\"inLanguage\":\"fr-FR\",\"potentialAction\":[{\"@type\":\"ReadAction\",\"target\":[\"https:\/\/kusmitea.re\/index.php\/product\/the-vert-au-jasmin-bio\/\"]}]},{\"@type\":\"ImageObject\",\"inLanguage\":\"fr-FR\",\"@id\":\"https:\/\/kusmitea.re\/index.php\/product\/the-vert-au-jasmin-bio\/#primaryimage\",\"url\":\"https:\/\/kusmitea.re\/wp-content\/uploads\/2025\/08\/VJAS100BIO_FR.jpg\",\"contentUrl\":\"https:\/\/kusmitea.re\/wp-content\/uploads\/2025\/08\/VJAS100BIO_FR.jpg\",\"width\":1309,\"height\":1080},{\"@type\":\"BreadcrumbList\",\"@id\":\"https:\/\/kusmitea.re\/index.php\/product\/the-vert-au-jasmin-bio\/#breadcrumb\",\"itemListElement\":[{\"@type\":\"ListItem\",\"position\":1,\"name\":\"Accueil\",\"item\":\"https:\/\/kusmitea.re\/\"},{\"@type\":\"ListItem\",\"position\":2,\"name\":\"Boutique\",\"item\":\"https:\/\/kusmitea.re\/index.php\/shop\/\"},{\"@type\":\"ListItem\",\"position\":3,\"name\":\"Vert Jasmin &#8211; Th\u00e9 vert bio au jasmin &#8211; Kusmi Tea R\u00e9union\"}]},{\"@type\":\"WebSite\",\"@id\":\"https:\/\/kusmitea.re\/#website\",\"url\":\"https:\/\/kusmitea.re\/\",\"name\":\"Kusmi Tea R\u00e9union\",\"description\":\"\",\"publisher\":{\"@id\":\"https:\/\/kusmitea.re\/#organization\"},\"potentialAction\":[{\"@type\":\"SearchAction\",\"target\":{\"@type\":\"EntryPoint\",\"urlTemplate\":\"https:\/\/kusmitea.re\/?s={search_term_string}\"},\"query-input\":{\"@type\":\"PropertyValueSpecification\",\"valueRequired\":true,\"valueName\":\"search_term_string\"}}],\"inLanguage\":\"fr-FR\"},{\"@type\":\"Organization\",\"@id\":\"https:\/\/kusmitea.re\/#organization\",\"name\":\"Kusmi Tea R\u00e9union\",\"url\":\"https:\/\/kusmitea.re\/\",\"logo\":{\"@type\":\"ImageObject\",\"inLanguage\":\"fr-FR\",\"@id\":\"https:\/\/kusmitea.re\/#\/schema\/logo\/image\/\",\"url\":\"https:\/\/kusmitea.re\/wp-content\/uploads\/2023\/05\/cropped-logo.webp\",\"contentUrl\":\"https:\/\/kusmitea.re\/wp-content\/uploads\/2023\/05\/cropped-logo.webp\",\"width\":469,\"height\":141,\"caption\":\"Kusmi Tea R\u00e9union\"},\"image\":{\"@id\":\"https:\/\/kusmitea.re\/#\/schema\/logo\/image\/\"},\"sameAs\":[\"https:\/\/www.facebook.com\/p\/Kusmi-Tea-Runion-61571670075100\/\",\"https:\/\/www.instagram.com\/kusmiteare\/\"]}]}<\/script>\n<!-- \/ Yoast SEO plugin. -->","yoast_head_json":{"title":"Vert Jasmin - Th\u00e9 vert bio au jasmin - Kusmi Tea R\u00e9union - Kusmi Tea R\u00e9union","description":"Vert Jasmin bio Kusmi Tea : go\u00fbtez ce th\u00e9 vert Chun Me au jasmin. Fleuri, \u00e9legant et enivrant. La fine fleur du th\u00e9 ! Bonne d\u00e9gustation !","robots":{"index":"index","follow":"follow","max-snippet":"max-snippet:-1","max-image-preview":"max-image-preview:large","max-video-preview":"max-video-preview:-1"},"canonical":"https:\/\/kusmitea.re\/index.php\/product\/the-vert-au-jasmin-bio\/","og_locale":"fr_FR","og_type":"article","og_title":"Vert Jasmin - Th\u00e9 vert bio au jasmin - Kusmi Tea R\u00e9union - Kusmi Tea R\u00e9union","og_description":"Vert Jasmin bio Kusmi Tea : go\u00fbtez ce th\u00e9 vert Chun Me au jasmin. Fleuri, \u00e9legant et enivrant. La fine fleur du th\u00e9 ! Bonne d\u00e9gustation !","og_url":"https:\/\/kusmitea.re\/index.php\/product\/the-vert-au-jasmin-bio\/","og_site_name":"Kusmi Tea R\u00e9union","article_publisher":"https:\/\/www.facebook.com\/p\/Kusmi-Tea-Runion-61571670075100\/","article_modified_time":"2026-02-18T02:52:09+00:00","og_image":[{"width":1309,"height":1080,"url":"https:\/\/kusmitea.re\/wp-content\/uploads\/2025\/08\/VJAS100BIO_FR.jpg","type":"image\/jpeg"}],"twitter_card":"summary_large_image","twitter_misc":{"Dur\u00e9e de lecture estim\u00e9e":"2 minutes"},"schema":{"@context":"https:\/\/schema.org","@graph":[{"@type":"WebPage","@id":"https:\/\/kusmitea.re\/index.php\/product\/the-vert-au-jasmin-bio\/","url":"https:\/\/kusmitea.re\/index.php\/product\/the-vert-au-jasmin-bio\/","name":"Vert Jasmin - Th\u00e9 vert bio au jasmin - Kusmi Tea R\u00e9union - Kusmi Tea R\u00e9union","isPartOf":{"@id":"https:\/\/kusmitea.re\/#website"},"primaryImageOfPage":{"@id":"https:\/\/kusmitea.re\/index.php\/product\/the-vert-au-jasmin-bio\/#primaryimage"},"image":{"@id":"https:\/\/kusmitea.re\/index.php\/product\/the-vert-au-jasmin-bio\/#primaryimage"},"thumbnailUrl":"https:\/\/kusmitea.re\/wp-content\/uploads\/2025\/08\/VJAS100BIO_FR.jpg","datePublished":"2025-08-30T04:42:28+00:00","dateModified":"2026-02-18T02:52:09+00:00","description":"Vert Jasmin bio Kusmi Tea : go\u00fbtez ce th\u00e9 vert Chun Me au jasmin. Fleuri, \u00e9legant et enivrant. La fine fleur du th\u00e9 ! Bonne d\u00e9gustation !","breadcrumb":{"@id":"https:\/\/kusmitea.re\/index.php\/product\/the-vert-au-jasmin-bio\/#breadcrumb"},"inLanguage":"fr-FR","potentialAction":[{"@type":"ReadAction","target":["https:\/\/kusmitea.re\/index.php\/product\/the-vert-au-jasmin-bio\/"]}]},{"@type":"ImageObject","inLanguage":"fr-FR","@id":"https:\/\/kusmitea.re\/index.php\/product\/the-vert-au-jasmin-bio\/#primaryimage","url":"https:\/\/kusmitea.re\/wp-content\/uploads\/2025\/08\/VJAS100BIO_FR.jpg","contentUrl":"https:\/\/kusmitea.re\/wp-content\/uploads\/2025\/08\/VJAS100BIO_FR.jpg","width":1309,"height":1080},{"@type":"BreadcrumbList","@id":"https:\/\/kusmitea.re\/index.php\/product\/the-vert-au-jasmin-bio\/#breadcrumb","itemListElement":[{"@type":"ListItem","position":1,"name":"Accueil","item":"https:\/\/kusmitea.re\/"},{"@type":"ListItem","position":2,"name":"Boutique","item":"https:\/\/kusmitea.re\/index.php\/shop\/"},{"@type":"ListItem","position":3,"name":"Vert Jasmin &#8211; Th\u00e9 vert bio au jasmin &#8211; Kusmi Tea R\u00e9union"}]},{"@type":"WebSite","@id":"https:\/\/kusmitea.re\/#website","url":"https:\/\/kusmitea.re\/","name":"Kusmi Tea R\u00e9union","description":"","publisher":{"@id":"https:\/\/kusmitea.re\/#organization"},"potentialAction":[{"@type":"SearchAction","target":{"@type":"EntryPoint","urlTemplate":"https:\/\/kusmitea.re\/?s={search_term_string}"},"query-input":{"@type":"PropertyValueSpecification","valueRequired":true,"valueName":"search_term_string"}}],"inLanguage":"fr-FR"},{"@type":"Organization","@id":"https:\/\/kusmitea.re\/#organization","name":"Kusmi Tea R\u00e9union","url":"https:\/\/kusmitea.re\/","logo":{"@type":"ImageObject","inLanguage":"fr-FR","@id":"https:\/\/kusmitea.re\/#\/schema\/logo\/image\/","url":"https:\/\/kusmitea.re\/wp-content\/uploads\/2023\/05\/cropped-logo.webp","contentUrl":"https:\/\/kusmitea.re\/wp-content\/uploads\/2023\/05\/cropped-logo.webp","width":469,"height":141,"caption":"Kusmi Tea R\u00e9union"},"image":{"@id":"https:\/\/kusmitea.re\/#\/schema\/logo\/image\/"},"sameAs":["https:\/\/www.facebook.com\/p\/Kusmi-Tea-Runion-61571670075100\/","https:\/\/www.instagram.com\/kusmiteare\/"]}]}},"jetpack_sharing_enabled":true,"_links":{"self":[{"href":"https:\/\/kusmitea.re\/index.php\/wp-json\/wp\/v2\/product\/6237","targetHints":{"allow":["GET"]}}],"collection":[{"href":"https:\/\/kusmitea.re\/index.php\/wp-json\/wp\/v2\/product"}],"about":[{"href":"https:\/\/kusmitea.re\/index.php\/wp-json\/wp\/v2\/types\/product"}],"replies":[{"embeddable":true,"href":"https:\/\/kusmitea.re\/index.php\/wp-json\/wp\/v2\/comments?post=6237"}],"version-history":[{"count":6,"href":"https:\/\/kusmitea.re\/index.php\/wp-json\/wp\/v2\/product\/6237\/revisions"}],"predecessor-version":[{"id":13033,"href":"https:\/\/kusmitea.re\/index.php\/wp-json\/wp\/v2\/product\/6237\/revisions\/13033"}],"wp:featuredmedia":[{"embeddable":true,"href":"https:\/\/kusmitea.re\/index.php\/wp-json\/wp\/v2\/media\/6287"}],"wp:attachment":[{"href":"https:\/\/kusmitea.re\/index.php\/wp-json\/wp\/v2\/media?parent=6237"}],"wp:term":[{"taxonomy":"product_cat","embeddable":true,"href":"https:\/\/kusmitea.re\/index.php\/wp-json\/wp\/v2\/product_cat?post=6237"},{"taxonomy":"product_tag","embeddable":true,"href":"https:\/\/kusmitea.re\/index.php\/wp-json\/wp\/v2\/product_tag?post=6237"}],"curies":[{"name":"wp","href":"https:\/\/api.w.org\/{rel}","templated":true}]}}