{"id":6235,"date":"2025-08-30T06:42:28","date_gmt":"2025-08-30T04:42:28","guid":{"rendered":"https:\/\/kusmitea.re\/?post_type=product&#038;p=6235"},"modified":"2026-02-02T11:39:56","modified_gmt":"2026-02-02T10:39:56","slug":"the-vert-a-la-menthe-bio","status":"publish","type":"product","link":"https:\/\/kusmitea.re\/index.php\/product\/the-vert-a-la-menthe-bio\/","title":{"rendered":"Th\u00e9 vert \u00e0 la menthe bio du Maroc &#8211; Kusmi Tea R\u00e9union"},"content":{"rendered":"\t\t<div data-elementor-type=\"wp-post\" data-elementor-id=\"6235\" class=\"elementor elementor-6235\">\n\t\t\t\t<div class=\"elementor-element elementor-element-59f0f615 e-flex e-con-boxed e-con e-parent\" data-id=\"59f0f615\" data-element_type=\"container\">\n\t\t\t\t\t<div class=\"e-con-inner\">\n\t\t\t\t<div class=\"elementor-element elementor-element-7ee4352e elementor-widget elementor-widget-text-editor\" data-id=\"7ee4352e\" data-element_type=\"widget\" data-widget_type=\"text-editor.default\">\n\t\t\t\t\t\t\t\t\t<p>Le th\u00e9 vert \u00e0 la menthe bio qui vous transporte au Maroc en une gorg\u00e9e.<\/p><p>Envie de voir du pays ? Le Th\u00e9 vert \u00e0 la menthe bio de Kusmi plante le d\u00e9cor et vous transporte au Maroc d\u00e8s la premi\u00e8re gorg\u00e9e ! Comme le veut la tradition, vous versez l&rsquo;eau fr\u00e9missante de plus en plus haut&#8230; Les effluves du Th\u00e9 \u00e0 la menthe bio vous ont d\u00e9j\u00e0 emport\u00e9. Loin\u2026 et si pr\u00e8s \u00e0 la fois. Les feuilles des palmiers bruissent. Les fontaines chuchotent. Les dunes scintillent l\u00e0-bas. Tout va bien, c\u2019est juste l\u2019effet menthe. Une menthe si rafra\u00eechissante, accompagn\u00e9e de ses petites billes de th\u00e9 Gunpowder vif et puissant !<\/p><p>Le Th\u00e9 vert \u00e0 la menthe bio de Kusmi\u2026 On vous le dit ? Avec une datte, il est encore plus exquis.<\/p><p>Bon voyage au Maroc\u2026 ou dans l\u2019un des pays voisins ! Et n\u2019oubliez pas de tester aussi la version glac\u00e9e, d\u00e9licieuse oasis en plein \u00e9t\u00e9.<\/p><p>Disponible au poids, en bo\u00eete de 100g, 25g, en 20 sachets mousseline et en 6 grands sachets pour th\u00e9 glac\u00e9.<\/p><p style=\"text-align: center;\"><em><strong>Ingr\u00e9dients<\/strong><\/em><\/p><p style=\"text-align: justify;\">Th\u00e9 vert*, feuilles de menthe*(5%), ar\u00f4me naturel de menthe.<\/p><p style=\"text-align: left;\">*Produits issus de l&rsquo;agriculture biologique.<\/p><p style=\"text-align: center; flex-grow: 1; margin-bottom: 20px;\"><img decoding=\"async\" class=\"aligncenter\" src=\"http:\/\/kusmitea.re\/wp-content\/uploads\/2021\/02\/T\u00b0.png\" alt=\"\" width=\"30\" height=\"30\" \/> <strong>80\u00b0C<\/strong><\/p><p style=\"text-align: center; flex-grow: 1; margin-bottom: 20px;\"><img decoding=\"async\" class=\"aligncenter\" src=\"http:\/\/kusmitea.re\/wp-content\/uploads\/2021\/02\/timer-300x300.png\" alt=\"\" width=\"30\" height=\"30\" \/> <strong>3-4 min<\/strong><\/p>\t\t\t\t\t\t\t\t<\/div>\n\t\t\t\t\t<\/div>\n\t\t\t\t<\/div>\n\t\t\t\t<\/div>\n\t\t","protected":false},"excerpt":{"rendered":"<p><img decoding=\"async\" class=\"alignleft wp-image-3887\" src=\"https:\/\/kusmitea.re\/wp-content\/uploads\/2020\/05\/Bio.jpg\" alt=\"\" width=\"40\" height=\"40\" \/><\/p>\n","protected":false},"featured_media":6285,"comment_status":"open","ping_status":"closed","template":"","meta":[],"product_cat":[64],"product_tag":[65],"class_list":{"0":"post-6235","1":"product","2":"type-product","3":"status-publish","4":"has-post-thumbnail","6":"product_cat-thes-verts","7":"product_tag-the-vert-mate","9":"first","10":"instock","11":"sale","12":"shipping-taxable","13":"purchasable","14":"product-type-variable","15":"has-default-attributes"},"yoast_head":"<!-- This site is optimized with the Yoast SEO plugin v26.6 - https:\/\/yoast.com\/wordpress\/plugins\/seo\/ -->\n<title>Th\u00e9 vert \u00e0 la menthe bio du Maroc - Kusmi Tea R\u00e9union - Kusmi Tea R\u00e9union<\/title>\n<meta name=\"description\" content=\"Th\u00e9 vert \u00e0 la menthe bio Kusmi Tea : th\u00e9 vert du Maroc et feuilles de menthe. Disponible en boite, sachet et vrac. Un bestseller !\" \/>\n<meta name=\"robots\" content=\"index, follow, max-snippet:-1, max-image-preview:large, max-video-preview:-1\" \/>\n<link rel=\"canonical\" href=\"https:\/\/kusmitea.re\/index.php\/product\/the-vert-a-la-menthe-bio\/\" \/>\n<meta property=\"og:locale\" content=\"fr_FR\" \/>\n<meta property=\"og:type\" content=\"article\" \/>\n<meta property=\"og:title\" content=\"Th\u00e9 vert \u00e0 la menthe bio du Maroc - Kusmi Tea R\u00e9union - Kusmi Tea R\u00e9union\" \/>\n<meta property=\"og:description\" content=\"Th\u00e9 vert \u00e0 la menthe bio Kusmi Tea : th\u00e9 vert du Maroc et feuilles de menthe. Disponible en boite, sachet et vrac. Un bestseller !\" \/>\n<meta property=\"og:url\" content=\"https:\/\/kusmitea.re\/index.php\/product\/the-vert-a-la-menthe-bio\/\" \/>\n<meta property=\"og:site_name\" content=\"Kusmi Tea R\u00e9union\" \/>\n<meta property=\"article:publisher\" content=\"https:\/\/www.facebook.com\/p\/Kusmi-Tea-Runion-61571670075100\/\" \/>\n<meta property=\"article:modified_time\" content=\"2026-02-02T10:39:56+00:00\" \/>\n<meta property=\"og:image\" content=\"https:\/\/kusmitea.re\/wp-content\/uploads\/2025\/08\/VMEN100BIO_FR.jpg\" \/>\n\t<meta property=\"og:image:width\" content=\"1309\" \/>\n\t<meta property=\"og:image:height\" content=\"1080\" \/>\n\t<meta property=\"og:image:type\" content=\"image\/jpeg\" \/>\n<meta name=\"twitter:card\" content=\"summary_large_image\" \/>\n<meta name=\"twitter:label1\" content=\"Dur\u00e9e de lecture estim\u00e9e\" \/>\n\t<meta name=\"twitter:data1\" content=\"2 minutes\" \/>\n<script type=\"application\/ld+json\" class=\"yoast-schema-graph\">{\"@context\":\"https:\/\/schema.org\",\"@graph\":[{\"@type\":\"WebPage\",\"@id\":\"https:\/\/kusmitea.re\/index.php\/product\/the-vert-a-la-menthe-bio\/\",\"url\":\"https:\/\/kusmitea.re\/index.php\/product\/the-vert-a-la-menthe-bio\/\",\"name\":\"Th\u00e9 vert \u00e0 la menthe bio du Maroc - Kusmi Tea R\u00e9union - Kusmi Tea R\u00e9union\",\"isPartOf\":{\"@id\":\"https:\/\/kusmitea.re\/#website\"},\"primaryImageOfPage\":{\"@id\":\"https:\/\/kusmitea.re\/index.php\/product\/the-vert-a-la-menthe-bio\/#primaryimage\"},\"image\":{\"@id\":\"https:\/\/kusmitea.re\/index.php\/product\/the-vert-a-la-menthe-bio\/#primaryimage\"},\"thumbnailUrl\":\"https:\/\/kusmitea.re\/wp-content\/uploads\/2025\/08\/VMEN100BIO_FR.jpg\",\"datePublished\":\"2025-08-30T04:42:28+00:00\",\"dateModified\":\"2026-02-02T10:39:56+00:00\",\"description\":\"Th\u00e9 vert \u00e0 la menthe bio Kusmi Tea : th\u00e9 vert du Maroc et feuilles de menthe. Disponible en boite, sachet et vrac. Un bestseller !\",\"breadcrumb\":{\"@id\":\"https:\/\/kusmitea.re\/index.php\/product\/the-vert-a-la-menthe-bio\/#breadcrumb\"},\"inLanguage\":\"fr-FR\",\"potentialAction\":[{\"@type\":\"ReadAction\",\"target\":[\"https:\/\/kusmitea.re\/index.php\/product\/the-vert-a-la-menthe-bio\/\"]}]},{\"@type\":\"ImageObject\",\"inLanguage\":\"fr-FR\",\"@id\":\"https:\/\/kusmitea.re\/index.php\/product\/the-vert-a-la-menthe-bio\/#primaryimage\",\"url\":\"https:\/\/kusmitea.re\/wp-content\/uploads\/2025\/08\/VMEN100BIO_FR.jpg\",\"contentUrl\":\"https:\/\/kusmitea.re\/wp-content\/uploads\/2025\/08\/VMEN100BIO_FR.jpg\",\"width\":1309,\"height\":1080},{\"@type\":\"BreadcrumbList\",\"@id\":\"https:\/\/kusmitea.re\/index.php\/product\/the-vert-a-la-menthe-bio\/#breadcrumb\",\"itemListElement\":[{\"@type\":\"ListItem\",\"position\":1,\"name\":\"Accueil\",\"item\":\"https:\/\/kusmitea.re\/\"},{\"@type\":\"ListItem\",\"position\":2,\"name\":\"Boutique\",\"item\":\"https:\/\/kusmitea.re\/index.php\/shop\/\"},{\"@type\":\"ListItem\",\"position\":3,\"name\":\"Th\u00e9 vert \u00e0 la menthe bio du Maroc &#8211; Kusmi Tea R\u00e9union\"}]},{\"@type\":\"WebSite\",\"@id\":\"https:\/\/kusmitea.re\/#website\",\"url\":\"https:\/\/kusmitea.re\/\",\"name\":\"Kusmi Tea R\u00e9union\",\"description\":\"\",\"publisher\":{\"@id\":\"https:\/\/kusmitea.re\/#organization\"},\"potentialAction\":[{\"@type\":\"SearchAction\",\"target\":{\"@type\":\"EntryPoint\",\"urlTemplate\":\"https:\/\/kusmitea.re\/?s={search_term_string}\"},\"query-input\":{\"@type\":\"PropertyValueSpecification\",\"valueRequired\":true,\"valueName\":\"search_term_string\"}}],\"inLanguage\":\"fr-FR\"},{\"@type\":\"Organization\",\"@id\":\"https:\/\/kusmitea.re\/#organization\",\"name\":\"Kusmi Tea R\u00e9union\",\"url\":\"https:\/\/kusmitea.re\/\",\"logo\":{\"@type\":\"ImageObject\",\"inLanguage\":\"fr-FR\",\"@id\":\"https:\/\/kusmitea.re\/#\/schema\/logo\/image\/\",\"url\":\"https:\/\/kusmitea.re\/wp-content\/uploads\/2023\/05\/cropped-logo.webp\",\"contentUrl\":\"https:\/\/kusmitea.re\/wp-content\/uploads\/2023\/05\/cropped-logo.webp\",\"width\":469,\"height\":141,\"caption\":\"Kusmi Tea R\u00e9union\"},\"image\":{\"@id\":\"https:\/\/kusmitea.re\/#\/schema\/logo\/image\/\"},\"sameAs\":[\"https:\/\/www.facebook.com\/p\/Kusmi-Tea-Runion-61571670075100\/\",\"https:\/\/www.instagram.com\/kusmiteare\/\"]}]}<\/script>\n<!-- \/ Yoast SEO plugin. -->","yoast_head_json":{"title":"Th\u00e9 vert \u00e0 la menthe bio du Maroc - Kusmi Tea R\u00e9union - Kusmi Tea R\u00e9union","description":"Th\u00e9 vert \u00e0 la menthe bio Kusmi Tea : th\u00e9 vert du Maroc et feuilles de menthe. Disponible en boite, sachet et vrac. Un bestseller !","robots":{"index":"index","follow":"follow","max-snippet":"max-snippet:-1","max-image-preview":"max-image-preview:large","max-video-preview":"max-video-preview:-1"},"canonical":"https:\/\/kusmitea.re\/index.php\/product\/the-vert-a-la-menthe-bio\/","og_locale":"fr_FR","og_type":"article","og_title":"Th\u00e9 vert \u00e0 la menthe bio du Maroc - Kusmi Tea R\u00e9union - Kusmi Tea R\u00e9union","og_description":"Th\u00e9 vert \u00e0 la menthe bio Kusmi Tea : th\u00e9 vert du Maroc et feuilles de menthe. Disponible en boite, sachet et vrac. Un bestseller !","og_url":"https:\/\/kusmitea.re\/index.php\/product\/the-vert-a-la-menthe-bio\/","og_site_name":"Kusmi Tea R\u00e9union","article_publisher":"https:\/\/www.facebook.com\/p\/Kusmi-Tea-Runion-61571670075100\/","article_modified_time":"2026-02-02T10:39:56+00:00","og_image":[{"width":1309,"height":1080,"url":"https:\/\/kusmitea.re\/wp-content\/uploads\/2025\/08\/VMEN100BIO_FR.jpg","type":"image\/jpeg"}],"twitter_card":"summary_large_image","twitter_misc":{"Dur\u00e9e de lecture estim\u00e9e":"2 minutes"},"schema":{"@context":"https:\/\/schema.org","@graph":[{"@type":"WebPage","@id":"https:\/\/kusmitea.re\/index.php\/product\/the-vert-a-la-menthe-bio\/","url":"https:\/\/kusmitea.re\/index.php\/product\/the-vert-a-la-menthe-bio\/","name":"Th\u00e9 vert \u00e0 la menthe bio du Maroc - Kusmi Tea R\u00e9union - Kusmi Tea R\u00e9union","isPartOf":{"@id":"https:\/\/kusmitea.re\/#website"},"primaryImageOfPage":{"@id":"https:\/\/kusmitea.re\/index.php\/product\/the-vert-a-la-menthe-bio\/#primaryimage"},"image":{"@id":"https:\/\/kusmitea.re\/index.php\/product\/the-vert-a-la-menthe-bio\/#primaryimage"},"thumbnailUrl":"https:\/\/kusmitea.re\/wp-content\/uploads\/2025\/08\/VMEN100BIO_FR.jpg","datePublished":"2025-08-30T04:42:28+00:00","dateModified":"2026-02-02T10:39:56+00:00","description":"Th\u00e9 vert \u00e0 la menthe bio Kusmi Tea : th\u00e9 vert du Maroc et feuilles de menthe. Disponible en boite, sachet et vrac. Un bestseller !","breadcrumb":{"@id":"https:\/\/kusmitea.re\/index.php\/product\/the-vert-a-la-menthe-bio\/#breadcrumb"},"inLanguage":"fr-FR","potentialAction":[{"@type":"ReadAction","target":["https:\/\/kusmitea.re\/index.php\/product\/the-vert-a-la-menthe-bio\/"]}]},{"@type":"ImageObject","inLanguage":"fr-FR","@id":"https:\/\/kusmitea.re\/index.php\/product\/the-vert-a-la-menthe-bio\/#primaryimage","url":"https:\/\/kusmitea.re\/wp-content\/uploads\/2025\/08\/VMEN100BIO_FR.jpg","contentUrl":"https:\/\/kusmitea.re\/wp-content\/uploads\/2025\/08\/VMEN100BIO_FR.jpg","width":1309,"height":1080},{"@type":"BreadcrumbList","@id":"https:\/\/kusmitea.re\/index.php\/product\/the-vert-a-la-menthe-bio\/#breadcrumb","itemListElement":[{"@type":"ListItem","position":1,"name":"Accueil","item":"https:\/\/kusmitea.re\/"},{"@type":"ListItem","position":2,"name":"Boutique","item":"https:\/\/kusmitea.re\/index.php\/shop\/"},{"@type":"ListItem","position":3,"name":"Th\u00e9 vert \u00e0 la menthe bio du Maroc &#8211; Kusmi Tea R\u00e9union"}]},{"@type":"WebSite","@id":"https:\/\/kusmitea.re\/#website","url":"https:\/\/kusmitea.re\/","name":"Kusmi Tea R\u00e9union","description":"","publisher":{"@id":"https:\/\/kusmitea.re\/#organization"},"potentialAction":[{"@type":"SearchAction","target":{"@type":"EntryPoint","urlTemplate":"https:\/\/kusmitea.re\/?s={search_term_string}"},"query-input":{"@type":"PropertyValueSpecification","valueRequired":true,"valueName":"search_term_string"}}],"inLanguage":"fr-FR"},{"@type":"Organization","@id":"https:\/\/kusmitea.re\/#organization","name":"Kusmi Tea R\u00e9union","url":"https:\/\/kusmitea.re\/","logo":{"@type":"ImageObject","inLanguage":"fr-FR","@id":"https:\/\/kusmitea.re\/#\/schema\/logo\/image\/","url":"https:\/\/kusmitea.re\/wp-content\/uploads\/2023\/05\/cropped-logo.webp","contentUrl":"https:\/\/kusmitea.re\/wp-content\/uploads\/2023\/05\/cropped-logo.webp","width":469,"height":141,"caption":"Kusmi Tea R\u00e9union"},"image":{"@id":"https:\/\/kusmitea.re\/#\/schema\/logo\/image\/"},"sameAs":["https:\/\/www.facebook.com\/p\/Kusmi-Tea-Runion-61571670075100\/","https:\/\/www.instagram.com\/kusmiteare\/"]}]}},"jetpack_sharing_enabled":true,"_links":{"self":[{"href":"https:\/\/kusmitea.re\/index.php\/wp-json\/wp\/v2\/product\/6235","targetHints":{"allow":["GET"]}}],"collection":[{"href":"https:\/\/kusmitea.re\/index.php\/wp-json\/wp\/v2\/product"}],"about":[{"href":"https:\/\/kusmitea.re\/index.php\/wp-json\/wp\/v2\/types\/product"}],"replies":[{"embeddable":true,"href":"https:\/\/kusmitea.re\/index.php\/wp-json\/wp\/v2\/comments?post=6235"}],"version-history":[{"count":8,"href":"https:\/\/kusmitea.re\/index.php\/wp-json\/wp\/v2\/product\/6235\/revisions"}],"predecessor-version":[{"id":13025,"href":"https:\/\/kusmitea.re\/index.php\/wp-json\/wp\/v2\/product\/6235\/revisions\/13025"}],"wp:featuredmedia":[{"embeddable":true,"href":"https:\/\/kusmitea.re\/index.php\/wp-json\/wp\/v2\/media\/6285"}],"wp:attachment":[{"href":"https:\/\/kusmitea.re\/index.php\/wp-json\/wp\/v2\/media?parent=6235"}],"wp:term":[{"taxonomy":"product_cat","embeddable":true,"href":"https:\/\/kusmitea.re\/index.php\/wp-json\/wp\/v2\/product_cat?post=6235"},{"taxonomy":"product_tag","embeddable":true,"href":"https:\/\/kusmitea.re\/index.php\/wp-json\/wp\/v2\/product_tag?post=6235"}],"curies":[{"name":"wp","href":"https:\/\/api.w.org\/{rel}","templated":true}]}}