{"id":6213,"date":"2025-08-30T06:42:24","date_gmt":"2025-08-30T04:42:24","guid":{"rendered":"https:\/\/kusmitea.re\/?post_type=product&#038;p=6213"},"modified":"2026-04-30T06:25:30","modified_gmt":"2026-04-30T04:25:30","slug":"blue-detox","status":"publish","type":"product","link":"https:\/\/kusmitea.re\/index.php\/product\/blue-detox\/","title":{"rendered":"Blue Detox &#8211; Kusmi Tea R\u00e9union"},"content":{"rendered":"\t\t<div data-elementor-type=\"wp-post\" data-elementor-id=\"6213\" class=\"elementor elementor-6213\">\n\t\t\t\t<div class=\"elementor-element elementor-element-27d2bd63 e-flex e-con-boxed e-con e-parent\" data-id=\"27d2bd63\" data-element_type=\"container\">\n\t\t\t\t\t<div class=\"e-con-inner\">\n\t\t\t\t<div class=\"elementor-element elementor-element-36578675 elementor-widget elementor-widget-text-editor\" data-id=\"36578675\" data-element_type=\"widget\" data-widget_type=\"text-editor.default\">\n\t\t\t\t\t\t\t\t\t<p style=\"text-align: justify;\">Un m\u00e9lange fruit\u00e9 qui associe le th\u00e9 vert, le mat\u00e9 et le rooibos aux notes exotiques de l&rsquo;ananas.<\/p><p style=\"text-align: justify;\">Plongez au coeur des Cara\u00efbes avec Blue Detox, une recette fruit\u00e9e au parfum enivrant. Ce th\u00e9 detox exotique m\u00e8le le th\u00e9 vert, le mat\u00e9 et le rooibos aux notes savoureuses de l&rsquo;ananas. L&rsquo;espace d&rsquo;un instant, offrez-vous un moment d&rsquo;\u00e9vasion avec le th\u00e9 Blue Detox qui est tout aussi d\u00e9licieux en th\u00e9 glac\u00e9 !<\/p><p style=\"text-align: justify;\">Disponible au poids, en bo\u00eete de 125g, 25g et en 20 sachets mousseline.<\/p><p style=\"text-align: center;\"><em><strong>Ingr\u00e9dients<\/strong><\/em><\/p><p style=\"text-align: left;\">Th\u00e9 vert (36%), graines de cynorhodon, mat\u00e9 (17%), rooibos, menthe, ar\u00f4me ananas, graines de guarana, feuilles d\u2019ortie, p\u00e9tales de tournesol.<\/p><p style=\"text-align: center; flex-grow: 1; margin-bottom: 20px;\"><img decoding=\"async\" class=\"aligncenter\" src=\"http:\/\/kusmitea.re\/wp-content\/uploads\/2021\/02\/T\u00b0.png\" alt=\"\" width=\"30\" height=\"30\" \/> <strong>90\u00b0C<\/strong><\/p><p style=\"text-align: center; flex-grow: 1; margin-bottom: 20px;\"><img decoding=\"async\" class=\"aligncenter\" src=\"http:\/\/kusmitea.re\/wp-content\/uploads\/2021\/02\/timer-300x300.png\" alt=\"\" width=\"30\" height=\"30\" \/> <strong>3-4 min<\/strong><\/p>\t\t\t\t\t\t\t\t<\/div>\n\t\t\t\t\t<\/div>\n\t\t\t\t<\/div>\n\t\t\t\t<\/div>\n\t\t","protected":false},"excerpt":{"rendered":"<p>Un m\u00e9lange fruit\u00e9 qui associe le th\u00e9 vert, le mat\u00e9 et le rooibos aux notes exotiques de l&rsquo;ananas. Plongez au coeur des Cara\u00efbes avec Blue Detox, une recette fruit\u00e9e au parfum enivrant. Ce th\u00e9 detox exotique m\u00e8le le th\u00e9 vert, le mat\u00e9 et le rooibos aux notes savoureuses de l&rsquo;ananas. L&rsquo;espace d&rsquo;un instant, offrez-vous un [&hellip;]<\/p>\n","protected":false},"featured_media":6251,"comment_status":"open","ping_status":"closed","template":"","meta":[],"product_cat":[62,60,64],"product_tag":[65],"class_list":{"0":"post-6213","1":"product","2":"type-product","3":"status-publish","4":"has-post-thumbnail","6":"product_cat-bien-etre","7":"product_cat-promotions","8":"product_cat-thes-verts","9":"product_tag-the-vert-mate","11":"first","12":"instock","13":"shipping-taxable","14":"purchasable","15":"product-type-variable","16":"has-default-attributes"},"yoast_head":"<!-- This site is optimized with the Yoast SEO plugin v26.6 - https:\/\/yoast.com\/wordpress\/plugins\/seo\/ -->\n<title>Blue Detox - Kusmi Tea R\u00e9union - Kusmi Tea R\u00e9union<\/title>\n<meta name=\"description\" content=\"M\u00e9lange de th\u00e9 vert, mat\u00e9 et plantes aromatis\u00e9 ananas\" \/>\n<meta name=\"robots\" content=\"index, follow, max-snippet:-1, max-image-preview:large, max-video-preview:-1\" \/>\n<link rel=\"canonical\" href=\"https:\/\/kusmitea.re\/index.php\/product\/blue-detox\/\" \/>\n<meta property=\"og:locale\" content=\"fr_FR\" \/>\n<meta property=\"og:type\" content=\"article\" \/>\n<meta property=\"og:title\" content=\"Blue Detox - Kusmi Tea R\u00e9union - Kusmi Tea R\u00e9union\" \/>\n<meta property=\"og:description\" content=\"M\u00e9lange de th\u00e9 vert, mat\u00e9 et plantes aromatis\u00e9 ananas\" \/>\n<meta property=\"og:url\" content=\"https:\/\/kusmitea.re\/index.php\/product\/blue-detox\/\" \/>\n<meta property=\"og:site_name\" content=\"Kusmi Tea R\u00e9union\" \/>\n<meta property=\"article:publisher\" content=\"https:\/\/www.facebook.com\/p\/Kusmi-Tea-Runion-61571670075100\/\" \/>\n<meta property=\"article:modified_time\" content=\"2026-04-30T04:25:30+00:00\" \/>\n<meta property=\"og:image\" content=\"https:\/\/kusmitea.re\/wp-content\/uploads\/2025\/08\/BLUEBIO_100G_FR.png\" \/>\n\t<meta property=\"og:image:width\" content=\"1309\" \/>\n\t<meta property=\"og:image:height\" content=\"1080\" \/>\n\t<meta property=\"og:image:type\" content=\"image\/png\" \/>\n<meta name=\"twitter:card\" content=\"summary_large_image\" \/>\n<meta name=\"twitter:label1\" content=\"Dur\u00e9e de lecture estim\u00e9e\" \/>\n\t<meta name=\"twitter:data1\" content=\"2 minutes\" \/>\n<script type=\"application\/ld+json\" class=\"yoast-schema-graph\">{\"@context\":\"https:\/\/schema.org\",\"@graph\":[{\"@type\":\"WebPage\",\"@id\":\"https:\/\/kusmitea.re\/index.php\/product\/blue-detox\/\",\"url\":\"https:\/\/kusmitea.re\/index.php\/product\/blue-detox\/\",\"name\":\"Blue Detox - Kusmi Tea R\u00e9union - Kusmi Tea R\u00e9union\",\"isPartOf\":{\"@id\":\"https:\/\/kusmitea.re\/#website\"},\"primaryImageOfPage\":{\"@id\":\"https:\/\/kusmitea.re\/index.php\/product\/blue-detox\/#primaryimage\"},\"image\":{\"@id\":\"https:\/\/kusmitea.re\/index.php\/product\/blue-detox\/#primaryimage\"},\"thumbnailUrl\":\"https:\/\/kusmitea.re\/wp-content\/uploads\/2025\/08\/BLUEBIO_100G_FR.png\",\"datePublished\":\"2025-08-30T04:42:24+00:00\",\"dateModified\":\"2026-04-30T04:25:30+00:00\",\"description\":\"M\u00e9lange de th\u00e9 vert, mat\u00e9 et plantes aromatis\u00e9 ananas\",\"breadcrumb\":{\"@id\":\"https:\/\/kusmitea.re\/index.php\/product\/blue-detox\/#breadcrumb\"},\"inLanguage\":\"fr-FR\",\"potentialAction\":[{\"@type\":\"ReadAction\",\"target\":[\"https:\/\/kusmitea.re\/index.php\/product\/blue-detox\/\"]}]},{\"@type\":\"ImageObject\",\"inLanguage\":\"fr-FR\",\"@id\":\"https:\/\/kusmitea.re\/index.php\/product\/blue-detox\/#primaryimage\",\"url\":\"https:\/\/kusmitea.re\/wp-content\/uploads\/2025\/08\/BLUEBIO_100G_FR.png\",\"contentUrl\":\"https:\/\/kusmitea.re\/wp-content\/uploads\/2025\/08\/BLUEBIO_100G_FR.png\",\"width\":1309,\"height\":1080},{\"@type\":\"BreadcrumbList\",\"@id\":\"https:\/\/kusmitea.re\/index.php\/product\/blue-detox\/#breadcrumb\",\"itemListElement\":[{\"@type\":\"ListItem\",\"position\":1,\"name\":\"Accueil\",\"item\":\"https:\/\/kusmitea.re\/\"},{\"@type\":\"ListItem\",\"position\":2,\"name\":\"Boutique\",\"item\":\"https:\/\/kusmitea.re\/index.php\/shop\/\"},{\"@type\":\"ListItem\",\"position\":3,\"name\":\"Blue Detox &#8211; Kusmi Tea R\u00e9union\"}]},{\"@type\":\"WebSite\",\"@id\":\"https:\/\/kusmitea.re\/#website\",\"url\":\"https:\/\/kusmitea.re\/\",\"name\":\"Kusmi Tea R\u00e9union\",\"description\":\"\",\"publisher\":{\"@id\":\"https:\/\/kusmitea.re\/#organization\"},\"potentialAction\":[{\"@type\":\"SearchAction\",\"target\":{\"@type\":\"EntryPoint\",\"urlTemplate\":\"https:\/\/kusmitea.re\/?s={search_term_string}\"},\"query-input\":{\"@type\":\"PropertyValueSpecification\",\"valueRequired\":true,\"valueName\":\"search_term_string\"}}],\"inLanguage\":\"fr-FR\"},{\"@type\":\"Organization\",\"@id\":\"https:\/\/kusmitea.re\/#organization\",\"name\":\"Kusmi Tea R\u00e9union\",\"url\":\"https:\/\/kusmitea.re\/\",\"logo\":{\"@type\":\"ImageObject\",\"inLanguage\":\"fr-FR\",\"@id\":\"https:\/\/kusmitea.re\/#\/schema\/logo\/image\/\",\"url\":\"https:\/\/kusmitea.re\/wp-content\/uploads\/2023\/05\/cropped-logo.webp\",\"contentUrl\":\"https:\/\/kusmitea.re\/wp-content\/uploads\/2023\/05\/cropped-logo.webp\",\"width\":469,\"height\":141,\"caption\":\"Kusmi Tea R\u00e9union\"},\"image\":{\"@id\":\"https:\/\/kusmitea.re\/#\/schema\/logo\/image\/\"},\"sameAs\":[\"https:\/\/www.facebook.com\/p\/Kusmi-Tea-Runion-61571670075100\/\",\"https:\/\/www.instagram.com\/kusmiteare\/\"]}]}<\/script>\n<!-- \/ Yoast SEO plugin. -->","yoast_head_json":{"title":"Blue Detox - Kusmi Tea R\u00e9union - Kusmi Tea R\u00e9union","description":"M\u00e9lange de th\u00e9 vert, mat\u00e9 et plantes aromatis\u00e9 ananas","robots":{"index":"index","follow":"follow","max-snippet":"max-snippet:-1","max-image-preview":"max-image-preview:large","max-video-preview":"max-video-preview:-1"},"canonical":"https:\/\/kusmitea.re\/index.php\/product\/blue-detox\/","og_locale":"fr_FR","og_type":"article","og_title":"Blue Detox - Kusmi Tea R\u00e9union - Kusmi Tea R\u00e9union","og_description":"M\u00e9lange de th\u00e9 vert, mat\u00e9 et plantes aromatis\u00e9 ananas","og_url":"https:\/\/kusmitea.re\/index.php\/product\/blue-detox\/","og_site_name":"Kusmi Tea R\u00e9union","article_publisher":"https:\/\/www.facebook.com\/p\/Kusmi-Tea-Runion-61571670075100\/","article_modified_time":"2026-04-30T04:25:30+00:00","og_image":[{"width":1309,"height":1080,"url":"https:\/\/kusmitea.re\/wp-content\/uploads\/2025\/08\/BLUEBIO_100G_FR.png","type":"image\/png"}],"twitter_card":"summary_large_image","twitter_misc":{"Dur\u00e9e de lecture estim\u00e9e":"2 minutes"},"schema":{"@context":"https:\/\/schema.org","@graph":[{"@type":"WebPage","@id":"https:\/\/kusmitea.re\/index.php\/product\/blue-detox\/","url":"https:\/\/kusmitea.re\/index.php\/product\/blue-detox\/","name":"Blue Detox - Kusmi Tea R\u00e9union - Kusmi Tea R\u00e9union","isPartOf":{"@id":"https:\/\/kusmitea.re\/#website"},"primaryImageOfPage":{"@id":"https:\/\/kusmitea.re\/index.php\/product\/blue-detox\/#primaryimage"},"image":{"@id":"https:\/\/kusmitea.re\/index.php\/product\/blue-detox\/#primaryimage"},"thumbnailUrl":"https:\/\/kusmitea.re\/wp-content\/uploads\/2025\/08\/BLUEBIO_100G_FR.png","datePublished":"2025-08-30T04:42:24+00:00","dateModified":"2026-04-30T04:25:30+00:00","description":"M\u00e9lange de th\u00e9 vert, mat\u00e9 et plantes aromatis\u00e9 ananas","breadcrumb":{"@id":"https:\/\/kusmitea.re\/index.php\/product\/blue-detox\/#breadcrumb"},"inLanguage":"fr-FR","potentialAction":[{"@type":"ReadAction","target":["https:\/\/kusmitea.re\/index.php\/product\/blue-detox\/"]}]},{"@type":"ImageObject","inLanguage":"fr-FR","@id":"https:\/\/kusmitea.re\/index.php\/product\/blue-detox\/#primaryimage","url":"https:\/\/kusmitea.re\/wp-content\/uploads\/2025\/08\/BLUEBIO_100G_FR.png","contentUrl":"https:\/\/kusmitea.re\/wp-content\/uploads\/2025\/08\/BLUEBIO_100G_FR.png","width":1309,"height":1080},{"@type":"BreadcrumbList","@id":"https:\/\/kusmitea.re\/index.php\/product\/blue-detox\/#breadcrumb","itemListElement":[{"@type":"ListItem","position":1,"name":"Accueil","item":"https:\/\/kusmitea.re\/"},{"@type":"ListItem","position":2,"name":"Boutique","item":"https:\/\/kusmitea.re\/index.php\/shop\/"},{"@type":"ListItem","position":3,"name":"Blue Detox &#8211; Kusmi Tea R\u00e9union"}]},{"@type":"WebSite","@id":"https:\/\/kusmitea.re\/#website","url":"https:\/\/kusmitea.re\/","name":"Kusmi Tea R\u00e9union","description":"","publisher":{"@id":"https:\/\/kusmitea.re\/#organization"},"potentialAction":[{"@type":"SearchAction","target":{"@type":"EntryPoint","urlTemplate":"https:\/\/kusmitea.re\/?s={search_term_string}"},"query-input":{"@type":"PropertyValueSpecification","valueRequired":true,"valueName":"search_term_string"}}],"inLanguage":"fr-FR"},{"@type":"Organization","@id":"https:\/\/kusmitea.re\/#organization","name":"Kusmi Tea R\u00e9union","url":"https:\/\/kusmitea.re\/","logo":{"@type":"ImageObject","inLanguage":"fr-FR","@id":"https:\/\/kusmitea.re\/#\/schema\/logo\/image\/","url":"https:\/\/kusmitea.re\/wp-content\/uploads\/2023\/05\/cropped-logo.webp","contentUrl":"https:\/\/kusmitea.re\/wp-content\/uploads\/2023\/05\/cropped-logo.webp","width":469,"height":141,"caption":"Kusmi Tea R\u00e9union"},"image":{"@id":"https:\/\/kusmitea.re\/#\/schema\/logo\/image\/"},"sameAs":["https:\/\/www.facebook.com\/p\/Kusmi-Tea-Runion-61571670075100\/","https:\/\/www.instagram.com\/kusmiteare\/"]}]}},"jetpack_sharing_enabled":true,"_links":{"self":[{"href":"https:\/\/kusmitea.re\/index.php\/wp-json\/wp\/v2\/product\/6213","targetHints":{"allow":["GET"]}}],"collection":[{"href":"https:\/\/kusmitea.re\/index.php\/wp-json\/wp\/v2\/product"}],"about":[{"href":"https:\/\/kusmitea.re\/index.php\/wp-json\/wp\/v2\/types\/product"}],"replies":[{"embeddable":true,"href":"https:\/\/kusmitea.re\/index.php\/wp-json\/wp\/v2\/comments?post=6213"}],"version-history":[{"count":6,"href":"https:\/\/kusmitea.re\/index.php\/wp-json\/wp\/v2\/product\/6213\/revisions"}],"predecessor-version":[{"id":12986,"href":"https:\/\/kusmitea.re\/index.php\/wp-json\/wp\/v2\/product\/6213\/revisions\/12986"}],"wp:featuredmedia":[{"embeddable":true,"href":"https:\/\/kusmitea.re\/index.php\/wp-json\/wp\/v2\/media\/6251"}],"wp:attachment":[{"href":"https:\/\/kusmitea.re\/index.php\/wp-json\/wp\/v2\/media?parent=6213"}],"wp:term":[{"taxonomy":"product_cat","embeddable":true,"href":"https:\/\/kusmitea.re\/index.php\/wp-json\/wp\/v2\/product_cat?post=6213"},{"taxonomy":"product_tag","embeddable":true,"href":"https:\/\/kusmitea.re\/index.php\/wp-json\/wp\/v2\/product_tag?post=6213"}],"curies":[{"name":"wp","href":"https:\/\/api.w.org\/{rel}","templated":true}]}}