{"id":13005,"date":"2026-01-02T10:58:16","date_gmt":"2026-01-02T09:58:16","guid":{"rendered":"https:\/\/kusmitea.re\/?post_type=product&#038;p=13005"},"modified":"2026-04-03T19:55:17","modified_gmt":"2026-04-03T17:55:17","slug":"mate-kusmi-tea","status":"publish","type":"product","link":"https:\/\/kusmitea.re\/index.php\/product\/mate-kusmi-tea\/","title":{"rendered":"Mat\u00e9 &#8211; Kusmi Tea R\u00e9union"},"content":{"rendered":"<div class=\"col-xs-12 col-md-7\">\n<div class=\"description-and-detail\">\n<div class=\"row details collapsible-xs\">\n<div class=\"m-pdp__details details\">\n<div class=\"col-xs-12 col-md-7\">\n<div class=\"description-and-detail\">\n<div class=\"row details collapsible-xs\">\n<div class=\"m-pdp__details details\">\n<h2 class=\"c-section-divider\">Mat\u00e9<\/h2>\n<div class=\"col-xs-12 value content c-read-more c-read-more--inline m-pdp__expandable-section\" data-initialized=\"true\" data-expanded=\"true\">\n<p class=\"m-pdp__lead-paragraph\">Un mat\u00e9 bio nature de qualit\u00e9, \u00e0 siroter toute la journ\u00e9e.<\/p>\n<div>Adoptez sans h\u00e9siter le mat\u00e9 bio, cette d\u00e9licieuse boisson qui fait d\u00e9j\u00e0 tant d\u2019adeptes ! De son nom complet \u00ab yerba mat\u00e9 \u00bb, le mat\u00e9 provient des feuilles d\u2019un arbuste de la famille des houx qui ne pousse qu\u2019en Am\u00e9rique du Sud, notamment au nord-est de l\u2019Argentine et au sud du Br\u00e9sil, autour des fronti\u00e8res avec le Paraguay et l\u2019Uruguay.<\/div>\n<div><\/div>\n<div>Consomm\u00e9 depuis des si\u00e8cles \u00e0 l\u2019\u00e9tat sauvage et d\u00e9sormais cultiv\u00e9 avec le plus grand soin, le mat\u00e9 offre en bouche une\u00a0d\u00e9licate saveur v\u00e9g\u00e9tale. Les Argentins le sirotent du matin au soir, \u00e0 la maison, au travail ou dans la rue, \u00e0 la ville comme \u00e0 la campagne et toutes g\u00e9n\u00e9rations confondues. On le surnomme m\u00eame \u00ab l\u2019infusion nationale \u00bb !<\/div>\n<div><\/div>\n<div>Kusmi Tea a depuis longtemps succomb\u00e9 aux charmes du mat\u00e9 bio et en a gliss\u00e9 dans plusieurs de ses recettes. Ici, il vous est propos\u00e9 sous sa forme la plus simple : naturellement pur, pour vous permettre d\u2019en appr\u00e9cier toutes les notes. On lui pr\u00eate tant de bienfaits, de ses vertus \u00e9nergisantes \u00e0 sa capacit\u00e9 de stimuler concentration et immunit\u00e9, qu\u2019il serait dommage de s\u2019en priver !<\/div>\n<div><\/div>\n<div>Mat\u00e9 bio disponible en vrac parce que c\u2019est bon pour la plan\u00e8te.<\/div>\n<div><\/div>\n<h2 class=\"c-section-divider\">L&rsquo;info qu&rsquo;il vous faut<\/h2>\n<p>L\u2019histoire raconte que le mat\u00e9 \u00e9tait d\u00e9j\u00e0 consomm\u00e9 par les am\u00e9rindiens Guaranis, qui le mastiquaient ou le laissaient tremper dans leur gourde d\u2019eau fra\u00eeche pour se d\u00e9lecter de tous ses ar\u00f4mes. Aujourd\u2019hui, les Argentins le pr\u00e9parent selon des codes bien \u00e9tablis, symbolisant leur appartenance \u00e0 la communaut\u00e9. Pour pr\u00e9parer le mat\u00e9 bio dans les r\u00e8gles de l\u2019art ils utilisent: une calebasse (un r\u00e9cipient traditionnellement fabriqu\u00e9 \u00e0 partir d\u2019une courge s\u00e9ch\u00e9e), une bombilla (petit cylindre servant \u00e0 la fois de paille et de filtre) et de l\u2019eau bien chaude. Une fois pr\u00e9par\u00e9, le mat\u00e9 bio peut s\u2019infuser plusieurs fois pour \u00eatre sirot\u00e9 toute la journ\u00e9e !<\/p>\n<div>\n<div class=\"m-pdp__details description col-xs-12 value content\">\n<h3 class=\"c-section-divider\">Ingr\u00e9dients<\/h3>\n<div class=\"c-read-more c-read-more--inline m-pdp__expandable-section\"><span class=\"c-read-more__content\">Mat\u00e9* *Produit issu de l&rsquo;agriculture biologique<\/span><\/div>\n<\/div>\n<div class=\"m-pdp__ingredients ms-row center-xs\"><\/div>\n<div class=\"m-pdp__informative-icons ms-row center-xs\">\n<div class=\"col-xs-6 col-md-4 text--center\" style=\"text-align: center;\"><img decoding=\"async\" class=\"svg-icon icon-time-compass aligncenter\" src=\"https:\/\/www.kusmitea.com\/on\/demandware.static\/Sites-Kusmi_CH-Site\/-\/default\/dw52aeca38\/images\/svg\/icon-time-compass.svg\" alt=\"Temps d'infusion\" width=\"70\" height=\"78\" \/><span class=\"m-pdp__informative-title color--dark-grey\">Temps d&rsquo;infusion <\/span><span class=\"m-pdp__informative-value color--dark-grey font--lato-bold\">3 min<\/span><\/div>\n<div class=\"col-xs-6 col-md-4 text--center\" style=\"text-align: center;\"><img decoding=\"async\" class=\"svg-icon icon-temp aligncenter\" src=\"https:\/\/www.kusmitea.com\/on\/demandware.static\/Sites-Kusmi_CH-Site\/-\/default\/dwca82a8f2\/images\/svg\/icon-temp.svg\" alt=\"Temp\u00e9rature d'infusion\" width=\"71\" height=\"71\" \/><span class=\"m-pdp__informative-title color--dark-grey\">Temp\u00e9rature d&rsquo;infusion <\/span><span class=\"m-pdp__informative-value color--dark-grey font--lato-bold\">80 \u00b0C<\/span><\/div>\n<\/div>\n<\/div>\n<\/div>\n<\/div>\n<\/div>\n<\/div>\n<\/div>\n<\/div>\n<\/div>\n<\/div>\n<\/div>\n","protected":false},"excerpt":{"rendered":"<p>Mat\u00e9 Un mat\u00e9 bio nature de qualit\u00e9, \u00e0 siroter toute la journ\u00e9e. Adoptez sans h\u00e9siter le mat\u00e9 bio, cette d\u00e9licieuse boisson qui fait d\u00e9j\u00e0 tant d\u2019adeptes ! De son nom complet \u00ab yerba mat\u00e9 \u00bb, le mat\u00e9 provient des feuilles d\u2019un arbuste de la famille des houx qui ne pousse qu\u2019en Am\u00e9rique du Sud, notamment [&hellip;]<\/p>\n","protected":false},"featured_media":13006,"comment_status":"open","ping_status":"closed","template":"","meta":[],"product_cat":[327,64],"product_tag":[61,69,329,328],"class_list":{"0":"post-13005","1":"product","2":"type-product","3":"status-publish","4":"has-post-thumbnail","6":"product_cat-offre-du-moment","7":"product_cat-thes-verts","8":"product_tag-eau-de-fruits-tisane","9":"product_tag-florale","10":"product_tag-herboriste","11":"product_tag-new","13":"first","14":"instock","15":"shipping-taxable","16":"purchasable","17":"product-type-simple"},"yoast_head":"<!-- This site is optimized with the Yoast SEO plugin v26.6 - https:\/\/yoast.com\/wordpress\/plugins\/seo\/ -->\n<title>Mat\u00e9 - Kusmi Tea R\u00e9union - Kusmi Tea R\u00e9union<\/title>\n<meta name=\"description\" content=\"Mat\u00e9 - d\u00e9couvrez notre m\u00e9lange\" \/>\n<meta name=\"robots\" content=\"index, follow, max-snippet:-1, max-image-preview:large, max-video-preview:-1\" \/>\n<link rel=\"canonical\" href=\"https:\/\/kusmitea.re\/index.php\/product\/mate-kusmi-tea\/\" \/>\n<meta property=\"og:locale\" content=\"fr_FR\" \/>\n<meta property=\"og:type\" content=\"article\" \/>\n<meta property=\"og:title\" content=\"Mat\u00e9 - Kusmi Tea R\u00e9union - Kusmi Tea R\u00e9union\" \/>\n<meta property=\"og:description\" content=\"Mat\u00e9 - d\u00e9couvrez notre m\u00e9lange\" \/>\n<meta property=\"og:url\" content=\"https:\/\/kusmitea.re\/index.php\/product\/mate-kusmi-tea\/\" \/>\n<meta property=\"og:site_name\" content=\"Kusmi Tea R\u00e9union\" \/>\n<meta property=\"article:publisher\" content=\"https:\/\/www.facebook.com\/p\/Kusmi-Tea-Runion-61571670075100\/\" \/>\n<meta property=\"article:modified_time\" content=\"2026-04-03T17:55:17+00:00\" \/>\n<meta property=\"og:image\" content=\"https:\/\/kusmitea.re\/wp-content\/uploads\/2026\/01\/cd12babe42f4c9b0596d77210b007f508fae7cfb_MAT101_100_1_.webp\" \/>\n\t<meta property=\"og:image:width\" content=\"400\" \/>\n\t<meta property=\"og:image:height\" content=\"289\" \/>\n\t<meta property=\"og:image:type\" content=\"image\/webp\" \/>\n<meta name=\"twitter:card\" content=\"summary_large_image\" \/>\n<meta name=\"twitter:label1\" content=\"Dur\u00e9e de lecture estim\u00e9e\" \/>\n\t<meta name=\"twitter:data1\" content=\"3 minutes\" \/>\n<script type=\"application\/ld+json\" class=\"yoast-schema-graph\">{\"@context\":\"https:\/\/schema.org\",\"@graph\":[{\"@type\":\"WebPage\",\"@id\":\"https:\/\/kusmitea.re\/index.php\/product\/mate-kusmi-tea\/\",\"url\":\"https:\/\/kusmitea.re\/index.php\/product\/mate-kusmi-tea\/\",\"name\":\"Mat\u00e9 - Kusmi Tea R\u00e9union - Kusmi Tea R\u00e9union\",\"isPartOf\":{\"@id\":\"https:\/\/kusmitea.re\/#website\"},\"primaryImageOfPage\":{\"@id\":\"https:\/\/kusmitea.re\/index.php\/product\/mate-kusmi-tea\/#primaryimage\"},\"image\":{\"@id\":\"https:\/\/kusmitea.re\/index.php\/product\/mate-kusmi-tea\/#primaryimage\"},\"thumbnailUrl\":\"https:\/\/kusmitea.re\/wp-content\/uploads\/2026\/01\/cd12babe42f4c9b0596d77210b007f508fae7cfb_MAT101_100_1_.webp\",\"datePublished\":\"2026-01-02T09:58:16+00:00\",\"dateModified\":\"2026-04-03T17:55:17+00:00\",\"description\":\"Mat\u00e9 - d\u00e9couvrez notre m\u00e9lange\",\"breadcrumb\":{\"@id\":\"https:\/\/kusmitea.re\/index.php\/product\/mate-kusmi-tea\/#breadcrumb\"},\"inLanguage\":\"fr-FR\",\"potentialAction\":[{\"@type\":\"ReadAction\",\"target\":[\"https:\/\/kusmitea.re\/index.php\/product\/mate-kusmi-tea\/\"]}]},{\"@type\":\"ImageObject\",\"inLanguage\":\"fr-FR\",\"@id\":\"https:\/\/kusmitea.re\/index.php\/product\/mate-kusmi-tea\/#primaryimage\",\"url\":\"https:\/\/kusmitea.re\/wp-content\/uploads\/2026\/01\/cd12babe42f4c9b0596d77210b007f508fae7cfb_MAT101_100_1_.webp\",\"contentUrl\":\"https:\/\/kusmitea.re\/wp-content\/uploads\/2026\/01\/cd12babe42f4c9b0596d77210b007f508fae7cfb_MAT101_100_1_.webp\",\"width\":400,\"height\":289},{\"@type\":\"BreadcrumbList\",\"@id\":\"https:\/\/kusmitea.re\/index.php\/product\/mate-kusmi-tea\/#breadcrumb\",\"itemListElement\":[{\"@type\":\"ListItem\",\"position\":1,\"name\":\"Accueil\",\"item\":\"https:\/\/kusmitea.re\/\"},{\"@type\":\"ListItem\",\"position\":2,\"name\":\"Boutique\",\"item\":\"https:\/\/kusmitea.re\/index.php\/shop\/\"},{\"@type\":\"ListItem\",\"position\":3,\"name\":\"Mat\u00e9 &#8211; Kusmi Tea R\u00e9union\"}]},{\"@type\":\"WebSite\",\"@id\":\"https:\/\/kusmitea.re\/#website\",\"url\":\"https:\/\/kusmitea.re\/\",\"name\":\"Kusmi Tea R\u00e9union\",\"description\":\"\",\"publisher\":{\"@id\":\"https:\/\/kusmitea.re\/#organization\"},\"potentialAction\":[{\"@type\":\"SearchAction\",\"target\":{\"@type\":\"EntryPoint\",\"urlTemplate\":\"https:\/\/kusmitea.re\/?s={search_term_string}\"},\"query-input\":{\"@type\":\"PropertyValueSpecification\",\"valueRequired\":true,\"valueName\":\"search_term_string\"}}],\"inLanguage\":\"fr-FR\"},{\"@type\":\"Organization\",\"@id\":\"https:\/\/kusmitea.re\/#organization\",\"name\":\"Kusmi Tea R\u00e9union\",\"url\":\"https:\/\/kusmitea.re\/\",\"logo\":{\"@type\":\"ImageObject\",\"inLanguage\":\"fr-FR\",\"@id\":\"https:\/\/kusmitea.re\/#\/schema\/logo\/image\/\",\"url\":\"https:\/\/kusmitea.re\/wp-content\/uploads\/2023\/05\/cropped-logo.webp\",\"contentUrl\":\"https:\/\/kusmitea.re\/wp-content\/uploads\/2023\/05\/cropped-logo.webp\",\"width\":469,\"height\":141,\"caption\":\"Kusmi Tea R\u00e9union\"},\"image\":{\"@id\":\"https:\/\/kusmitea.re\/#\/schema\/logo\/image\/\"},\"sameAs\":[\"https:\/\/www.facebook.com\/p\/Kusmi-Tea-Runion-61571670075100\/\",\"https:\/\/www.instagram.com\/kusmiteare\/\"]}]}<\/script>\n<!-- \/ Yoast SEO plugin. -->","yoast_head_json":{"title":"Mat\u00e9 - Kusmi Tea R\u00e9union - Kusmi Tea R\u00e9union","description":"Mat\u00e9 - d\u00e9couvrez notre m\u00e9lange","robots":{"index":"index","follow":"follow","max-snippet":"max-snippet:-1","max-image-preview":"max-image-preview:large","max-video-preview":"max-video-preview:-1"},"canonical":"https:\/\/kusmitea.re\/index.php\/product\/mate-kusmi-tea\/","og_locale":"fr_FR","og_type":"article","og_title":"Mat\u00e9 - Kusmi Tea R\u00e9union - Kusmi Tea R\u00e9union","og_description":"Mat\u00e9 - d\u00e9couvrez notre m\u00e9lange","og_url":"https:\/\/kusmitea.re\/index.php\/product\/mate-kusmi-tea\/","og_site_name":"Kusmi Tea R\u00e9union","article_publisher":"https:\/\/www.facebook.com\/p\/Kusmi-Tea-Runion-61571670075100\/","article_modified_time":"2026-04-03T17:55:17+00:00","og_image":[{"width":400,"height":289,"url":"https:\/\/kusmitea.re\/wp-content\/uploads\/2026\/01\/cd12babe42f4c9b0596d77210b007f508fae7cfb_MAT101_100_1_.webp","type":"image\/webp"}],"twitter_card":"summary_large_image","twitter_misc":{"Dur\u00e9e de lecture estim\u00e9e":"3 minutes"},"schema":{"@context":"https:\/\/schema.org","@graph":[{"@type":"WebPage","@id":"https:\/\/kusmitea.re\/index.php\/product\/mate-kusmi-tea\/","url":"https:\/\/kusmitea.re\/index.php\/product\/mate-kusmi-tea\/","name":"Mat\u00e9 - Kusmi Tea R\u00e9union - Kusmi Tea R\u00e9union","isPartOf":{"@id":"https:\/\/kusmitea.re\/#website"},"primaryImageOfPage":{"@id":"https:\/\/kusmitea.re\/index.php\/product\/mate-kusmi-tea\/#primaryimage"},"image":{"@id":"https:\/\/kusmitea.re\/index.php\/product\/mate-kusmi-tea\/#primaryimage"},"thumbnailUrl":"https:\/\/kusmitea.re\/wp-content\/uploads\/2026\/01\/cd12babe42f4c9b0596d77210b007f508fae7cfb_MAT101_100_1_.webp","datePublished":"2026-01-02T09:58:16+00:00","dateModified":"2026-04-03T17:55:17+00:00","description":"Mat\u00e9 - d\u00e9couvrez notre m\u00e9lange","breadcrumb":{"@id":"https:\/\/kusmitea.re\/index.php\/product\/mate-kusmi-tea\/#breadcrumb"},"inLanguage":"fr-FR","potentialAction":[{"@type":"ReadAction","target":["https:\/\/kusmitea.re\/index.php\/product\/mate-kusmi-tea\/"]}]},{"@type":"ImageObject","inLanguage":"fr-FR","@id":"https:\/\/kusmitea.re\/index.php\/product\/mate-kusmi-tea\/#primaryimage","url":"https:\/\/kusmitea.re\/wp-content\/uploads\/2026\/01\/cd12babe42f4c9b0596d77210b007f508fae7cfb_MAT101_100_1_.webp","contentUrl":"https:\/\/kusmitea.re\/wp-content\/uploads\/2026\/01\/cd12babe42f4c9b0596d77210b007f508fae7cfb_MAT101_100_1_.webp","width":400,"height":289},{"@type":"BreadcrumbList","@id":"https:\/\/kusmitea.re\/index.php\/product\/mate-kusmi-tea\/#breadcrumb","itemListElement":[{"@type":"ListItem","position":1,"name":"Accueil","item":"https:\/\/kusmitea.re\/"},{"@type":"ListItem","position":2,"name":"Boutique","item":"https:\/\/kusmitea.re\/index.php\/shop\/"},{"@type":"ListItem","position":3,"name":"Mat\u00e9 &#8211; Kusmi Tea R\u00e9union"}]},{"@type":"WebSite","@id":"https:\/\/kusmitea.re\/#website","url":"https:\/\/kusmitea.re\/","name":"Kusmi Tea R\u00e9union","description":"","publisher":{"@id":"https:\/\/kusmitea.re\/#organization"},"potentialAction":[{"@type":"SearchAction","target":{"@type":"EntryPoint","urlTemplate":"https:\/\/kusmitea.re\/?s={search_term_string}"},"query-input":{"@type":"PropertyValueSpecification","valueRequired":true,"valueName":"search_term_string"}}],"inLanguage":"fr-FR"},{"@type":"Organization","@id":"https:\/\/kusmitea.re\/#organization","name":"Kusmi Tea R\u00e9union","url":"https:\/\/kusmitea.re\/","logo":{"@type":"ImageObject","inLanguage":"fr-FR","@id":"https:\/\/kusmitea.re\/#\/schema\/logo\/image\/","url":"https:\/\/kusmitea.re\/wp-content\/uploads\/2023\/05\/cropped-logo.webp","contentUrl":"https:\/\/kusmitea.re\/wp-content\/uploads\/2023\/05\/cropped-logo.webp","width":469,"height":141,"caption":"Kusmi Tea R\u00e9union"},"image":{"@id":"https:\/\/kusmitea.re\/#\/schema\/logo\/image\/"},"sameAs":["https:\/\/www.facebook.com\/p\/Kusmi-Tea-Runion-61571670075100\/","https:\/\/www.instagram.com\/kusmiteare\/"]}]}},"jetpack_sharing_enabled":true,"_links":{"self":[{"href":"https:\/\/kusmitea.re\/index.php\/wp-json\/wp\/v2\/product\/13005","targetHints":{"allow":["GET"]}}],"collection":[{"href":"https:\/\/kusmitea.re\/index.php\/wp-json\/wp\/v2\/product"}],"about":[{"href":"https:\/\/kusmitea.re\/index.php\/wp-json\/wp\/v2\/types\/product"}],"replies":[{"embeddable":true,"href":"https:\/\/kusmitea.re\/index.php\/wp-json\/wp\/v2\/comments?post=13005"}],"version-history":[{"count":1,"href":"https:\/\/kusmitea.re\/index.php\/wp-json\/wp\/v2\/product\/13005\/revisions"}],"predecessor-version":[{"id":13007,"href":"https:\/\/kusmitea.re\/index.php\/wp-json\/wp\/v2\/product\/13005\/revisions\/13007"}],"wp:featuredmedia":[{"embeddable":true,"href":"https:\/\/kusmitea.re\/index.php\/wp-json\/wp\/v2\/media\/13006"}],"wp:attachment":[{"href":"https:\/\/kusmitea.re\/index.php\/wp-json\/wp\/v2\/media?parent=13005"}],"wp:term":[{"taxonomy":"product_cat","embeddable":true,"href":"https:\/\/kusmitea.re\/index.php\/wp-json\/wp\/v2\/product_cat?post=13005"},{"taxonomy":"product_tag","embeddable":true,"href":"https:\/\/kusmitea.re\/index.php\/wp-json\/wp\/v2\/product_tag?post=13005"}],"curies":[{"name":"wp","href":"https:\/\/api.w.org\/{rel}","templated":true}]}}