{"id":12954,"date":"2026-01-02T10:09:06","date_gmt":"2026-01-02T09:09:06","guid":{"rendered":"https:\/\/kusmitea.re\/?post_type=product&#038;p=12954"},"modified":"2026-04-14T13:37:16","modified_gmt":"2026-04-14T11:37:16","slug":"petit-dejeuner-elysee","status":"publish","type":"product","link":"https:\/\/kusmitea.re\/index.php\/product\/petit-dejeuner-elysee\/","title":{"rendered":"Petit d\u00e9jeuner \u00e0 l&rsquo;Elys\u00e9e &#8211; Th\u00e9 vert, mat\u00e9 et citron"},"content":{"rendered":"<div class=\"col-xs-12 col-md-7\">\n<div class=\"description-and-detail\">\n<div class=\"row details collapsible-xs\">\n<div class=\"m-pdp__details details\">\n<div class=\"col-xs-12 col-md-7\">\n<div class=\"description-and-detail\">\n<div class=\"row details collapsible-xs\">\n<div class=\"m-pdp__details details\">\n<h2 class=\"c-section-divider\">M\u00e9lange de plantes aromatis\u00e9 citron<\/h2>\n<div class=\"col-xs-12 value content c-read-more c-read-more--inline m-pdp__expandable-section\" data-initialized=\"true\" data-expanded=\"true\">\n<p>L\u2019<span data-teams=\"true\">\u00c9lys\u00e9e<\/span>\u00a0confie l\u2019\u00e9laboration de son th\u00e9 \u00e0 Kusmi Tea : un produit Made in France dont les ventes participent \u00e0 la r\u00e9novation du palais de l\u2019<span data-teams=\"true\">\u00c9lys\u00e9e<\/span>, 300 ans apr\u00e8s sa construction.<\/p>\n<p>Th\u00e9 vert et mat\u00e9 se m\u00e9langent aux notes de citron et de citronnelle, pour une recette bio, fruit\u00e9e et tonique. Pour l\u2019occasion, Kusmi Tea s\u2019habille aux couleurs du drapeau national, jusqu\u2019aux ingr\u00e9dients que l\u2019on retrouve dans le m\u00e9lange !<\/p>\n<p>Quoi de mieux qu\u2019un Petit d\u00e9jeuner \u00e0 l\u2019<span data-teams=\"true\">\u00c9lys\u00e9e<\/span>\u00a0pour bien d\u00e9buter la journ\u00e9e ?<\/p>\n<\/div>\n<\/div>\n<\/div>\n<\/div>\n<\/div>\n<div class=\"m-pdp__floating-image-wrapper col-xs-12 col-md center-xs\"><\/div>\n<div class=\"col-xs-12 col-md-7\">\n<div class=\"m-pdp__details description col-xs-12 value content\">\n<h3 class=\"c-section-divider\">Ingr\u00e9dients<\/h3>\n<div class=\"c-read-more c-read-more--inline m-pdp__expandable-section\"><span class=\"c-read-more__content\">Mat\u00e9*, th\u00e9 vert*, cynorhodon*, citronnelle*, ar\u00f4me naturel, p\u00e9tales de bleuet* et morceaux de fraise*. *Produits issus de l&rsquo;agriculture biologique<\/span><\/div>\n<\/div>\n<\/div>\n<\/div>\n<\/div>\n<\/div>\n<\/div>\n<div class=\"col-xs-12 col-md-7\">\n<div class=\"m-pdp__ingredients ms-row center-xs\">\n<div class=\"m-pdp__ingredients-item col-xs-4 col-lg-3 center-xs\"><\/div>\n<\/div>\n<div class=\"m-pdp__informative-icons ms-row center-xs\">\n<div class=\"col-xs-6 col-md-4 text--center\" style=\"text-align: center;\"><img decoding=\"async\" class=\"svg-icon icon-time-compass aligncenter\" src=\"https:\/\/www.kusmitea.com\/on\/demandware.static\/Sites-Kusmi_FR-Site\/-\/default\/dw52aeca38\/images\/svg\/icon-time-compass.svg\" alt=\"Temps d'infusion\" width=\"70\" height=\"78\" \/><span class=\"m-pdp__informative-title color--dark-grey\">Temps d&rsquo;infusion <\/span><span class=\"m-pdp__informative-value color--dark-grey font--lato-bold\">3-4&prime;<\/span><\/div>\n<div class=\"col-xs-6 col-md-4 text--center\" style=\"text-align: center;\"><img decoding=\"async\" class=\"svg-icon icon-temp aligncenter\" src=\"https:\/\/www.kusmitea.com\/on\/demandware.static\/Sites-Kusmi_FR-Site\/-\/default\/dwca82a8f2\/images\/svg\/icon-temp.svg\" alt=\"Temp\u00e9rature d'infusion\" width=\"70\" height=\"70\" \/><span class=\"m-pdp__informative-title color--dark-grey\">Temp\u00e9rature d&rsquo;infusion 8<\/span><span class=\"m-pdp__informative-value color--dark-grey font--lato-bold\">5 \u00b0C<\/span><\/div>\n<\/div>\n<\/div>\n","protected":false},"excerpt":{"rendered":"<p>M\u00e9lange de plantes aromatis\u00e9 citron L\u2019\u00c9lys\u00e9e\u00a0confie l\u2019\u00e9laboration de son th\u00e9 \u00e0 Kusmi Tea : un produit Made in France dont les ventes participent \u00e0 la r\u00e9novation du palais de l\u2019\u00c9lys\u00e9e, 300 ans apr\u00e8s sa construction. Th\u00e9 vert et mat\u00e9 se m\u00e9langent aux notes de citron et de citronnelle, pour une recette bio, fruit\u00e9e et tonique. [&hellip;]<\/p>\n","protected":false},"featured_media":12955,"comment_status":"open","ping_status":"closed","template":"","meta":[],"product_cat":[327,64],"product_tag":[61,69,329,328],"class_list":{"0":"post-12954","1":"product","2":"type-product","3":"status-publish","4":"has-post-thumbnail","6":"product_cat-offre-du-moment","7":"product_cat-thes-verts","8":"product_tag-eau-de-fruits-tisane","9":"product_tag-florale","10":"product_tag-herboriste","11":"product_tag-new","13":"first","14":"instock","15":"shipping-taxable","16":"purchasable","17":"product-type-simple"},"yoast_head":"<!-- This site is optimized with the Yoast SEO plugin v26.6 - https:\/\/yoast.com\/wordpress\/plugins\/seo\/ -->\n<title>Petit d\u00e9jeuner \u00e0 l&#039;Elys\u00e9e - Th\u00e9 vert, mat\u00e9 et citron - Kusmi Tea R\u00e9union<\/title>\n<meta name=\"description\" content=\"Petit d\u00e9jeuner \u00e0 l&#039;Elys\u00e9e bio Kusmi Tea : th\u00e9 vert, mat\u00e9 et citron (fraises et p\u00e9tales de bleuet). Disponible en boite. Bonne d\u00e9gustation !\" \/>\n<meta name=\"robots\" content=\"index, follow, max-snippet:-1, max-image-preview:large, max-video-preview:-1\" \/>\n<link rel=\"canonical\" href=\"https:\/\/kusmitea.re\/index.php\/product\/petit-dejeuner-elysee\/\" \/>\n<meta property=\"og:locale\" content=\"fr_FR\" \/>\n<meta property=\"og:type\" content=\"article\" \/>\n<meta property=\"og:title\" content=\"Petit d\u00e9jeuner \u00e0 l&#039;Elys\u00e9e - Th\u00e9 vert, mat\u00e9 et citron - Kusmi Tea R\u00e9union\" \/>\n<meta property=\"og:description\" content=\"Petit d\u00e9jeuner \u00e0 l&#039;Elys\u00e9e bio Kusmi Tea : th\u00e9 vert, mat\u00e9 et citron (fraises et p\u00e9tales de bleuet). Disponible en boite. Bonne d\u00e9gustation !\" \/>\n<meta property=\"og:url\" content=\"https:\/\/kusmitea.re\/index.php\/product\/petit-dejeuner-elysee\/\" \/>\n<meta property=\"og:site_name\" content=\"Kusmi Tea R\u00e9union\" \/>\n<meta property=\"article:publisher\" content=\"https:\/\/www.facebook.com\/p\/Kusmi-Tea-Runion-61571670075100\/\" \/>\n<meta property=\"article:modified_time\" content=\"2026-04-14T11:37:16+00:00\" \/>\n<meta property=\"og:image\" content=\"https:\/\/kusmitea.re\/wp-content\/uploads\/2026\/01\/97467f47b13a90267b3a5d6004644c61315e7ded_ELYSEE100BIO.webp\" \/>\n\t<meta property=\"og:image:width\" content=\"400\" \/>\n\t<meta property=\"og:image:height\" content=\"306\" \/>\n\t<meta property=\"og:image:type\" content=\"image\/webp\" \/>\n<meta name=\"twitter:card\" content=\"summary_large_image\" \/>\n<meta name=\"twitter:label1\" content=\"Dur\u00e9e de lecture estim\u00e9e\" \/>\n\t<meta name=\"twitter:data1\" content=\"2 minutes\" \/>\n<script type=\"application\/ld+json\" class=\"yoast-schema-graph\">{\"@context\":\"https:\/\/schema.org\",\"@graph\":[{\"@type\":\"WebPage\",\"@id\":\"https:\/\/kusmitea.re\/index.php\/product\/petit-dejeuner-elysee\/\",\"url\":\"https:\/\/kusmitea.re\/index.php\/product\/petit-dejeuner-elysee\/\",\"name\":\"Petit d\u00e9jeuner \u00e0 l'Elys\u00e9e - Th\u00e9 vert, mat\u00e9 et citron - Kusmi Tea R\u00e9union\",\"isPartOf\":{\"@id\":\"https:\/\/kusmitea.re\/#website\"},\"primaryImageOfPage\":{\"@id\":\"https:\/\/kusmitea.re\/index.php\/product\/petit-dejeuner-elysee\/#primaryimage\"},\"image\":{\"@id\":\"https:\/\/kusmitea.re\/index.php\/product\/petit-dejeuner-elysee\/#primaryimage\"},\"thumbnailUrl\":\"https:\/\/kusmitea.re\/wp-content\/uploads\/2026\/01\/97467f47b13a90267b3a5d6004644c61315e7ded_ELYSEE100BIO.webp\",\"datePublished\":\"2026-01-02T09:09:06+00:00\",\"dateModified\":\"2026-04-14T11:37:16+00:00\",\"description\":\"Petit d\u00e9jeuner \u00e0 l'Elys\u00e9e bio Kusmi Tea : th\u00e9 vert, mat\u00e9 et citron (fraises et p\u00e9tales de bleuet). Disponible en boite. Bonne d\u00e9gustation !\",\"breadcrumb\":{\"@id\":\"https:\/\/kusmitea.re\/index.php\/product\/petit-dejeuner-elysee\/#breadcrumb\"},\"inLanguage\":\"fr-FR\",\"potentialAction\":[{\"@type\":\"ReadAction\",\"target\":[\"https:\/\/kusmitea.re\/index.php\/product\/petit-dejeuner-elysee\/\"]}]},{\"@type\":\"ImageObject\",\"inLanguage\":\"fr-FR\",\"@id\":\"https:\/\/kusmitea.re\/index.php\/product\/petit-dejeuner-elysee\/#primaryimage\",\"url\":\"https:\/\/kusmitea.re\/wp-content\/uploads\/2026\/01\/97467f47b13a90267b3a5d6004644c61315e7ded_ELYSEE100BIO.webp\",\"contentUrl\":\"https:\/\/kusmitea.re\/wp-content\/uploads\/2026\/01\/97467f47b13a90267b3a5d6004644c61315e7ded_ELYSEE100BIO.webp\",\"width\":400,\"height\":306,\"caption\":\"petit dejeuner elysee kusmi tea reunion 974\"},{\"@type\":\"BreadcrumbList\",\"@id\":\"https:\/\/kusmitea.re\/index.php\/product\/petit-dejeuner-elysee\/#breadcrumb\",\"itemListElement\":[{\"@type\":\"ListItem\",\"position\":1,\"name\":\"Accueil\",\"item\":\"https:\/\/kusmitea.re\/\"},{\"@type\":\"ListItem\",\"position\":2,\"name\":\"Boutique\",\"item\":\"https:\/\/kusmitea.re\/index.php\/shop\/\"},{\"@type\":\"ListItem\",\"position\":3,\"name\":\"Petit d\u00e9jeuner \u00e0 l&rsquo;Elys\u00e9e &#8211; Th\u00e9 vert, mat\u00e9 et citron\"}]},{\"@type\":\"WebSite\",\"@id\":\"https:\/\/kusmitea.re\/#website\",\"url\":\"https:\/\/kusmitea.re\/\",\"name\":\"Kusmi Tea R\u00e9union\",\"description\":\"\",\"publisher\":{\"@id\":\"https:\/\/kusmitea.re\/#organization\"},\"potentialAction\":[{\"@type\":\"SearchAction\",\"target\":{\"@type\":\"EntryPoint\",\"urlTemplate\":\"https:\/\/kusmitea.re\/?s={search_term_string}\"},\"query-input\":{\"@type\":\"PropertyValueSpecification\",\"valueRequired\":true,\"valueName\":\"search_term_string\"}}],\"inLanguage\":\"fr-FR\"},{\"@type\":\"Organization\",\"@id\":\"https:\/\/kusmitea.re\/#organization\",\"name\":\"Kusmi Tea R\u00e9union\",\"url\":\"https:\/\/kusmitea.re\/\",\"logo\":{\"@type\":\"ImageObject\",\"inLanguage\":\"fr-FR\",\"@id\":\"https:\/\/kusmitea.re\/#\/schema\/logo\/image\/\",\"url\":\"https:\/\/kusmitea.re\/wp-content\/uploads\/2023\/05\/cropped-logo.webp\",\"contentUrl\":\"https:\/\/kusmitea.re\/wp-content\/uploads\/2023\/05\/cropped-logo.webp\",\"width\":469,\"height\":141,\"caption\":\"Kusmi Tea R\u00e9union\"},\"image\":{\"@id\":\"https:\/\/kusmitea.re\/#\/schema\/logo\/image\/\"},\"sameAs\":[\"https:\/\/www.facebook.com\/p\/Kusmi-Tea-Runion-61571670075100\/\",\"https:\/\/www.instagram.com\/kusmiteare\/\"]}]}<\/script>\n<!-- \/ Yoast SEO plugin. -->","yoast_head_json":{"title":"Petit d\u00e9jeuner \u00e0 l'Elys\u00e9e - Th\u00e9 vert, mat\u00e9 et citron - Kusmi Tea R\u00e9union","description":"Petit d\u00e9jeuner \u00e0 l'Elys\u00e9e bio Kusmi Tea : th\u00e9 vert, mat\u00e9 et citron (fraises et p\u00e9tales de bleuet). Disponible en boite. Bonne d\u00e9gustation !","robots":{"index":"index","follow":"follow","max-snippet":"max-snippet:-1","max-image-preview":"max-image-preview:large","max-video-preview":"max-video-preview:-1"},"canonical":"https:\/\/kusmitea.re\/index.php\/product\/petit-dejeuner-elysee\/","og_locale":"fr_FR","og_type":"article","og_title":"Petit d\u00e9jeuner \u00e0 l'Elys\u00e9e - Th\u00e9 vert, mat\u00e9 et citron - Kusmi Tea R\u00e9union","og_description":"Petit d\u00e9jeuner \u00e0 l'Elys\u00e9e bio Kusmi Tea : th\u00e9 vert, mat\u00e9 et citron (fraises et p\u00e9tales de bleuet). Disponible en boite. Bonne d\u00e9gustation !","og_url":"https:\/\/kusmitea.re\/index.php\/product\/petit-dejeuner-elysee\/","og_site_name":"Kusmi Tea R\u00e9union","article_publisher":"https:\/\/www.facebook.com\/p\/Kusmi-Tea-Runion-61571670075100\/","article_modified_time":"2026-04-14T11:37:16+00:00","og_image":[{"width":400,"height":306,"url":"https:\/\/kusmitea.re\/wp-content\/uploads\/2026\/01\/97467f47b13a90267b3a5d6004644c61315e7ded_ELYSEE100BIO.webp","type":"image\/webp"}],"twitter_card":"summary_large_image","twitter_misc":{"Dur\u00e9e de lecture estim\u00e9e":"2 minutes"},"schema":{"@context":"https:\/\/schema.org","@graph":[{"@type":"WebPage","@id":"https:\/\/kusmitea.re\/index.php\/product\/petit-dejeuner-elysee\/","url":"https:\/\/kusmitea.re\/index.php\/product\/petit-dejeuner-elysee\/","name":"Petit d\u00e9jeuner \u00e0 l'Elys\u00e9e - Th\u00e9 vert, mat\u00e9 et citron - Kusmi Tea R\u00e9union","isPartOf":{"@id":"https:\/\/kusmitea.re\/#website"},"primaryImageOfPage":{"@id":"https:\/\/kusmitea.re\/index.php\/product\/petit-dejeuner-elysee\/#primaryimage"},"image":{"@id":"https:\/\/kusmitea.re\/index.php\/product\/petit-dejeuner-elysee\/#primaryimage"},"thumbnailUrl":"https:\/\/kusmitea.re\/wp-content\/uploads\/2026\/01\/97467f47b13a90267b3a5d6004644c61315e7ded_ELYSEE100BIO.webp","datePublished":"2026-01-02T09:09:06+00:00","dateModified":"2026-04-14T11:37:16+00:00","description":"Petit d\u00e9jeuner \u00e0 l'Elys\u00e9e bio Kusmi Tea : th\u00e9 vert, mat\u00e9 et citron (fraises et p\u00e9tales de bleuet). Disponible en boite. Bonne d\u00e9gustation !","breadcrumb":{"@id":"https:\/\/kusmitea.re\/index.php\/product\/petit-dejeuner-elysee\/#breadcrumb"},"inLanguage":"fr-FR","potentialAction":[{"@type":"ReadAction","target":["https:\/\/kusmitea.re\/index.php\/product\/petit-dejeuner-elysee\/"]}]},{"@type":"ImageObject","inLanguage":"fr-FR","@id":"https:\/\/kusmitea.re\/index.php\/product\/petit-dejeuner-elysee\/#primaryimage","url":"https:\/\/kusmitea.re\/wp-content\/uploads\/2026\/01\/97467f47b13a90267b3a5d6004644c61315e7ded_ELYSEE100BIO.webp","contentUrl":"https:\/\/kusmitea.re\/wp-content\/uploads\/2026\/01\/97467f47b13a90267b3a5d6004644c61315e7ded_ELYSEE100BIO.webp","width":400,"height":306,"caption":"petit dejeuner elysee kusmi tea reunion 974"},{"@type":"BreadcrumbList","@id":"https:\/\/kusmitea.re\/index.php\/product\/petit-dejeuner-elysee\/#breadcrumb","itemListElement":[{"@type":"ListItem","position":1,"name":"Accueil","item":"https:\/\/kusmitea.re\/"},{"@type":"ListItem","position":2,"name":"Boutique","item":"https:\/\/kusmitea.re\/index.php\/shop\/"},{"@type":"ListItem","position":3,"name":"Petit d\u00e9jeuner \u00e0 l&rsquo;Elys\u00e9e &#8211; Th\u00e9 vert, mat\u00e9 et citron"}]},{"@type":"WebSite","@id":"https:\/\/kusmitea.re\/#website","url":"https:\/\/kusmitea.re\/","name":"Kusmi Tea R\u00e9union","description":"","publisher":{"@id":"https:\/\/kusmitea.re\/#organization"},"potentialAction":[{"@type":"SearchAction","target":{"@type":"EntryPoint","urlTemplate":"https:\/\/kusmitea.re\/?s={search_term_string}"},"query-input":{"@type":"PropertyValueSpecification","valueRequired":true,"valueName":"search_term_string"}}],"inLanguage":"fr-FR"},{"@type":"Organization","@id":"https:\/\/kusmitea.re\/#organization","name":"Kusmi Tea R\u00e9union","url":"https:\/\/kusmitea.re\/","logo":{"@type":"ImageObject","inLanguage":"fr-FR","@id":"https:\/\/kusmitea.re\/#\/schema\/logo\/image\/","url":"https:\/\/kusmitea.re\/wp-content\/uploads\/2023\/05\/cropped-logo.webp","contentUrl":"https:\/\/kusmitea.re\/wp-content\/uploads\/2023\/05\/cropped-logo.webp","width":469,"height":141,"caption":"Kusmi Tea R\u00e9union"},"image":{"@id":"https:\/\/kusmitea.re\/#\/schema\/logo\/image\/"},"sameAs":["https:\/\/www.facebook.com\/p\/Kusmi-Tea-Runion-61571670075100\/","https:\/\/www.instagram.com\/kusmiteare\/"]}]}},"jetpack_sharing_enabled":true,"_links":{"self":[{"href":"https:\/\/kusmitea.re\/index.php\/wp-json\/wp\/v2\/product\/12954","targetHints":{"allow":["GET"]}}],"collection":[{"href":"https:\/\/kusmitea.re\/index.php\/wp-json\/wp\/v2\/product"}],"about":[{"href":"https:\/\/kusmitea.re\/index.php\/wp-json\/wp\/v2\/types\/product"}],"replies":[{"embeddable":true,"href":"https:\/\/kusmitea.re\/index.php\/wp-json\/wp\/v2\/comments?post=12954"}],"version-history":[{"count":1,"href":"https:\/\/kusmitea.re\/index.php\/wp-json\/wp\/v2\/product\/12954\/revisions"}],"predecessor-version":[{"id":12956,"href":"https:\/\/kusmitea.re\/index.php\/wp-json\/wp\/v2\/product\/12954\/revisions\/12956"}],"wp:featuredmedia":[{"embeddable":true,"href":"https:\/\/kusmitea.re\/index.php\/wp-json\/wp\/v2\/media\/12955"}],"wp:attachment":[{"href":"https:\/\/kusmitea.re\/index.php\/wp-json\/wp\/v2\/media?parent=12954"}],"wp:term":[{"taxonomy":"product_cat","embeddable":true,"href":"https:\/\/kusmitea.re\/index.php\/wp-json\/wp\/v2\/product_cat?post=12954"},{"taxonomy":"product_tag","embeddable":true,"href":"https:\/\/kusmitea.re\/index.php\/wp-json\/wp\/v2\/product_tag?post=12954"}],"curies":[{"name":"wp","href":"https:\/\/api.w.org\/{rel}","templated":true}]}}