{"id":12892,"date":"2025-12-30T05:47:12","date_gmt":"2025-12-30T04:47:12","guid":{"rendered":"https:\/\/kusmitea.re\/?post_type=product&#038;p=12892"},"modified":"2025-12-30T05:57:04","modified_gmt":"2025-12-30T04:57:04","slug":"tisaniere-en-porcelaine-44cl-totem","status":"publish","type":"product","link":"https:\/\/kusmitea.re\/index.php\/product\/tisaniere-en-porcelaine-44cl-totem\/","title":{"rendered":"Tisani\u00e8re en porcelaine 44cl TOTEM"},"content":{"rendered":"<p style=\"text-align: justify;\">T.TOTEM pr\u00e9sente sa tisani\u00e8re en porcelaine, l\u2019accessoire indispensable pour pr\u00e9parer votre th\u00e9.<\/p>\n<p style=\"text-align: justify;\">Munie d\u2019un filtre et d\u2019un couvercle, elle offre un v\u00e9ritable confort de pr\u00e9paration et vous permet d\u2019infuser votre th\u00e9 directement dans votre tasse, tout en le gardant bien au chaud. Avec son design sobre et \u00e9pur\u00e9 et sa contenance de 44cl, apportez une touche de modernit\u00e9 \u00e0 vos d\u00e9gustations.<\/p>\n","protected":false},"excerpt":{"rendered":"<p>T.TOTEM pr\u00e9sente sa tisani\u00e8re en porcelaine, l\u2019accessoire indispensable pour pr\u00e9parer votre th\u00e9. Munie d\u2019un filtre et d\u2019un couvercle, elle offre un v\u00e9ritable confort de pr\u00e9paration et vous permet d\u2019infuser votre th\u00e9 directement dans votre tasse, tout en le gardant bien au chaud. Avec son design sobre et \u00e9pur\u00e9 et sa contenance de 44cl, apportez une [&hellip;]<\/p>\n","protected":false},"featured_media":6401,"comment_status":"open","ping_status":"closed","template":"","meta":[],"product_cat":[350],"product_tag":[],"class_list":{"0":"post-12892","1":"product","2":"type-product","3":"status-publish","4":"has-post-thumbnail","6":"product_cat-accessoires","8":"first","9":"instock","10":"shipping-taxable","11":"purchasable","12":"product-type-variable","13":"has-default-attributes"},"yoast_head":"<!-- This site is optimized with the Yoast SEO plugin v26.6 - https:\/\/yoast.com\/wordpress\/plugins\/seo\/ -->\n<title>Tisani\u00e8re en porcelaine 44cl TOTEM - Kusmi Tea R\u00e9union<\/title>\n<meta name=\"robots\" content=\"index, follow, max-snippet:-1, max-image-preview:large, max-video-preview:-1\" \/>\n<link rel=\"canonical\" href=\"https:\/\/kusmitea.re\/index.php\/product\/tisaniere-en-porcelaine-44cl-totem\/\" \/>\n<meta property=\"og:locale\" content=\"fr_FR\" \/>\n<meta property=\"og:type\" content=\"article\" \/>\n<meta property=\"og:title\" content=\"Tisani\u00e8re en porcelaine 44cl TOTEM - Kusmi Tea R\u00e9union\" \/>\n<meta property=\"og:description\" content=\"T.TOTEM pr\u00e9sente sa tisani\u00e8re en porcelaine, l\u2019accessoire indispensable pour pr\u00e9parer votre th\u00e9. Munie d\u2019un filtre et d\u2019un couvercle, elle offre un v\u00e9ritable confort de pr\u00e9paration et vous permet d\u2019infuser votre th\u00e9 directement dans votre tasse, tout en le gardant bien au chaud. Avec son design sobre et \u00e9pur\u00e9 et sa contenance de 44cl, apportez une [&hellip;]\" \/>\n<meta property=\"og:url\" content=\"https:\/\/kusmitea.re\/index.php\/product\/tisaniere-en-porcelaine-44cl-totem\/\" \/>\n<meta property=\"og:site_name\" content=\"Kusmi Tea R\u00e9union\" \/>\n<meta property=\"article:publisher\" content=\"https:\/\/www.facebook.com\/p\/Kusmi-Tea-Runion-61571670075100\/\" \/>\n<meta property=\"article:modified_time\" content=\"2025-12-30T04:57:04+00:00\" \/>\n<meta property=\"og:image\" content=\"https:\/\/kusmitea.re\/wp-content\/uploads\/2025\/08\/1242e1bee79eefd4e3a51b1cc82a85c13d2f1b64_ffa04ea94bbe803d81fd5294ca3d90f0042a8ffa_5000000290.png\" \/>\n\t<meta property=\"og:image:width\" content=\"400\" \/>\n\t<meta property=\"og:image:height\" content=\"353\" \/>\n\t<meta property=\"og:image:type\" content=\"image\/png\" \/>\n<meta name=\"twitter:card\" content=\"summary_large_image\" \/>\n<meta name=\"twitter:label1\" content=\"Dur\u00e9e de lecture estim\u00e9e\" \/>\n\t<meta name=\"twitter:data1\" content=\"1 minute\" \/>\n<script type=\"application\/ld+json\" class=\"yoast-schema-graph\">{\"@context\":\"https:\/\/schema.org\",\"@graph\":[{\"@type\":\"WebPage\",\"@id\":\"https:\/\/kusmitea.re\/index.php\/product\/tisaniere-en-porcelaine-44cl-totem\/\",\"url\":\"https:\/\/kusmitea.re\/index.php\/product\/tisaniere-en-porcelaine-44cl-totem\/\",\"name\":\"Tisani\u00e8re en porcelaine 44cl TOTEM - Kusmi Tea R\u00e9union\",\"isPartOf\":{\"@id\":\"https:\/\/kusmitea.re\/#website\"},\"primaryImageOfPage\":{\"@id\":\"https:\/\/kusmitea.re\/index.php\/product\/tisaniere-en-porcelaine-44cl-totem\/#primaryimage\"},\"image\":{\"@id\":\"https:\/\/kusmitea.re\/index.php\/product\/tisaniere-en-porcelaine-44cl-totem\/#primaryimage\"},\"thumbnailUrl\":\"https:\/\/kusmitea.re\/wp-content\/uploads\/2025\/08\/1242e1bee79eefd4e3a51b1cc82a85c13d2f1b64_ffa04ea94bbe803d81fd5294ca3d90f0042a8ffa_5000000290.png\",\"datePublished\":\"2025-12-30T04:47:12+00:00\",\"dateModified\":\"2025-12-30T04:57:04+00:00\",\"breadcrumb\":{\"@id\":\"https:\/\/kusmitea.re\/index.php\/product\/tisaniere-en-porcelaine-44cl-totem\/#breadcrumb\"},\"inLanguage\":\"fr-FR\",\"potentialAction\":[{\"@type\":\"ReadAction\",\"target\":[\"https:\/\/kusmitea.re\/index.php\/product\/tisaniere-en-porcelaine-44cl-totem\/\"]}]},{\"@type\":\"ImageObject\",\"inLanguage\":\"fr-FR\",\"@id\":\"https:\/\/kusmitea.re\/index.php\/product\/tisaniere-en-porcelaine-44cl-totem\/#primaryimage\",\"url\":\"https:\/\/kusmitea.re\/wp-content\/uploads\/2025\/08\/1242e1bee79eefd4e3a51b1cc82a85c13d2f1b64_ffa04ea94bbe803d81fd5294ca3d90f0042a8ffa_5000000290.png\",\"contentUrl\":\"https:\/\/kusmitea.re\/wp-content\/uploads\/2025\/08\/1242e1bee79eefd4e3a51b1cc82a85c13d2f1b64_ffa04ea94bbe803d81fd5294ca3d90f0042a8ffa_5000000290.png\",\"width\":400,\"height\":353},{\"@type\":\"BreadcrumbList\",\"@id\":\"https:\/\/kusmitea.re\/index.php\/product\/tisaniere-en-porcelaine-44cl-totem\/#breadcrumb\",\"itemListElement\":[{\"@type\":\"ListItem\",\"position\":1,\"name\":\"Accueil\",\"item\":\"https:\/\/kusmitea.re\/\"},{\"@type\":\"ListItem\",\"position\":2,\"name\":\"Boutique\",\"item\":\"https:\/\/kusmitea.re\/index.php\/shop\/\"},{\"@type\":\"ListItem\",\"position\":3,\"name\":\"Tisani\u00e8re en porcelaine 44cl TOTEM\"}]},{\"@type\":\"WebSite\",\"@id\":\"https:\/\/kusmitea.re\/#website\",\"url\":\"https:\/\/kusmitea.re\/\",\"name\":\"Kusmi Tea R\u00e9union\",\"description\":\"\",\"publisher\":{\"@id\":\"https:\/\/kusmitea.re\/#organization\"},\"potentialAction\":[{\"@type\":\"SearchAction\",\"target\":{\"@type\":\"EntryPoint\",\"urlTemplate\":\"https:\/\/kusmitea.re\/?s={search_term_string}\"},\"query-input\":{\"@type\":\"PropertyValueSpecification\",\"valueRequired\":true,\"valueName\":\"search_term_string\"}}],\"inLanguage\":\"fr-FR\"},{\"@type\":\"Organization\",\"@id\":\"https:\/\/kusmitea.re\/#organization\",\"name\":\"Kusmi Tea R\u00e9union\",\"url\":\"https:\/\/kusmitea.re\/\",\"logo\":{\"@type\":\"ImageObject\",\"inLanguage\":\"fr-FR\",\"@id\":\"https:\/\/kusmitea.re\/#\/schema\/logo\/image\/\",\"url\":\"https:\/\/kusmitea.re\/wp-content\/uploads\/2023\/05\/cropped-logo.webp\",\"contentUrl\":\"https:\/\/kusmitea.re\/wp-content\/uploads\/2023\/05\/cropped-logo.webp\",\"width\":469,\"height\":141,\"caption\":\"Kusmi Tea R\u00e9union\"},\"image\":{\"@id\":\"https:\/\/kusmitea.re\/#\/schema\/logo\/image\/\"},\"sameAs\":[\"https:\/\/www.facebook.com\/p\/Kusmi-Tea-Runion-61571670075100\/\",\"https:\/\/www.instagram.com\/kusmiteare\/\"]}]}<\/script>\n<!-- \/ Yoast SEO plugin. -->","yoast_head_json":{"title":"Tisani\u00e8re en porcelaine 44cl TOTEM - Kusmi Tea R\u00e9union","robots":{"index":"index","follow":"follow","max-snippet":"max-snippet:-1","max-image-preview":"max-image-preview:large","max-video-preview":"max-video-preview:-1"},"canonical":"https:\/\/kusmitea.re\/index.php\/product\/tisaniere-en-porcelaine-44cl-totem\/","og_locale":"fr_FR","og_type":"article","og_title":"Tisani\u00e8re en porcelaine 44cl TOTEM - Kusmi Tea R\u00e9union","og_description":"T.TOTEM pr\u00e9sente sa tisani\u00e8re en porcelaine, l\u2019accessoire indispensable pour pr\u00e9parer votre th\u00e9. Munie d\u2019un filtre et d\u2019un couvercle, elle offre un v\u00e9ritable confort de pr\u00e9paration et vous permet d\u2019infuser votre th\u00e9 directement dans votre tasse, tout en le gardant bien au chaud. Avec son design sobre et \u00e9pur\u00e9 et sa contenance de 44cl, apportez une [&hellip;]","og_url":"https:\/\/kusmitea.re\/index.php\/product\/tisaniere-en-porcelaine-44cl-totem\/","og_site_name":"Kusmi Tea R\u00e9union","article_publisher":"https:\/\/www.facebook.com\/p\/Kusmi-Tea-Runion-61571670075100\/","article_modified_time":"2025-12-30T04:57:04+00:00","og_image":[{"width":400,"height":353,"url":"https:\/\/kusmitea.re\/wp-content\/uploads\/2025\/08\/1242e1bee79eefd4e3a51b1cc82a85c13d2f1b64_ffa04ea94bbe803d81fd5294ca3d90f0042a8ffa_5000000290.png","type":"image\/png"}],"twitter_card":"summary_large_image","twitter_misc":{"Dur\u00e9e de lecture estim\u00e9e":"1 minute"},"schema":{"@context":"https:\/\/schema.org","@graph":[{"@type":"WebPage","@id":"https:\/\/kusmitea.re\/index.php\/product\/tisaniere-en-porcelaine-44cl-totem\/","url":"https:\/\/kusmitea.re\/index.php\/product\/tisaniere-en-porcelaine-44cl-totem\/","name":"Tisani\u00e8re en porcelaine 44cl TOTEM - Kusmi Tea R\u00e9union","isPartOf":{"@id":"https:\/\/kusmitea.re\/#website"},"primaryImageOfPage":{"@id":"https:\/\/kusmitea.re\/index.php\/product\/tisaniere-en-porcelaine-44cl-totem\/#primaryimage"},"image":{"@id":"https:\/\/kusmitea.re\/index.php\/product\/tisaniere-en-porcelaine-44cl-totem\/#primaryimage"},"thumbnailUrl":"https:\/\/kusmitea.re\/wp-content\/uploads\/2025\/08\/1242e1bee79eefd4e3a51b1cc82a85c13d2f1b64_ffa04ea94bbe803d81fd5294ca3d90f0042a8ffa_5000000290.png","datePublished":"2025-12-30T04:47:12+00:00","dateModified":"2025-12-30T04:57:04+00:00","breadcrumb":{"@id":"https:\/\/kusmitea.re\/index.php\/product\/tisaniere-en-porcelaine-44cl-totem\/#breadcrumb"},"inLanguage":"fr-FR","potentialAction":[{"@type":"ReadAction","target":["https:\/\/kusmitea.re\/index.php\/product\/tisaniere-en-porcelaine-44cl-totem\/"]}]},{"@type":"ImageObject","inLanguage":"fr-FR","@id":"https:\/\/kusmitea.re\/index.php\/product\/tisaniere-en-porcelaine-44cl-totem\/#primaryimage","url":"https:\/\/kusmitea.re\/wp-content\/uploads\/2025\/08\/1242e1bee79eefd4e3a51b1cc82a85c13d2f1b64_ffa04ea94bbe803d81fd5294ca3d90f0042a8ffa_5000000290.png","contentUrl":"https:\/\/kusmitea.re\/wp-content\/uploads\/2025\/08\/1242e1bee79eefd4e3a51b1cc82a85c13d2f1b64_ffa04ea94bbe803d81fd5294ca3d90f0042a8ffa_5000000290.png","width":400,"height":353},{"@type":"BreadcrumbList","@id":"https:\/\/kusmitea.re\/index.php\/product\/tisaniere-en-porcelaine-44cl-totem\/#breadcrumb","itemListElement":[{"@type":"ListItem","position":1,"name":"Accueil","item":"https:\/\/kusmitea.re\/"},{"@type":"ListItem","position":2,"name":"Boutique","item":"https:\/\/kusmitea.re\/index.php\/shop\/"},{"@type":"ListItem","position":3,"name":"Tisani\u00e8re en porcelaine 44cl TOTEM"}]},{"@type":"WebSite","@id":"https:\/\/kusmitea.re\/#website","url":"https:\/\/kusmitea.re\/","name":"Kusmi Tea R\u00e9union","description":"","publisher":{"@id":"https:\/\/kusmitea.re\/#organization"},"potentialAction":[{"@type":"SearchAction","target":{"@type":"EntryPoint","urlTemplate":"https:\/\/kusmitea.re\/?s={search_term_string}"},"query-input":{"@type":"PropertyValueSpecification","valueRequired":true,"valueName":"search_term_string"}}],"inLanguage":"fr-FR"},{"@type":"Organization","@id":"https:\/\/kusmitea.re\/#organization","name":"Kusmi Tea R\u00e9union","url":"https:\/\/kusmitea.re\/","logo":{"@type":"ImageObject","inLanguage":"fr-FR","@id":"https:\/\/kusmitea.re\/#\/schema\/logo\/image\/","url":"https:\/\/kusmitea.re\/wp-content\/uploads\/2023\/05\/cropped-logo.webp","contentUrl":"https:\/\/kusmitea.re\/wp-content\/uploads\/2023\/05\/cropped-logo.webp","width":469,"height":141,"caption":"Kusmi Tea R\u00e9union"},"image":{"@id":"https:\/\/kusmitea.re\/#\/schema\/logo\/image\/"},"sameAs":["https:\/\/www.facebook.com\/p\/Kusmi-Tea-Runion-61571670075100\/","https:\/\/www.instagram.com\/kusmiteare\/"]}]}},"jetpack_sharing_enabled":true,"_links":{"self":[{"href":"https:\/\/kusmitea.re\/index.php\/wp-json\/wp\/v2\/product\/12892","targetHints":{"allow":["GET"]}}],"collection":[{"href":"https:\/\/kusmitea.re\/index.php\/wp-json\/wp\/v2\/product"}],"about":[{"href":"https:\/\/kusmitea.re\/index.php\/wp-json\/wp\/v2\/types\/product"}],"replies":[{"embeddable":true,"href":"https:\/\/kusmitea.re\/index.php\/wp-json\/wp\/v2\/comments?post=12892"}],"version-history":[{"count":1,"href":"https:\/\/kusmitea.re\/index.php\/wp-json\/wp\/v2\/product\/12892\/revisions"}],"predecessor-version":[{"id":12896,"href":"https:\/\/kusmitea.re\/index.php\/wp-json\/wp\/v2\/product\/12892\/revisions\/12896"}],"wp:featuredmedia":[{"embeddable":true,"href":"https:\/\/kusmitea.re\/index.php\/wp-json\/wp\/v2\/media\/6401"}],"wp:attachment":[{"href":"https:\/\/kusmitea.re\/index.php\/wp-json\/wp\/v2\/media?parent=12892"}],"wp:term":[{"taxonomy":"product_cat","embeddable":true,"href":"https:\/\/kusmitea.re\/index.php\/wp-json\/wp\/v2\/product_cat?post=12892"},{"taxonomy":"product_tag","embeddable":true,"href":"https:\/\/kusmitea.re\/index.php\/wp-json\/wp\/v2\/product_tag?post=12892"}],"curies":[{"name":"wp","href":"https:\/\/api.w.org\/{rel}","templated":true}]}}